{"id":93826,"date":"2024-02-23T15:37:22","date_gmt":"2024-02-23T20:37:22","guid":{"rendered":"https:\/\/www.iaff.org\/becas\/beca-del-programa-de-liderazgo-ejecutivo-de-la-escuela-de-gestion-telfer-universidad-de-ottawa\/"},"modified":"2025-12-03T14:57:40","modified_gmt":"2025-12-03T19:57:40","slug":"beca-del-programa-de-liderazgo-ejecutivo-de-la-escuela-de-gestion-telfer-universidad-de-ottawa","status":"publish","type":"page","link":"https:\/\/www.iaff.org\/es\/becas\/beca-del-programa-de-liderazgo-ejecutivo-de-la-escuela-de-gestion-telfer-universidad-de-ottawa\/","title":{"rendered":"Beca del Programa de Liderazgo Ejecutivo de la Escuela de Gesti\u00f3n Telfer\/Universidad de Ottawa"},"content":{"rendered":"<section\n\t class=\"secondary-hero align wp-block-acf-secondary-hero\" id=\"secondary-hero_block_8c117db4293e0c6c02de9c679887434a\">\n\t\n<header\n\tclass=\"w-full u-bg-full-width px-[22px] md:ps-bleed md:pe-0 py-[60px] bg-smoke-5 text-black u-has-rivets u-rivets-dark\"\n\tdata-theme=\"gray\"\n>\n\t<div class=\"flex flex-col !px-0 !max-w-[1440px] w-full lg:!ps-indent\">\n\t\t<div class=\"border-t-[6px] w-full my-0 flex flex-col md:flex-row gap-x-[62px] gap-y-[22px] border-red\">\n\t\t\t\t\t\t<div class=\"w-full md:w-1\/2 md:py-[45px]\">\n\t\t\t\t<div class=\"max-w-[600px] flex flex-col gap-[22px]\">\n\t\t\t\t\t\t\t\t\t\t\t<h1 class=\"has-[.u-halftone-shadow--dark]:mb-divider has-[.u-halftone-shadow--light]:mb-divider pt-[22px] md:pt-0\">\n\t\t\t\t\t\t\t<span class=\"inline-flex text-heading-200 u-halftone-shadow--dark\">\n\t\t\t\t\t\t\t\tBeca del Programa de Liderazgo Ejecutivo de la Escuela de Gesti\u00f3n Telfer\/Universidad de Ottawa\t\t\t\t\t\t\t<\/span>\n\t\t\t\t\t\t<\/h1>\n\t\t\t\t\t\t\t\t\t\t\t\t\t\t\t\t\t\t\t\t\t\t\t\t\t\t\t\t\t<\/div>\n\t\t\t<\/div>\n\n\t\t<\/div>\n\t\t\t\t\t<div class=\"order-first flex justify-start w-full pb-[22px]\">\n\t\t\t\t<div\n\tclass=\"wp-block-button is-style-tertiary text-smoke is-style-tertiary-back\"\n>\n\t\t\t<a\n\t\t\thref=\"https:\/\/www.iaff.org\/es\/becas\/\"\n\t\t\tclass=\"wp-block-button__link wp-element-button group\"\n\t\t\t\t\t>\n\t\t\t<span\n\t\t\tclass=\"decoration-transparent underline underline-offset-2 group-hover:decoration-inherit group-focus-visible:decoration-inherit transition duration-hover\"\n\t\t>\n\t\t\tBecas\t\t<\/span>\n\n\t\t<span\n\t\t\tclass=\"bg-inherit transition-colors duration-hover group-hover:bg-gold group-focus:bg-gold inline-flex rotate-180 order-first\"\n\t\t>\n\t\t\t<svg xmlns=\"http:\/\/www.w3.org\/2000\/svg\" width=\"21\" height=\"22\" fill=\"none\" viewBox=\"0 0 21 22\"><path stroke=\"currentColor\" stroke-linecap=\"round\" stroke-width=\"2\" d=\"M20 20.75L20 2.25L1.5 2.25L1.5 20.75L20 20.75Z\" clip-rule=\"evenodd\"\/><path stroke=\"currentColor\" stroke-linecap=\"square\" stroke-width=\"2\" d=\"M14.0883 11.5L6.66406 11.5\"\/><path stroke=\"currentColor\" stroke-linecap=\"square\" stroke-width=\"2\" d=\"M11.0723 7.75205L14.8363 11.5L11.0723 15.248\"\/><\/svg>\t\t<\/span>\n\t<\/a><\/div>\n\t\t\t<\/div>\n\t\t\t<\/div>\n<\/header>\n<\/section>\n<section\n\t class=\"page-blocks iaff-page-blocks align wp-block-acf-page-blocks\" id=\"page-blocks_block_25f6ea06fb375276c03d90940258a455\">\n\t<div class=\"acf-innerblocks-container\">\n<div class=\"wp-block-paragraph \">\n<p>Se conceder\u00e1n dos becas a miembros de la AIB para asistir al Programa de Liderazgo Ejecutivo de la Escuela de Administraci\u00f3n Telfer\/Universidad de Ottawa.<\/p>\n<\/div>\n\n<div class=\"wp-block-paragraph \">\n<p>Este programa se desarrolla durante un per\u00edodo de 18 meses (tres m\u00f3dulos; cada uno de tres d\u00edas de duraci\u00f3n), y las becas se conceden para todo el ciclo del programa. <\/p>\n<\/div>\n\n<div class=\"wp-block-paragraph !hidden\">\n<p class=\"\">El primer m\u00f3dulo es del 29 de septiembre al octubre. 1, 2025. Puede encontrar m\u00e1s detalles en la parte inferior de esta p\u00e1gina.<\/p>\n<\/div>\n\n<div class=\"wp-block-paragraph \">\n<p><strong>Cuant\u00eda de la Beca<\/strong><br\/>La Beca del Programa de Liderazgo Ejecutivo de la Escuela de Gesti\u00f3n Telfer\/Universidad de Ottawa se asignar\u00e1 para compensar: matr\u00edcula, alojamiento, viaje y gastos permisibles hasta un m\u00e1ximo de $15.000 por a\u00f1o.<\/p>\n<\/div>\n\n<div class=\"wp-block-paragraph \">\n<p><strong>Requisitos<\/strong><br\/>Cualquier miembro de la AIB que resida en Canad\u00e1 y que est\u00e9 al corriente de pago con su filial local de la AIB.<\/p>\n<\/div>\n\n<div class=\"wp-block-paragraph \">\n<p><strong>Criterios<\/strong><br\/>Los solicitantes deben ser miembros activos de su afiliado local de IAFF y haber demostrado una participaci\u00f3n activa dentro de su Local como funcionario, miembro de comit\u00e9, etc. (<em>Se sugiere la firma del Vicepresidente de Distrito, aunque no es obligatoria<\/em>.)<\/p>\n<\/div>\n\n<div class=\"wp-block-paragraph !hidden\">\n<p class=\"\"><strong>Los solicitantes deben proporcionar:<\/strong><\/p>\n<\/div>\n\n<div class=\"wp-block-list\">\n<ol class=\"wp-block-list !hidden\">\n<li>Un <strong><a href=\"https:\/\/www.iaff.org\/wp-content\/uploads\/Telfer_Scholarship_Application_FILLABLE.pdf\" target=\"_blank\" rel=\"noreferrer noopener\">formulario de solicitud<\/a><\/strong> completado<\/li>\n\n\n\n<li>Un <strong>ensayo breve<\/strong> de 500 palabras o m\u00e1s sobre una de las siguientes cuestiones:<div class=\"wp-block-list\">\n<ul class=\"wp-block-list\">\n<li>\u00bfQu\u00e9 factores impulsan su inter\u00e9s personal en asistir al Programa de Liderazgo Ejecutivo de la Escuela de Gesti\u00f3n Telfer\/Universidad de Ottawa?<\/li>\n\n\n\n<li>\u00bfQu\u00e9 considera usted que son los principales problemas que enfrenta el movimiento sindical en Canad\u00e1 en la actualidad?<\/li>\n\n\n\n<li>\u00bfQu\u00e9 considera usted que son los principales problemas que enfrentan los bomberos en el movimiento sindical en la actualidad?<\/li>\n<\/ul>\n<\/div><\/li>\n\n\n\n<li>Los solicitantes tambi\u00e9n deben incluir una <strong>breve declaraci\u00f3n<\/strong> de 250 palabras o m\u00e1s sobre c\u00f3mo han demostrado una participaci\u00f3n activa en su filial local.<\/li>\n<\/ol>\n<\/div>\n\n<div class=\"wp-block-paragraph \">\n<p><strong>Plazo de solicitud para 2026:<\/strong> Por determinar<\/p>\n<\/div>\n\n<div class=\"wp-block-paragraph !hidden\">\n<p class=\"\"><strong>Las solicitudes deben enviarse por correo electr\u00f3nico a: <\/strong><a href=\"mailto:scholarships@iaff.org\" target=\"_blank\" rel=\"noreferrer noopener\">scholarships@iaff.org<\/a><\/p>\n<\/div>\n\n<div class=\"wp-block-paragraph \">\n<p><strong>Detalles del Programa<\/strong><br\/>Este programa imparte habilidades de liderazgo laboral de nivel avanzado y est\u00e1 espec\u00edficamente dise\u00f1ado para l\u00edderes sindicales de bomberos y polic\u00edas. Este programa se desarrolla durante un per\u00edodo de 18 meses (tres m\u00f3dulos; cada uno de tres d\u00edas de duraci\u00f3n). <\/p>\n<\/div>\n\n<div class=\"wp-block-paragraph !hidden\">\n<p class=\"\">El primer m\u00f3dulo es del 29 de septiembre al octubre. 1, 2025.<\/p>\n<\/div>\n\n<div class=\"wp-block-paragraph \">\n<p>El curso se ofrece en el Centro de Liderazgo Ejecutivo de Telfer en 99 Bank Street, Suite 200, Ottawa.<\/p>\n<\/div>\n\n<div class=\"wp-block-paragraph \">\n<p>Aquellos que completen los tres cursos recibir\u00e1n un certificado profesional en Liderazgo Ejecutivo ofrecido por la Escuela de Gesti\u00f3n Telfer y la Asociaci\u00f3n de Polic\u00eda Canadiense.<\/p>\n<\/div>\n\n<div class=\"wp-block-paragraph !hidden\">\n<p class=\"\">Este programa de tres m\u00f3dulos incluye todos los siguientes temas:<\/p>\n<\/div>\n\n<div class=\"wp-block-paragraph !hidden\">\n<p class=\"\"><strong>Nota: <\/strong>Este programa comenzar\u00e1 este oto\u00f1o con el <strong>M\u00f3dulo II<\/strong>. El orden de entrega de los m\u00f3dulos no afecta el resultado de la certificaci\u00f3n. Es imperativo completar los tres m\u00f3dulos del programa para recibir la certificaci\u00f3n.  <\/p>\n<\/div>\n\n<div class=\"wp-block-paragraph !hidden\">\n<p class=\"\"><strong>M\u00f3dulo II &#8211; Negociaciones avanzadas y psicolog\u00eda de la negociaci\u00f3n<\/strong> (29 de septiembre &#8211; 1 de octubre de 2025)<\/p>\n<\/div>\n\n<div class=\"wp-block-list\">\n<ul class=\"wp-block-list !hidden\">\n<li class=\"!hidden\">Negociaci\u00f3n<\/li>\n\n\n\n<li>Negociaci\u00f3n<\/li>\n\n\n\n<li>Cuestiones de los miembros<\/li>\n<\/ul>\n<\/div>\n\n<div class=\"wp-block-paragraph !hidden\">\n<p class=\"\"><strong>M\u00f3dulo III &#8211; Elecciones estrat\u00e9gicas, implementaci\u00f3n y gobernanza<\/strong> (Primavera de 2026)<\/p>\n<\/div>\n\n<div class=\"wp-block-list\">\n<ul class=\"wp-block-list !hidden\">\n<li class=\"!hidden\">Elecciones y planificaci\u00f3n estrat\u00e9gica<\/li>\n\n\n\n<li>Implementaci\u00f3n de planes estrat\u00e9gicos<\/li>\n\n\n\n<li>Gobernanza<\/li>\n<\/ul>\n<\/div>\n\n<div class=\"wp-block-paragraph !hidden\">\n<p class=\"\"><strong>M\u00f3dulo I &#8211; Liderazgo, defensa y comunicaciones <\/strong>(TBD 2026)<\/p>\n<\/div>\n\n<div class=\"wp-block-list\">\n<ul class=\"wp-block-list !hidden\">\n<li id=\"!hidden\">Desarrollo y desempe\u00f1o del liderazgo<\/li>\n\n\n\n<li class=\"!hidden\">Defensa y relaciones gubernamentales<\/li>\n\n\n\n<li class=\"!hidden\">Medios de comunicaci\u00f3n y comunicaciones<\/li>\n<\/ul>\n<\/div>\n<\/div><\/section>\n<div class=\"wp-block-paragraph \">\n<p><\/p>\n<\/div>","protected":false},"excerpt":{"rendered":"","protected":false},"featured_media":0,"parent":93818,"menu_order":0,"comment_status":"closed","ping_status":"closed","template":"","meta":{"_acf_changed":false,"_searchwp_excluded":"","inline_featured_image":false,"_EventAllDay":false,"_EventTimezone":"","_EventStartDate":"","_EventEndDate":"","_EventStartDateUTC":"","_EventEndDateUTC":"","_EventShowMap":false,"_EventShowMapLink":false,"_EventURL":"","_EventCost":"","_EventCostDescription":"","_EventCurrencySymbol":"","_EventCurrencyCode":"","_EventCurrencyPosition":"","_EventDateTimeSeparator":"","_EventTimeRangeSeparator":"","_EventOrganizerID":[],"_EventVenueID":[],"_OrganizerEmail":"","_OrganizerPhone":"","_OrganizerWebsite":"","_VenueAddress":"","_VenueCity":"","_VenueCountry":"","_VenueProvince":"","_VenueState":"","_VenueZip":"","_VenuePhone":"","_VenueURL":"","_VenueStateProvince":"","_VenueLat":"","_VenueLng":"","_VenueShowMap":false,"_VenueShowMapLink":false,"footnotes":""},"class_list":["post-93826","page","type-page","status-publish","hentry"],"acf":[],"publishpress_future_workflow_manual_trigger":{"enabledWorkflows":[]},"_links":{"self":[{"href":"https:\/\/www.iaff.org\/es\/wp-json\/wp\/v2\/pages\/93826","targetHints":{"allow":["GET"]}}],"collection":[{"href":"https:\/\/www.iaff.org\/es\/wp-json\/wp\/v2\/pages"}],"about":[{"href":"https:\/\/www.iaff.org\/es\/wp-json\/wp\/v2\/types\/page"}],"author":[{"embeddable":true,"href":"https:\/\/www.iaff.org\/es\/wp-json\/wp\/v2\/users\/18"}],"replies":[{"embeddable":true,"href":"https:\/\/www.iaff.org\/es\/wp-json\/wp\/v2\/comments?post=93826"}],"version-history":[{"count":0,"href":"https:\/\/www.iaff.org\/es\/wp-json\/wp\/v2\/pages\/93826\/revisions"}],"up":[{"embeddable":true,"href":"https:\/\/www.iaff.org\/es\/wp-json\/wp\/v2\/pages\/93818"}],"wp:attachment":[{"href":"https:\/\/www.iaff.org\/es\/wp-json\/wp\/v2\/media?parent=93826"}],"curies":[{"name":"wp","href":"https:\/\/api.w.org\/{rel}","templated":true}]}}