{"id":93823,"date":"2024-02-23T16:02:39","date_gmt":"2024-02-23T21:02:39","guid":{"rendered":"https:\/\/www.iaff.org\/becas\/beca-del-programa-sindical-de-harvard\/"},"modified":"2025-11-12T11:16:51","modified_gmt":"2025-11-12T16:16:51","slug":"beca-del-programa-sindical-de-harvard","status":"publish","type":"page","link":"https:\/\/www.iaff.org\/es\/becas\/beca-del-programa-sindical-de-harvard\/","title":{"rendered":"Beca del Programa Sindical de Harvard"},"content":{"rendered":"<section\n\t class=\"secondary-hero align wp-block-acf-secondary-hero\" id=\"secondary-hero_block_f3b92406bec0e8df55f420969ab7c2db\">\n\t\n<header\n\tclass=\"w-full u-bg-full-width px-[22px] md:ps-bleed md:pe-0 py-[60px] bg-smoke-5 text-black u-has-rivets u-rivets-dark\"\n\tdata-theme=\"gray\"\n>\n\t<div class=\"flex flex-col !px-0 !max-w-[1440px] w-full lg:!ps-indent\">\n\t\t<div class=\"border-t-[6px] w-full my-0 flex flex-col md:flex-row gap-x-[62px] gap-y-[22px] border-red\">\n\t\t\t\t\t\t\t<div class=\"relative grid md:order-last md:w-1\/2 overflow-hidden place-items-center max-h-[500px]\">\n\t\t\t\t\t<img decoding=\"async\" width=\"240\" height=\"234\" src=\"https:\/\/www.iaff.org\/wp-content\/uploads\/2024\/07\/htup_logo_sm-shield_color_0-240x234.png\" class=\"max-w-full\" alt=\"\" srcset=\"https:\/\/www.iaff.org\/wp-content\/uploads\/2024\/07\/htup_logo_sm-shield_color_0-240x234.png 240w, https:\/\/www.iaff.org\/wp-content\/uploads\/2024\/07\/htup_logo_sm-shield_color_0-300x293.png 300w, https:\/\/www.iaff.org\/wp-content\/uploads\/2024\/07\/htup_logo_sm-shield_color_0-1024x999.png 1024w, https:\/\/www.iaff.org\/wp-content\/uploads\/2024\/07\/htup_logo_sm-shield_color_0-768x749.png 768w, https:\/\/www.iaff.org\/wp-content\/uploads\/2024\/07\/htup_logo_sm-shield_color_0-1536x1498.png 1536w, https:\/\/www.iaff.org\/wp-content\/uploads\/2024\/07\/htup_logo_sm-shield_color_0-820x800.png 820w, https:\/\/www.iaff.org\/wp-content\/uploads\/2024\/07\/htup_logo_sm-shield_color_0-830x810.png 830w, https:\/\/www.iaff.org\/wp-content\/uploads\/2024\/07\/htup_logo_sm-shield_color_0.png 1907w\" sizes=\"(max-width: 240px) 100vw, 240px\" \/>\t\t\t\t<\/div>\n\t\t\t\t\t\t<div class=\"w-full md:w-1\/2 md:py-[45px]\">\n\t\t\t\t<div class=\"max-w-[600px] flex flex-col gap-[22px]\">\n\t\t\t\t\t\t\t\t\t\t\t<h1 class=\"has-[.u-halftone-shadow--dark]:mb-divider has-[.u-halftone-shadow--light]:mb-divider\">\n\t\t\t\t\t\t\t<span class=\"inline-flex text-heading-200 u-halftone-shadow--dark\">\n\t\t\t\t\t\t\t\tBeca del Programa Sindical de Harvard\t\t\t\t\t\t\t<\/span>\n\t\t\t\t\t\t<\/h1>\n\t\t\t\t\t\t\t\t\t\t\t\t\t\t\t\t\t\t\t\t\t\t\t\t\t\t\t\t\t<\/div>\n\t\t\t<\/div>\n\n\t\t<\/div>\n\t\t\t\t\t<div class=\"order-first flex justify-start w-full pb-[22px]\">\n\t\t\t\t<div\n\tclass=\"wp-block-button is-style-tertiary text-smoke is-style-tertiary-back\"\n>\n\t\t\t<a\n\t\t\thref=\"https:\/\/www.iaff.org\/es\/becas\/\"\n\t\t\tclass=\"wp-block-button__link wp-element-button group\"\n\t\t\t\t\t>\n\t\t\t<span\n\t\t\tclass=\"decoration-transparent underline underline-offset-2 group-hover:decoration-inherit group-focus-visible:decoration-inherit transition duration-hover\"\n\t\t>\n\t\t\tBecas\t\t<\/span>\n\n\t\t<span\n\t\t\tclass=\"bg-inherit transition-colors duration-hover group-hover:bg-gold group-focus:bg-gold inline-flex rotate-180 order-first\"\n\t\t>\n\t\t\t<svg xmlns=\"http:\/\/www.w3.org\/2000\/svg\" width=\"21\" height=\"22\" fill=\"none\" viewBox=\"0 0 21 22\"><path stroke=\"currentColor\" stroke-linecap=\"round\" stroke-width=\"2\" d=\"M20 20.75L20 2.25L1.5 2.25L1.5 20.75L20 20.75Z\" clip-rule=\"evenodd\"\/><path stroke=\"currentColor\" stroke-linecap=\"square\" stroke-width=\"2\" d=\"M14.0883 11.5L6.66406 11.5\"\/><path stroke=\"currentColor\" stroke-linecap=\"square\" stroke-width=\"2\" d=\"M11.0723 7.75205L14.8363 11.5L11.0723 15.248\"\/><\/svg>\t\t<\/span>\n\t<\/a><\/div>\n\t\t\t<\/div>\n\t\t\t<\/div>\n<\/header>\n<\/section>\n<section\n\t class=\"page-blocks iaff-page-blocks align wp-block-acf-page-blocks\" id=\"page-blocks_block_c6e59f291c252c933bb566c99341846d\">\n\t<div class=\"acf-innerblocks-container\">\n<div class=\"wp-block-paragraph \">\n<p>El Programa Sindical de Harvard (HTUP) es un programa de formaci\u00f3n ejecutiva de cinco semanas de duraci\u00f3n que se realiza en el campus de la Universidad de Harvard. <\/p>\n<\/div>\n\n<div class=\"wp-block-paragraph \">\n<p>Dise\u00f1ado para un grupo diverso de l\u00edderes sindicales, el programa proporciona habilidades de liderazgo esenciales y explora cuestiones clave que configuran el movimiento obrero actual. Su plan de estudios, basado en seminarios, conecta a los participantes con el profesorado de Harvard y con destacados l\u00edderes sindicales. <\/p>\n<\/div>\n\n<div class=\"wp-block-paragraph \">\n<p>Se otorgar\u00e1n tres becas a miembros de IAFF que residan en los Estados Unidos y est\u00e9n al corriente con su afiliaci\u00f3n local. Los solicitantes deben demostrar una participaci\u00f3n activa en su organizaci\u00f3n local como oficial, miembro de comit\u00e9 o capacidad de liderazgo similar. <\/p>\n<\/div>\n\n<div class=\"wp-block-paragraph \">\n<p><strong>El plazo de solicitud para el HTUP de 2025 est\u00e1 cerrado. El plazo de solicitud para el programa de 2026 est\u00e1 por determinar. <\/strong><\/p>\n<\/div>\n\n<div class=\"wp-block-paragraph !hidden\">\n<p class=\"\">Para solicitar:<\/p>\n<\/div>\n\n<div class=\"wp-block-list\">\n<ul class=\"wp-block-list !hidden\">\n<li>Submit the&nbsp;<a href=\"https:\/\/www.iaff.org\/wp-content\/uploads\/2025\/07\/HTUP_ScholarshipApplication_June2025_Fillable-1.pdf\" target=\"_blank\" data-type=\"link\" data-id=\"https:\/\/www.iaff.org\/wp-content\/uploads\/2024\/07\/HTUP_Scholarship_ApplicationFillable_2024.pdf\" rel=\"noreferrer noopener\">application form<\/a>, along with:<div class=\"wp-block-list\">\n<ul class=\"wp-block-list\">\n<li>Una breve declaraci\u00f3n de 250 palabras o m\u00e1s sobre c\u00f3mo ha demostrado una participaci\u00f3n activa en su secci\u00f3n local.<\/li>\n\n\n\n<li>Un ensayo corto, de al menos 500 palabras, respondiendo a una de estas dos preguntas:<div class=\"wp-block-list\">\n<ol class=\"wp-block-list\">\n<li>\u00bfCu\u00e1l es su inter\u00e9s personal en asistir al Programa Sindical de la Universidad de Harvard y c\u00f3mo le beneficiar\u00e1 profesionalmente?<\/li>\n\n\n\n<li>\u00bfQu\u00e9 considera usted que es el problema o los problemas principales que enfrentan los bomberos profesionales dentro del movimiento laboral en los Estados Unidos actualmente?<\/li>\n<\/ol>\n<\/div><\/li>\n<\/ul>\n<\/div><\/li>\n<\/ul>\n<\/div>\n\n<div class=\"wp-block-paragraph !hidden\">\n<p class=\"\">Las solicitudes deben presentarse antes del 8 de septiembre de 2025 a <a href=\"mailto:scholarships@iaff.org\" target=\"_blank\" rel=\"noreferrer noopener\">scholarships@iaff.org<\/a>.<\/p>\n<\/div>\n\n<div class=\"wp-block-paragraph !hidden\">\n<p class=\"\">Aunque se prefiere el correo electr\u00f3nico, las solicitudes tambi\u00e9n pueden enviarse por correo postal a:<\/p>\n<\/div>\n\n<div class=\"wp-block-paragraph !hidden\">\n<p class=\"\">Beca del Programa Sindical de la Universidad de Harvard<br\/>International Association of Fire Fighters<br\/>1750 New York Avenue, N.W.<br\/>Washington, DC 20006<\/p>\n<\/div>\n\n<div class=\"wp-block-paragraph \">\n<p>Para m\u00e1s consultas o preguntas, env\u00ede un correo electr\u00f3nico a <a href=\"mailto:scholarships@iaff.org\" target=\"_blank\" data-type=\"mailto\" data-id=\"mailto:scholarships@iaff.org\" rel=\"noreferrer noopener\">scholarships@iaff.org<\/a>.<\/p>\n<\/div>\n<\/div><\/section>\n","protected":false},"excerpt":{"rendered":"","protected":false},"featured_media":0,"parent":93818,"menu_order":0,"comment_status":"closed","ping_status":"closed","template":"","meta":{"_acf_changed":false,"_searchwp_excluded":"","inline_featured_image":false,"_EventAllDay":false,"_EventTimezone":"","_EventStartDate":"","_EventEndDate":"","_EventStartDateUTC":"","_EventEndDateUTC":"","_EventShowMap":false,"_EventShowMapLink":false,"_EventURL":"","_EventCost":"","_EventCostDescription":"","_EventCurrencySymbol":"","_EventCurrencyCode":"","_EventCurrencyPosition":"","_EventDateTimeSeparator":"","_EventTimeRangeSeparator":"","_EventOrganizerID":[],"_EventVenueID":[],"_OrganizerEmail":"","_OrganizerPhone":"","_OrganizerWebsite":"","_VenueAddress":"","_VenueCity":"","_VenueCountry":"","_VenueProvince":"","_VenueState":"","_VenueZip":"","_VenuePhone":"","_VenueURL":"","_VenueStateProvince":"","_VenueLat":"","_VenueLng":"","_VenueShowMap":false,"_VenueShowMapLink":false,"footnotes":""},"class_list":["post-93823","page","type-page","status-publish","hentry"],"acf":[],"publishpress_future_workflow_manual_trigger":{"enabledWorkflows":[]},"_links":{"self":[{"href":"https:\/\/www.iaff.org\/es\/wp-json\/wp\/v2\/pages\/93823","targetHints":{"allow":["GET"]}}],"collection":[{"href":"https:\/\/www.iaff.org\/es\/wp-json\/wp\/v2\/pages"}],"about":[{"href":"https:\/\/www.iaff.org\/es\/wp-json\/wp\/v2\/types\/page"}],"author":[{"embeddable":true,"href":"https:\/\/www.iaff.org\/es\/wp-json\/wp\/v2\/users\/18"}],"replies":[{"embeddable":true,"href":"https:\/\/www.iaff.org\/es\/wp-json\/wp\/v2\/comments?post=93823"}],"version-history":[{"count":0,"href":"https:\/\/www.iaff.org\/es\/wp-json\/wp\/v2\/pages\/93823\/revisions"}],"up":[{"embeddable":true,"href":"https:\/\/www.iaff.org\/es\/wp-json\/wp\/v2\/pages\/93818"}],"wp:attachment":[{"href":"https:\/\/www.iaff.org\/es\/wp-json\/wp\/v2\/media?parent=93823"}],"curies":[{"name":"wp","href":"https:\/\/api.w.org\/{rel}","templated":true}]}}