{"id":93821,"date":"2024-02-23T15:34:08","date_gmt":"2024-02-23T20:34:08","guid":{"rendered":"https:\/\/www.iaff.org\/becas\/beca-w-h-howie-mcclennan\/"},"modified":"2025-05-29T12:04:39","modified_gmt":"2025-05-29T16:04:39","slug":"beca-w-h-howie-mcclennan","status":"publish","type":"page","link":"https:\/\/www.iaff.org\/es\/becas\/beca-w-h-howie-mcclennan\/","title":{"rendered":"Beca W.H. \u201cHowie\u201d McClennan"},"content":{"rendered":"<section\n\t class=\"secondary-hero align wp-block-acf-secondary-hero\" id=\"secondary-hero_block_0424b5e3028419802edaf14ba53949a9\">\n\t\n<header\n\tclass=\"w-full u-bg-full-width px-[22px] md:ps-bleed md:pe-0 py-[60px] bg-smoke-5 text-black u-has-rivets u-rivets-dark\"\n\tdata-theme=\"gray\"\n>\n\t<div class=\"flex flex-col !px-0 !max-w-[1440px] w-full lg:!ps-indent\">\n\t\t<div class=\"border-t-[6px] w-full my-0 flex flex-col md:flex-row gap-x-[62px] gap-y-[22px] border-red\">\n\t\t\t\t\t\t<div class=\"w-full md:w-1\/2 md:py-[45px]\">\n\t\t\t\t<div class=\"max-w-[600px] flex flex-col gap-[22px]\">\n\t\t\t\t\t\t\t\t\t\t\t<h1 class=\"has-[.u-halftone-shadow--dark]:mb-divider has-[.u-halftone-shadow--light]:mb-divider pt-[22px] md:pt-0\">\n\t\t\t\t\t\t\t<span class=\"inline-flex text-heading-200 u-halftone-shadow--dark\">\n\t\t\t\t\t\t\t\tBeca W. H. \u201cHowie\u201d McClennan\t\t\t\t\t\t\t<\/span>\n\t\t\t\t\t\t<\/h1>\n\t\t\t\t\t\t\t\t\t\t\t\t\t\t\t\t\t\t\t\t\t\t\t\t\t\t\t\t\t<\/div>\n\t\t\t<\/div>\n\n\t\t<\/div>\n\t\t\t\t\t<div class=\"order-first flex justify-start w-full pb-[22px]\">\n\t\t\t\t<div\n\tclass=\"wp-block-button is-style-tertiary text-smoke is-style-tertiary-back\"\n>\n\t\t\t<a\n\t\t\thref=\"https:\/\/www.iaff.org\/es\/becas\/\"\n\t\t\tclass=\"wp-block-button__link wp-element-button group\"\n\t\t\t\t\t>\n\t\t\t<span\n\t\t\tclass=\"decoration-transparent underline underline-offset-2 group-hover:decoration-inherit group-focus-visible:decoration-inherit transition duration-hover\"\n\t\t>\n\t\t\tBecas\t\t<\/span>\n\n\t\t<span\n\t\t\tclass=\"bg-inherit transition-colors duration-hover group-hover:bg-gold group-focus:bg-gold inline-flex rotate-180 order-first\"\n\t\t>\n\t\t\t<svg xmlns=\"http:\/\/www.w3.org\/2000\/svg\" width=\"21\" height=\"22\" fill=\"none\" viewBox=\"0 0 21 22\"><path stroke=\"currentColor\" stroke-linecap=\"round\" stroke-width=\"2\" d=\"M20 20.75L20 2.25L1.5 2.25L1.5 20.75L20 20.75Z\" clip-rule=\"evenodd\"\/><path stroke=\"currentColor\" stroke-linecap=\"square\" stroke-width=\"2\" d=\"M14.0883 11.5L6.66406 11.5\"\/><path stroke=\"currentColor\" stroke-linecap=\"square\" stroke-width=\"2\" d=\"M11.0723 7.75205L14.8363 11.5L11.0723 15.248\"\/><\/svg>\t\t<\/span>\n\t<\/a><\/div>\n\t\t\t<\/div>\n\t\t\t<\/div>\n<\/header>\n<\/section>\n<section\n\t class=\"page-blocks iaff-page-blocks align wp-block-acf-page-blocks\" id=\"page-blocks_block_864efe96862f5716355dadc48213c288\">\n\t<div class=\"acf-innerblocks-container\">\n<div class=\"wp-block-paragraph \">\n<p>La beca W. H. \u201cHowie\u201d McClennan proporciona asistencia financiera para hijos, hijas o hijos legalmente adoptados de bomberos fallecidos en el cumplimiento del deber que planean asistir a una universidad, colegio acreditado u otra instituci\u00f3n de educaci\u00f3n superior.<\/p>\n<\/div>\n\n<div class=\"wp-block-paragraph \">\n<p><strong>Fecha l\u00edmite de solicitud:<\/strong> 1 de febrero<\/p>\n<\/div>\n\n<div class=\"wp-block-paragraph \">\n<p><strong>Monto de la beca:<\/strong> $2,500\/a\u00f1o<\/p>\n<\/div>\n\n<div class=\"wp-block-paragraph \">\n<p><strong>Fechas de adjudicaci\u00f3n:<\/strong><br\/>Las becas se otorgan anualmente, en o antes del 1 de octubre para el a\u00f1o acad\u00e9mico siguiente. Pueden ser renovadas (si se aprueba) hasta por cuatro a\u00f1os consecutivos. <\/p>\n<\/div>\n\n<div class=\"wp-block-paragraph \">\n<p><strong>Criterios de selecci\u00f3n:<\/strong><br\/>Las adjudicaciones se basan en la necesidad financiera, la promesa de aptitud y el rendimiento acad\u00e9mico demostrado. Para una descripci\u00f3n completa de los criterios de selecci\u00f3n, descargue el <a href=\"https:\/\/www.iaff.org\/wp-content\/uploads\/Foundation-Scholarship-Application-Fillable-2022.pdf\" target=\"_blank\" rel=\"noreferrer noopener\">Formulario de Solicitud de Beca<\/a>. <\/p>\n<\/div>\n\n<div class=\"wp-block-paragraph \">\n<p><strong>C\u00f3mo solicitar:<\/strong><br\/>Todos los solicitantes, tanto nuevos como de renovaci\u00f3n, deben presentar todos los materiales de solicitud. Los materiales de solicitud incluyen: <\/p>\n<\/div>\n\n<div class=\"wp-block-list\">\n<ul class=\"wp-block-list\">\n<li>Un <a href=\"https:\/\/www.iaff.org\/wp-content\/uploads\/Foundation-Scholarship-Application-Fillable-2022.pdf\" target=\"_blank\" rel=\"noreferrer noopener\">Formulario de Solicitud de Beca<\/a> completado.<\/li>\n\n\n\n<li>Una copia oficial del expediente acad\u00e9mico y el informe de calificaciones de la escuela a la que asiste actualmente o a la que asisti\u00f3 m\u00e1s recientemente. El expediente acad\u00e9mico oficial debe enumerar todos los puntos de calificaci\u00f3n obtenidos y los cursos acad\u00e9micos completados hasta la fecha. <\/li>\n\n\n\n<li>Una breve declaraci\u00f3n (de aproximadamente 200 palabras) preparada por el solicitante que indique sus razones para querer continuar su educaci\u00f3n.<\/li>\n\n\n\n<li>Dos cartas de recomendaci\u00f3n de un profesor, administrador escolar, consejero, cl\u00e9rigo, supervisor de trabajo o supervisor militar (activo, reserva o Guardia Nacional) que pueda abordar las cualificaciones y aptitud acad\u00e9mica del solicitante de la beca. Las cartas de recomendaci\u00f3n requeridas no pueden ser de familiares inmediatos, amigos cercanos de la familia, parientes consangu\u00edneos o relaciones por matrimonio. <\/li>\n<\/ul>\n<\/div>\n\n<div class=\"wp-block-paragraph \">\n<p><strong>Enviar a:<\/strong><br\/>Beca W. H. \u201cHowie\u201d McClennan<br\/>Oficina del Presidente General<br\/>La International Association of Fire Fighters<br\/>1750 New York Avenue, N.W.<br\/>Washington, DC 20006<\/p>\n<\/div>\n<\/div><\/section>\n","protected":false},"excerpt":{"rendered":"","protected":false},"featured_media":0,"parent":93818,"menu_order":0,"comment_status":"closed","ping_status":"closed","template":"","meta":{"_acf_changed":false,"_searchwp_excluded":"","inline_featured_image":false,"_EventAllDay":false,"_EventTimezone":"","_EventStartDate":"","_EventEndDate":"","_EventStartDateUTC":"","_EventEndDateUTC":"","_EventShowMap":false,"_EventShowMapLink":false,"_EventURL":"","_EventCost":"","_EventCostDescription":"","_EventCurrencySymbol":"","_EventCurrencyCode":"","_EventCurrencyPosition":"","_EventDateTimeSeparator":"","_EventTimeRangeSeparator":"","_EventOrganizerID":[],"_EventVenueID":[],"_OrganizerEmail":"","_OrganizerPhone":"","_OrganizerWebsite":"","_VenueAddress":"","_VenueCity":"","_VenueCountry":"","_VenueProvince":"","_VenueState":"","_VenueZip":"","_VenuePhone":"","_VenueURL":"","_VenueStateProvince":"","_VenueLat":"","_VenueLng":"","_VenueShowMap":false,"_VenueShowMapLink":false,"footnotes":""},"class_list":["post-93821","page","type-page","status-publish","hentry"],"acf":[],"publishpress_future_workflow_manual_trigger":{"enabledWorkflows":[]},"_links":{"self":[{"href":"https:\/\/www.iaff.org\/es\/wp-json\/wp\/v2\/pages\/93821","targetHints":{"allow":["GET"]}}],"collection":[{"href":"https:\/\/www.iaff.org\/es\/wp-json\/wp\/v2\/pages"}],"about":[{"href":"https:\/\/www.iaff.org\/es\/wp-json\/wp\/v2\/types\/page"}],"author":[{"embeddable":true,"href":"https:\/\/www.iaff.org\/es\/wp-json\/wp\/v2\/users\/18"}],"replies":[{"embeddable":true,"href":"https:\/\/www.iaff.org\/es\/wp-json\/wp\/v2\/comments?post=93821"}],"version-history":[{"count":0,"href":"https:\/\/www.iaff.org\/es\/wp-json\/wp\/v2\/pages\/93821\/revisions"}],"up":[{"embeddable":true,"href":"https:\/\/www.iaff.org\/es\/wp-json\/wp\/v2\/pages\/93818"}],"wp:attachment":[{"href":"https:\/\/www.iaff.org\/es\/wp-json\/wp\/v2\/media?parent=93821"}],"curies":[{"name":"wp","href":"https:\/\/api.w.org\/{rel}","templated":true}]}}