{"id":93776,"date":"2024-02-12T18:43:43","date_gmt":"2024-02-12T23:43:43","guid":{"rendered":"https:\/\/www.iaff.org\/convencion\/"},"modified":"2026-04-15T08:51:12","modified_gmt":"2026-04-15T12:51:12","slug":"convencion-old","status":"publish","type":"page","link":"https:\/\/www.iaff.org\/es\/convencion-old\/","title":{"rendered":"Convenci\u00f3n"},"content":{"rendered":"<section\n\t class=\"secondary-hero align wp-block-acf-secondary-hero\" id=\"secondary-hero_block_89dde3ef1f6161d467194e64d4076b47\">\n\t\n<header\n\tclass=\"w-full u-bg-full-width px-[22px] md:ps-bleed md:pe-0 py-[60px] bg-smoke-5 text-black u-has-rivets u-rivets-dark\"\n\tdata-theme=\"gray\"\n>\n\t<div class=\"flex flex-col !px-0 !max-w-[1440px] w-full lg:!ps-indent\">\n\t\t<div class=\"border-t-[6px] w-full my-0 flex flex-col md:flex-row gap-x-[62px] gap-y-[22px] border-red\">\n\t\t\t\t\t\t\t<div class=\"relative grid md:order-last md:w-1\/2 overflow-hidden place-items-center aspect-[157\/105]\">\n\t\t\t\t\t<img decoding=\"async\" width=\"1000\" height=\"667\" src=\"https:\/\/www.iaff.org\/wp-content\/uploads\/2025\/10\/Convention.jpg\" class=\"absolute object-cover min-w-full h-full\" alt=\"\" srcset=\"https:\/\/www.iaff.org\/wp-content\/uploads\/2025\/10\/Convention.jpg 1000w, https:\/\/www.iaff.org\/wp-content\/uploads\/2025\/10\/Convention-300x200.jpg 300w, https:\/\/www.iaff.org\/wp-content\/uploads\/2025\/10\/Convention-768x512.jpg 768w, https:\/\/www.iaff.org\/wp-content\/uploads\/2025\/10\/Convention-240x160.jpg 240w\" sizes=\"(max-width: 1000px) 100vw, 1000px\" \/>\t\t\t\t<\/div>\n\t\t\t\t\t\t<div class=\"w-full md:w-1\/2 md:py-[45px]\">\n\t\t\t\t<div class=\"max-w-[600px] flex flex-col gap-[22px]\">\n\t\t\t\t\t\t\t\t\t\t\t<h1 class=\"has-[.u-halftone-shadow--dark]:mb-divider has-[.u-halftone-shadow--light]:mb-divider\">\n\t\t\t\t\t\t\t<span class=\"inline-flex text-heading-200 u-halftone-shadow--dark\">\n\t\t\t\t\t\t\t\tConvenci\u00f3n\t\t\t\t\t\t\t<\/span>\n\t\t\t\t\t\t<\/h1>\n\t\t\t\t\t\t\t\t\t\t\t\t\t\t\t\t<div class=\"text-body-300 font-sans\">\n\t\t\t\t\t\t\t<p>Cada dos a\u00f1os, bomberos y personal de emergencias m\u00e9dicas de todos los Estados Unidos y Canad\u00e1 se re\u00fanen en la Convenci\u00f3n de la IAFF. <\/p>\n<p>Nuestro poder es nuestra voz, y la Convenci\u00f3n es donde los miembros votan las resoluciones y las enmiendas constitucionales que dan forma al futuro de nuestra profesi\u00f3n y de nuestro gran sindicato.<\/p>\n\t\t\t\t\t\t<\/div>\n\t\t\t\t\t\t\t\t\t\t\t\t\t\t\t\t\t\t\t\t\t\t\t\t\t\t\t\t\t\t\t<div  class=\"text-label-100 inline-flex gap-3 items-center track-hero-meta\">\t<svg xmlns=\"http:\/\/www.w3.org\/2000\/svg\" width=\"19\" height=\"22\" fill=\"none\" viewBox=\"0 0 19 22\"><path stroke=\"currentColor\" stroke-linecap=\"square\" stroke-width=\"2\" d=\"M1.08496 8.59898H17.5722\"\/><path stroke=\"currentColor\" stroke-linecap=\"square\" stroke-width=\"2\" d=\"M13.433 12.2115H13.4415\"\/><path stroke=\"currentColor\" stroke-linecap=\"square\" stroke-width=\"2\" d=\"M9.32847 12.2115H9.33704\"\/><path stroke=\"currentColor\" stroke-linecap=\"square\" stroke-width=\"2\" d=\"M5.21519 12.2115H5.22376\"\/><path stroke=\"currentColor\" stroke-linecap=\"square\" stroke-width=\"2\" d=\"M13.433 15.8065H13.4415\"\/><path stroke=\"currentColor\" stroke-linecap=\"square\" stroke-width=\"2\" d=\"M9.32847 15.8065H9.33704\"\/><path stroke=\"currentColor\" stroke-linecap=\"square\" stroke-width=\"2\" d=\"M5.21519 15.8065H5.22376\"\/><path stroke=\"currentColor\" stroke-linecap=\"square\" stroke-width=\"2\" d=\"M13.0652 1.75V4.79399\"\/><path stroke=\"currentColor\" stroke-linecap=\"square\" stroke-width=\"2\" d=\"M5.59252 1.75V4.79399\"\/><path stroke=\"currentColor\" stroke-linecap=\"square\" stroke-width=\"2\" d=\"M17.65 3.21069H1V20.25H17.65V3.21069Z\" clip-rule=\"evenodd\"\/><\/svg>\t9-14 de agosto de 2026<\/div>\t\t\t\t\t\t\t\t\t\t\t\t\t\t\t\t\t\t\t\t\t\t\t\t\t\t\t\t<div  class=\"text-label-100 inline-flex gap-3 items-center track-hero-meta\">\t<svg xmlns=\"http:\/\/www.w3.org\/2000\/svg\" width=\"17\" height=\"21\" fill=\"none\" viewBox=\"0 0 17 21\"><path stroke=\"currentColor\" stroke-linecap=\"round\" stroke-linejoin=\"round\" stroke-width=\"2\" d=\"M10.9731 9.05639C10.9731 7.68255 9.85989 6.56934 8.48706 6.56934C7.11322 6.56934 6 7.68255 6 9.05639C6 10.4292 7.11322 11.5424 8.48706 11.5424C9.85989 11.5424 10.9731 10.4292 10.9731 9.05639Z\" clip-rule=\"evenodd\"\/><path stroke=\"currentColor\" stroke-linecap=\"round\" stroke-width=\"2\" d=\"M8.46265 19.5C8.46265 19.5 1.18681 14.7608 1.00347 8.84729C0.874745 4.6951 4.34252 1.00008 8.46265 1.00008C12.5828 1.00008 16.0497 4.69504 15.9228 8.84729C15.7384 14.882 8.46265 19.5 8.46265 19.5Z\" clip-rule=\"evenodd\"\/><\/svg>\tArlington, TX<\/div>\t\t\t\t\t\t\t\t\t\t\t\t\t\t\t\t\t\t\t\t\t\t\t\t\t\t\t\t\t\t\t\t<\/div>\n\t\t\t<\/div>\n\n\t\t<\/div>\n\t\t\t<\/div>\n<\/header>\n<\/section>\n\n<div class=\"wp-block-group !mt-0 alignfull is-content-justification-center is-nowrap is-layout-flex wp-container-core-group-is-layout-94bc23d7 wp-block-group-is-layout-flex\">\n<div class=\"wp-block-columns wp-container-content-9cfa9a5a is-layout-flex wp-container-core-columns-is-layout-9d6595d7 wp-block-columns-is-layout-flex\">\n<div class=\"wp-block-column is-layout-flow wp-block-column-is-layout-flow\">\n<figure class=\"wp-block-image size-full !mb-0 alignfull hidden md:block !hidden wp-container-content-9cfa9a5a\"><img decoding=\"async\" width=\"1950\" height=\"333\" src=\"https:\/\/www.iaff.org\/wp-content\/uploads\/2024\/04\/Email-Banner_Scoreboard1-resized.jpg\" alt=\"\" class=\"wp-image-71769\" srcset=\"https:\/\/www.iaff.org\/wp-content\/uploads\/2024\/04\/Email-Banner_Scoreboard1-resized.jpg 1950w, https:\/\/www.iaff.org\/wp-content\/uploads\/2024\/04\/Email-Banner_Scoreboard1-resized-300x51.jpg 300w, https:\/\/www.iaff.org\/wp-content\/uploads\/2024\/04\/Email-Banner_Scoreboard1-resized-1024x175.jpg 1024w, https:\/\/www.iaff.org\/wp-content\/uploads\/2024\/04\/Email-Banner_Scoreboard1-resized-768x131.jpg 768w, https:\/\/www.iaff.org\/wp-content\/uploads\/2024\/04\/Email-Banner_Scoreboard1-resized-1536x262.jpg 1536w, https:\/\/www.iaff.org\/wp-content\/uploads\/2024\/04\/Email-Banner_Scoreboard1-resized-240x41.jpg 240w, https:\/\/www.iaff.org\/wp-content\/uploads\/2024\/04\/Email-Banner_Scoreboard1-resized-1256x214.jpg 1256w, https:\/\/www.iaff.org\/wp-content\/uploads\/2024\/04\/Email-Banner_Scoreboard1-resized-1440x246.jpg 1440w\" sizes=\"(max-width: 1950px) 100vw, 1950px\" \/><\/figure>\n\n\n\n<figure class=\"wp-block-image size-large !mb-0 alignfull md:hidden wp-container-content-9cfa9a5a\"><img decoding=\"async\" width=\"1024\" height=\"683\" src=\"https:\/\/www.iaff.org\/wp-content\/uploads\/2024\/04\/Convention-for-Web-1-1024x683.jpg\" alt=\"\" class=\"wp-image-71584\" srcset=\"https:\/\/www.iaff.org\/wp-content\/uploads\/2024\/04\/Convention-for-Web-1-1024x683.jpg 1024w, https:\/\/www.iaff.org\/wp-content\/uploads\/2024\/04\/Convention-for-Web-1-300x200.jpg 300w, https:\/\/www.iaff.org\/wp-content\/uploads\/2024\/04\/Convention-for-Web-1-768x512.jpg 768w, https:\/\/www.iaff.org\/wp-content\/uploads\/2024\/04\/Convention-for-Web-1-1536x1024.jpg 1536w, https:\/\/www.iaff.org\/wp-content\/uploads\/2024\/04\/Convention-for-Web-1-240x160.jpg 240w, https:\/\/www.iaff.org\/wp-content\/uploads\/2024\/04\/Convention-for-Web-1-1200x800.jpg 1200w, https:\/\/www.iaff.org\/wp-content\/uploads\/2024\/04\/Convention-for-Web-1-1215x810.jpg 1215w, https:\/\/www.iaff.org\/wp-content\/uploads\/2024\/04\/Convention-for-Web-1.jpg 2048w\" sizes=\"(max-width: 1024px) 100vw, 1024px\" \/><\/figure>\n<\/div>\n<\/div>\n\n\n<section\n\t class=\"card-grid pt-5 align wp-block-acf-card-grid\" id=\"card-grid_block_5265cf9f1c3501e4b2d599bfc7773507\">\n\t\n\t<div class=\"iaff-card-grid md:px-indent\">\n\t\t\t\t<div class=\"acf-innerblocks-container\">\n<article\n\t class=\"link-card flex align wp-block-acf-link-card\" id=\"link-card_block_44f654196df5816f2d28ee0438d8e541\">\n\t<a href=\"https:\/\/www.iaff.org\/es\/premios-de-liderazgo-local-de-iaff\/\" target=\"_blank\" class=\"p-0 flex flex-col w-full h-full group no-underline\">\t<div class=\"bg-halftone-dark p-3 min-h-divider w-full grid place-items-center\"><\/div>\n\t<div class=\"relative px-10 py-9 bg-smoke\/5 text-body-500 flex flex-col gap-card-gap flex-1 transition duration-hover group-hover:bg-white\">\n\t\t\t\t\t<h4 class=\"text-heading-400-serif\">\n\t\t\t\tPremios al Liderazgo\t\t\t<\/h4>\n\t\t\t\t<div class=\"relative flex flex-col flex-1 gap-card-gap text-body-500 justify-start min-h-[120px]\">\n\t\t\t\t\t\t\t<div class=\"text-label-100\">\n\t\t\t\t\tApertura en la primavera de 2026\t\t\t\t<\/div>\n\t\t\t\t\t\t\t\t\t\t<div class=\"flex-grow-1 text-body-500\">\n\t\t\t\t\tLos premios, otorgados cada dos a\u00f1os en la Convenci\u00f3n, honran y reconocen a los l\u00edderes de IAFF que han ido m\u00e1s all\u00e1 de sus obligaciones en la representaci\u00f3n de sus miembros a nivel local, estatal o provincial durante numerosos a\u00f1os.\t\t\t\t<\/div>\n\t\t\t\t\t\t\t\t\t\t<div class=\"mt-auto group-hover\">\n\t\t\t\t\t<!-- Renders the same as core\/button with a specific style -->\n\t<div>\n\t\t\t\t\t<div\n\t\t\t\tclass=\"inline-flex gap-[16px] items-center text-inherit text-button-300 decoration-transparent underline underline-offset-2 transition-colors duration-hover group-hover:decoration-current group-focus-visible:decoration-current\"\n\t\t\t>\n\t\t\t\t<span>\n\t\t\t\t\tM\u00e1s informaci\u00f3n\t\t\t\t<\/span>\n\t\t\t\t<svg xmlns=\"http:\/\/www.w3.org\/2000\/svg\" width=\"15\" height=\"15\" fill=\"none\" viewBox=\"0 0 15 15\"><path stroke=\"currentColor\" stroke-linecap=\"square\" stroke-width=\"2\" d=\"M11.6347 7.49976L1 7.49976\"\/><path stroke=\"currentColor\" stroke-linecap=\"square\" stroke-width=\"2\" d=\"M7.31445 2.13138L12.7061 7.50014L7.31445 12.8689\"\/><\/svg>\t\t\t<\/div>\n\t\t\t<\/div>\n\t\t\t\t<\/div>\n\t\t\t\t\t<\/div>\n\t<\/div>\n\t<\/a><\/article>\n\n<\/div>\t<\/div>\n\n\t\n<\/section>\n<\/div>\n","protected":false},"excerpt":{"rendered":"","protected":false},"featured_media":0,"parent":0,"menu_order":0,"comment_status":"closed","ping_status":"closed","template":"","meta":{"_acf_changed":false,"_searchwp_excluded":"","inline_featured_image":false,"_EventAllDay":false,"_EventTimezone":"","_EventStartDate":"","_EventEndDate":"","_EventStartDateUTC":"","_EventEndDateUTC":"","_EventShowMap":false,"_EventShowMapLink":false,"_EventURL":"","_EventCost":"","_EventCostDescription":"","_EventCurrencySymbol":"","_EventCurrencyCode":"","_EventCurrencyPosition":"","_EventDateTimeSeparator":"","_EventTimeRangeSeparator":"","_EventOrganizerID":[],"_EventVenueID":[],"_OrganizerEmail":"","_OrganizerPhone":"","_OrganizerWebsite":"","_VenueAddress":"","_VenueCity":"","_VenueCountry":"","_VenueProvince":"","_VenueState":"","_VenueZip":"","_VenuePhone":"","_VenueURL":"","_VenueStateProvince":"","_VenueLat":"","_VenueLng":"","_VenueShowMap":false,"_VenueShowMapLink":false,"footnotes":""},"class_list":["post-93776","page","type-page","status-publish","hentry"],"acf":[],"publishpress_future_workflow_manual_trigger":{"enabledWorkflows":[]},"_links":{"self":[{"href":"https:\/\/www.iaff.org\/es\/wp-json\/wp\/v2\/pages\/93776","targetHints":{"allow":["GET"]}}],"collection":[{"href":"https:\/\/www.iaff.org\/es\/wp-json\/wp\/v2\/pages"}],"about":[{"href":"https:\/\/www.iaff.org\/es\/wp-json\/wp\/v2\/types\/page"}],"author":[{"embeddable":true,"href":"https:\/\/www.iaff.org\/es\/wp-json\/wp\/v2\/users\/5"}],"replies":[{"embeddable":true,"href":"https:\/\/www.iaff.org\/es\/wp-json\/wp\/v2\/comments?post=93776"}],"version-history":[{"count":12,"href":"https:\/\/www.iaff.org\/es\/wp-json\/wp\/v2\/pages\/93776\/revisions"}],"predecessor-version":[{"id":124458,"href":"https:\/\/www.iaff.org\/es\/wp-json\/wp\/v2\/pages\/93776\/revisions\/124458"}],"wp:attachment":[{"href":"https:\/\/www.iaff.org\/es\/wp-json\/wp\/v2\/media?parent=93776"}],"curies":[{"name":"wp","href":"https:\/\/api.w.org\/{rel}","templated":true}]}}