{"id":93675,"date":"2024-02-13T22:28:22","date_gmt":"2024-02-14T03:28:22","guid":{"rendered":"https:\/\/www.iaff.org\/respondiendo-a-la-epidemia-de-opioides\/manejo-de-la-fatiga-por-compasion\/"},"modified":"2025-05-28T16:05:45","modified_gmt":"2025-05-28T20:05:45","slug":"manejo-de-la-fatiga-por-compasion","status":"publish","type":"page","link":"https:\/\/www.iaff.org\/es\/respondiendo-a-la-epidemia-de-opioides\/manejo-de-la-fatiga-por-compasion\/","title":{"rendered":"Manejo de la fatiga por compasi\u00f3n"},"content":{"rendered":"<section\n\t class=\"secondary-hero align wp-block-acf-secondary-hero\" id=\"secondary-hero_block_f2dadfc81c95ef5af723ed89e67a8625\">\n\t\n<header\n\tclass=\"w-full u-bg-full-width px-[22px] md:ps-bleed md:pe-0 py-[60px] bg-smoke-5 text-black u-has-rivets u-rivets-dark\"\n\tdata-theme=\"gray\"\n>\n\t<div class=\"flex flex-col !px-0 !max-w-[1440px] w-full lg:!ps-indent\">\n\t\t<div class=\"border-t-[6px] w-full my-0 flex flex-col md:flex-row gap-x-[62px] gap-y-[22px] border-red\">\n\t\t\t\t\t\t<div class=\"w-full md:w-1\/2 md:py-[45px]\">\n\t\t\t\t<div class=\"max-w-[600px] flex flex-col gap-[22px]\">\n\t\t\t\t\t\t\t\t\t\t\t<h1 class=\"has-[.u-halftone-shadow--dark]:mb-divider has-[.u-halftone-shadow--light]:mb-divider pt-[22px] md:pt-0\">\n\t\t\t\t\t\t\t<span class=\"inline-flex text-heading-200 u-halftone-shadow--dark\">\n\t\t\t\t\t\t\t\tManejo de la fatiga por compasi\u00f3n\t\t\t\t\t\t\t<\/span>\n\t\t\t\t\t\t<\/h1>\n\t\t\t\t\t\t\t\t\t\t\t\t\t\t\t\t\t\t\t\t\t\t\t\t\t\t\t\t\t<\/div>\n\t\t\t<\/div>\n\n\t\t<\/div>\n\t\t\t\t\t<div class=\"order-first flex justify-start w-full pb-[22px]\">\n\t\t\t\t<div\n\tclass=\"wp-block-button is-style-tertiary text-smoke is-style-tertiary-back\"\n>\n\t\t\t<a\n\t\t\thref=\"https:\/\/www.iaff.org\/es\/respondiendo-a-la-epidemia-de-opioides\/\"\n\t\t\tclass=\"wp-block-button__link wp-element-button group\"\n\t\t\t\t\t>\n\t\t\t<span\n\t\t\tclass=\"decoration-transparent underline underline-offset-2 group-hover:decoration-inherit group-focus-visible:decoration-inherit transition duration-hover\"\n\t\t>\n\t\t\tRespondiendo a la epidemia de opioides\t\t<\/span>\n\n\t\t<span\n\t\t\tclass=\"bg-inherit transition-colors duration-hover group-hover:bg-gold group-focus:bg-gold inline-flex rotate-180 order-first\"\n\t\t>\n\t\t\t<svg xmlns=\"http:\/\/www.w3.org\/2000\/svg\" width=\"21\" height=\"22\" fill=\"none\" viewBox=\"0 0 21 22\"><path stroke=\"currentColor\" stroke-linecap=\"round\" stroke-width=\"2\" d=\"M20 20.75L20 2.25L1.5 2.25L1.5 20.75L20 20.75Z\" clip-rule=\"evenodd\"\/><path stroke=\"currentColor\" stroke-linecap=\"square\" stroke-width=\"2\" d=\"M14.0883 11.5L6.66406 11.5\"\/><path stroke=\"currentColor\" stroke-linecap=\"square\" stroke-width=\"2\" d=\"M11.0723 7.75205L14.8363 11.5L11.0723 15.248\"\/><\/svg>\t\t<\/span>\n\t<\/a><\/div>\n\t\t\t<\/div>\n\t\t\t<\/div>\n<\/header>\n<\/section>\n<section\n\t class=\"page-blocks iaff-page-blocks align wp-block-acf-page-blocks\" id=\"page-blocks_block_8ef5d14aa3d7bdbd22d82297ae0a2a35\">\n\t<div class=\"acf-innerblocks-container\">\n<div class=\"wp-block-paragraph \">\n<p>Este segmento comparte las perspectivas de varios socios de salud conductual de IAFF para explorar la fatiga por compasi\u00f3n, el agotamiento y el autocuidado entre el personal del servicio de bomberos en la primera l\u00ednea de la epidemia de opioides.<\/p>\n<\/div>\n\n<div class=\"wp-block-paragraph \">\n<p>Los oradores invitados incluyen a la Dra. Suzy Gulliver del Instituto de Investigaci\u00f3n Warriors; Bill Crews, Presidente del Local 1293 de Garland, TX; el Teniente Drew Kane, miembro de la Asociaci\u00f3n de Bomberos Uniformados de Nueva York Local 854; y el Jefe de Batall\u00f3n Doug Abernathy del Local 416 de Indian\u00e1polis, IN.<\/p>\n<\/div>\n\n<div class=\"wp-block-video-container u-bg-full-width u-halftone-bg-70\">\n<figure class=\"wp-block-embed is-type-video is-provider-youtube wp-block-embed-youtube wp-embed-aspect-16-9 wp-has-aspect-ratio\"><div class=\"wp-block-embed__wrapper\">\n<iframe title=\"Managing Compassion Fatigue\" width=\"500\" height=\"281\" src=\"https:\/\/www.youtube.com\/embed\/DTFDbdsvxrw?feature=oembed\" frameborder=\"0\" allow=\"accelerometer; autoplay; clipboard-write; encrypted-media; gyroscope; picture-in-picture; web-share\" referrerpolicy=\"strict-origin-when-cross-origin\" allowfullscreen><\/iframe>\n<\/div><figcaption class=\"wp-element-caption\">Respondiendo a la epidemia de opioides: episodio 10<\/figcaption><\/figure>\n<\/div>\n\n\n<h4 class=\"wp-block-heading\">Sintonice para m\u00e1s informaci\u00f3n:<\/h4>\n\n\n<div class=\"wp-block-paragraph \">\n<p><iframe style=\"border: none; min-width: min(100%, 430px);\" title=\"Gestionando la fatiga por compasi&#xF3;n al responder a incidentes relacionados con opioides\" src=\"https:\/\/www.podbean.com\/player-v2\/?i=cyzmb-1393803-pb&amp;from=pb6admin&amp;share=1&amp;download=1&amp;rtl=0&amp;fonts=Arial&amp;skin=1&amp;font-color=&amp;logo_link=episode_page&amp;btn-skin=7\" width=\"100%\" height=\"150\" scrolling=\"no\" data-name=\"pb-iframe-player\"><\/iframe><\/p>\n<\/div>\n\n<div class=\"wp-block-paragraph \">\n<p><iframe style=\"border: none; min-width: min(100%, 430px);\" title=\"Gestionando la fatiga por compasi&#xF3;n al responder a incidentes relacionados con opioides: Doug Abernathy\" src=\"https:\/\/www.podbean.com\/player-v2\/?i=kjues-1393811-pb&amp;from=pb6admin&amp;share=1&amp;download=1&amp;rtl=0&amp;fonts=Arial&amp;skin=1&amp;font-color=&amp;logo_link=episode_page&amp;btn-skin=7\" width=\"100%\" height=\"150\" scrolling=\"no\" data-name=\"pb-iframe-player\"><\/iframe><\/p>\n<\/div>\n\n<div class=\"wp-block-paragraph \">\n<p><iframe style=\"border: none; min-width: min(100%, 430px);\" title=\"Gestionando la fatiga por compasi&#xF3;n al responder a incidentes relacionados con opioides: Drew Kane\" src=\"https:\/\/www.podbean.com\/player-v2\/?i=54pf5-1393820-pb&amp;from=pb6admin&amp;share=1&amp;download=1&amp;rtl=0&amp;fonts=Arial&amp;skin=1&amp;font-color=&amp;logo_link=episode_page&amp;btn-skin=7\" width=\"100%\" height=\"150\" scrolling=\"no\" data-name=\"pb-iframe-player\"><\/iframe><\/p>\n<\/div>\n\n<div class=\"wp-block-paragraph \">\n<p><iframe style=\"border: none; min-width: min(100%, 430px);\" title=\"Gestionando la fatiga por compasi&#xF3;n al responder a incidentes relacionados con opioides: Suzy Gulliver\" src=\"https:\/\/www.podbean.com\/player-v2\/?i=z949s-1393835-pb&amp;from=pb6admin&amp;share=1&amp;download=1&amp;rtl=0&amp;fonts=Arial&amp;skin=1&amp;font-color=&amp;logo_link=episode_page&amp;btn-skin=7\" width=\"100%\" height=\"150\" scrolling=\"no\" data-name=\"pb-iframe-player\"><\/iframe><\/p>\n<\/div>\n<\/div><\/section>\n","protected":false},"excerpt":{"rendered":"","protected":false},"featured_media":0,"parent":93442,"menu_order":0,"comment_status":"closed","ping_status":"closed","template":"","meta":{"_acf_changed":false,"_searchwp_excluded":"","inline_featured_image":false,"_EventAllDay":false,"_EventTimezone":"","_EventStartDate":"","_EventEndDate":"","_EventStartDateUTC":"","_EventEndDateUTC":"","_EventShowMap":false,"_EventShowMapLink":false,"_EventURL":"","_EventCost":"","_EventCostDescription":"","_EventCurrencySymbol":"","_EventCurrencyCode":"","_EventCurrencyPosition":"","_EventDateTimeSeparator":"","_EventTimeRangeSeparator":"","_EventOrganizerID":[],"_EventVenueID":[],"_OrganizerEmail":"","_OrganizerPhone":"","_OrganizerWebsite":"","_VenueAddress":"","_VenueCity":"","_VenueCountry":"","_VenueProvince":"","_VenueState":"","_VenueZip":"","_VenuePhone":"","_VenueURL":"","_VenueStateProvince":"","_VenueLat":"","_VenueLng":"","_VenueShowMap":false,"_VenueShowMapLink":false,"footnotes":""},"class_list":["post-93675","page","type-page","status-publish","hentry"],"acf":[],"publishpress_future_workflow_manual_trigger":{"enabledWorkflows":[]},"_links":{"self":[{"href":"https:\/\/www.iaff.org\/es\/wp-json\/wp\/v2\/pages\/93675","targetHints":{"allow":["GET"]}}],"collection":[{"href":"https:\/\/www.iaff.org\/es\/wp-json\/wp\/v2\/pages"}],"about":[{"href":"https:\/\/www.iaff.org\/es\/wp-json\/wp\/v2\/types\/page"}],"author":[{"embeddable":true,"href":"https:\/\/www.iaff.org\/es\/wp-json\/wp\/v2\/users\/10"}],"replies":[{"embeddable":true,"href":"https:\/\/www.iaff.org\/es\/wp-json\/wp\/v2\/comments?post=93675"}],"version-history":[{"count":0,"href":"https:\/\/www.iaff.org\/es\/wp-json\/wp\/v2\/pages\/93675\/revisions"}],"up":[{"embeddable":true,"href":"https:\/\/www.iaff.org\/es\/wp-json\/wp\/v2\/pages\/93442"}],"wp:attachment":[{"href":"https:\/\/www.iaff.org\/es\/wp-json\/wp\/v2\/media?parent=93675"}],"curies":[{"name":"wp","href":"https:\/\/api.w.org\/{rel}","templated":true}]}}