{"id":93654,"date":"2024-02-22T11:53:04","date_gmt":"2024-02-22T16:53:04","guid":{"rendered":"https:\/\/www.iaff.org\/salud-conductual\/reuniones-de-recuperacion-en-linea\/"},"modified":"2026-04-23T13:31:14","modified_gmt":"2026-04-23T17:31:14","slug":"reuniones-de-recuperacion-en-linea","status":"publish","type":"page","link":"https:\/\/www.iaff.org\/es\/salud-conductual\/reuniones-de-recuperacion-en-linea\/","title":{"rendered":"Reuniones de recuperaci\u00f3n en l\u00ednea"},"content":{"rendered":"<section\n\t class=\"secondary-hero align wp-block-acf-secondary-hero\" id=\"secondary-hero_block_080ae465140c3ab189f928787a166c50\">\n\t\n<header\n\tclass=\"w-full u-bg-full-width px-[22px] md:ps-bleed md:pe-0 py-[60px] bg-smoke-5 text-black u-has-rivets u-rivets-dark\"\n\tdata-theme=\"gray\"\n>\n\t<div class=\"flex flex-col !px-0 !max-w-[1440px] w-full lg:!ps-indent\">\n\t\t<div class=\"border-t-[6px] w-full my-0 flex flex-col md:flex-row gap-x-[62px] gap-y-[22px] border-red\">\n\t\t\t\t\t\t\t<div class=\"relative grid md:order-last md:w-1\/2 overflow-hidden place-items-center aspect-[157\/105]\">\n\t\t\t\t\t<img decoding=\"async\" width=\"1200\" height=\"800\" src=\"https:\/\/www.iaff.org\/wp-content\/uploads\/2024\/09\/shutterstock_2427351689-1200x800.jpg\" class=\"absolute object-cover min-w-full h-full\" alt=\"\" srcset=\"https:\/\/www.iaff.org\/wp-content\/uploads\/2024\/09\/shutterstock_2427351689-1200x800.jpg 1200w, https:\/\/www.iaff.org\/wp-content\/uploads\/2024\/09\/shutterstock_2427351689-300x200.jpg 300w, https:\/\/www.iaff.org\/wp-content\/uploads\/2024\/09\/shutterstock_2427351689-1024x683.jpg 1024w, https:\/\/www.iaff.org\/wp-content\/uploads\/2024\/09\/shutterstock_2427351689-768x512.jpg 768w, https:\/\/www.iaff.org\/wp-content\/uploads\/2024\/09\/shutterstock_2427351689-1536x1024.jpg 1536w, https:\/\/www.iaff.org\/wp-content\/uploads\/2024\/09\/shutterstock_2427351689-240x160.jpg 240w, https:\/\/www.iaff.org\/wp-content\/uploads\/2024\/09\/shutterstock_2427351689-1215x810.jpg 1215w\" sizes=\"(max-width: 1200px) 100vw, 1200px\" \/>\t\t\t\t<\/div>\n\t\t\t\t\t\t<div class=\"w-full md:w-1\/2 md:py-[45px]\">\n\t\t\t\t<div class=\"max-w-[600px] flex flex-col gap-[22px]\">\n\t\t\t\t\t\t\t\t\t\t\t<h1 class=\"has-[.u-halftone-shadow--dark]:mb-divider has-[.u-halftone-shadow--light]:mb-divider\">\n\t\t\t\t\t\t\t<span class=\"inline-flex text-heading-200 u-halftone-shadow--dark\">\n\t\t\t\t\t\t\t\tReuniones de recuperaci\u00f3n en l\u00ednea\t\t\t\t\t\t\t<\/span>\n\t\t\t\t\t\t<\/h1>\n\t\t\t\t\t\t\t\t\t\t\t\t\t\t\t\t<div class=\"text-body-300 font-sans\">\n\t\t\t\t\t\t\t<p>Las reuniones de recuperaci\u00f3n en l\u00ednea de AIB son una forma esencial de apoyo a la recuperaci\u00f3n para cientos de miembros de AIB y personal del servicio de bomberos que viven en la adicci\u00f3n o en recuperaci\u00f3n. Estas reuniones dirigidas por compa\u00f1eros abarcan m\u00faltiples v\u00edas de recuperaci\u00f3n, incluyendo Alcoh\u00f3licos An\u00f3nimos (AA) o Narc\u00f3ticos An\u00f3nimos (NA), la recuperaci\u00f3n SMART, la reducci\u00f3n de da\u00f1os y el tratamiento asistido con medicamentos <\/p>\n\t\t\t\t\t\t<\/div>\n\t\t\t\t\t\t\t\t\t\t\t\t\t\t\t\t\t\t\t\t\t\t\t\t\t\t\t<div class=\"flex flex-wrap gap-[30px]\">\n\t\t\t\t\t\t\t\t\t\t\t\t\t\t\t<!-- Renders the same as core\/button with a specific style -->\n\t<div\n\t\tclass=\"wp-block-button track-button-primary is-style-primary-red\"\n\t>\n\t\t<a\n\t\t\tclass=\"wp-block-button__link wp-element-button cursor-pointer dlm-no-xhr-download track-hero-secondary-cta md:w-auto min-w-[156px]\"\n\t\t\t\t\t\t\thref=\"mailto:behavioralhealth@iaff.org\"\n\t\t\t\t\t\t\t\t\t>\n\t\t\tCont\u00e1ctenos\t\t<\/a>\n\t<\/div>\n\t\t\t\t\t\t\t\t\t\t\t\t\t<\/div>\n\t\t\t\t\t\t\t\t\t\t\t\t\t\t<\/div>\n\t\t\t<\/div>\n\n\t\t<\/div>\n\t\t\t\t\t<div class=\"order-first flex justify-start w-full pb-[22px]\">\n\t\t\t\t<div\n\tclass=\"wp-block-button is-style-tertiary text-smoke is-style-tertiary-back\"\n>\n\t\t\t<a\n\t\t\thref=\"https:\/\/www.iaff.org\/es\/salud-conductual\/\"\n\t\t\tclass=\"wp-block-button__link wp-element-button group\"\n\t\t\t\t\t>\n\t\t\t<span\n\t\t\tclass=\"decoration-transparent underline underline-offset-2 group-hover:decoration-inherit group-focus-visible:decoration-inherit transition duration-hover\"\n\t\t>\n\t\t\tSalud Conductual\t\t<\/span>\n\n\t\t<span\n\t\t\tclass=\"bg-inherit transition-colors duration-hover group-hover:bg-gold group-focus:bg-gold inline-flex rotate-180 order-first\"\n\t\t>\n\t\t\t<svg xmlns=\"http:\/\/www.w3.org\/2000\/svg\" width=\"21\" height=\"22\" fill=\"none\" viewBox=\"0 0 21 22\"><path stroke=\"currentColor\" stroke-linecap=\"round\" stroke-width=\"2\" d=\"M20 20.75L20 2.25L1.5 2.25L1.5 20.75L20 20.75Z\" clip-rule=\"evenodd\"\/><path stroke=\"currentColor\" stroke-linecap=\"square\" stroke-width=\"2\" d=\"M14.0883 11.5L6.66406 11.5\"\/><path stroke=\"currentColor\" stroke-linecap=\"square\" stroke-width=\"2\" d=\"M11.0723 7.75205L14.8363 11.5L11.0723 15.248\"\/><\/svg>\t\t<\/span>\n\t<\/a><\/div>\n\t\t\t<\/div>\n\t\t\t<\/div>\n<\/header>\n<\/section>\n\n<h3 class=\"wp-block-heading\">Beneficios de una reuni\u00f3n de recuperaci\u00f3n en l\u00ednea<\/h3>\n<div class=\"wp-block-list\">\n<ul class=\"wp-block-list\">\n<li>Asista desde la privacidad de su hogar o desde cualquier lugar con conexi\u00f3n a internet<\/li>\n\n\n\n<li>Participe mediante video o solo audio \u2014 \u00a1usted decide!<\/li>\n\n\n\n<li>No es necesario proporcionar informaci\u00f3n de identificaci\u00f3n<\/li>\n\n\n\n<li>Establezca conexiones duraderas de recuperaci\u00f3n con miembros de la AIB en toda Norteam\u00e9rica<\/li>\n<\/ul>\n<\/div>\n<h3 class=\"wp-block-heading\">Horarios y enlaces de las reuniones<\/h3>\n<div class=\"wp-block-paragraph \">\n<p>Las reuniones de recuperaci\u00f3n en l\u00ednea de la AIB se celebran todos los domingos y viernes. No es necesario registrarse previamente. La AIB no recopila ning\u00fan dato sobre los participantes.   <\/p>\n<\/div><section\n\t class=\"page-blocks iaff-page-blocks align wp-block-acf-page-blocks\" id=\"page-blocks_block_81d322c9593d0b764508a7e323451344\">\n\t<div class=\"acf-innerblocks-container\">\n<section\n\t class=\"card-grid pt-5 align wp-block-acf-card-grid\" id=\"card-grid_block_336a1b2520c70e22556a487a9923b323\">\n\t\n\t<div class=\"iaff-card-grid md:px-indent\">\n\t\t\t\t<div class=\"acf-innerblocks-container\">\n<article\n\t class=\"link-card flex align wp-block-acf-link-card\" id=\"link-card_block_176b47a5b65bfd8a63ef9cfdec344bbc\">\n\t<a href=\"https:\/\/zoom.us\/j\/98538837967?pwd=LzA4WjQvSjlKS2UxWmU4alZyd2VFdz09\" target=\"_blank\" class=\"p-0 flex flex-col w-full h-full group no-underline\" rel=\"noopener\">\t<div class=\"bg-halftone-dark p-3 min-h-divider w-full grid place-items-center\"><\/div>\n\t<div class=\"relative px-10 py-9 bg-smoke\/5 text-body-500 flex flex-col gap-card-gap flex-1 transition duration-hover group-hover:bg-white\">\n\t\t\t\t\t<h4 class=\"text-heading-400-serif\">\n\t\t\t\tReuni\u00f3n del domingo\t\t\t<\/h4>\n\t\t\t\t<div class=\"relative flex flex-col flex-1 gap-card-gap text-body-500 justify-start min-h-[120px]\">\n\t\t\t\t\t\t\t<div class=\"text-label-100\">\n\t\t\t\t\t5-6 p.m. ET (2-3 p.m. PT) \t\t\t\t<\/div>\n\t\t\t\t\t\t\t\t\t\t<div class=\"flex-grow-1 text-body-500\">\n\t\t\t\t\tContrase\u00f1a: IAFFstrong\t\t\t\t<\/div>\n\t\t\t\t\t\t\t\t\t\t<div class=\"mt-auto group-hover\">\n\t\t\t\t\t<!-- Renders the same as core\/button with a specific style -->\n\t<div>\n\t\t\t\t\t<div\n\t\t\t\tclass=\"inline-flex gap-[16px] items-center text-inherit text-button-300 decoration-transparent underline underline-offset-2 transition-colors duration-hover group-hover:decoration-current group-focus-visible:decoration-current\"\n\t\t\t>\n\t\t\t\t<span>\n\t\t\t\t\tUnirse\t\t\t\t<\/span>\n\t\t\t\t<svg xmlns=\"http:\/\/www.w3.org\/2000\/svg\" width=\"15\" height=\"15\" fill=\"none\" viewBox=\"0 0 15 15\"><path stroke=\"currentColor\" stroke-linecap=\"square\" stroke-width=\"2\" d=\"M11.6347 7.49976L1 7.49976\"\/><path stroke=\"currentColor\" stroke-linecap=\"square\" stroke-width=\"2\" d=\"M7.31445 2.13138L12.7061 7.50014L7.31445 12.8689\"\/><\/svg>\t\t\t<\/div>\n\t\t\t<\/div>\n\t\t\t\t<\/div>\n\t\t\t\t\t<\/div>\n\t<\/div>\n\t<\/a><\/article>\n\n\n<article\n\t class=\"link-card flex align wp-block-acf-link-card\" id=\"link-card_block_0f77999d4f568c7a7df16de432e43cd5\">\n\t<a href=\"https:\/\/iaff-org.zoom.us\/j\/91023931907?pwd=ek5KL1pQVFNxUEdCeit5YXZvanJRUT09\" target=\"_blank\" class=\"p-0 flex flex-col w-full h-full group no-underline\" rel=\"noopener\">\t<div class=\"bg-halftone-dark p-3 min-h-divider w-full grid place-items-center\"><\/div>\n\t<div class=\"relative px-10 py-9 bg-smoke\/5 text-body-500 flex flex-col gap-card-gap flex-1 transition duration-hover group-hover:bg-white\">\n\t\t\t\t\t<h4 class=\"text-heading-400-serif\">\n\t\t\t\tReuni\u00f3n del viernes\t\t\t<\/h4>\n\t\t\t\t<div class=\"relative flex flex-col flex-1 gap-card-gap text-body-500 justify-start min-h-[120px]\">\n\t\t\t\t\t\t\t<div class=\"text-label-100\">\n\t\t\t\t\t12-1 p.m. ET (9-10 a. m. PT) \t\t\t\t<\/div>\n\t\t\t\t\t\t\t\t\t\t<div class=\"flex-grow-1 text-body-500\">\n\t\t\t\t\tContrase\u00f1a: 2countries\t\t\t\t<\/div>\n\t\t\t\t\t\t\t\t\t\t<div class=\"mt-auto group-hover\">\n\t\t\t\t\t<!-- Renders the same as core\/button with a specific style -->\n\t<div>\n\t\t\t\t\t<div\n\t\t\t\tclass=\"inline-flex gap-[16px] items-center text-inherit text-button-300 decoration-transparent underline underline-offset-2 transition-colors duration-hover group-hover:decoration-current group-focus-visible:decoration-current\"\n\t\t\t>\n\t\t\t\t<span>\n\t\t\t\t\tUnirse\t\t\t\t<\/span>\n\t\t\t\t<svg xmlns=\"http:\/\/www.w3.org\/2000\/svg\" width=\"15\" height=\"15\" fill=\"none\" viewBox=\"0 0 15 15\"><path stroke=\"currentColor\" stroke-linecap=\"square\" stroke-width=\"2\" d=\"M11.6347 7.49976L1 7.49976\"\/><path stroke=\"currentColor\" stroke-linecap=\"square\" stroke-width=\"2\" d=\"M7.31445 2.13138L12.7061 7.50014L7.31445 12.8689\"\/><\/svg>\t\t\t<\/div>\n\t\t\t<\/div>\n\t\t\t\t<\/div>\n\t\t\t\t\t<\/div>\n\t<\/div>\n\t<\/a><\/article>\n\n\n<article\n\t class=\"link-card flex align wp-block-acf-link-card\" id=\"link-card_block_eef09324f7aff5ae9329aabba193e887\">\n\t<a href=\"https:\/\/zoom.us\/j\/91575651724?pwd=amFtYzNLYjNOQ1MzcnlKa1FvaUVFdz09\" target=\"_blank\" class=\"p-0 flex flex-col w-full h-full group no-underline\" rel=\"noopener\">\t<div class=\"bg-halftone-dark p-3 min-h-divider w-full grid place-items-center\"><\/div>\n\t<div class=\"relative px-10 py-9 bg-smoke\/5 text-body-500 flex flex-col gap-card-gap flex-1 transition duration-hover group-hover:bg-white\">\n\t\t\t\t\t<h4 class=\"text-heading-400-serif\">\n\t\t\t\tReuni\u00f3n del mi\u00e9rcoles de Toronto L3888\t\t\t<\/h4>\n\t\t\t\t<div class=\"relative flex flex-col flex-1 gap-card-gap text-body-500 justify-start min-h-[120px]\">\n\t\t\t\t\t\t\t<div class=\"text-label-100\">\n\t\t\t\t\t8-9 p.m. ET (5-6 p.m. PT) \t\t\t\t<\/div>\n\t\t\t\t\t\t\t\t\t\t<div class=\"flex-grow-1 text-body-500\">\n\t\t\t\t\tContrase\u00f1a: TFS12step\t\t\t\t<\/div>\n\t\t\t\t\t\t\t\t\t\t<div class=\"mt-auto group-hover\">\n\t\t\t\t\t<!-- Renders the same as core\/button with a specific style -->\n\t<div>\n\t\t\t\t\t<div\n\t\t\t\tclass=\"inline-flex gap-[16px] items-center text-inherit text-button-300 decoration-transparent underline underline-offset-2 transition-colors duration-hover group-hover:decoration-current group-focus-visible:decoration-current\"\n\t\t\t>\n\t\t\t\t<span>\n\t\t\t\t\tUnirse\t\t\t\t<\/span>\n\t\t\t\t<svg xmlns=\"http:\/\/www.w3.org\/2000\/svg\" width=\"15\" height=\"15\" fill=\"none\" viewBox=\"0 0 15 15\"><path stroke=\"currentColor\" stroke-linecap=\"square\" stroke-width=\"2\" d=\"M11.6347 7.49976L1 7.49976\"\/><path stroke=\"currentColor\" stroke-linecap=\"square\" stroke-width=\"2\" d=\"M7.31445 2.13138L12.7061 7.50014L7.31445 12.8689\"\/><\/svg>\t\t\t<\/div>\n\t\t\t<\/div>\n\t\t\t\t<\/div>\n\t\t\t\t\t<\/div>\n\t<\/div>\n\t<\/a><\/article>\n\n<\/div>\t<\/div>\n\n\t\n<\/section>\n\n<\/div><\/section>\n<section\n\t class=\"page-blocks iaff-page-blocks align wp-block-acf-page-blocks\" id=\"page-blocks_block_81d322c9593d0b764508a7e323451344\">\n\t<div class=\"acf-innerblocks-container\">\n\n<h3 class=\"wp-block-heading\">Promocione las reuniones en l\u00ednea<\/h3>\n\n\n<div class=\"wp-block-paragraph \">\n<p>Utilice nuestro gr\u00e1fico con la marca de la AIB que aparece a continuaci\u00f3n o <a href=\"https:\/\/www.iaff.org\/wp-content\/uploads\/2026\/04\/2026-COE-Webinar-One-Pager.pdf\" target=\"_blank\" rel=\"noreferrer noopener\">descargue un folleto informativo imprimible<\/a> para promocionar nuestras reuniones de recuperaci\u00f3n en l\u00ednea entre sus miembros en las redes sociales o en el parque de bomberos. <\/p>\n<\/div>\n\n\n<figure class=\"wp-block-image aligncenter size-large wp-block-paragraph\"><a href=\"https:\/\/www.iaff.org\/wp-content\/uploads\/\/2026-COE-Webinar-Socials-v2-1024x576.jpg\" target=\"_blank\" rel=\"noreferrer noopener\"><img decoding=\"async\" width=\"1024\" height=\"576\" src=\"https:\/\/www.iaff.org\/wp-content\/uploads\/\/2026-COE-Webinar-Socials-v2-1024x576.jpg\" alt=\"\" class=\"wp-image-14436\" srcset=\"https:\/\/www.iaff.org\/wp-content\/uploads\/2026-COE-Webinar-Socials-v2-1024x576.jpg 1024w, https:\/\/www.iaff.org\/wp-content\/uploads\/2026-COE-Webinar-Socials-v2-300x169.jpg 300w, https:\/\/www.iaff.org\/wp-content\/uploads\/2026-COE-Webinar-Socials-v2-768x432.jpg 768w, https:\/\/www.iaff.org\/wp-content\/uploads\/2026-COE-Webinar-Socials-v2-1536x864.jpg 1536w, https:\/\/www.iaff.org\/wp-content\/uploads\/2026-COE-Webinar-Socials-v2-240x135.jpg 240w, https:\/\/www.iaff.org\/wp-content\/uploads\/2026-COE-Webinar-Socials-v2-1256x707.jpg 1256w, https:\/\/www.iaff.org\/wp-content\/uploads\/2026-COE-Webinar-Socials-v2-1440x810.jpg 1440w, https:\/\/www.iaff.org\/wp-content\/uploads\/2026-COE-Webinar-Socials-v2.jpg 1600w\" sizes=\"(max-width: 1024px) 100vw, 1024px\" \/><\/a><\/figure>\n\n\n\n<div class=\"wp-block-group is-nowrap is-layout-flex wp-container-core-group-is-layout-ad2f72ca wp-block-group-is-layout-flex\">\n<div class=\"wp-block-columns is-layout-flex wp-container-core-columns-is-layout-9d6595d7 wp-block-columns-is-layout-flex\">\n<div class=\"wp-block-column is-layout-flow wp-block-column-is-layout-flow\" style=\"flex-basis:25%\"><\/div>\n\n\n\n<div class=\"wp-block-column is-layout-flow wp-block-column-is-layout-flow\" style=\"flex-basis:50%\"><\/div>\n\n\n\n<div class=\"wp-block-column is-layout-flow wp-block-column-is-layout-flow\" style=\"flex-basis:25%\"><\/div>\n<\/div>\n<\/div>\n\n<\/div><\/section>\n","protected":false},"excerpt":{"rendered":"<p>Beneficios de una reuni\u00f3n de recuperaci\u00f3n en l\u00ednea Horarios y enlaces de las reuniones Las reuniones de recuperaci\u00f3n en l\u00ednea de la AIB se celebran todos los domingos y viernes. [&hellip;]<\/p>\n","protected":false},"featured_media":93655,"parent":93451,"menu_order":0,"comment_status":"closed","ping_status":"closed","template":"","meta":{"_acf_changed":false,"_searchwp_excluded":"","inline_featured_image":false,"_EventAllDay":false,"_EventTimezone":"","_EventStartDate":"","_EventEndDate":"","_EventStartDateUTC":"","_EventEndDateUTC":"","_EventShowMap":false,"_EventShowMapLink":false,"_EventURL":"","_EventCost":"","_EventCostDescription":"","_EventCurrencySymbol":"","_EventCurrencyCode":"","_EventCurrencyPosition":"","_EventDateTimeSeparator":"","_EventTimeRangeSeparator":"","_EventOrganizerID":[],"_EventVenueID":[],"_OrganizerEmail":"","_OrganizerPhone":"","_OrganizerWebsite":"","_VenueAddress":"","_VenueCity":"","_VenueCountry":"","_VenueProvince":"","_VenueState":"","_VenueZip":"","_VenuePhone":"","_VenueURL":"","_VenueStateProvince":"","_VenueLat":"","_VenueLng":"","_VenueShowMap":false,"_VenueShowMapLink":false,"footnotes":""},"class_list":["post-93654","page","type-page","status-publish","has-post-thumbnail","hentry"],"acf":[],"publishpress_future_workflow_manual_trigger":{"enabledWorkflows":[]},"_links":{"self":[{"href":"https:\/\/www.iaff.org\/es\/wp-json\/wp\/v2\/pages\/93654","targetHints":{"allow":["GET"]}}],"collection":[{"href":"https:\/\/www.iaff.org\/es\/wp-json\/wp\/v2\/pages"}],"about":[{"href":"https:\/\/www.iaff.org\/es\/wp-json\/wp\/v2\/types\/page"}],"author":[{"embeddable":true,"href":"https:\/\/www.iaff.org\/es\/wp-json\/wp\/v2\/users\/3"}],"replies":[{"embeddable":true,"href":"https:\/\/www.iaff.org\/es\/wp-json\/wp\/v2\/comments?post=93654"}],"version-history":[{"count":8,"href":"https:\/\/www.iaff.org\/es\/wp-json\/wp\/v2\/pages\/93654\/revisions"}],"predecessor-version":[{"id":124818,"href":"https:\/\/www.iaff.org\/es\/wp-json\/wp\/v2\/pages\/93654\/revisions\/124818"}],"up":[{"embeddable":true,"href":"https:\/\/www.iaff.org\/es\/wp-json\/wp\/v2\/pages\/93451"}],"wp:featuredmedia":[{"embeddable":true,"href":"https:\/\/www.iaff.org\/es\/wp-json\/wp\/v2\/media\/93655"}],"wp:attachment":[{"href":"https:\/\/www.iaff.org\/es\/wp-json\/wp\/v2\/media?parent=93654"}],"curies":[{"name":"wp","href":"https:\/\/api.w.org\/{rel}","templated":true}]}}