{"id":93620,"date":"2020-02-05T15:43:59","date_gmt":"2020-02-05T20:43:59","guid":{"rendered":"https:\/\/www.iaff.org\/pep-en-linea\/"},"modified":"2026-02-23T12:13:34","modified_gmt":"2026-02-23T17:13:34","slug":"pep-en-linea","status":"publish","type":"page","link":"https:\/\/www.iaff.org\/es\/pep-en-linea\/","title":{"rendered":"PEP en L\u00ednea"},"content":{"rendered":"<section\n\t class=\"secondary-hero align wp-block-acf-secondary-hero\" id=\"secondary-hero_block_0a5b3a468395e6f5a3af2f80ea2f1840\">\n\t\n<header\n\tclass=\"w-full u-bg-full-width px-[22px] md:ps-bleed md:pe-0 py-[60px] bg-smoke-5 text-black u-has-rivets u-rivets-dark\"\n\tdata-theme=\"gray\"\n>\n\t<div class=\"flex flex-col !px-0 !max-w-[1440px] w-full lg:!ps-indent\">\n\t\t<div class=\"border-t-[6px] w-full my-0 flex flex-col md:flex-row gap-x-[62px] gap-y-[22px] border-red\">\n\t\t\t\t\t\t\t<div class=\"relative grid md:order-last md:w-1\/2 overflow-hidden place-items-center aspect-[157\/105]\">\n\t\t\t\t\t<img decoding=\"async\" width=\"1200\" height=\"800\" src=\"https:\/\/www.iaff.org\/wp-content\/uploads\/2024\/02\/Firefighters-at-computer-1-1200x800.png\" class=\"absolute object-cover min-w-full h-full\" alt=\"\" srcset=\"https:\/\/www.iaff.org\/wp-content\/uploads\/2024\/02\/Firefighters-at-computer-1-1200x800.png 1200w, https:\/\/www.iaff.org\/wp-content\/uploads\/2024\/02\/Firefighters-at-computer-1-300x200.png 300w, https:\/\/www.iaff.org\/wp-content\/uploads\/2024\/02\/Firefighters-at-computer-1-1024x683.png 1024w, https:\/\/www.iaff.org\/wp-content\/uploads\/2024\/02\/Firefighters-at-computer-1-768x512.png 768w, https:\/\/www.iaff.org\/wp-content\/uploads\/2024\/02\/Firefighters-at-computer-1-240x160.png 240w, https:\/\/www.iaff.org\/wp-content\/uploads\/2024\/02\/Firefighters-at-computer-1-1215x810.png 1215w, https:\/\/www.iaff.org\/wp-content\/uploads\/2024\/02\/Firefighters-at-computer-1.png 1500w\" sizes=\"(max-width: 1200px) 100vw, 1200px\" \/>\t\t\t\t<\/div>\n\t\t\t\t\t\t<div class=\"w-full md:w-1\/2 md:py-[45px]\">\n\t\t\t\t<div class=\"max-w-[600px] flex flex-col gap-[22px]\">\n\t\t\t\t\t\t\t\t\t\t\t<h1 class=\"has-[.u-halftone-shadow--dark]:mb-divider has-[.u-halftone-shadow--light]:mb-divider\">\n\t\t\t\t\t\t\t<span class=\"inline-flex text-heading-200 u-halftone-shadow--dark\">\n\t\t\t\t\t\t\t\tPEP Online &#8211; Julio de 2026\t\t\t\t\t\t\t<\/span>\n\t\t\t\t\t\t<\/h1>\n\t\t\t\t\t\t\t\t\t\t\t\t\t\t\t\t\t\t\t\t\t\t\t\t\t\t\t\t\t\t\t\t\t\t\t\t<div  class=\"text-label-100 inline-flex gap-3 items-center track-hero-meta\">\t<svg xmlns=\"http:\/\/www.w3.org\/2000\/svg\" width=\"19\" height=\"22\" fill=\"none\" viewBox=\"0 0 19 22\"><path stroke=\"currentColor\" stroke-linecap=\"square\" stroke-width=\"2\" d=\"M1.08496 8.59898H17.5722\"\/><path stroke=\"currentColor\" stroke-linecap=\"square\" stroke-width=\"2\" d=\"M13.433 12.2115H13.4415\"\/><path stroke=\"currentColor\" stroke-linecap=\"square\" stroke-width=\"2\" d=\"M9.32847 12.2115H9.33704\"\/><path stroke=\"currentColor\" stroke-linecap=\"square\" stroke-width=\"2\" d=\"M5.21519 12.2115H5.22376\"\/><path stroke=\"currentColor\" stroke-linecap=\"square\" stroke-width=\"2\" d=\"M13.433 15.8065H13.4415\"\/><path stroke=\"currentColor\" stroke-linecap=\"square\" stroke-width=\"2\" d=\"M9.32847 15.8065H9.33704\"\/><path stroke=\"currentColor\" stroke-linecap=\"square\" stroke-width=\"2\" d=\"M5.21519 15.8065H5.22376\"\/><path stroke=\"currentColor\" stroke-linecap=\"square\" stroke-width=\"2\" d=\"M13.0652 1.75V4.79399\"\/><path stroke=\"currentColor\" stroke-linecap=\"square\" stroke-width=\"2\" d=\"M5.59252 1.75V4.79399\"\/><path stroke=\"currentColor\" stroke-linecap=\"square\" stroke-width=\"2\" d=\"M17.65 3.21069H1V20.25H17.65V3.21069Z\" clip-rule=\"evenodd\"\/><\/svg>\t14 de julio, 21 de julio y 28 de julio<\/div>\t\t\t\t\t\t\t\t\t\t\t\t\t\t\t\t\t\t\t\t\t\t\t\t\t\t\t\t<div  class=\"text-label-100 inline-flex gap-3 items-center track-hero-meta\">\t<svg xmlns=\"http:\/\/www.w3.org\/2000\/svg\" width=\"17\" height=\"21\" fill=\"none\" viewBox=\"0 0 17 21\"><path stroke=\"currentColor\" stroke-linecap=\"round\" stroke-linejoin=\"round\" stroke-width=\"2\" d=\"M10.9731 9.05639C10.9731 7.68255 9.85989 6.56934 8.48706 6.56934C7.11322 6.56934 6 7.68255 6 9.05639C6 10.4292 7.11322 11.5424 8.48706 11.5424C9.85989 11.5424 10.9731 10.4292 10.9731 9.05639Z\" clip-rule=\"evenodd\"\/><path stroke=\"currentColor\" stroke-linecap=\"round\" stroke-width=\"2\" d=\"M8.46265 19.5C8.46265 19.5 1.18681 14.7608 1.00347 8.84729C0.874745 4.6951 4.34252 1.00008 8.46265 1.00008C12.5828 1.00008 16.0497 4.69504 15.9228 8.84729C15.7384 14.882 8.46265 19.5 8.46265 19.5Z\" clip-rule=\"evenodd\"\/><\/svg>\tEn l\u00ednea a trav\u00e9s de Zoom<\/div>\t\t\t\t\t\t\t\t\t\t\t\t\t\t\t\t\t\t\t\t\t\t\t\t\t\t\t\t<div  class=\"text-label-100 inline-flex gap-3 items-center track-hero-meta\">\t<svg xmlns=\"http:\/\/www.w3.org\/2000\/svg\" width=\"19\" height=\"21\" fill=\"none\" viewBox=\"0 0 19 21\"><path stroke=\"currentColor\" stroke-linecap=\"round\" stroke-width=\"2\" d=\"M9.5 18.5C14.1944 18.5 18 14.6944 18 10C18 5.30558 14.1944 1.5 9.5 1.5C4.80558 1.5 1 5.30558 1 10C1 14.6944 4.80558 18.5 9.5 18.5Z\" clip-rule=\"evenodd\"\/><path stroke=\"currentColor\" stroke-linecap=\"square\" stroke-width=\"2\" d=\"M12.6127 9.94415H6.38531\"\/><path stroke=\"currentColor\" stroke-linecap=\"square\" stroke-width=\"2\" d=\"M9.4974 12.887L9.49805 7\"\/><\/svg>\tSe proporcionar\u00e1 el enlace de Zoom<\/div>\t\t\t\t\t\t\t\t\t\t\t\t\t\t\t\t\t\t\t\t\t\t\t\t\t\t\t\t\t\t\t\t\t\t\t<div class=\"flex flex-wrap gap-[30px]\">\n\t\t\t\t\t\t\t\t\t\t\t\t\t\t\t<!-- Renders the same as core\/button with a specific style -->\n\t\t\t\t\t\t\t\t\t\t\t\t\t\t\t<!-- Renders the same as core\/button with a specific style -->\n\t<div\n\t\tclass=\"wp-block-button track-button-primary is-style-secondary-red\"\n\t>\n\t\t<a class=\"wp-block-button__link wp-element-button cursor-pointer dlm-no-xhr-download track-hero-secondary-cta md:w-auto min-w-[156px]\" href=\"https:\/\/my.iaff.org\/web\/events\/Event_display.aspx?EventKey=PEP2026_O1\" target=\"_blank\" rel=\"nofollow noopener\">\n\t\t\tReg\u00edstrese hoy\t\t<\/a>\n\t<\/div>\n\t\t\t\t\t\t\t\t\t\t\t\t\t\t\t<!-- Renders the same as core\/button with a specific style -->\n\t<div\n\t\tclass=\"wp-block-button track-button-primary is-style-primary-red\"\n\t>\n\t\t<a\n\t\t\tclass=\"wp-block-button__link wp-element-button cursor-pointer dlm-no-xhr-download track-hero-secondary-cta md:w-auto min-w-[156px]\"\n\t\t\t\t\t\t\thref=\"mailto:education@iaff.org\"\n\t\t\t\t\t\t\t\t\ttarget=\"_blank\"\n\t\t\t\t\trel=\"nofollow noopener\"\n\t\t\t\t\t\t\t\t\t>\n\t\t\tCont\u00e1ctenos\t\t<\/a>\n\t<\/div>\n\t\t\t\t\t\t\t\t\t\t\t\t\t<\/div>\n\t\t\t\t\t\t\t\t\t\t\t\t\t\t<\/div>\n\t\t\t<\/div>\n\n\t\t<\/div>\n\t\t\t\t\t<div class=\"order-first flex justify-start w-full pb-[22px]\">\n\t\t\t\t<div\n\tclass=\"wp-block-button is-style-tertiary text-smoke is-style-tertiary-back\"\n>\n\t\t\t<a\n\t\t\thref=\"\/pep\"\n\t\t\tclass=\"wp-block-button__link wp-element-button group\"\n\t\t\t\t\t>\n\t\t\t<span\n\t\t\tclass=\"decoration-transparent underline underline-offset-2 group-hover:decoration-inherit group-focus-visible:decoration-inherit transition duration-hover\"\n\t\t>\n\t\t\tPrograma de educaci\u00f3n en asociaci\u00f3n (PEP) \t\t<\/span>\n\n\t\t<span\n\t\t\tclass=\"bg-inherit transition-colors duration-hover group-hover:bg-gold group-focus:bg-gold inline-flex rotate-180 order-first\"\n\t\t>\n\t\t\t<svg xmlns=\"http:\/\/www.w3.org\/2000\/svg\" width=\"21\" height=\"22\" fill=\"none\" viewBox=\"0 0 21 22\"><path stroke=\"currentColor\" stroke-linecap=\"round\" stroke-width=\"2\" d=\"M20 20.75L20 2.25L1.5 2.25L1.5 20.75L20 20.75Z\" clip-rule=\"evenodd\"\/><path stroke=\"currentColor\" stroke-linecap=\"square\" stroke-width=\"2\" d=\"M14.0883 11.5L6.66406 11.5\"\/><path stroke=\"currentColor\" stroke-linecap=\"square\" stroke-width=\"2\" d=\"M11.0723 7.75205L14.8363 11.5L11.0723 15.248\"\/><\/svg>\t\t<\/span>\n\t<\/a><\/div>\n\t\t\t<\/div>\n\t\t\t<\/div>\n<\/header>\n<\/section>\n<section\n\t class=\"page-blocks iaff-page-blocks align wp-block-acf-page-blocks\" id=\"page-blocks_block_3550946fc99fe7c9bb9ca001a717d798\">\n\t<div class=\"acf-innerblocks-container\">\n<section\n\t class=\"secondary-navigation-manual u-bg-full-width bg-smoke\/5 align wp-block-acf-secondary-navigation-manual\" id=\"secondary-navigation-manual_block_a9104ebec42bcb03b5d4c9a5546957a8\">\n\t<details class=\"iaff-secondary-navigation\" open>\n\t<summary class=\"flex cursor-pointer u-bg-full-width\">\n\t\t\t\t\t<h2 class=\"text-heading-400 bg-main-bg-overlay text-black inline-flex items-center gap-x-[14px] h-full !ps-0 py-[34px] !pe-10\">\n\t\t\t\t<span>En esta secci\u00f3n<\/span>\n\t\t\t<\/h2>\n\t\t\t<\/summary>\n\t<div class=\"py-10 md:ps-12 md:pe-10 grid grid-cols-1 md:grid-cols-2 lg:grid-cols-3 gap-[30px]\">\n\t\t<!-- Renders the same as core\/button with a specific style -->\n\t<div>\n\t\t\t\t\t<a\n\t\t\t\tclass=\"inline-flex gap-[16px] items-center text-inherit text-button-300 leading-6 cursor-pointer decoration-transparent underline underline-offset-2 transition-colors duration-hover hocus-visible:decoration-current\"\n\t\t\t\t\t\t\t\t\thref=\"#registration\"\n\t\t\t\t\t\t\t\t\t\t\t\t>\n\t\t\t\t<span>\n\t\t\t\t\tRegistro\t\t\t\t<\/span>\n\t\t\t\t<svg xmlns=\"http:\/\/www.w3.org\/2000\/svg\" width=\"15\" height=\"15\" fill=\"none\" viewBox=\"0 0 15 15\"><path stroke=\"currentColor\" stroke-linecap=\"square\" stroke-width=\"2\" d=\"M11.6347 7.49976L1 7.49976\"\/><path stroke=\"currentColor\" stroke-linecap=\"square\" stroke-width=\"2\" d=\"M7.31445 2.13138L12.7061 7.50014L7.31445 12.8689\"\/><\/svg>\t\t\t<\/a>\n\t\t\t<\/div>\n<!-- Renders the same as core\/button with a specific style -->\n\t<div>\n\t\t\t\t\t<a\n\t\t\t\tclass=\"inline-flex gap-[16px] items-center text-inherit text-button-300 leading-6 cursor-pointer decoration-transparent underline underline-offset-2 transition-colors duration-hover hocus-visible:decoration-current\"\n\t\t\t\t\t\t\t\t\thref=\"#agenda\"\n\t\t\t\t\t\t\t\t\t\t\t\t>\n\t\t\t\t<span>\n\t\t\t\t\tAgenda\t\t\t\t<\/span>\n\t\t\t\t<svg xmlns=\"http:\/\/www.w3.org\/2000\/svg\" width=\"15\" height=\"15\" fill=\"none\" viewBox=\"0 0 15 15\"><path stroke=\"currentColor\" stroke-linecap=\"square\" stroke-width=\"2\" d=\"M11.6347 7.49976L1 7.49976\"\/><path stroke=\"currentColor\" stroke-linecap=\"square\" stroke-width=\"2\" d=\"M7.31445 2.13138L12.7061 7.50014L7.31445 12.8689\"\/><\/svg>\t\t\t<\/a>\n\t\t\t<\/div>\n<!-- Renders the same as core\/button with a specific style -->\n\t<div>\n\t\t\t\t\t<a\n\t\t\t\tclass=\"inline-flex gap-[16px] items-center text-inherit text-button-300 leading-6 cursor-pointer decoration-transparent underline underline-offset-2 transition-colors duration-hover hocus-visible:decoration-current\"\n\t\t\t\t\t\t\t\t\thref=\"#Workshops\"\n\t\t\t\t\t\t\t\t\t\t\t\t>\n\t\t\t\t<span>\n\t\t\t\t\tTrayectorias del taller\t\t\t\t<\/span>\n\t\t\t\t<svg xmlns=\"http:\/\/www.w3.org\/2000\/svg\" width=\"15\" height=\"15\" fill=\"none\" viewBox=\"0 0 15 15\"><path stroke=\"currentColor\" stroke-linecap=\"square\" stroke-width=\"2\" d=\"M11.6347 7.49976L1 7.49976\"\/><path stroke=\"currentColor\" stroke-linecap=\"square\" stroke-width=\"2\" d=\"M7.31445 2.13138L12.7061 7.50014L7.31445 12.8689\"\/><\/svg>\t\t\t<\/a>\n\t\t\t<\/div>\n\t<\/div>\n<\/details>\n<\/section>\n\n\n\n<div id=\"registration\" class=\"wp-block-group is-layout-constrained wp-block-group-is-layout-constrained\"><section\n\t class=\"section-header mb-10 align wp-block-acf-section-header\" id=\"section-header_block_901c6fd40e96c84ef70896c7b2910cae\">\n\t<div class=\"\">\n\t<div class=\"flex flex-col md:flex-row justify-between max-w-content gap-x-8 md:items-end flex-wrap\">\n\t\t<h2 class=\"text-heading-200 pb-[2px]\">\n\t\t\tRegistro\t\t<\/h2>\n\n\t\t\t\t\t<div class=\"md:order-last w-full\">\n\t\t\t\t\n\t<hr class=\"h-[6px] text-red border-red bg-red w-full my-0\" role=\"presentation\"\/>\n\n\t<div class=\"h-divider w-full bg-halftone-divider bg-right\"><\/div>\n\t\t\t<\/div>\n\t\t\n\t\t\t<\/div>\n<\/div>\n<\/section>\n\n\n<section\n\t class=\"column-list-section align wp-block-acf-column-list-section\" id=\"column-list-section_block_fcdba6a30c8f9080ad2f72250ec49db1\">\n\t<div class=\"bg-smoke\/5 px-[19px] pt-[60px] pb-block-spacing md:px-[96px] md:mx-indent iaff-column-list-section\">\n\t\t\t\t<div class=\"acf-innerblocks-container\">\n<section\n\t class=\"column-list iaff-column-list align wp-block-acf-column-list\" id=\"column-list_block_a74ff2463c8fefd32d70d22b76b1b93b\">\n\t<div class=\"relative flex flex-col gap-[14px] mb-[52px]\">\n\t\t\t\t\t<h3 class=\"text-heading-500\">\n\t\t\t\tFormaci\u00f3n en l\u00ednea a trav\u00e9s de Zoom\t\t\t<\/h3>\n\t\t\t\t<div class=\"relative bg-halftone-divider bg-center bg-no-repeat w-full h-divider\"><\/div>\n\t<\/div>\n\n\t\t<div class=\"acf-innerblocks-container\">\n<article\n\t class=\"column-list-card min-h-[187px] border-l-4 border-red pl-4 w-full md:w-auto item-inner flex flex-col gap-1 align wp-block-acf-column-list-card\" id=\"column-list-card_block_84d2b3aea112a75b11566dfa0e90feb0\">\n\t\n\t\t\t<div class=\"text-heading-400 font-serif font-600 leading-7 mb-1\">\n\t\t\tInscripci\u00f3n en l\u00ednea al PEP\t\t<\/div>\n\t\t\t\t<div class=\"text-body-400\">\n\t\t\t<p><strong>Cuota de inscripci\u00f3n: $75<\/strong><\/p>\n<p><strong>Al inscribirse en esta formaci\u00f3n en l\u00ednea, aseg\u00farese de no tener programado un turno el d\u00eda del evento.<\/strong><\/p>\n<p>Fechas l\u00edmite: <strong>15 de junio<\/strong> para el env\u00edo de materiales a los estudiantes en Canad\u00e1 y <strong>19 de junio<\/strong> para el env\u00edo de materiales a los estudiantes en los EE. UU. Se enviar\u00e1 un enlace de Zoom directamente a los participantes antes del evento. <\/p>\n<p><strong><em>La AIB NO grabar\u00e1 las sesiones en l\u00ednea del PEP.<\/em> <\/strong>Los cursos PEP son altamente interactivos y permiten debates abiertos en el aula. El IAFF se esfuerza por que todos los cursos PEP sean un entorno seguro y abierto para el aprendizaje y el intercambio. <\/p>\n<p>&nbsp;<\/p>\n\t\t<\/div>\n\t\t\t\t\t<div class=\"mt-auto\">\t\t\t<!-- Renders the same as core\/button with a specific style -->\n\t<div>\n\t\t\t\t\t<a class=\"inline-flex gap-[16px] items-center text-inherit text-button-300 leading-6 cursor-pointer decoration-transparent underline underline-offset-2 transition-colors duration-hover hocus-visible:decoration-current\" href=\"https:\/\/my.iaff.org\/web\/events\/Event_display.aspx?EventKey=PEP2026_O1\" target=\"_blank\" rel=\"nofollow noopener\">\n\t\t\t\t<span>\n\t\t\t\t\tReg\u00edstrate ahora\t\t\t\t<\/span>\n\t\t\t\t<svg xmlns=\"http:\/\/www.w3.org\/2000\/svg\" width=\"15\" height=\"15\" fill=\"none\" viewBox=\"0 0 15 15\"><path stroke=\"currentColor\" stroke-linecap=\"square\" stroke-width=\"2\" d=\"M11.6347 7.49976L1 7.49976\"\/><path stroke=\"currentColor\" stroke-linecap=\"square\" stroke-width=\"2\" d=\"M7.31445 2.13138L12.7061 7.50014L7.31445 12.8689\"\/><\/svg>\t\t\t<\/a>\n\t\t\t<\/div>\n\t\t<\/div>\n\t<\/article>\n\n<\/div><\/section>\n\n<\/div>\t<\/div>\n<\/section>\n\n\n<div class=\"wp-block-paragraph \">\n<p><\/p>\n<\/div><\/div>\n\n\n\n<div id=\"agenda\" class=\"wp-block-group is-layout-constrained wp-block-group-is-layout-constrained\"><section\n\t class=\"agenda-list iaff-block-agenda-list text-body-500 align wp-block-acf-agenda-list\" id=\"agenda-list_block_e454770d6b0ac1d24fb41e55371a5d9c\">\n\t\t\t<header class=\"flex flex-col\">\n\t\t\t<h4 class=\"text-heading-300 pb-5\">\n\t\t\t\tMartes, 14 de junio\t\t\t<\/h4>\n\t\t\t<div class=\"h-[10px] bg-halftone-divider w-full\" role=\"presentation\"><\/div>\n\t\t<\/header>\n\t\n\t<div class=\"acf-innerblocks-container\">\n<dl class=\"flex flex-wrap md:flex-nowrap items-center border-b-2 border-smoke py-10 px-[22px] md:px-10 gap-x-10 gap-y-[22px]\">\n\t<dt class=\"w-full md:w-auto min-w-[200px] md:max-w-[200px]\">\n\t\t<span class=\"text-heading-400 text-red u-halftone-shadow\">\n\t\t\t12:30\u20135 p.m. (ET)\t\t<\/span>\n\t<\/dt>\n\t<dd class=\"text-body-500\">\n\t\t<div class=\"acf-innerblocks-container\">\n<div class=\"wp-block-paragraph \">\n<p><strong>Aspectos esenciales para delegados y oficiales<\/strong> <strong>Track<\/strong><br\/>Disciplina: Sus derechos y responsabilidades como oficiales sindicales<br\/>Deber de representaci\u00f3n justa<\/p>\n<\/div>\n<\/div>\t<\/dd>\n<\/dl>\n\n<\/div><\/section>\n\n\n<div class=\"wp-block-paragraph \">\n<p><\/p>\n<\/div>\n\n<section\n\t class=\"agenda-list iaff-block-agenda-list text-body-500 align wp-block-acf-agenda-list\" id=\"agenda-list_block_804ca3bb75fb41ca024895e99963ccdc\">\n\t\t\t<header class=\"flex flex-col\">\n\t\t\t<h4 class=\"text-heading-300 pb-5\">\n\t\t\t\tMartes, 21 de julio\t\t\t<\/h4>\n\t\t\t<div class=\"h-[10px] bg-halftone-divider w-full\" role=\"presentation\"><\/div>\n\t\t<\/header>\n\t\n\t<div class=\"acf-innerblocks-container\">\n<dl class=\"flex flex-wrap md:flex-nowrap items-center border-b-2 border-smoke py-10 px-[22px] md:px-10 gap-x-10 gap-y-[22px]\">\n\t<dt class=\"w-full md:w-auto min-w-[200px] md:max-w-[200px]\">\n\t\t<span class=\"text-heading-400 text-red u-halftone-shadow\">\n\t\t\t 12:30\u20135 p.m. (ET)\t\t<\/span>\n\t<\/dt>\n\t<dd class=\"text-body-500\">\n\t\t<div class=\"acf-innerblocks-container\">\n<div class=\"wp-block-paragraph \">\n<p><strong>Track de liderazgo sindical<\/strong><br\/>Captaci\u00f3n y desarrollo de l\u00edderes (4 horas)<\/p>\n<\/div>\n<\/div>\t<\/dd>\n<\/dl>\n\n<\/div><\/section>\n\n\n<div class=\"wp-block-paragraph \">\n<p><\/p>\n<\/div>\n\n<section\n\t class=\"agenda-list iaff-block-agenda-list text-body-500 align wp-block-acf-agenda-list\" id=\"agenda-list_block_29867b73875106075863425fdce4fee8\">\n\t\t\t<header class=\"flex flex-col\">\n\t\t\t<h4 class=\"text-heading-300 pb-5\">\n\t\t\t\tMartes, 28 de julio\t\t\t<\/h4>\n\t\t\t<div class=\"h-[10px] bg-halftone-divider w-full\" role=\"presentation\"><\/div>\n\t\t<\/header>\n\t\n\t<div class=\"acf-innerblocks-container\">\n<dl class=\"flex flex-wrap md:flex-nowrap items-center border-b-2 border-smoke py-10 px-[22px] md:px-10 gap-x-10 gap-y-[22px]\">\n\t<dt class=\"w-full md:w-auto min-w-[200px] md:max-w-[200px]\">\n\t\t<span class=\"text-heading-400 text-red u-halftone-shadow\">\n\t\t\t12:30\u20135 p.m. (ET)\t\t<\/span>\n\t<\/dt>\n\t<dd class=\"text-body-500\">\n\t\t<div class=\"acf-innerblocks-container\">\n<div class=\"wp-block-paragraph \">\n<p><strong>Participaci\u00f3n de los miembros y mensajer\u00eda<\/strong> <strong>Track<\/strong><br\/>Redes sociales<br\/>Comunicaciones locales internas<\/p>\n<\/div>\n<\/div>\t<\/dd>\n<\/dl>\n\n<\/div><\/section>\n<\/div>\n\n\n\n<div id=\"Workshops\" class=\"wp-block-group is-layout-constrained wp-block-group-is-layout-constrained\">\n<h2 class=\"wp-block-heading\"><\/h2>\n\n\n<section\n\t class=\"section-header mb-10 align wp-block-acf-section-header\" id=\"section-header_block_19691d19f6f06192fd3cac78d832c7a1\">\n\t<div class=\"\">\n\t<div class=\"flex flex-col md:flex-row justify-between max-w-content gap-x-8 md:items-end flex-wrap\">\n\t\t<h2 class=\"text-heading-200 pb-[2px]\">\n\t\t\tTrayectorias del taller\t\t<\/h2>\n\n\t\t\t\t\t<div class=\"md:order-last w-full\">\n\t\t\t\t\n\t<hr class=\"h-[6px] text-red border-red bg-red w-full my-0\" role=\"presentation\"\/>\n\n\t<div class=\"h-divider w-full bg-halftone-divider bg-right\"><\/div>\n\t\t\t<\/div>\n\t\t\n\t\t\t<\/div>\n<\/div>\n<\/section>\n\n\n\n<details class=\"wp-block-details is-layout-flow wp-block-details-is-layout-flow\"><summary>Track de aspectos esenciales para delegados y oficiales (14 de julio)<\/summary><div class=\"wp-block-paragraph \">\n<p><strong>Disciplina: Sus derechos y responsabilidades como oficiales sindicales<br\/><\/strong>Este taller proporcionar\u00e1 a los l\u00edderes sindicales una visi\u00f3n general de sus derechos y responsabilidades durante el proceso disciplinario laboral. Los l\u00edderes sindicales aprender\u00e1n la mejor manera de representar a sus miembros de acuerdo con su contrato, las leyes de la administraci\u00f3n p\u00fablica y las decisiones de Weingarten, Loudermill y Garrity. Este taller es aplicable a los l\u00edderes afiliados tanto en entornos de negociaci\u00f3n colectiva como en entornos sin negociaci\u00f3n colectiva.  <\/p>\n<\/div>\n\n<div class=\"wp-block-paragraph \">\n<p><strong>Deber de representaci\u00f3n justa<\/strong><br\/>Como l\u00edder afiliado, puede estar sujeto a un est\u00e1ndar legal, conocido como deber de representaci\u00f3n justa (DFR), que rige la forma en que representa a sus miembros en las negociaciones contractuales, las quejas y otros asuntos laborales. En este taller, estudiar\u00e1 la jurisprudencia relevante para aprender lo que se requiere de usted, c\u00f3mo los tribunales han aplicado este est\u00e1ndar a los sindicatos, las consecuencias de violar el est\u00e1ndar y las mejores pr\u00e1cticas para evitar demandas de DFR. <\/p>\n<\/div><\/details>\n\n\n\n<details class=\"wp-block-details is-layout-flow wp-block-details-is-layout-flow\"><summary>Track de liderazgo sindical (21 de julio)<\/summary><div class=\"wp-block-paragraph \">\n<p><strong>Captaci\u00f3n y desarrollo de l\u00edderes (4 horas)<\/strong><br\/>Su sindicato local depende de la fuerza de sus miembros. Entre la disminuci\u00f3n de la participaci\u00f3n activa y la historia organizativa de su sindicato local que se jubila con los antiguos l\u00edderes sindicales, se hace m\u00e1s dif\u00edcil dirigir un sindicato eficaz. Los nuevos l\u00edderes se involucran cuando comprenden los valores fundamentales del sindicato local y encuentran una vocaci\u00f3n para sus talentos y pasiones. Esta clase proporcionar\u00e1 a los l\u00edderes locales actuales un marco sobre c\u00f3mo y por qu\u00e9 deben captar y desarrollar nuevos l\u00edderes, estrategias para llegar a diferentes generaciones, una breve visi\u00f3n general de la historia laboral para ayudar a los nuevos miembros a comprender el valor de su afiliaci\u00f3n, y un plan para asesorar a los l\u00edderes emergentes para llevar a su sindicato local a la pr\u00f3xima generaci\u00f3n.   <\/p>\n<\/div><\/details>\n\n\n\n<details class=\"wp-block-details is-layout-flow wp-block-details-is-layout-flow\"><summary>El track de participaci\u00f3n de los miembros y mensajer\u00eda (28 de julio)<\/summary><div class=\"wp-block-paragraph \">\n<p><strong>Redes sociales<\/strong><br\/>El uso de las redes sociales para comunicarse con los miembros y la comunidad se ha convertido en algo com\u00fan para los l\u00edderes afiliados. Este m\u00f3dulo ayudar\u00e1 a los l\u00edderes afiliados a reconocer varias herramientas de redes sociales que son comunes en la sociedad actual y a aprender c\u00f3mo usarlas de forma segura y eficaz para fortalecer la presencia de su secci\u00f3n local en las redes sociales. Tambi\u00e9n ayudar\u00e1 a los l\u00edderes a comprender varias directrices para el uso adecuado y c\u00f3mo comunicarse eficazmente con su secci\u00f3n local y la comunidad.  <\/p>\n<\/div>\n\n<div class=\"wp-block-paragraph \">\n<p><strong>Comunicaciones internas locales<\/strong><br\/>El p\u00fablico m\u00e1s importante para nuestras comunicaciones es nuestra afiliaci\u00f3n sindical local. La falta de comunicaci\u00f3n dentro de un sindicato puede debilitar seriamente la unidad de prop\u00f3sito y reducir la eficacia de nuestros esfuerzos. Este taller muestra c\u00f3mo pasar de luchar contra los desaf\u00edos a tomar el control del mensaje en las comunicaciones a nuestros miembros.  <\/p>\n<\/div><\/details>\n<\/div>\n\n<\/div><\/section>\n<div class=\"wp-block-paragraph \">\n<p><\/p>\n<\/div>","protected":false},"excerpt":{"rendered":"","protected":false},"featured_media":0,"parent":0,"menu_order":0,"comment_status":"closed","ping_status":"closed","template":"","meta":{"_acf_changed":false,"_searchwp_excluded":"","inline_featured_image":false,"_EventAllDay":false,"_EventTimezone":"","_EventStartDate":"","_EventEndDate":"","_EventStartDateUTC":"","_EventEndDateUTC":"","_EventShowMap":false,"_EventShowMapLink":false,"_EventURL":"","_EventCost":"","_EventCostDescription":"","_EventCurrencySymbol":"","_EventCurrencyCode":"","_EventCurrencyPosition":"","_EventDateTimeSeparator":"","_EventTimeRangeSeparator":"","_EventOrganizerID":[],"_EventVenueID":[],"_OrganizerEmail":"","_OrganizerPhone":"","_OrganizerWebsite":"","_VenueAddress":"","_VenueCity":"","_VenueCountry":"","_VenueProvince":"","_VenueState":"","_VenueZip":"","_VenuePhone":"","_VenueURL":"","_VenueStateProvince":"","_VenueLat":"","_VenueLng":"","_VenueShowMap":false,"_VenueShowMapLink":false,"footnotes":""},"class_list":["post-93620","page","type-page","status-publish","hentry"],"acf":[],"publishpress_future_workflow_manual_trigger":{"enabledWorkflows":[]},"_links":{"self":[{"href":"https:\/\/www.iaff.org\/es\/wp-json\/wp\/v2\/pages\/93620","targetHints":{"allow":["GET"]}}],"collection":[{"href":"https:\/\/www.iaff.org\/es\/wp-json\/wp\/v2\/pages"}],"about":[{"href":"https:\/\/www.iaff.org\/es\/wp-json\/wp\/v2\/types\/page"}],"author":[{"embeddable":true,"href":"https:\/\/www.iaff.org\/es\/wp-json\/wp\/v2\/users\/13"}],"replies":[{"embeddable":true,"href":"https:\/\/www.iaff.org\/es\/wp-json\/wp\/v2\/comments?post=93620"}],"version-history":[{"count":0,"href":"https:\/\/www.iaff.org\/es\/wp-json\/wp\/v2\/pages\/93620\/revisions"}],"wp:attachment":[{"href":"https:\/\/www.iaff.org\/es\/wp-json\/wp\/v2\/media?parent=93620"}],"curies":[{"name":"wp","href":"https:\/\/api.w.org\/{rel}","templated":true}]}}