{"id":93610,"date":"2025-02-28T14:32:08","date_gmt":"2025-02-28T19:32:08","guid":{"rendered":"https:\/\/www.iaff.org\/entrenamiento-en-hazmat\/respuesta-a-emergencias-de-energia-renovable\/"},"modified":"2025-12-11T17:09:18","modified_gmt":"2025-12-11T22:09:18","slug":"respuesta-a-emergencias-de-energia-renovable","status":"publish","type":"page","link":"https:\/\/www.iaff.org\/es\/entrenamiento-en-hazmat\/respuesta-a-emergencias-de-energia-renovable\/","title":{"rendered":"Respuesta a emergencias relacionadas con bater\u00edas y almacenamiento de energ\u00eda (REE)"},"content":{"rendered":"<section\n\t class=\"secondary-hero align wp-block-acf-secondary-hero\" id=\"secondary-hero_block_5d6a1f4d4e038a97cf31d79b4205ad0b\">\n\t\n<header\n\tclass=\"w-full u-bg-full-width px-[22px] md:ps-bleed md:pe-0 py-[60px] bg-smoke-5 text-black u-has-rivets u-rivets-dark\"\n\tdata-theme=\"gray\"\n>\n\t<div class=\"flex flex-col !px-0 !max-w-[1440px] w-full lg:!ps-indent\">\n\t\t<div class=\"border-t-[6px] w-full my-0 flex flex-col md:flex-row gap-x-[62px] gap-y-[22px] border-red\">\n\t\t\t\t\t\t<div class=\"w-full md:w-1\/2 md:py-[45px]\">\n\t\t\t\t<div class=\"max-w-[600px] flex flex-col gap-[22px]\">\n\t\t\t\t\t\t\t\t\t\t\t<h1 class=\"has-[.u-halftone-shadow--dark]:mb-divider has-[.u-halftone-shadow--light]:mb-divider pt-[22px] md:pt-0\">\n\t\t\t\t\t\t\t<span class=\"inline-flex text-heading-200 u-halftone-shadow--dark\">\n\t\t\t\t\t\t\t\tRespuesta a emergencias relacionadas con bater\u00edas y almacenamiento de energ\u00eda (REE)\t\t\t\t\t\t\t<\/span>\n\t\t\t\t\t\t<\/h1>\n\t\t\t\t\t\t\t\t\t\t\t\t\t\t\t\t<div class=\"text-body-300 font-sans\">\n\t\t\t\t\t\t\t<p>8 horas<\/p>\n\t\t\t\t\t\t<\/div>\n\t\t\t\t\t\t\t\t\t\t\t\t\t\t\t\t\t\t\t\t\t\t\t\t<\/div>\n\t\t\t<\/div>\n\n\t\t<\/div>\n\t\t\t\t\t<div class=\"order-first flex justify-start w-full pb-[22px]\">\n\t\t\t\t<div\n\tclass=\"wp-block-button is-style-tertiary text-smoke is-style-tertiary-back\"\n>\n\t\t\t<a\n\t\t\thref=\"https:\/\/www.iaff.org\/es\/entrenamiento-en-hazmat\/\"\n\t\t\tclass=\"wp-block-button__link wp-element-button group\"\n\t\t\t\t\t>\n\t\t\t<span\n\t\t\tclass=\"decoration-transparent underline underline-offset-2 group-hover:decoration-inherit group-focus-visible:decoration-inherit transition duration-hover\"\n\t\t>\n\t\t\tFormaci\u00f3n de HazMat\t\t<\/span>\n\n\t\t<span\n\t\t\tclass=\"bg-inherit transition-colors duration-hover group-hover:bg-gold group-focus:bg-gold inline-flex rotate-180 order-first\"\n\t\t>\n\t\t\t<svg xmlns=\"http:\/\/www.w3.org\/2000\/svg\" width=\"21\" height=\"22\" fill=\"none\" viewBox=\"0 0 21 22\"><path stroke=\"currentColor\" stroke-linecap=\"round\" stroke-width=\"2\" d=\"M20 20.75L20 2.25L1.5 2.25L1.5 20.75L20 20.75Z\" clip-rule=\"evenodd\"\/><path stroke=\"currentColor\" stroke-linecap=\"square\" stroke-width=\"2\" d=\"M14.0883 11.5L6.66406 11.5\"\/><path stroke=\"currentColor\" stroke-linecap=\"square\" stroke-width=\"2\" d=\"M11.0723 7.75205L14.8363 11.5L11.0723 15.248\"\/><\/svg>\t\t<\/span>\n\t<\/a><\/div>\n\t\t\t<\/div>\n\t\t\t<\/div>\n<\/header>\n<\/section>\n<section\n\t class=\"page-blocks iaff-page-blocks align wp-block-acf-page-blocks\" id=\"page-blocks_block_03908d747c1ada440678a924a36ee596\">\n\t<div class=\"acf-innerblocks-container\"><\/div><\/section>\n<div class=\"wp-block-paragraph \">\n<p>Este curso de 8 horas est\u00e1 espec\u00edficamente dise\u00f1ado para dotar a los bomberos y personal de respuesta a emergencias con los conocimientos y habilidades esenciales necesarios para responder eficazmente a emergencias que involucren sistemas de energ\u00eda renovable y almacenamiento de energ\u00eda. A medida que el uso de paneles solares, veh\u00edculos el\u00e9ctricos y sistemas de almacenamiento de energ\u00eda como bater\u00edas se vuelve cada vez m\u00e1s prevalente, es crucial comprender los peligros y desaf\u00edos \u00fanicos que estas tecnolog\u00edas presentan. Este curso abarca los fundamentos de estos sistemas de energ\u00eda renovable, los peligros potenciales, los protocolos de seguridad y las estrategias de respuesta a emergencias. Los participantes se involucrar\u00e1n en una combinaci\u00f3n de conferencias y ejercicios basados en escenarios para obtener experiencia pr\u00e1ctica en la gesti\u00f3n segura y eficiente de emergencias relacionadas con sistemas de energ\u00eda renovable y almacenamiento de energ\u00eda.   <\/p>\n<\/div><div class=\"wp-block-video-container u-bg-full-width u-halftone-bg-70\">\n<figure class=\"wp-block-embed is-type-video is-provider-youtube wp-block-embed-youtube wp-embed-aspect-16-9 wp-has-aspect-ratio\"><div class=\"wp-block-embed__wrapper\">\n<iframe title=\"Lithium-Ion and Renewable Energy Emergency Response Training Series\" width=\"500\" height=\"281\" src=\"https:\/\/www.youtube.com\/embed\/LibUsqZE7oE?feature=oembed\" frameborder=\"0\" allow=\"accelerometer; autoplay; clipboard-write; encrypted-media; gyroscope; picture-in-picture; web-share\" referrerpolicy=\"strict-origin-when-cross-origin\" allowfullscreen><\/iframe>\n<\/div><\/figure>\n<\/div>\n<h3 class=\"wp-block-heading\">Objetivos del curso<\/h3>\n<div class=\"wp-block-list\">\n<ul class=\"wp-block-list\">\n<li>Proporcionar informaci\u00f3n exhaustiva sobre diversos sistemas de energ\u00eda renovable y almacenamiento de energ\u00eda, sus componentes y su funcionamiento.<\/li>\n\n\n\n<li>Educar a los participantes sobre los peligros potenciales asociados con los sistemas de energ\u00eda renovable y almacenamiento de energ\u00eda, y el impacto que estos peligros pueden tener durante una emergencia.<\/li>\n\n\n\n<li>Dotar a los participantes de la base de conocimientos y habilidades necesarias para responder de manera segura y eficaz a incidentes que involucren sistemas de energ\u00eda renovable y almacenamiento de energ\u00eda.<\/li>\n\n\n\n<li>Enfatizar la importancia de los protocolos y procedimientos de seguridad espec\u00edficos para emergencias de energ\u00eda renovable y almacenamiento de energ\u00eda.<\/li>\n\n\n\n<li>Capacitar a los participantes para desarrollar e implementar estrategias de respuesta eficaces para emergencias que involucren sistemas de energ\u00eda renovable y almacenamiento de energ\u00eda.<\/li>\n<\/ul>\n<\/div>\n<h3 class=\"wp-block-heading\">Objetivos del curso<\/h3>\n<div class=\"wp-block-list\">\n<ul class=\"wp-block-list\">\n<li>Explicar los principios b\u00e1sicos de la energ\u00eda solar y los sistemas de almacenamiento de energ\u00eda.<\/li>\n\n\n\n<li>Identificar los componentes clave de los sistemas de energ\u00eda renovable y almacenamiento de energ\u00eda y sus funciones.<\/li>\n\n\n\n<li>Reconocer los peligros comunes asociados con los paneles solares y las unidades de almacenamiento de energ\u00eda en sitios residenciales y comerciales.<\/li>\n\n\n\n<li>Evaluar los riesgos potenciales para los bomberos y el p\u00fablico durante emergencias de energ\u00eda renovable y almacenamiento de energ\u00eda.<\/li>\n\n\n\n<li>Implementar medidas de seguridad apropiadas al tratar con sistemas de energ\u00eda renovable y almacenamiento de energ\u00eda.<\/li>\n\n\n\n<li>Demostrar conocimiento de los procedimientos de bloqueo\/etiquetado y otros protocolos de seguridad.<\/li>\n\n\n\n<li>Desarrollar planes de acci\u00f3n de incidentes eficaces para emergencias que involucren sistemas de energ\u00eda renovable y almacenamiento de energ\u00eda.<\/li>\n\n\n\n<li>Utilizar equipos y t\u00e9cnicas especializados para gestionar de manera segura incidentes de energ\u00eda renovable y almacenamiento de energ\u00eda.<\/li>\n<\/ul>\n<\/div>\n<h3 class=\"wp-block-heading\">P\u00fablico objetivo<\/h3>\n<div class=\"wp-block-paragraph \">\n<p>Este curso est\u00e1 dise\u00f1ado para bomberos, t\u00e9cnicos en emergencias m\u00e9dicas (EMT, por sus siglas en ingl\u00e9s) y otros personal de respuesta a emergencias que puedan encontrarse con sistemas de energ\u00eda renovable y almacenamiento de energ\u00eda en el desempe\u00f1o de sus funciones. Es particularmente beneficioso para aquellos que trabajan en \u00e1reas con altas concentraciones de estas instalaciones. Los oficiales de departamentos de bomberos, oficiales de seguridad y coordinadores de capacitaci\u00f3n tambi\u00e9n encontrar\u00e1n este curso valioso para mejorar las capacidades de preparaci\u00f3n y respuesta de sus departamentos.  <\/p>\n<\/div>","protected":false},"excerpt":{"rendered":"<p>Este curso de 8 horas est\u00e1 espec\u00edficamente dise\u00f1ado para dotar a los bomberos y personal de respuesta a emergencias con los conocimientos y habilidades esenciales necesarios para responder eficazmente a [&hellip;]<\/p>\n","protected":false},"featured_media":0,"parent":93577,"menu_order":0,"comment_status":"closed","ping_status":"closed","template":"","meta":{"_acf_changed":false,"_searchwp_excluded":"","inline_featured_image":false,"_EventAllDay":false,"_EventTimezone":"","_EventStartDate":"","_EventEndDate":"","_EventStartDateUTC":"","_EventEndDateUTC":"","_EventShowMap":false,"_EventShowMapLink":false,"_EventURL":"","_EventCost":"","_EventCostDescription":"","_EventCurrencySymbol":"","_EventCurrencyCode":"","_EventCurrencyPosition":"","_EventDateTimeSeparator":"","_EventTimeRangeSeparator":"","_EventOrganizerID":[],"_EventVenueID":[],"_OrganizerEmail":"","_OrganizerPhone":"","_OrganizerWebsite":"","_VenueAddress":"","_VenueCity":"","_VenueCountry":"","_VenueProvince":"","_VenueState":"","_VenueZip":"","_VenuePhone":"","_VenueURL":"","_VenueStateProvince":"","_VenueLat":"","_VenueLng":"","_VenueShowMap":false,"_VenueShowMapLink":false,"footnotes":""},"class_list":["post-93610","page","type-page","status-publish","hentry"],"acf":[],"publishpress_future_workflow_manual_trigger":{"enabledWorkflows":[]},"_links":{"self":[{"href":"https:\/\/www.iaff.org\/es\/wp-json\/wp\/v2\/pages\/93610","targetHints":{"allow":["GET"]}}],"collection":[{"href":"https:\/\/www.iaff.org\/es\/wp-json\/wp\/v2\/pages"}],"about":[{"href":"https:\/\/www.iaff.org\/es\/wp-json\/wp\/v2\/types\/page"}],"author":[{"embeddable":true,"href":"https:\/\/www.iaff.org\/es\/wp-json\/wp\/v2\/users\/3"}],"replies":[{"embeddable":true,"href":"https:\/\/www.iaff.org\/es\/wp-json\/wp\/v2\/comments?post=93610"}],"version-history":[{"count":0,"href":"https:\/\/www.iaff.org\/es\/wp-json\/wp\/v2\/pages\/93610\/revisions"}],"up":[{"embeddable":true,"href":"https:\/\/www.iaff.org\/es\/wp-json\/wp\/v2\/pages\/93577"}],"wp:attachment":[{"href":"https:\/\/www.iaff.org\/es\/wp-json\/wp\/v2\/media?parent=93610"}],"curies":[{"name":"wp","href":"https:\/\/api.w.org\/{rel}","templated":true}]}}