{"id":93606,"date":"2024-02-06T16:23:17","date_gmt":"2024-02-06T21:23:17","guid":{"rendered":"https:\/\/www.iaff.org\/entrenamiento-en-hazmat\/incidentes-de-alta-consecuencia\/"},"modified":"2025-06-20T14:31:07","modified_gmt":"2025-06-20T18:31:07","slug":"incidentes-de-alta-consecuencia","status":"publish","type":"page","link":"https:\/\/www.iaff.org\/es\/entrenamiento-en-hazmat\/incidentes-de-alta-consecuencia\/","title":{"rendered":"Incidentes de alta consecuencia"},"content":{"rendered":"<section\n\t class=\"secondary-hero align wp-block-acf-secondary-hero\" id=\"secondary-hero_block_1a9e4d11a518bddcd602b59936b7fa40\">\n\t\n<header\n\tclass=\"w-full u-bg-full-width px-[22px] md:ps-bleed md:pe-0 py-[60px] bg-smoke-5 text-black u-has-rivets u-rivets-dark\"\n\tdata-theme=\"gray\"\n>\n\t<div class=\"flex flex-col !px-0 !max-w-[1440px] w-full lg:!ps-indent\">\n\t\t<div class=\"border-t-[6px] w-full my-0 flex flex-col md:flex-row gap-x-[62px] gap-y-[22px] border-red\">\n\t\t\t\t\t\t<div class=\"w-full md:w-1\/2 md:py-[45px]\">\n\t\t\t\t<div class=\"max-w-[600px] flex flex-col gap-[22px]\">\n\t\t\t\t\t\t\t\t\t\t\t<h1 class=\"has-[.u-halftone-shadow--dark]:mb-divider has-[.u-halftone-shadow--light]:mb-divider pt-[22px] md:pt-0\">\n\t\t\t\t\t\t\t<span class=\"inline-flex text-heading-200 u-halftone-shadow--dark\">\n\t\t\t\t\t\t\t\tIncidentes de alta consecuencia\t\t\t\t\t\t\t<\/span>\n\t\t\t\t\t\t<\/h1>\n\t\t\t\t\t\t\t\t\t\t\t\t\t\t\t\t<div class=\"text-body-300 font-sans\">\n\t\t\t\t\t\t\t<p>8 horas<\/p>\n\t\t\t\t\t\t<\/div>\n\t\t\t\t\t\t\t\t\t\t\t\t\t\t\t\t\t\t\t\t\t\t\t\t<\/div>\n\t\t\t<\/div>\n\n\t\t<\/div>\n\t\t\t\t\t<div class=\"order-first flex justify-start w-full pb-[22px]\">\n\t\t\t\t<div\n\tclass=\"wp-block-button is-style-tertiary text-smoke is-style-tertiary-back\"\n>\n\t\t\t<a\n\t\t\thref=\"https:\/\/www.iaff.org\/es\/entrenamiento-en-hazmat\/\"\n\t\t\tclass=\"wp-block-button__link wp-element-button group\"\n\t\t\t\t\t>\n\t\t\t<span\n\t\t\tclass=\"decoration-transparent underline underline-offset-2 group-hover:decoration-inherit group-focus-visible:decoration-inherit transition duration-hover\"\n\t\t>\n\t\t\tEntrenamiento en HazMat\t\t<\/span>\n\n\t\t<span\n\t\t\tclass=\"bg-inherit transition-colors duration-hover group-hover:bg-gold group-focus:bg-gold inline-flex rotate-180 order-first\"\n\t\t>\n\t\t\t<svg xmlns=\"http:\/\/www.w3.org\/2000\/svg\" width=\"21\" height=\"22\" fill=\"none\" viewBox=\"0 0 21 22\"><path stroke=\"currentColor\" stroke-linecap=\"round\" stroke-width=\"2\" d=\"M20 20.75L20 2.25L1.5 2.25L1.5 20.75L20 20.75Z\" clip-rule=\"evenodd\"\/><path stroke=\"currentColor\" stroke-linecap=\"square\" stroke-width=\"2\" d=\"M14.0883 11.5L6.66406 11.5\"\/><path stroke=\"currentColor\" stroke-linecap=\"square\" stroke-width=\"2\" d=\"M11.0723 7.75205L14.8363 11.5L11.0723 15.248\"\/><\/svg>\t\t<\/span>\n\t<\/a><\/div>\n\t\t\t<\/div>\n\t\t\t<\/div>\n<\/header>\n<\/section>\n<div class=\"wp-block-paragraph \">\n<p>El programa de capacitaci\u00f3n para Incidentes de Alta Consecuencia: Planificaci\u00f3n, Respuesta y Recuperaci\u00f3n (HiC) ha sido desarrollado teniendo en cuenta a toda la comunidad. Se proporcionar\u00e1 a los respondedores de emergencia, gerentes de emergencias, personal de instalaciones y ferroviario, as\u00ed como a miembros de la comunidad, informaci\u00f3n sobre los peligros asociados con el transporte de petr\u00f3leo crudo por ferrocarril y el almacenamiento y uso de nitrato de amonio de grado fertilizante (FGAN) y nitrato de amonio de grado t\u00e9cnico (TGAN).<\/p>\n<\/div><div class=\"wp-block-paragraph \">\n<p>La respuesta a incidentes con materiales peligrosos requiere un proceso sistem\u00e1tico. Durante este programa, los participantes aprender\u00e1n a utilizar Analizar, Planificar, Implementar y Evaluar (APIE): Un Proceso de Respuesta Basado en el Riesgo. Este proceso sistem\u00e1tico combina el uso de los hechos, la ciencia y las circunstancias para responder de manera segura y eficaz a los incidentes, reduciendo al mismo tiempo la posibilidad de exposici\u00f3n (enfermedad), lesiones y fatalidades.  <\/p>\n<\/div><div class=\"wp-block-paragraph \">\n<p>El programa utilizar\u00e1 un enfoque combinado: aprendizaje en l\u00ednea a ritmo propio combinado con instrucci\u00f3n dirigida por un instructor. El aprendizaje en l\u00ednea previo proporcionar\u00e1 conocimientos profundos relacionados con los peligros del petr\u00f3leo crudo y el FGAN\/TGAN. Despu\u00e9s de completar la capacitaci\u00f3n en l\u00ednea, se solicita a los participantes que identifiquen ubicaciones en su comunidad donde puedan estar presentes los peligros asociados con el transporte de crudo por ferrocarril y el FGAN\/TGAN.  <\/p>\n<\/div><div class=\"wp-block-paragraph \">\n<p><a href=\"https:\/\/www.iaff.org\/wp-content\/uploads\/High-Consequence-Incidents-Planning-Response-and-Recovery-Flyer-2022.pdf\" target=\"_blank\" rel=\"noreferrer noopener\">Descargue la descripci\u00f3n del curso aqu\u00ed.<\/a><\/p>\n<\/div>\n<h3 class=\"wp-block-heading\"><strong>Objetivos del curso<\/strong><\/h3>\n<div class=\"wp-block-paragraph \">\n<p>El objetivo general del programa es capacitar a los equipos de respuesta a emergencias tradicionales (fuerzas del orden, bomberos profesionales y voluntarios), as\u00ed como a planificadores locales y estatales, miembros de comisiones de planificaci\u00f3n de emergencias estatales y locales, y otros representantes de toda la comunidad para:<\/p>\n<\/div><div class=\"wp-block-list\">\n<ul class=\"wp-block-list\">\n<li>Analizar los tipos de incidentes con materiales peligrosos a los que su comunidad est\u00e1 expuesta.<div class=\"wp-block-list\">\n<ul class=\"wp-block-list\">\n<li>Identificar los materiales peligrosos dentro de su comunidad a lo largo de las rutas de transporte y en instalaciones fijas.<\/li>\n\n\n\n<li>Identificar eventos comunitarios donde exista la amenaza de incidentes hostiles.<\/li>\n\n\n\n<li>Identificar los tipos de da\u00f1o que podr\u00eda causar una liberaci\u00f3n, ya sea accidental o criminal, de esos materiales.<\/li>\n<\/ul>\n<\/div><\/li>\n\n\n\n<li>Planificar previamente la respuesta para los tipos de incidentes y da\u00f1os identificados como \u201cposibles\u201d dentro de su comunidad.<div class=\"wp-block-list\">\n<ul class=\"wp-block-list\">\n<li>Identificar organizaciones comunitarias y agencias de respuesta que est\u00e9n disponibles para asistir en la mitigaci\u00f3n.<\/li>\n\n\n\n<li>Identificar los procedimientos locales, estatales y federales que deber\u00e1n llevarse a cabo durante un incidente (por ejemplo, establecer un mando unificado).<\/li>\n<\/ul>\n<\/div><\/li>\n\n\n\n<li>Implementar la respuesta planificada.<div class=\"wp-block-list\">\n<ul class=\"wp-block-list\">\n<li>Utilizar APIE: Un Proceso de Respuesta Basado en el Riesgo para garantizar una respuesta segura y competente a incidentes que involucren materiales peligrosos y reducir la exposici\u00f3n, lesiones y muertes.<\/li>\n<\/ul>\n<\/div><\/li>\n\n\n\n<li>Evaluar el progreso.<\/li>\n<\/ul>\n<\/div>\n<h3 class=\"wp-block-heading\"><strong>P\u00fablico objetivo<\/strong><\/h3>\n<div class=\"wp-block-paragraph \">\n<p>El p\u00fablico objetivo que se capacitar\u00e1 a trav\u00e9s de este curso incluye a los equipos de respuesta a emergencias tradicionales (fuerzas del orden, bomberos profesionales y voluntarios), as\u00ed como a planificadores locales y estatales, miembros de comisiones de planificaci\u00f3n de emergencias estatales y locales, y otros representantes de toda la comunidad. Los socios comunitarios incluyen, pero no se limitan a, individuos, familias, sectores privados y sin fines de lucro, organizaciones religiosas y todos los niveles de gobierno. <\/p>\n<\/div>\n<h3 class=\"wp-block-heading\"><strong>Prerrequisitos<\/strong><\/h3>\n<div class=\"wp-block-paragraph \">\n<p>Los participantes deber\u00e1n completar el m\u00f3dulo de aprendizaje en l\u00ednea <strong><em>Peligros e Incidentes de Alta Consecuencia<\/em><\/strong> ubicado en <a href=\"https:\/\/lms.iaff.org\/\" target=\"_blank\" rel=\"noreferrer noopener\">https:\/\/lms.iaff.org<\/a>. Tanto los participantes miembros de IAFF como los no miembros de IAFF podr\u00e1n acceder al m\u00f3dulo de aprendizaje en l\u00ednea en el Sistema de Gesti\u00f3n de Aprendizaje de IAFF. <\/p>\n<\/div>\n<h3 class=\"wp-block-heading\"><strong>C\u00f3digos y regulaciones cumplidos<\/strong><\/h3>\n<div class=\"wp-block-paragraph \">\n<p>Los participantes que sean personal de respuesta a emergencias &#8211; bomberos, t\u00e9cnicos en emergencias m\u00e9dicas, fuerzas del orden &#8211; tendr\u00e1n la capacitaci\u00f3n requerida para operar de manera defensiva en incidentes con materiales peligrosos seg\u00fan lo define la norma OSHA 1910.120 Operaciones con Residuos Peligrosos y Respuesta a Emergencias (HAZWOPER) de acuerdo con los procedimientos\/directrices operativos est\u00e1ndar locales.<\/p>\n<\/div><div class=\"wp-block-paragraph \">\n<p>La asistencia a esta capacitaci\u00f3n tambi\u00e9n satisface la mayor\u00eda de los requisitos anuales de actualizaci\u00f3n en materiales peligrosos para los equipos de respuesta de nivel operativo, seg\u00fan lo establecido en la regulaci\u00f3n HAZWOPER. Sin embargo, la norma 1910.120 requiere que el empleador certifique que un individuo ha cumplido con todos los requisitos y competencias identificados. Es responsabilidad del empleador\/departamento asegurar que se cumplan todas las competencias. Ejemplos de informaci\u00f3n adicional que debe cubrirse incluyen: c\u00f3mo realizar control b\u00e1sico, contenci\u00f3n y confinamiento, as\u00ed como asegurar que el empleado tenga una comprensi\u00f3n de los procedimientos\/directrices operativos est\u00e1ndar (SOPs\/SOGs) relevantes.   <\/p>\n<\/div>\n<h3 class=\"wp-block-heading\"><strong>Certificaci\u00f3n<\/strong><\/h3>\n<div class=\"wp-block-paragraph \">\n<p>Los estudiantes que completen con \u00e9xito el curso con un 70% o m\u00e1s recibir\u00e1n un certificado de Finalizaci\u00f3n de IAFF.<\/p>\n<\/div>","protected":false},"excerpt":{"rendered":"<p>El programa de capacitaci\u00f3n para Incidentes de Alta Consecuencia: Planificaci\u00f3n, Respuesta y Recuperaci\u00f3n (HiC) ha sido desarrollado teniendo en cuenta a toda la comunidad. Se proporcionar\u00e1 a los respondedores de [&hellip;]<\/p>\n","protected":false},"featured_media":0,"parent":93577,"menu_order":0,"comment_status":"closed","ping_status":"closed","template":"","meta":{"_acf_changed":false,"_searchwp_excluded":"","inline_featured_image":false,"_EventAllDay":false,"_EventTimezone":"","_EventStartDate":"","_EventEndDate":"","_EventStartDateUTC":"","_EventEndDateUTC":"","_EventShowMap":false,"_EventShowMapLink":false,"_EventURL":"","_EventCost":"","_EventCostDescription":"","_EventCurrencySymbol":"","_EventCurrencyCode":"","_EventCurrencyPosition":"","_EventDateTimeSeparator":"","_EventTimeRangeSeparator":"","_EventOrganizerID":[],"_EventVenueID":[],"_OrganizerEmail":"","_OrganizerPhone":"","_OrganizerWebsite":"","_VenueAddress":"","_VenueCity":"","_VenueCountry":"","_VenueProvince":"","_VenueState":"","_VenueZip":"","_VenuePhone":"","_VenueURL":"","_VenueStateProvince":"","_VenueLat":"","_VenueLng":"","_VenueShowMap":false,"_VenueShowMapLink":false,"footnotes":""},"class_list":["post-93606","page","type-page","status-publish","hentry"],"acf":[],"publishpress_future_workflow_manual_trigger":{"enabledWorkflows":[]},"_links":{"self":[{"href":"https:\/\/www.iaff.org\/es\/wp-json\/wp\/v2\/pages\/93606","targetHints":{"allow":["GET"]}}],"collection":[{"href":"https:\/\/www.iaff.org\/es\/wp-json\/wp\/v2\/pages"}],"about":[{"href":"https:\/\/www.iaff.org\/es\/wp-json\/wp\/v2\/types\/page"}],"author":[{"embeddable":true,"href":"https:\/\/www.iaff.org\/es\/wp-json\/wp\/v2\/users\/1"}],"replies":[{"embeddable":true,"href":"https:\/\/www.iaff.org\/es\/wp-json\/wp\/v2\/comments?post=93606"}],"version-history":[{"count":0,"href":"https:\/\/www.iaff.org\/es\/wp-json\/wp\/v2\/pages\/93606\/revisions"}],"up":[{"embeddable":true,"href":"https:\/\/www.iaff.org\/es\/wp-json\/wp\/v2\/pages\/93577"}],"wp:attachment":[{"href":"https:\/\/www.iaff.org\/es\/wp-json\/wp\/v2\/media?parent=93606"}],"curies":[{"name":"wp","href":"https:\/\/api.w.org\/{rel}","templated":true}]}}