{"id":93604,"date":"2024-02-06T12:32:02","date_gmt":"2024-02-06T17:32:02","guid":{"rendered":"https:\/\/www.iaff.org\/entrenamiento-en-hazmat\/tecnico-de-hazmat\/"},"modified":"2025-06-20T14:30:54","modified_gmt":"2025-06-20T18:30:54","slug":"tecnico-de-hazmat","status":"publish","type":"page","link":"https:\/\/www.iaff.org\/es\/entrenamiento-en-hazmat\/tecnico-de-hazmat\/","title":{"rendered":"T\u00e9cnico de HazMat"},"content":{"rendered":"<section\n\t class=\"secondary-hero align wp-block-acf-secondary-hero\" id=\"secondary-hero_block_f7247b89b766867b6d08019b8aa99969\">\n\t\n<header\n\tclass=\"w-full u-bg-full-width px-[22px] md:ps-bleed md:pe-0 py-[60px] bg-smoke-5 text-black u-has-rivets u-rivets-dark\"\n\tdata-theme=\"gray\"\n>\n\t<div class=\"flex flex-col !px-0 !max-w-[1440px] w-full lg:!ps-indent\">\n\t\t<div class=\"border-t-[6px] w-full my-0 flex flex-col md:flex-row gap-x-[62px] gap-y-[22px] border-red\">\n\t\t\t\t\t\t\t<div class=\"relative grid md:order-last md:w-1\/2 overflow-hidden place-items-center aspect-[157\/105]\">\n\t\t\t\t\t<img decoding=\"async\" width=\"400\" height=\"400\" src=\"https:\/\/www.iaff.org\/wp-content\/uploads\/2019\/07\/28982_Technician.Denver.07.jpg\" class=\"absolute object-cover min-w-full h-full\" alt=\"\" srcset=\"https:\/\/www.iaff.org\/wp-content\/uploads\/2019\/07\/28982_Technician.Denver.07.jpg 400w, https:\/\/www.iaff.org\/wp-content\/uploads\/2019\/07\/28982_Technician.Denver.07-300x300.jpg 300w, https:\/\/www.iaff.org\/wp-content\/uploads\/2019\/07\/28982_Technician.Denver.07-150x150.jpg 150w, https:\/\/www.iaff.org\/wp-content\/uploads\/2019\/07\/28982_Technician.Denver.07-240x240.jpg 240w\" sizes=\"(max-width: 400px) 100vw, 400px\" \/>\t\t\t\t<\/div>\n\t\t\t\t\t\t<div class=\"w-full md:w-1\/2 md:py-[45px]\">\n\t\t\t\t<div class=\"max-w-[600px] flex flex-col gap-[22px]\">\n\t\t\t\t\t\t\t\t\t\t\t<h1 class=\"has-[.u-halftone-shadow--dark]:mb-divider has-[.u-halftone-shadow--light]:mb-divider\">\n\t\t\t\t\t\t\t<span class=\"inline-flex text-heading-200 u-halftone-shadow--dark\">\n\t\t\t\t\t\t\t\tT\u00e9cnico de HazMat\t\t\t\t\t\t\t<\/span>\n\t\t\t\t\t\t<\/h1>\n\t\t\t\t\t\t\t\t\t\t\t\t\t\t\t\t<div class=\"text-body-300 font-sans\">\n\t\t\t\t\t\t\t<p>Acreditado por Pro Board\u00ae \/ 80 horas<\/p>\n\t\t\t\t\t\t<\/div>\n\t\t\t\t\t\t\t\t\t\t\t\t\t\t\t\t\t\t\t\t\t\t\t\t<\/div>\n\t\t\t<\/div>\n\n\t\t<\/div>\n\t\t\t\t\t<div class=\"order-first flex justify-start w-full pb-[22px]\">\n\t\t\t\t<div\n\tclass=\"wp-block-button is-style-tertiary text-smoke is-style-tertiary-back\"\n>\n\t\t\t<a\n\t\t\thref=\"https:\/\/www.iaff.org\/es\/entrenamiento-en-hazmat\/\"\n\t\t\tclass=\"wp-block-button__link wp-element-button group\"\n\t\t\t\t\t>\n\t\t\t<span\n\t\t\tclass=\"decoration-transparent underline underline-offset-2 group-hover:decoration-inherit group-focus-visible:decoration-inherit transition duration-hover\"\n\t\t>\n\t\t\tEntrenamiento en HazMat\t\t<\/span>\n\n\t\t<span\n\t\t\tclass=\"bg-inherit transition-colors duration-hover group-hover:bg-gold group-focus:bg-gold inline-flex rotate-180 order-first\"\n\t\t>\n\t\t\t<svg xmlns=\"http:\/\/www.w3.org\/2000\/svg\" width=\"21\" height=\"22\" fill=\"none\" viewBox=\"0 0 21 22\"><path stroke=\"currentColor\" stroke-linecap=\"round\" stroke-width=\"2\" d=\"M20 20.75L20 2.25L1.5 2.25L1.5 20.75L20 20.75Z\" clip-rule=\"evenodd\"\/><path stroke=\"currentColor\" stroke-linecap=\"square\" stroke-width=\"2\" d=\"M14.0883 11.5L6.66406 11.5\"\/><path stroke=\"currentColor\" stroke-linecap=\"square\" stroke-width=\"2\" d=\"M11.0723 7.75205L14.8363 11.5L11.0723 15.248\"\/><\/svg>\t\t<\/span>\n\t<\/a><\/div>\n\t\t\t<\/div>\n\t\t\t<\/div>\n<\/header>\n<\/section>\n<div class=\"wp-block-paragraph \">\n<p>El curso de T\u00e9cnico HazMat est\u00e1 dise\u00f1ado espec\u00edficamente para el personal de bomberos y rescate que pueda responder a incidentes que involucren materiales peligrosos (hazmats) y\/o armas de destrucci\u00f3n masiva (ADM).<\/p>\n<\/div><div class=\"wp-block-paragraph \">\n<p>Este curso es un programa de formaci\u00f3n de 10 d\u00edas (80 horas), centrado en el participante y dirigido por un instructor para los servicios de primera respuesta.<\/p>\n<\/div><div class=\"wp-block-paragraph \">\n<p>Al finalizar el curso, los participantes podr\u00e1n realizar las siguientes acciones en incidentes con materiales peligrosos\/ADM utilizando el proceso de respuesta basado en riesgos de IAFF \u2013 APIE:<\/p>\n<\/div><div class=\"wp-block-list\">\n<ul class=\"wp-block-list\">\n<li>Analizar el incidente para determinar la complejidad del problema y los posibles resultados.<\/li>\n\n\n\n<li>Planificar una respuesta que incluya el desarrollo de objetivos de respuesta, la identificaci\u00f3n de opciones potenciales de respuesta, la selecci\u00f3n del equipo de protecci\u00f3n personal (EPP) requerido y un proceso de descontaminaci\u00f3n t\u00e9cnica, y el desarrollo de un PAI.<\/li>\n\n\n\n<li>Implementar la respuesta planificada de acuerdo con los planes de respuesta a emergencias locales y\/o los procedimientos operativos est\u00e1ndar mediante el desempe\u00f1o de las funciones de la rama de materiales peligrosos; ponerse, quitarse y trabajar con EPP; y realizar funciones de control y descontaminaci\u00f3n.<\/li>\n\n\n\n<li>Evaluar el progreso para determinar la eficacia de las funciones de control y descontaminaci\u00f3n identificadas en el PAI.<\/li>\n<\/ul>\n<\/div><div class=\"wp-block-paragraph \">\n<p><a href=\"https:\/\/www.iaff.org\/wp-content\/uploads\/HazMat-Technician-Flyer-2022.pdf\" target=\"_blank\" rel=\"noreferrer noopener\">Descargue la descripci\u00f3n del curso aqu\u00ed.<\/a><\/p>\n<\/div>\n<h3 class=\"wp-block-heading\"><strong>Prerrequisitos<\/strong><\/h3>\n<div class=\"wp-block-paragraph \">\n<p>Este curso de formaci\u00f3n est\u00e1 dise\u00f1ado para estudiantes que ya han completado el entrenamiento de respuesta HazMat a nivel de Operaciones.<\/p>\n<\/div>\n<h3 class=\"wp-block-heading\"><strong>C\u00f3digos y regulaciones cumplidos<\/strong><\/h3>\n<div class=\"wp-block-paragraph \">\n<p>El objetivo del curso es educar a los servicios de respuesta a emergencias sobre las estrategias para salvaguardar la salud y la seguridad cuando su trabajo implica operaciones ofensivas con materiales peligrosos\/armas de destrucci\u00f3n masiva (ADM) de acuerdo con:<\/p>\n<\/div><div class=\"wp-block-list\">\n<ul class=\"wp-block-list\">\n<li>OSHA 29 CFR 1910.120, operaciones de residuos peligrosos y respuesta a emergencias<\/li>\n\n\n\n<li>NFPA 470: Norma para Materiales Peligrosos\/Armas de Destrucci\u00f3n Masiva (ADM) para Respondedores, Edici\u00f3n 2022, Cap\u00edtulo 11<\/li>\n\n\n\n<li>NFPA<sup>\u00ae <\/sup>1991: Norma sobre Conjuntos de Protecci\u00f3n contra Vapores para Emergencias con Materiales Peligrosos<\/li>\n\n\n\n<li>NFPA<sup>\u00ae <\/sup>1992: Norma sobre Conjuntos y Ropa de Protecci\u00f3n contra Salpicaduras de L\u00edquidos para Emergencias con Materiales Peligrosos<\/li>\n\n\n\n<li>NFPA<sup>\u00ae<\/sup> 1994: Norma sobre Conjuntos de Protecci\u00f3n para Primeros Respondedores a Incidentes de Materiales Peligrosos y Terrorismo QBRN<\/li>\n<\/ul>\n<\/div><section\n\t class=\"page-blocks iaff-page-blocks align wp-block-acf-page-blocks\" id=\"page-blocks_block_1d1bc3a225a09f110ddbcf75fcc57e1e\">\n\t<div class=\"acf-innerblocks-container\">\n<section\n\t class=\"callout-section pt-20 md:pt-[100px] bg-transparent align wp-block-acf-callout-section\" id=\"callout-section_block_844b972868b2512749fbe5a7f00d2368\">\n\t\t<div class=\"border-b border-black\">\n\t\t\t<\/div>\n\n\t<!-- TODO: Constrain to content width -->\n\t<div class=\"w-full flex flex-col\">\n\t\t<!-- Callouts -->\n\t\t<div class=\"acf-innerblocks-container\">\n<section\n\t class=\"callout align wp-block-acf-callout\" id=\"callout_block_41ae87e63c44c3385374026022849681\">\n\t<div class=\"grid md:grid-cols-2 gap-0\">\n\t\t<figure\n\t\t\tclass=\"md:col-start-2 md:row-start-1 grid place-items-center\"\n\t\t>\n\t\t\t\t\t\t\t<div class=\"relative\">\n\t\t\t\t\t<img decoding=\"async\" width=\"400\" height=\"532\" src=\"https:\/\/www.iaff.org\/wp-content\/uploads\/2019\/07\/28990_HAZMATGreen.png\" class=\"w-full block h-auto object-cover\" alt=\"\" srcset=\"https:\/\/www.iaff.org\/wp-content\/uploads\/2019\/07\/28990_HAZMATGreen.png 400w, https:\/\/www.iaff.org\/wp-content\/uploads\/2019\/07\/28990_HAZMATGreen-226x300.png 226w, https:\/\/www.iaff.org\/wp-content\/uploads\/2019\/07\/28990_HAZMATGreen-180x240.png 180w\" sizes=\"(max-width: 400px) 100vw, 400px\" \/>\t\t\t\t\t<div class=\"u-halftone-overlay\"><\/div>\n\t\t\t\t<\/div>\n\t\t\t\t\t<\/figure>\n\t\t<div class=\"flex flex-col gap-2 py-[54px] text-smoke md:p-10 justify-center md:px-15\">\n\t\t\t\t\t\t\t\t\t\t<div class=\"font-serif font-600 text-[34px] leading-[1.1] -tracking-[0.5px]\">\n\t\t\t\t\tMedidas de rendimiento\t\t\t\t<\/div>\n\t\t\t\t\t\t\t\t\t\t<div class=\"font-sans font-350 text-[18px] leading-[1.5]\">\n\t\t\t\t\t<p>Los participantes deben demostrar dominio de los objetivos del curso completando la prueba de certificaci\u00f3n (posterior) y un ejercicio pr\u00e1ctico basado en escenarios seleccionados aleatoriamente. La prueba de certificaci\u00f3n incluye 100 \u00edtems basados en conocimientos. Se han desarrollado escenarios de evaluaci\u00f3n para garantizar que los participantes sean evaluados en un entorno simulado de alta fidelidad.  <\/p>\n<p>Los escenarios requieren que los participantes apliquen el APIE e incluyen la realizaci\u00f3n obligatoria de an\u00e1lisis, detecci\u00f3n y monitoreo, planificaci\u00f3n de respuesta, selecci\u00f3n y uso de EPP y descontaminaci\u00f3n, y control de productos. Los participantes que aprueben tanto las evaluaciones escritas (70%) como las de habilidades, son certificados a trav\u00e9s del Consejo Nacional de Calificaciones Profesionales del Servicio de Bomberos (Pro Board<sup>\u00ae<\/sup>) a nivel de T\u00e9cnico HazMat. <\/p>\n\t\t\t\t<\/div>\n\t\t\t\t\t\t\t\t<\/div>\n\t<\/div>\n<\/section>\n\n<\/div>\n\t\t\t<\/div>\n<\/section>\n\n<\/div><\/section>\n\n<h3 class=\"wp-block-heading\"><strong>Certificaci\u00f3n<\/strong><\/h3>\n<div class=\"wp-block-paragraph \">\n<p>Una vez que un participante completa el curso, incluyendo la evaluaci\u00f3n de desempe\u00f1o (habilidades), y obtiene una puntuaci\u00f3n superior al 70%, recibir\u00e1 un certificado IAFF con un sello Pro Board<sup>\u00ae<\/sup>. IAFF luego enviar\u00e1 el nombre del participante al Registro Nacional de Calificaciones Profesionales del Servicio de Bomberos (registro Pro Board<sup>\u00ae <\/sup>). La certificaci\u00f3n Pro Board<sup>\u00ae<\/sup> implica:  <\/p>\n<\/div><div class=\"wp-block-list\">\n<ul class=\"wp-block-list\">\n<li>Reconocimiento por demostrar competencia<\/li>\n\n\n\n<li>Un registro permanente del logro<\/li>\n\n\n\n<li>Transferibilidad\/portabilidad de las cualificaciones, ya que la reciprocidad significa que la certificaci\u00f3n Pro Board<sup>\u00ae<\/sup> ser\u00e1 reconocida por los departamentos de bomberos en todo el pa\u00eds.<\/li>\n<\/ul>\n<\/div>\n<h3 class=\"wp-block-heading\"><strong>Acreditaci\u00f3n adicional<\/strong><\/h3>\n<div class=\"wp-block-paragraph \">\n<p>Los bomberos y el personal que hayan obtenido con \u00e9xito la certificaci\u00f3n Pro Board<sup>\u00ae <\/sup>pueden ser elegibles para transferir cr\u00e9ditos universitarios hacia los siguientes programas de grado de la Universidad Kaplan: Asociado en Ciencias Aplicadas (AAS) en Ciencias del Fuego, Licenciatura en Ciencias (BS) en Ciencias del Fuego, Licenciatura en Ciencias en Gesti\u00f3n de Incendios y Emergencias. Completar el programa de T\u00e9cnico HazMat permite a los participantes un total de cinco cr\u00e9ditos de una asignatura optativa de ciencias del fuego en la Universidad Kaplan. <\/p>\n<\/div>\n<h3 class=\"wp-block-heading\"><strong>Recomendado<\/strong><\/h3>\n<div class=\"wp-block-paragraph \">\n<p>Examen f\u00edsico de OSHA de acuerdo con 29 CFR \u00a71910.120 y 29 CFR \u00a71910.134.<\/p>\n<\/div>","protected":false},"excerpt":{"rendered":"<p>El curso de T\u00e9cnico HazMat est\u00e1 dise\u00f1ado espec\u00edficamente para el personal de bomberos y rescate que pueda responder a incidentes que involucren materiales peligrosos (hazmats) y\/o armas de destrucci\u00f3n masiva [&hellip;]<\/p>\n","protected":false},"featured_media":0,"parent":93577,"menu_order":0,"comment_status":"closed","ping_status":"closed","template":"","meta":{"_acf_changed":false,"_searchwp_excluded":"","inline_featured_image":false,"_EventAllDay":false,"_EventTimezone":"","_EventStartDate":"","_EventEndDate":"","_EventStartDateUTC":"","_EventEndDateUTC":"","_EventShowMap":false,"_EventShowMapLink":false,"_EventURL":"","_EventCost":"","_EventCostDescription":"","_EventCurrencySymbol":"","_EventCurrencyCode":"","_EventCurrencyPosition":"","_EventDateTimeSeparator":"","_EventTimeRangeSeparator":"","_EventOrganizerID":[],"_EventVenueID":[],"_OrganizerEmail":"","_OrganizerPhone":"","_OrganizerWebsite":"","_VenueAddress":"","_VenueCity":"","_VenueCountry":"","_VenueProvince":"","_VenueState":"","_VenueZip":"","_VenuePhone":"","_VenueURL":"","_VenueStateProvince":"","_VenueLat":"","_VenueLng":"","_VenueShowMap":false,"_VenueShowMapLink":false,"footnotes":""},"class_list":["post-93604","page","type-page","status-publish","hentry"],"acf":[],"publishpress_future_workflow_manual_trigger":{"enabledWorkflows":[]},"_links":{"self":[{"href":"https:\/\/www.iaff.org\/es\/wp-json\/wp\/v2\/pages\/93604","targetHints":{"allow":["GET"]}}],"collection":[{"href":"https:\/\/www.iaff.org\/es\/wp-json\/wp\/v2\/pages"}],"about":[{"href":"https:\/\/www.iaff.org\/es\/wp-json\/wp\/v2\/types\/page"}],"author":[{"embeddable":true,"href":"https:\/\/www.iaff.org\/es\/wp-json\/wp\/v2\/users\/1"}],"replies":[{"embeddable":true,"href":"https:\/\/www.iaff.org\/es\/wp-json\/wp\/v2\/comments?post=93604"}],"version-history":[{"count":0,"href":"https:\/\/www.iaff.org\/es\/wp-json\/wp\/v2\/pages\/93604\/revisions"}],"up":[{"embeddable":true,"href":"https:\/\/www.iaff.org\/es\/wp-json\/wp\/v2\/pages\/93577"}],"wp:attachment":[{"href":"https:\/\/www.iaff.org\/es\/wp-json\/wp\/v2\/media?parent=93604"}],"curies":[{"name":"wp","href":"https:\/\/api.w.org\/{rel}","templated":true}]}}