{"id":93598,"date":"2024-02-06T12:01:01","date_gmt":"2024-02-06T17:01:01","guid":{"rendered":"https:\/\/www.iaff.org\/entrenamiento-en-hazmat\/respuesta-de-emergencia-al-gas-natural-licuado\/"},"modified":"2025-06-20T14:29:58","modified_gmt":"2025-06-20T18:29:58","slug":"respuesta-de-emergencia-al-gas-natural-licuado","status":"publish","type":"page","link":"https:\/\/www.iaff.org\/es\/entrenamiento-en-hazmat\/respuesta-de-emergencia-al-gas-natural-licuado\/","title":{"rendered":"Respuesta de emergencia al gas natural licuado"},"content":{"rendered":"<section\n\t class=\"secondary-hero align wp-block-acf-secondary-hero\" id=\"secondary-hero_block_a9734f3c78eeb8fa5bbd899ffa0dd624\">\n\t\n<header\n\tclass=\"w-full u-bg-full-width px-[22px] md:ps-bleed md:pe-0 py-[60px] bg-smoke-5 text-black u-has-rivets u-rivets-dark\"\n\tdata-theme=\"gray\"\n>\n\t<div class=\"flex flex-col !px-0 !max-w-[1440px] w-full lg:!ps-indent\">\n\t\t<div class=\"border-t-[6px] w-full my-0 flex flex-col md:flex-row gap-x-[62px] gap-y-[22px] border-red\">\n\t\t\t\t\t\t<div class=\"w-full md:w-1\/2 md:py-[45px]\">\n\t\t\t\t<div class=\"max-w-[600px] flex flex-col gap-[22px]\">\n\t\t\t\t\t\t\t\t\t\t\t<h1 class=\"has-[.u-halftone-shadow--dark]:mb-divider has-[.u-halftone-shadow--light]:mb-divider pt-[22px] md:pt-0\">\n\t\t\t\t\t\t\t<span class=\"inline-flex text-heading-200 u-halftone-shadow--dark\">\n\t\t\t\t\t\t\t\tRespuesta de emergencia al gas natural licuado\t\t\t\t\t\t\t<\/span>\n\t\t\t\t\t\t<\/h1>\n\t\t\t\t\t\t\t\t\t\t\t\t\t\t\t\t<div class=\"text-body-300 font-sans\">\n\t\t\t\t\t\t\t<p>8 horas<\/p>\n\t\t\t\t\t\t<\/div>\n\t\t\t\t\t\t\t\t\t\t\t\t\t\t\t\t\t\t\t\t\t\t\t\t<\/div>\n\t\t\t<\/div>\n\n\t\t<\/div>\n\t\t\t\t\t<div class=\"order-first flex justify-start w-full pb-[22px]\">\n\t\t\t\t<div\n\tclass=\"wp-block-button is-style-tertiary text-smoke is-style-tertiary-back\"\n>\n\t\t\t<a\n\t\t\thref=\"https:\/\/www.iaff.org\/es\/entrenamiento-en-hazmat\/\"\n\t\t\tclass=\"wp-block-button__link wp-element-button group\"\n\t\t\t\t\t>\n\t\t\t<span\n\t\t\tclass=\"decoration-transparent underline underline-offset-2 group-hover:decoration-inherit group-focus-visible:decoration-inherit transition duration-hover\"\n\t\t>\n\t\t\tEntrenamiento en HazMat\t\t<\/span>\n\n\t\t<span\n\t\t\tclass=\"bg-inherit transition-colors duration-hover group-hover:bg-gold group-focus:bg-gold inline-flex rotate-180 order-first\"\n\t\t>\n\t\t\t<svg xmlns=\"http:\/\/www.w3.org\/2000\/svg\" width=\"21\" height=\"22\" fill=\"none\" viewBox=\"0 0 21 22\"><path stroke=\"currentColor\" stroke-linecap=\"round\" stroke-width=\"2\" d=\"M20 20.75L20 2.25L1.5 2.25L1.5 20.75L20 20.75Z\" clip-rule=\"evenodd\"\/><path stroke=\"currentColor\" stroke-linecap=\"square\" stroke-width=\"2\" d=\"M14.0883 11.5L6.66406 11.5\"\/><path stroke=\"currentColor\" stroke-linecap=\"square\" stroke-width=\"2\" d=\"M11.0723 7.75205L14.8363 11.5L11.0723 15.248\"\/><\/svg>\t\t<\/span>\n\t<\/a><\/div>\n\t\t\t<\/div>\n\t\t\t<\/div>\n<\/header>\n<\/section>\n<div class=\"wp-block-paragraph \">\n<p>El Gas Natural Licuado (GNL) es un material peligroso que presenta tres riesgos principales para los bomberos y otros servicios de emergencia: es un gas inflamable que ha sido licuado criog\u00e9nicamente; y se dispersa r\u00e1pidamente. Este curso se centra en los peligros, caracter\u00edsticas y riesgos del GNL. La formaci\u00f3n ense\u00f1ar\u00e1 a los estudiantes c\u00f3mo responder de manera segura a incendios y derrames de GNL a trav\u00e9s de actividades te\u00f3ricas y pr\u00e1cticas. Este curso satisfar\u00e1 la formaci\u00f3n anual de actualizaci\u00f3n de HazMat.   <\/p>\n<\/div>\n<h3 class=\"wp-block-heading\"><strong>Objetivos del curso<\/strong><\/h3>\n<div class=\"wp-block-paragraph \">\n<p>En esta formaci\u00f3n, los estudiantes aprender\u00e1n a adoptar un enfoque basado en el riesgo al responder a incidentes que involucren GNL y otros materiales peligrosos, tanto en el transporte como en instalaciones fijas. Los estudiantes observar\u00e1n el comportamiento del GNL cuando se libera de su contenedor y se ataca con agua y productos qu\u00edmicos secos; discutir\u00e1n la evaluaci\u00f3n de peligros y riesgos, la selecci\u00f3n adecuada de EPP y las t\u00e9cnicas b\u00e1sicas de control; y trabajar\u00e1n en estudios de casos y ejercicios basados en escenarios. Este programa fue dise\u00f1ado por bomberos, para bomberos que previamente han sido capacitados en el nivel de operaciones de materiales peligrosos de acuerdo con las regulaciones de OSHA. Los participantes ya deben estar capacitados para trabajar en una postura defensiva para contener materiales peligrosos y tareas espec\u00edficas de la misi\u00f3n, como el uso de EPP, control de productos y descontaminaci\u00f3n. El programa ha sido dise\u00f1ado para servir como un programa de actualizaci\u00f3n de 8 horas compatible con OSHA.    <\/p>\n<\/div><div class=\"wp-block-paragraph \">\n<p>El objetivo del curso es garantizar una respuesta segura y competente utilizando los hechos, la ciencia y las circunstancias para analizar el problema, planificar la respuesta, implementar el plan y evaluar el progreso. La agenda incluye una introducci\u00f3n al GNL y sus peligros, planificaci\u00f3n previa y an\u00e1lisis de incidentes, respuesta a incidentes de GNL, estudios de casos y ejercicios de escenarios. <\/p>\n<\/div>\n<h5 class=\"wp-block-heading\"><strong>Introducci\u00f3n<\/strong><\/h5>\n<div class=\"wp-block-list\">\n<ul class=\"wp-block-list\">\n<li>\u00bfQu\u00e9 sabe usted y qu\u00e9 desea o necesita aprender?<\/li>\n\n\n\n<li>\u00bfQu\u00e9 es el GNL y por qu\u00e9 aprender sobre \u00e9l?<\/li>\n<\/ul>\n<\/div>\n<h5 class=\"wp-block-heading\"><strong>Peligros del GNL<\/strong><\/h5>\n<div class=\"wp-block-list\">\n<ul class=\"wp-block-list\">\n<li>\u00bfQu\u00e9 hace que el GNL sea peligroso?<\/li>\n\n\n\n<li>\u00bfC\u00f3mo podr\u00edan comportarse el GNL y los contenedores en una emergencia?<\/li>\n<\/ul>\n<\/div>\n<h5 class=\"wp-block-heading\"><strong>Planificaci\u00f3n previa y an\u00e1lisis de incidentes<\/strong><\/h5>\n<div class=\"wp-block-list\">\n<ul class=\"wp-block-list\">\n<li>\u00bfD\u00f3nde est\u00e1 presente el GNL?<\/li>\n\n\n\n<li>\u00bfQu\u00e9 tipo de incidentes podr\u00edan ocurrir?<\/li>\n<\/ul>\n<\/div>\n<h5 class=\"wp-block-heading\"><strong>Respuesta a incidentes de GNL<\/strong><\/h5>\n<div class=\"wp-block-list\">\n<ul class=\"wp-block-list\">\n<li>\u00bfQu\u00e9 puede hacer usted para responder a emergencias de GNL?<\/li>\n\n\n\n<li>\u00bfC\u00f3mo puede protegerse a s\u00ed mismo y a otros durante emergencias de GNL?<\/li>\n<\/ul>\n<\/div>\n<h5 class=\"wp-block-heading\"><strong>Estudios de casos y escenarios<\/strong><\/h5>\n<div class=\"wp-block-list\">\n<ul class=\"wp-block-list\">\n<li>\u00bfQu\u00e9 podemos aprender de incidentes de GNL o similares?<\/li>\n\n\n\n<li>\u00bfQu\u00e9 har\u00eda si tuviera que responder a un incidente de GNL?<\/li>\n<\/ul>\n<\/div>\n<h3 class=\"wp-block-heading\"><strong>Audiencia<\/strong><\/h3>\n<div class=\"wp-block-paragraph \">\n<p>La Respuesta de Emergencia al Gas Natural Licuado fue desarrollada para aquellos bomberos, rescatistas, personal de servicios m\u00e9dicos de emergencia (SME) y otro personal que pueda responder a incidentes que involucren gas natural licuado.<\/p>\n<\/div><div class=\"wp-block-paragraph \">\n<p><a href=\"https:\/\/www.iaff.org\/wp-content\/uploads\/Emergency-Response-to-Liquefied-Natural-Gas-2023.pdf\" target=\"_blank\" rel=\"noreferrer noopener\">Descargue la descripci\u00f3n del curso aqu\u00ed.<\/a><\/p>\n<\/div>","protected":false},"excerpt":{"rendered":"<p>El Gas Natural Licuado (GNL) es un material peligroso que presenta tres riesgos principales para los bomberos y otros servicios de emergencia: es un gas inflamable que ha sido licuado [&hellip;]<\/p>\n","protected":false},"featured_media":0,"parent":93577,"menu_order":0,"comment_status":"closed","ping_status":"closed","template":"","meta":{"_acf_changed":false,"_searchwp_excluded":"","inline_featured_image":false,"_EventAllDay":false,"_EventTimezone":"","_EventStartDate":"","_EventEndDate":"","_EventStartDateUTC":"","_EventEndDateUTC":"","_EventShowMap":false,"_EventShowMapLink":false,"_EventURL":"","_EventCost":"","_EventCostDescription":"","_EventCurrencySymbol":"","_EventCurrencyCode":"","_EventCurrencyPosition":"","_EventDateTimeSeparator":"","_EventTimeRangeSeparator":"","_EventOrganizerID":[],"_EventVenueID":[],"_OrganizerEmail":"","_OrganizerPhone":"","_OrganizerWebsite":"","_VenueAddress":"","_VenueCity":"","_VenueCountry":"","_VenueProvince":"","_VenueState":"","_VenueZip":"","_VenuePhone":"","_VenueURL":"","_VenueStateProvince":"","_VenueLat":"","_VenueLng":"","_VenueShowMap":false,"_VenueShowMapLink":false,"footnotes":""},"class_list":["post-93598","page","type-page","status-publish","hentry"],"acf":[],"publishpress_future_workflow_manual_trigger":{"enabledWorkflows":[]},"_links":{"self":[{"href":"https:\/\/www.iaff.org\/es\/wp-json\/wp\/v2\/pages\/93598","targetHints":{"allow":["GET"]}}],"collection":[{"href":"https:\/\/www.iaff.org\/es\/wp-json\/wp\/v2\/pages"}],"about":[{"href":"https:\/\/www.iaff.org\/es\/wp-json\/wp\/v2\/types\/page"}],"author":[{"embeddable":true,"href":"https:\/\/www.iaff.org\/es\/wp-json\/wp\/v2\/users\/1"}],"replies":[{"embeddable":true,"href":"https:\/\/www.iaff.org\/es\/wp-json\/wp\/v2\/comments?post=93598"}],"version-history":[{"count":0,"href":"https:\/\/www.iaff.org\/es\/wp-json\/wp\/v2\/pages\/93598\/revisions"}],"up":[{"embeddable":true,"href":"https:\/\/www.iaff.org\/es\/wp-json\/wp\/v2\/pages\/93577"}],"wp:attachment":[{"href":"https:\/\/www.iaff.org\/es\/wp-json\/wp\/v2\/media?parent=93598"}],"curies":[{"name":"wp","href":"https:\/\/api.w.org\/{rel}","templated":true}]}}