{"id":93594,"date":"2024-02-06T11:55:51","date_gmt":"2024-02-06T16:55:51","guid":{"rendered":"https:\/\/www.iaff.org\/entrenamiento-en-hazmat\/respuesta-de-emergencia-a-materiales-peligrosos\/"},"modified":"2025-06-20T14:29:55","modified_gmt":"2025-06-20T18:29:55","slug":"respuesta-de-emergencia-a-materiales-peligrosos","status":"publish","type":"page","link":"https:\/\/www.iaff.org\/es\/entrenamiento-en-hazmat\/respuesta-de-emergencia-a-materiales-peligrosos\/","title":{"rendered":"Respuesta de emergencia a materiales peligrosos"},"content":{"rendered":"<section\n\t class=\"secondary-hero align wp-block-acf-secondary-hero\" id=\"secondary-hero_block_c439f916207cd18bb9efb83aa69826b4\">\n\t\n<header\n\tclass=\"w-full u-bg-full-width px-[22px] md:ps-bleed md:pe-0 py-[60px] bg-smoke-5 text-black u-has-rivets u-rivets-dark\"\n\tdata-theme=\"gray\"\n>\n\t<div class=\"flex flex-col !px-0 !max-w-[1440px] w-full lg:!ps-indent\">\n\t\t<div class=\"border-t-[6px] w-full my-0 flex flex-col md:flex-row gap-x-[62px] gap-y-[22px] border-red\">\n\t\t\t\t\t\t<div class=\"w-full md:w-1\/2 md:py-[45px]\">\n\t\t\t\t<div class=\"max-w-[600px] flex flex-col gap-[22px]\">\n\t\t\t\t\t\t\t\t\t\t\t<h1 class=\"has-[.u-halftone-shadow--dark]:mb-divider has-[.u-halftone-shadow--light]:mb-divider pt-[22px] md:pt-0\">\n\t\t\t\t\t\t\t<span class=\"inline-flex text-heading-200 u-halftone-shadow--dark\">\n\t\t\t\t\t\t\t\tRespuesta de emergencia a materiales peligrosos\t\t\t\t\t\t\t<\/span>\n\t\t\t\t\t\t<\/h1>\n\t\t\t\t\t\t\t\t\t\t\t\t\t\t\t\t<div class=\"text-body-300 font-sans\">\n\t\t\t\t\t\t\t<p>16 horas<\/p>\n\t\t\t\t\t\t<\/div>\n\t\t\t\t\t\t\t\t\t\t\t\t\t\t\t\t\t\t\t\t\t\t\t\t<\/div>\n\t\t\t<\/div>\n\n\t\t<\/div>\n\t\t\t\t\t<div class=\"order-first flex justify-start w-full pb-[22px]\">\n\t\t\t\t<div\n\tclass=\"wp-block-button is-style-tertiary text-smoke is-style-tertiary-back\"\n>\n\t\t\t<a\n\t\t\thref=\"https:\/\/www.iaff.org\/es\/entrenamiento-en-hazmat\/\"\n\t\t\tclass=\"wp-block-button__link wp-element-button group\"\n\t\t\t\t\t>\n\t\t\t<span\n\t\t\tclass=\"decoration-transparent underline underline-offset-2 group-hover:decoration-inherit group-focus-visible:decoration-inherit transition duration-hover\"\n\t\t>\n\t\t\tEntrenamiento en HazMat\t\t<\/span>\n\n\t\t<span\n\t\t\tclass=\"bg-inherit transition-colors duration-hover group-hover:bg-gold group-focus:bg-gold inline-flex rotate-180 order-first\"\n\t\t>\n\t\t\t<svg xmlns=\"http:\/\/www.w3.org\/2000\/svg\" width=\"21\" height=\"22\" fill=\"none\" viewBox=\"0 0 21 22\"><path stroke=\"currentColor\" stroke-linecap=\"round\" stroke-width=\"2\" d=\"M20 20.75L20 2.25L1.5 2.25L1.5 20.75L20 20.75Z\" clip-rule=\"evenodd\"\/><path stroke=\"currentColor\" stroke-linecap=\"square\" stroke-width=\"2\" d=\"M14.0883 11.5L6.66406 11.5\"\/><path stroke=\"currentColor\" stroke-linecap=\"square\" stroke-width=\"2\" d=\"M11.0723 7.75205L14.8363 11.5L11.0723 15.248\"\/><\/svg>\t\t<\/span>\n\t<\/a><\/div>\n\t\t\t<\/div>\n\t\t\t<\/div>\n<\/header>\n<\/section>\n<div class=\"wp-block-paragraph \">\n<p>El curso de Respuesta de Emergencia a Materiales Peligrosos (ER2HM, por sus siglas en ingl\u00e9s) fue creado para ense\u00f1ar a la comunidad c\u00f3mo planificar y responder a incidentes con materiales peligrosos, adem\u00e1s de capacitar a los miembros de la comunidad sobre c\u00f3mo asistir durante la recuperaci\u00f3n. Fue dise\u00f1ado en torno al <em>enfoque de comunidad integral<\/em>. Este enfoque integra a todos los miembros como socios vitales en la respuesta a desastres naturales y provocados por el hombre. Esta capacitaci\u00f3n es apropiada para los siguientes:   <\/p>\n<\/div><div class=\"wp-block-list\">\n<ul class=\"wp-block-list\">\n<li>Bomberos<\/li>\n\n\n\n<li>T\u00e9cnicos en emergencias m\u00e9dicas<\/li>\n\n\n\n<li>Fuerzas del orden<\/li>\n\n\n\n<li>Equipos especializados de respuesta a emergencias (por ejemplo, materiales peligrosos, b\u00fasqueda y rescate)<\/li>\n\n\n\n<li>Gestores de emergencias<\/li>\n\n\n\n<li>L\u00edderes comunitarios<\/li>\n\n\n\n<li>Organizaciones que atienden a personas con discapacidades<\/li>\n\n\n\n<li>Organizaciones religiosas<\/li>\n\n\n\n<li>Personal de apoyo especializado (por ejemplo, obras p\u00fablicas, industria privada y hospitales)<\/li>\n<\/ul>\n<\/div><div class=\"wp-block-paragraph \">\n<p>ER2HM combina de tres a cuatro horas de formaci\u00f3n basada en la web (prerrequisito) y un programa de formaci\u00f3n m\u00f3vil de dos d\u00edas, centrado en el participante y dirigido por un instructor. Cumple con los requisitos de respuesta a materiales peligrosos y armas de destrucci\u00f3n masiva del Sistema Nacional de Gesti\u00f3n de Incidentes (NIMS), la Administraci\u00f3n de Seguridad y Salud Ocupacional (OSHA 29 CFR 1910.120), la Asociaci\u00f3n Nacional de Protecci\u00f3n contra Incendios (Normas NFPA<sup>\u00ae<\/sup> 1072 y 473), y la Orden Ejecutiva 13650. <\/p>\n<\/div><div class=\"wp-block-paragraph \">\n<p>La relevancia de este curso radica en desarrollar planes de respuesta y recuperaci\u00f3n de emergencias utilizando a toda la comunidad que se ver\u00eda afectada por un incidente. Los miembros de la comunidad capacitados en ER2HM pueden ayudar en la planificaci\u00f3n, asistir en la respuesta y en la recuperaci\u00f3n despu\u00e9s de un incidente. El plan de estudios incluye respuesta a emergencias, servicios m\u00e9dicos de emergencia, evacuaci\u00f3n, preparaci\u00f3n de refugios y suministro de alimentos y agua a los necesitados, entre otras consideraciones que deben ser evacuadas antes de que ocurra un incidente.  <\/p>\n<\/div><div class=\"wp-block-paragraph \">\n<p><a href=\"https:\/\/www.iaff.org\/wp-content\/uploads\/Emergency-Response-to-Hazardous-Materials-Flyer-2022.pdf\" target=\"_blank\" rel=\"noreferrer noopener\">Descargue la descripci\u00f3n del curso aqu\u00ed.<\/a><\/p>\n<\/div>\n<h3 class=\"wp-block-heading\"><strong>Certificaci\u00f3n<\/strong><\/h3>\n<div class=\"wp-block-paragraph \">\n<p>Una vez que un participante completa el curso y obtiene una puntuaci\u00f3n superior al 70% en el examen escrito, recibir\u00e1 un certificado IAFF con un sello Pro Board<sup>\u00ae<\/sup>. IAFF entonces enviar\u00e1 el nombre del participante al Consejo Nacional de Calificaciones Profesionales del Servicio de Bomberos (registro Pro Board<sup>\u00ae<\/sup>) para la certificaci\u00f3n en el nivel de Concienciaci\u00f3n. La certificaci\u00f3n Pro Board<sup>\u00ae<\/sup> conlleva:  <\/p>\n<\/div><div class=\"wp-block-list\">\n<ul class=\"wp-block-list\">\n<li>Reconocimiento por demostrar competencia<\/li>\n\n\n\n<li>Un registro permanente del logro<\/li>\n\n\n\n<li>Transferibilidad\/portabilidad de las cualificaciones, ya que la reciprocidad significa que la certificaci\u00f3n Pro Board<sup>\u00ae<\/sup> ser\u00e1 reconocida por los departamentos de bomberos en todo el pa\u00eds.<\/li>\n<\/ul>\n<\/div>","protected":false},"excerpt":{"rendered":"<p>El curso de Respuesta de Emergencia a Materiales Peligrosos (ER2HM, por sus siglas en ingl\u00e9s) fue creado para ense\u00f1ar a la comunidad c\u00f3mo planificar y responder a incidentes con materiales [&hellip;]<\/p>\n","protected":false},"featured_media":0,"parent":93577,"menu_order":0,"comment_status":"closed","ping_status":"closed","template":"","meta":{"_acf_changed":false,"_searchwp_excluded":"","inline_featured_image":false,"_EventAllDay":false,"_EventTimezone":"","_EventStartDate":"","_EventEndDate":"","_EventStartDateUTC":"","_EventEndDateUTC":"","_EventShowMap":false,"_EventShowMapLink":false,"_EventURL":"","_EventCost":"","_EventCostDescription":"","_EventCurrencySymbol":"","_EventCurrencyCode":"","_EventCurrencyPosition":"","_EventDateTimeSeparator":"","_EventTimeRangeSeparator":"","_EventOrganizerID":[],"_EventVenueID":[],"_OrganizerEmail":"","_OrganizerPhone":"","_OrganizerWebsite":"","_VenueAddress":"","_VenueCity":"","_VenueCountry":"","_VenueProvince":"","_VenueState":"","_VenueZip":"","_VenuePhone":"","_VenueURL":"","_VenueStateProvince":"","_VenueLat":"","_VenueLng":"","_VenueShowMap":false,"_VenueShowMapLink":false,"footnotes":""},"class_list":["post-93594","page","type-page","status-publish","hentry"],"acf":[],"publishpress_future_workflow_manual_trigger":{"enabledWorkflows":[]},"_links":{"self":[{"href":"https:\/\/www.iaff.org\/es\/wp-json\/wp\/v2\/pages\/93594","targetHints":{"allow":["GET"]}}],"collection":[{"href":"https:\/\/www.iaff.org\/es\/wp-json\/wp\/v2\/pages"}],"about":[{"href":"https:\/\/www.iaff.org\/es\/wp-json\/wp\/v2\/types\/page"}],"author":[{"embeddable":true,"href":"https:\/\/www.iaff.org\/es\/wp-json\/wp\/v2\/users\/1"}],"replies":[{"embeddable":true,"href":"https:\/\/www.iaff.org\/es\/wp-json\/wp\/v2\/comments?post=93594"}],"version-history":[{"count":0,"href":"https:\/\/www.iaff.org\/es\/wp-json\/wp\/v2\/pages\/93594\/revisions"}],"up":[{"embeddable":true,"href":"https:\/\/www.iaff.org\/es\/wp-json\/wp\/v2\/pages\/93577"}],"wp:attachment":[{"href":"https:\/\/www.iaff.org\/es\/wp-json\/wp\/v2\/media?parent=93594"}],"curies":[{"name":"wp","href":"https:\/\/api.w.org\/{rel}","templated":true}]}}