{"id":93590,"date":"2024-02-06T11:47:19","date_gmt":"2024-02-06T16:47:19","guid":{"rendered":"https:\/\/www.iaff.org\/entrenamiento-en-hazmat\/rescate-en-espacios-confinados\/"},"modified":"2025-06-20T14:29:52","modified_gmt":"2025-06-20T18:29:52","slug":"rescate-en-espacios-confinados","status":"publish","type":"page","link":"https:\/\/www.iaff.org\/es\/entrenamiento-en-hazmat\/rescate-en-espacios-confinados\/","title":{"rendered":"Rescate en espacios confinados"},"content":{"rendered":"<section\n\t class=\"secondary-hero align wp-block-acf-secondary-hero\" id=\"secondary-hero_block_1f2ac625fca49a5ef30e5d11918e953d\">\n\t\n<header\n\tclass=\"w-full u-bg-full-width px-[22px] md:ps-bleed md:pe-0 py-[60px] bg-smoke-5 text-black u-has-rivets u-rivets-dark\"\n\tdata-theme=\"gray\"\n>\n\t<div class=\"flex flex-col !px-0 !max-w-[1440px] w-full lg:!ps-indent\">\n\t\t<div class=\"border-t-[6px] w-full my-0 flex flex-col md:flex-row gap-x-[62px] gap-y-[22px] border-red\">\n\t\t\t\t\t\t\t<div class=\"relative grid md:order-last md:w-1\/2 overflow-hidden place-items-center aspect-[157\/105]\">\n\t\t\t\t\t<img decoding=\"async\" width=\"400\" height=\"300\" src=\"https:\/\/www.iaff.org\/wp-content\/uploads\/2019\/07\/28985_CSR.2.jpg\" class=\"absolute object-cover min-w-full h-full\" alt=\"\" srcset=\"https:\/\/www.iaff.org\/wp-content\/uploads\/2019\/07\/28985_CSR.2.jpg 400w, https:\/\/www.iaff.org\/wp-content\/uploads\/2019\/07\/28985_CSR.2-300x225.jpg 300w, https:\/\/www.iaff.org\/wp-content\/uploads\/2019\/07\/28985_CSR.2-240x180.jpg 240w\" sizes=\"(max-width: 400px) 100vw, 400px\" \/>\t\t\t\t<\/div>\n\t\t\t\t\t\t<div class=\"w-full md:w-1\/2 md:py-[45px]\">\n\t\t\t\t<div class=\"max-w-[600px] flex flex-col gap-[22px]\">\n\t\t\t\t\t\t\t\t\t\t\t<h1 class=\"has-[.u-halftone-shadow--dark]:mb-divider has-[.u-halftone-shadow--light]:mb-divider\">\n\t\t\t\t\t\t\t<span class=\"inline-flex text-heading-200 u-halftone-shadow--dark\">\n\t\t\t\t\t\t\t\tRescate en espacios confinados\t\t\t\t\t\t\t<\/span>\n\t\t\t\t\t\t<\/h1>\n\t\t\t\t\t\t\t\t\t\t\t\t\t\t\t\t<div class=\"text-body-300 font-sans\">\n\t\t\t\t\t\t\t<p>Acreditado por Pro Board\u00ae \/ 40 horas<\/p>\n\t\t\t\t\t\t<\/div>\n\t\t\t\t\t\t\t\t\t\t\t\t\t\t\t\t\t\t\t\t\t\t\t\t<\/div>\n\t\t\t<\/div>\n\n\t\t<\/div>\n\t\t\t\t\t<div class=\"order-first flex justify-start w-full pb-[22px]\">\n\t\t\t\t<div\n\tclass=\"wp-block-button is-style-tertiary text-smoke is-style-tertiary-back\"\n>\n\t\t\t<a\n\t\t\thref=\"https:\/\/www.iaff.org\/es\/entrenamiento-en-hazmat\/\"\n\t\t\tclass=\"wp-block-button__link wp-element-button group\"\n\t\t\t\t\t>\n\t\t\t<span\n\t\t\tclass=\"decoration-transparent underline underline-offset-2 group-hover:decoration-inherit group-focus-visible:decoration-inherit transition duration-hover\"\n\t\t>\n\t\t\tEntrenamiento en HazMat\t\t<\/span>\n\n\t\t<span\n\t\t\tclass=\"bg-inherit transition-colors duration-hover group-hover:bg-gold group-focus:bg-gold inline-flex rotate-180 order-first\"\n\t\t>\n\t\t\t<svg xmlns=\"http:\/\/www.w3.org\/2000\/svg\" width=\"21\" height=\"22\" fill=\"none\" viewBox=\"0 0 21 22\"><path stroke=\"currentColor\" stroke-linecap=\"round\" stroke-width=\"2\" d=\"M20 20.75L20 2.25L1.5 2.25L1.5 20.75L20 20.75Z\" clip-rule=\"evenodd\"\/><path stroke=\"currentColor\" stroke-linecap=\"square\" stroke-width=\"2\" d=\"M14.0883 11.5L6.66406 11.5\"\/><path stroke=\"currentColor\" stroke-linecap=\"square\" stroke-width=\"2\" d=\"M11.0723 7.75205L14.8363 11.5L11.0723 15.248\"\/><\/svg>\t\t<\/span>\n\t<\/a><\/div>\n\t\t\t<\/div>\n\t\t\t<\/div>\n<\/header>\n<\/section>\n<div class=\"wp-block-paragraph \">\n<p>El curso de Rescate en Espacios Confinados es un programa de formaci\u00f3n de cinco d\u00edas, centrado en el participante y dirigido por un instructor. Este programa tiene como objetivo proporcionar a los participantes informaci\u00f3n b\u00e1sica sobre las respuestas en espacios confinados, adem\u00e1s de pr\u00e1ctica pr\u00e1ctica utilizando el equipo de rescate de su departamento. Los temas incluyen regulaciones y est\u00e1ndares de espacios confinados, equipo de protecci\u00f3n personal, dispositivos de monitoreo y detecci\u00f3n, t\u00e9cnicas de ventilaci\u00f3n y sistemas de recuperaci\u00f3n.  <\/p>\n<\/div><div class=\"wp-block-paragraph \">\n<p>Durante este curso, los participantes aprenden:<\/p>\n<\/div><div class=\"wp-block-list\">\n<ul class=\"wp-block-list\">\n<li>C\u00f3mo la planificaci\u00f3n previa a incidentes puede ayudar a los respondientes a prepararse para incidentes de rescate en espacios confinados<\/li>\n\n\n\n<li>C\u00f3mo realizar una planificaci\u00f3n previa.<\/li>\n\n\n\n<li>Se incluyen historias de casos para ilustrar los peligros y el control de riesgos<\/li>\n\n\n\n<li>Se incluyen demostraciones pr\u00e1cticas para ayudar a ense\u00f1ar habilidades espec\u00edficas de rescate utilizando equipo de ventilaci\u00f3n, equipo de rescate, as\u00ed como t\u00e9cnicas de aislamiento y descontaminaci\u00f3n.<\/li>\n<\/ul>\n<\/div><div class=\"wp-block-paragraph \">\n<p><a href=\"https:\/\/www.iaff.org\/wp-content\/uploads\/Confined-Space-Operations-and-Rescue-Flyer-2022.pdf\" target=\"_blank\" rel=\"noreferrer noopener\">Descargue la descripci\u00f3n del curso aqu\u00ed.<\/a><\/p>\n<\/div>\n<h3 class=\"wp-block-heading\"><strong>Objetivo del curso<\/strong><\/h3>\n<div class=\"wp-block-paragraph \">\n<p>El objetivo del curso es educar a los respondedores de emergencia sobre estrategias para salvaguardar la salud y la seguridad cuando su trabajo implica ingresar en espacios confinados para operaciones de rescate de acuerdo con:<\/p>\n<\/div><div class=\"wp-block-list\">\n<ul class=\"wp-block-list\">\n<li>OSHA 29 CFR 1910.146, espacios confinados que requieren permiso<\/li>\n\n\n\n<li>Asociaci\u00f3n Nacional de Protecci\u00f3n contra Incendios<sup>\u00ae<\/sup> (NFPA<sup>\u00ae<\/sup>) 1670: Norma sobre Operaciones y Capacitaci\u00f3n para Incidentes de B\u00fasqueda y Rescate T\u00e9cnico, Cap\u00edtulo 7: B\u00fasqueda y Rescate en Espacios Confinados<\/li>\n\n\n\n<li>NFPA<sup>\u00ae <\/sup>1006: Norma para la Calificaci\u00f3n Profesional de Rescatistas T\u00e9cnicos, Cap\u00edtulo 7: Rescate en Espacios Confinados<\/li>\n<\/ul>\n<\/div>\n<h3 class=\"wp-block-heading\"><strong>Objetivos del curso<\/strong><\/h3>\n<div class=\"wp-block-paragraph \">\n<p>Al finalizar el curso, los participantes podr\u00e1n realizar lo siguiente en incidentes de rescate en espacios confinados:<\/p>\n<\/div><div class=\"wp-block-list\">\n<ul class=\"wp-block-list\">\n<li>Discutir las regulaciones de espacios confinados<\/li>\n\n\n\n<li>Realizar planificaci\u00f3n previa a incidentes y discutir la importancia de la planificaci\u00f3n previa a incidentes<\/li>\n\n\n\n<li>Monitorear atm\u00f3sferas peligrosas<\/li>\n\n\n\n<li>Discutir los problemas de salud y seguridad relacionados con los peligros de los espacios confinados (por ejemplo, atm\u00f3sferas t\u00f3xicas, inflamables, asfixiantes)<\/li>\n\n\n\n<li>Utilizar dispositivos de ventilaci\u00f3n, equipo de rescate y equipo de protecci\u00f3n personal<\/li>\n\n\n\n<li>Realizar procedimientos avanzados de rescate, comunicaci\u00f3n y descontaminaci\u00f3n en un rescate en espacio confinado<\/li>\n\n\n\n<li>Utilizar equipos de respiraci\u00f3n aut\u00f3noma para realizar un rescate avanzado de una v\u00edctima bajo el est\u00e1ndar NFPA 1006 para T\u00e9cnico de Rescate<\/li>\n\n\n\n<li>Los participantes participar\u00e1n en escenarios de rescate avanzados en espacios confinados reales utilizando las habilidades aprendidas en la clase<\/li>\n<\/ul>\n<\/div>\n<h3 class=\"wp-block-heading\"><strong>Prerrequisitos<\/strong><\/h3>\n<div class=\"wp-block-paragraph \">\n<p>El curso de formaci\u00f3n en l\u00ednea de Rescate en Espacios Confinados (Introducci\u00f3n a Espacios Confinados) est\u00e1 dise\u00f1ado como requisito previo para el curso presencial de Rescate en Espacios Confinados. Este curso introductorio cubre las regulaciones que rigen los espacios confinados y los espacios confinados que requieren permiso. Abordar\u00e1 la definici\u00f3n de espacios confinados y los peligros inherentes, adem\u00e1s, cubrir\u00e1 en detalle el T\u00edtulo 29 del C\u00f3digo de Regulaciones Federales Parte 1910.146 &#8211; Espacios Confinados que Requieren Permiso.  <\/p>\n<\/div><div class=\"wp-block-paragraph \">\n<p>Para asistir al curso presencial de Rescate en Espacios Confinados, debe completar con \u00e9xito este curso con al menos un 70% en la prueba posterior.<\/p>\n<\/div>\n<h3 class=\"wp-block-heading\"><strong>Medidas de rendimiento<\/strong><\/h3>\n<div class=\"wp-block-paragraph \">\n<p>Los participantes deben demostrar dominio de los objetivos del curso completando la prueba posterior, la pr\u00e1ctica de habilidades pr\u00e1cticas y uno o m\u00e1s ejercicios pr\u00e1cticos simulados. La prueba posterior incluye 50 \u00edtems de opci\u00f3n m\u00faltiple. <\/p>\n<\/div>\n<h3 class=\"wp-block-heading\"><strong>Certificaci\u00f3n<\/strong><\/h3>\n<div class=\"wp-block-paragraph \">\n<p>Una vez que un participante completa el curso, incluida la evaluaci\u00f3n de desempe\u00f1o (habilidades), y obtiene una puntuaci\u00f3n superior al 70% en el examen escrito, recibir\u00e1 un certificado de IAFF con un sello Pro Board<sup>\u00ae<\/sup>. IAFF luego enviar\u00e1 el nombre del participante a la Junta Nacional de Calificaciones Profesionales del Servicio de Bomberos (registro Pro Board) para la certificaci\u00f3n a nivel de T\u00e9cnico en Espacios Confinados. La certificaci\u00f3n Pro Board<sup>\u00ae<\/sup> tiene validez:  <\/p>\n<\/div><div class=\"wp-block-list\">\n<ul class=\"wp-block-list\">\n<li>Reconocimiento por demostrar competencia<\/li>\n\n\n\n<li>Un registro permanente del logro<\/li>\n\n\n\n<li>Transferibilidad\/portabilidad de las cualificaciones, ya que la reciprocidad significa que la certificaci\u00f3n Pro Board<sup>\u00ae<\/sup> ser\u00e1 reconocida por los departamentos de bomberos en todo el pa\u00eds.<\/li>\n<\/ul>\n<\/div>","protected":false},"excerpt":{"rendered":"<p>El curso de Rescate en Espacios Confinados es un programa de formaci\u00f3n de cinco d\u00edas, centrado en el participante y dirigido por un instructor. Este programa tiene como objetivo proporcionar [&hellip;]<\/p>\n","protected":false},"featured_media":0,"parent":93577,"menu_order":0,"comment_status":"closed","ping_status":"closed","template":"","meta":{"_acf_changed":false,"_searchwp_excluded":"","inline_featured_image":false,"_EventAllDay":false,"_EventTimezone":"","_EventStartDate":"","_EventEndDate":"","_EventStartDateUTC":"","_EventEndDateUTC":"","_EventShowMap":false,"_EventShowMapLink":false,"_EventURL":"","_EventCost":"","_EventCostDescription":"","_EventCurrencySymbol":"","_EventCurrencyCode":"","_EventCurrencyPosition":"","_EventDateTimeSeparator":"","_EventTimeRangeSeparator":"","_EventOrganizerID":[],"_EventVenueID":[],"_OrganizerEmail":"","_OrganizerPhone":"","_OrganizerWebsite":"","_VenueAddress":"","_VenueCity":"","_VenueCountry":"","_VenueProvince":"","_VenueState":"","_VenueZip":"","_VenuePhone":"","_VenueURL":"","_VenueStateProvince":"","_VenueLat":"","_VenueLng":"","_VenueShowMap":false,"_VenueShowMapLink":false,"footnotes":""},"class_list":["post-93590","page","type-page","status-publish","hentry"],"acf":[],"publishpress_future_workflow_manual_trigger":{"enabledWorkflows":[]},"_links":{"self":[{"href":"https:\/\/www.iaff.org\/es\/wp-json\/wp\/v2\/pages\/93590","targetHints":{"allow":["GET"]}}],"collection":[{"href":"https:\/\/www.iaff.org\/es\/wp-json\/wp\/v2\/pages"}],"about":[{"href":"https:\/\/www.iaff.org\/es\/wp-json\/wp\/v2\/types\/page"}],"author":[{"embeddable":true,"href":"https:\/\/www.iaff.org\/es\/wp-json\/wp\/v2\/users\/1"}],"replies":[{"embeddable":true,"href":"https:\/\/www.iaff.org\/es\/wp-json\/wp\/v2\/comments?post=93590"}],"version-history":[{"count":0,"href":"https:\/\/www.iaff.org\/es\/wp-json\/wp\/v2\/pages\/93590\/revisions"}],"up":[{"embeddable":true,"href":"https:\/\/www.iaff.org\/es\/wp-json\/wp\/v2\/pages\/93577"}],"wp:attachment":[{"href":"https:\/\/www.iaff.org\/es\/wp-json\/wp\/v2\/media?parent=93590"}],"curies":[{"name":"wp","href":"https:\/\/api.w.org\/{rel}","templated":true}]}}