{"id":93488,"date":"2024-02-11T17:13:48","date_gmt":"2024-02-11T22:13:48","guid":{"rendered":"https:\/\/www.iaff.org\/codigo-de-construccion-de-edificios-y-seguridad-contra-incendios\/el-entorno-laboral\/"},"modified":"2025-06-20T14:35:40","modified_gmt":"2025-06-20T18:35:40","slug":"el-entorno-laboral","status":"publish","type":"page","link":"https:\/\/www.iaff.org\/es\/codigo-de-construccion-de-edificios-y-seguridad-contra-incendios\/el-entorno-laboral\/","title":{"rendered":"El entorno laboral"},"content":{"rendered":"<section\n\t class=\"secondary-hero align wp-block-acf-secondary-hero\" id=\"secondary-hero_block_bb292ef14b9e86022d944ae6ff8386dd\">\n\t\n<header\n\tclass=\"w-full u-bg-full-width px-[22px] md:ps-bleed md:pe-0 py-[60px] bg-smoke-5 text-black u-has-rivets u-rivets-dark\"\n\tdata-theme=\"gray\"\n>\n\t<div class=\"flex flex-col !px-0 !max-w-[1440px] w-full lg:!ps-indent\">\n\t\t<div class=\"border-t-[6px] w-full my-0 flex flex-col md:flex-row gap-x-[62px] gap-y-[22px] border-red\">\n\t\t\t\t\t\t<div class=\"w-full md:w-1\/2 md:py-[45px]\">\n\t\t\t\t<div class=\"max-w-[600px] flex flex-col gap-[22px]\">\n\t\t\t\t\t\t\t\t\t\t\t<h1 class=\"has-[.u-halftone-shadow--dark]:mb-divider has-[.u-halftone-shadow--light]:mb-divider pt-[22px] md:pt-0\">\n\t\t\t\t\t\t\t<span class=\"inline-flex text-heading-200 u-halftone-shadow--dark\">\n\t\t\t\t\t\t\t\tEl entorno laboral\t\t\t\t\t\t\t<\/span>\n\t\t\t\t\t\t<\/h1>\n\t\t\t\t\t\t\t\t\t\t\t\t\t\t\t\t<div class=\"text-body-300 font-sans\">\n\t\t\t\t\t\t\t<p>Aprenda de ejemplos reales sobre c\u00f3mo la redundancia a trav\u00e9s de los c\u00f3digos de incendios puede crear un entorno laboral seguro para los bomberos.<\/p>\n\t\t\t\t\t\t<\/div>\n\t\t\t\t\t\t\t\t\t\t\t\t\t\t\t\t\t\t\t\t\t\t\t\t<\/div>\n\t\t\t<\/div>\n\n\t\t<\/div>\n\t\t\t\t\t<div class=\"order-first flex justify-start w-full pb-[22px]\">\n\t\t\t\t<div\n\tclass=\"wp-block-button is-style-tertiary text-smoke is-style-tertiary-back\"\n>\n\t\t\t<a\n\t\t\thref=\"https:\/\/www.iaff.org\/es\/codigo-de-construccion-de-edificios-y-seguridad-contra-incendios\/\"\n\t\t\tclass=\"wp-block-button__link wp-element-button group\"\n\t\t\t\t\t>\n\t\t\t<span\n\t\t\tclass=\"decoration-transparent underline underline-offset-2 group-hover:decoration-inherit group-focus-visible:decoration-inherit transition duration-hover\"\n\t\t>\n\t\t\tC\u00f3digo de construcci\u00f3n de edificios y seguridad contra incendios\t\t<\/span>\n\n\t\t<span\n\t\t\tclass=\"bg-inherit transition-colors duration-hover group-hover:bg-gold group-focus:bg-gold inline-flex rotate-180 order-first\"\n\t\t>\n\t\t\t<svg xmlns=\"http:\/\/www.w3.org\/2000\/svg\" width=\"21\" height=\"22\" fill=\"none\" viewBox=\"0 0 21 22\"><path stroke=\"currentColor\" stroke-linecap=\"round\" stroke-width=\"2\" d=\"M20 20.75L20 2.25L1.5 2.25L1.5 20.75L20 20.75Z\" clip-rule=\"evenodd\"\/><path stroke=\"currentColor\" stroke-linecap=\"square\" stroke-width=\"2\" d=\"M14.0883 11.5L6.66406 11.5\"\/><path stroke=\"currentColor\" stroke-linecap=\"square\" stroke-width=\"2\" d=\"M11.0723 7.75205L14.8363 11.5L11.0723 15.248\"\/><\/svg>\t\t<\/span>\n\t<\/a><\/div>\n\t\t\t<\/div>\n\t\t\t<\/div>\n<\/header>\n<\/section>\n<section\n\t class=\"page-blocks iaff-page-blocks align wp-block-acf-page-blocks\" id=\"page-blocks_block_f4f3e32a312def7d2b2420a7b6db2704\">\n\t<div class=\"acf-innerblocks-container\">\n<section\n\t class=\"section-header mb-10 align wp-block-acf-section-header\" id=\"section-header_block_9cf38e6055759de98a8d9fdcbb6b1547\">\n\t<div class=\"\">\n\t<div class=\"flex flex-col md:flex-row justify-between max-w-content gap-x-8 md:items-end flex-wrap\">\n\t\t<h2 class=\"text-heading-200 pb-[2px]\">\n\t\t\tAprendiendo de tragedias pasadas\t\t<\/h2>\n\n\t\t\t\t\t<div class=\"md:order-last w-full\">\n\t\t\t\t\n\n\t<div class=\"h-divider w-full bg-halftone-divider bg-right\"><\/div>\n\t\t\t<\/div>\n\t\t\n\t\t\t<\/div>\n<\/div>\n<\/section>\n\n\n<div class=\"wp-block-paragraph \">\n<p>Revisar las lecciones aprendidas de investigaciones de accidentes anteriores demuestra el papel cr\u00edtico que desempe\u00f1an los c\u00f3digos de construcci\u00f3n en mantener la seguridad de los bomberos en el escenario de un incendio:<\/p>\n<\/div>\n\n<div class=\"wp-block-list\">\n<ul class=\"wp-block-list\">\n<li><a href=\"https:\/\/www.cdc.gov\/niosh\/fire\/reports\/face200626.html\" target=\"_blank\" rel=\"noreferrer noopener\">Un bombero fallece y otro sufre lesiones que ponen fin a su carrera<\/a> mientras combaten un incendio dom\u00e9stico en Wisconsin cuando el suelo bajo ellos se derrumb\u00f3. El piso de la vivienda estaba soportado por una combinaci\u00f3n de sistemas de vigas de madera de cuerda paralela ligera y conectadas con placas met\u00e1licas que no estaban protegidas contra incendios. <\/li>\n\n\n\n<li><a href=\"https:\/\/www.cdc.gov\/niosh\/fire\/pdfs\/face200013.pdf\" target=\"_blank\" rel=\"noreferrer noopener\">Dos bomberos profesionales fallecieron en un incendio en un restaurante de comida r\u00e1pida en Texas<\/a> despu\u00e9s de que el fuego se propagara al techo y a los espacios del \u00e1tico, provocando el colapso del edificio. El restaurante no contaba con un sistema de rociadores, y no se le exig\u00eda tener uno, seg\u00fan el c\u00f3digo de construcci\u00f3n obsoleto de la ciudad. <\/li>\n<\/ul>\n<\/div>\n\n<div class=\"wp-block-paragraph \">\n<p>\u00bfC\u00f3mo puede el servicio de bomberos garantizar que tragedias como estas no vuelvan a ocurrir? Involucr\u00e1ndose en los procedimientos locales de adopci\u00f3n y aplicaci\u00f3n de c\u00f3digos de incendios y construcci\u00f3n para asegurar que nuestros c\u00f3digos: <\/p>\n<\/div>\n\n<div class=\"wp-block-list\">\n<ul class=\"wp-block-list\">\n<li>Reflejen la investigaci\u00f3n m\u00e1s reciente sobre seguridad contra incendios<\/li>\n\n\n\n<li>Aborden los peligros emergentes asociados con el dise\u00f1o de edificios ecol\u00f3gicos y materiales de construcci\u00f3n ligeros<\/li>\n\n\n\n<li>Sean adoptados por las jurisdicciones locales<\/li>\n\n\n\n<li>Sean debidamente aplicados con consecuencias para los propietarios que no cumplan<\/li>\n\n\n\n<li>Sean robustos e incorporen todos los aspectos de la seguridad contra incendios<\/li>\n<\/ul>\n<\/div>\n\n<div class=\"wp-block-paragraph \">\n<p><a href=\"https:\/\/www.iaff.org\/es\/codigo-de-construccion-de-edificios-y-seguridad-contra-incendios\/socios\/\" data-type=\"page\" data-id=\"59205\">Haga clic aqu\u00ed<\/a> para aprender c\u00f3mo involucrarse.<\/p>\n<\/div>\n\n<section\n\t class=\"section-header mb-10 align wp-block-acf-section-header\" id=\"section-header_block_92209a0a785a76db6487624ee4e70dd2\">\n\t<div class=\"\">\n\t<div class=\"flex flex-col md:flex-row justify-between max-w-content gap-x-8 md:items-end flex-wrap\">\n\t\t<h2 class=\"text-heading-200 pb-[2px]\">\n\t\t\tC\u00f3mo los c\u00f3digos mejoran su entorno laboral\t\t<\/h2>\n\n\t\t\t\t\t<div class=\"md:order-last w-full\">\n\t\t\t\t\n\n\t<div class=\"h-divider w-full bg-halftone-divider bg-right\"><\/div>\n\t\t\t<\/div>\n\t\t\n\t\t\t<\/div>\n<\/div>\n<\/section>\n\n\n<div class=\"wp-block-paragraph \">\n<p><img decoding=\"async\" width=\"450\" height=\"450\" class=\"wp-image-6456\" style=\"width: 450px;\" src=\"https:\/\/www.iaff.org\/wp-content\/uploads\/2019\/05\/building-code-regs.png\" alt=\"\"\/><\/p>\n<\/div>\n\n<div class=\"wp-block-paragraph \">\n<p>Los bomberos a menudo se preguntan por qu\u00e9 deber\u00edan preocuparse por los c\u00f3digos de construcci\u00f3n o incendios si su trabajo es apagar incendios. Sin embargo, como muestra este gr\u00e1fico, los c\u00f3digos impactan el entorno laboral de un bombero de muchas maneras. <\/p>\n<\/div>\n\n<div class=\"wp-block-list\">\n<ul class=\"wp-block-list\">\n<li>\u00bfEst\u00e1n los bomberos preocupados por la ventilaci\u00f3n? Los sistemas de ventilaci\u00f3n requeridos se pueden encontrar en los c\u00f3digos. <\/li>\n\n\n\n<li>\u00bfLes importa a los bomberos si los sistemas de supresi\u00f3n autom\u00e1tica est\u00e1n instalados y mantenidos? Puede encontrar los requisitos de instalaci\u00f3n y mantenimiento en los c\u00f3digos. <\/li>\n<\/ul>\n<\/div>\n\n<div class=\"wp-block-paragraph \">\n<p>Todos los temas descritos en el gr\u00e1fico de regulaciones del c\u00f3digo de construcci\u00f3n pueden impactar el entorno laboral y la seguridad de un bombero. Y cada uno est\u00e1 abordado en los c\u00f3digos y normas. Al cambiar el c\u00f3digo de construcci\u00f3n, est\u00e1 cambiando su entorno laboral y creando un entorno de trabajo m\u00e1s seguro para usted y sus colegas.  <\/p>\n<\/div>\n\n<section\n\t class=\"section-header mb-10 align wp-block-acf-section-header\" id=\"section-header_block_c46f9cf728e9160cf9cfe7d7079a735d\">\n\t<div class=\"\">\n\t<div class=\"flex flex-col md:flex-row justify-between max-w-content gap-x-8 md:items-end flex-wrap\">\n\t\t<h2 class=\"text-heading-200 pb-[2px]\">\n\t\t\tRedundancia\t\t<\/h2>\n\n\t\t\t\t\t<div class=\"md:order-last w-full\">\n\t\t\t\t\n\n\t<div class=\"h-divider w-full bg-halftone-divider bg-right\"><\/div>\n\t\t\t<\/div>\n\t\t\n\t\t\t<\/div>\n<\/div>\n<\/section>\n\n\n<div class=\"wp-block-paragraph \">\n<p>Cuando los tres elementos de la seguridad contra incendios (detecci\u00f3n, prevenci\u00f3n y supresi\u00f3n) se abordan en los c\u00f3digos de construcci\u00f3n, el resultado es un edificio m\u00e1s seguro para los ocupantes y un lugar de trabajo m\u00e1s seguro para los bomberos. Se necesita cada nivel disponible de protecci\u00f3n contra incendios para lograr un edificio seguro. Esto se denomina redundancia, un concepto en ingenier\u00eda de seguridad que garantiza que un sistema funcione correctamente incluso si una parte falla. El mismo concepto puede aplicarse a los c\u00f3digos de construcci\u00f3n. Un c\u00f3digo de construcci\u00f3n que solo aborda la supresi\u00f3n de incendios pero no la detecci\u00f3n y prevenci\u00f3n de incendios no es un c\u00f3digo eficaz y puede conducir al colapso del edificio y la p\u00e9rdida de vidas.    <\/p>\n<\/div>\n<\/div><\/section>\n","protected":false},"excerpt":{"rendered":"","protected":false},"featured_media":0,"parent":93468,"menu_order":0,"comment_status":"closed","ping_status":"closed","template":"","meta":{"_acf_changed":false,"_searchwp_excluded":"","inline_featured_image":false,"_EventAllDay":false,"_EventTimezone":"","_EventStartDate":"","_EventEndDate":"","_EventStartDateUTC":"","_EventEndDateUTC":"","_EventShowMap":false,"_EventShowMapLink":false,"_EventURL":"","_EventCost":"","_EventCostDescription":"","_EventCurrencySymbol":"","_EventCurrencyCode":"","_EventCurrencyPosition":"","_EventDateTimeSeparator":"","_EventTimeRangeSeparator":"","_EventOrganizerID":[],"_EventVenueID":[],"_OrganizerEmail":"","_OrganizerPhone":"","_OrganizerWebsite":"","_VenueAddress":"","_VenueCity":"","_VenueCountry":"","_VenueProvince":"","_VenueState":"","_VenueZip":"","_VenuePhone":"","_VenueURL":"","_VenueStateProvince":"","_VenueLat":"","_VenueLng":"","_VenueShowMap":false,"_VenueShowMapLink":false,"footnotes":""},"class_list":["post-93488","page","type-page","status-publish","hentry"],"acf":[],"publishpress_future_workflow_manual_trigger":{"enabledWorkflows":[]},"_links":{"self":[{"href":"https:\/\/www.iaff.org\/es\/wp-json\/wp\/v2\/pages\/93488","targetHints":{"allow":["GET"]}}],"collection":[{"href":"https:\/\/www.iaff.org\/es\/wp-json\/wp\/v2\/pages"}],"about":[{"href":"https:\/\/www.iaff.org\/es\/wp-json\/wp\/v2\/types\/page"}],"author":[{"embeddable":true,"href":"https:\/\/www.iaff.org\/es\/wp-json\/wp\/v2\/users\/10"}],"replies":[{"embeddable":true,"href":"https:\/\/www.iaff.org\/es\/wp-json\/wp\/v2\/comments?post=93488"}],"version-history":[{"count":0,"href":"https:\/\/www.iaff.org\/es\/wp-json\/wp\/v2\/pages\/93488\/revisions"}],"up":[{"embeddable":true,"href":"https:\/\/www.iaff.org\/es\/wp-json\/wp\/v2\/pages\/93468"}],"wp:attachment":[{"href":"https:\/\/www.iaff.org\/es\/wp-json\/wp\/v2\/media?parent=93488"}],"curies":[{"name":"wp","href":"https:\/\/api.w.org\/{rel}","templated":true}]}}