{"id":93476,"date":"2024-02-11T16:33:33","date_gmt":"2024-02-11T21:33:33","guid":{"rendered":"https:\/\/www.iaff.org\/codigo-de-construccion-de-edificios-y-seguridad-contra-incendios\/educacion\/"},"modified":"2025-06-20T14:35:26","modified_gmt":"2025-06-20T18:35:26","slug":"educacion","status":"publish","type":"page","link":"https:\/\/www.iaff.org\/es\/codigo-de-construccion-de-edificios-y-seguridad-contra-incendios\/educacion\/","title":{"rendered":"Educaci\u00f3n"},"content":{"rendered":"<section\n\t class=\"secondary-hero align wp-block-acf-secondary-hero\" id=\"secondary-hero_block_6729f95ca37bf9467270d9e1a3cf0b78\">\n\t\n<header\n\tclass=\"w-full u-bg-full-width px-[22px] md:ps-bleed md:pe-0 py-[60px] bg-smoke-5 text-black u-has-rivets u-rivets-dark\"\n\tdata-theme=\"gray\"\n>\n\t<div class=\"flex flex-col !px-0 !max-w-[1440px] w-full lg:!ps-indent\">\n\t\t<div class=\"border-t-[6px] w-full my-0 flex flex-col md:flex-row gap-x-[62px] gap-y-[22px] border-red\">\n\t\t\t\t\t\t\t<div class=\"relative grid md:order-last md:w-1\/2 overflow-hidden place-items-center max-h-[500px]\">\n\t\t\t\t\t<img decoding=\"async\" width=\"400\" height=\"299\" src=\"https:\/\/www.iaff.org\/wp-content\/uploads\/Code_Resource\/fire-research-facility.jpg\" class=\"max-w-full\" alt=\"\" srcset=\"https:\/\/www.iaff.org\/wp-content\/uploads\/Code_Resource\/fire-research-facility.jpg 400w, https:\/\/www.iaff.org\/wp-content\/uploads\/Code_Resource\/fire-research-facility-300x224.jpg 300w, https:\/\/www.iaff.org\/wp-content\/uploads\/Code_Resource\/fire-research-facility-240x179.jpg 240w\" sizes=\"(max-width: 400px) 100vw, 400px\" \/>\t\t\t\t<\/div>\n\t\t\t\t\t\t<div class=\"w-full md:w-1\/2 md:py-[45px]\">\n\t\t\t\t<div class=\"max-w-[600px] flex flex-col gap-[22px]\">\n\t\t\t\t\t\t\t\t\t\t\t<h1 class=\"has-[.u-halftone-shadow--dark]:mb-divider has-[.u-halftone-shadow--light]:mb-divider\">\n\t\t\t\t\t\t\t<span class=\"inline-flex text-heading-200 u-halftone-shadow--dark\">\n\t\t\t\t\t\t\t\tEducaci\u00f3n\t\t\t\t\t\t\t<\/span>\n\t\t\t\t\t\t<\/h1>\n\t\t\t\t\t\t\t\t\t\t\t\t\t\t\t\t\t\t\t\t\t\t\t\t\t\t\t\t\t<\/div>\n\t\t\t<\/div>\n\n\t\t<\/div>\n\t\t\t\t\t<div class=\"order-first flex justify-start w-full pb-[22px]\">\n\t\t\t\t<div\n\tclass=\"wp-block-button is-style-tertiary text-smoke is-style-tertiary-back\"\n>\n\t\t\t<a\n\t\t\thref=\"https:\/\/www.iaff.org\/es\/codigo-de-construccion-de-edificios-y-seguridad-contra-incendios\/\"\n\t\t\tclass=\"wp-block-button__link wp-element-button group\"\n\t\t\t\t\t>\n\t\t\t<span\n\t\t\tclass=\"decoration-transparent underline underline-offset-2 group-hover:decoration-inherit group-focus-visible:decoration-inherit transition duration-hover\"\n\t\t>\n\t\t\tC\u00f3digo de construcci\u00f3n de edificios y seguridad contra incendios\t\t<\/span>\n\n\t\t<span\n\t\t\tclass=\"bg-inherit transition-colors duration-hover group-hover:bg-gold group-focus:bg-gold inline-flex rotate-180 order-first\"\n\t\t>\n\t\t\t<svg xmlns=\"http:\/\/www.w3.org\/2000\/svg\" width=\"21\" height=\"22\" fill=\"none\" viewBox=\"0 0 21 22\"><path stroke=\"currentColor\" stroke-linecap=\"round\" stroke-width=\"2\" d=\"M20 20.75L20 2.25L1.5 2.25L1.5 20.75L20 20.75Z\" clip-rule=\"evenodd\"\/><path stroke=\"currentColor\" stroke-linecap=\"square\" stroke-width=\"2\" d=\"M14.0883 11.5L6.66406 11.5\"\/><path stroke=\"currentColor\" stroke-linecap=\"square\" stroke-width=\"2\" d=\"M11.0723 7.75205L14.8363 11.5L11.0723 15.248\"\/><\/svg>\t\t<\/span>\n\t<\/a><\/div>\n\t\t\t<\/div>\n\t\t\t<\/div>\n<\/header>\n<\/section>\n<section\n\t class=\"page-blocks iaff-page-blocks align wp-block-acf-page-blocks\" id=\"page-blocks_block_2c4dd23fc40d8356358b04ac581d4928\">\n\t<div class=\"acf-innerblocks-container\">\n<div class=\"wp-block-paragraph \">\n<p>Esta p\u00e1gina resume los estudios de investigaci\u00f3n sobre el comportamiento del fuego que pueden utilizarse para respaldar c\u00f3digos de construcci\u00f3n m\u00e1s seguros. Conozca c\u00f3mo se lleva a cabo esta investigaci\u00f3n y c\u00f3mo sus experiencias como bombero pueden contribuir al conocimiento sobre el comportamiento del fuego y las t\u00e1cticas de extinci\u00f3n de incendios. <\/p>\n<\/div>\n\n<div class=\"wp-block-paragraph \">\n<p>Esta p\u00e1gina tambi\u00e9n proporciona enlaces a los v\u00eddeos did\u00e1cticos en el Sistema de Gesti\u00f3n del Aprendizaje (LMS) de IAFF sobre diversos temas relacionados con los c\u00f3digos de construcci\u00f3n, incluyendo iniciativas de construcci\u00f3n ecol\u00f3gica, lecciones aprendidas de tragedias pasadas, el proceso de desarrollo de c\u00f3digos para el ICC y la NFPA, y c\u00f3mo participar en las reuniones locales de audiencias sobre c\u00f3digos.<\/p>\n<\/div>\n\n<section\n\t class=\"section-header mb-10 align wp-block-acf-section-header\" id=\"section-header_block_f2ca4175ea51c19359f17f935e388bd7\">\n\t<div class=\"\">\n\t<div class=\"flex flex-col md:flex-row justify-between max-w-content gap-x-8 md:items-end flex-wrap\">\n\t\t<h2 class=\"text-heading-200 pb-[2px]\">\n\t\t\tInvestigaci\u00f3n sobre el comportamiento del fuego\t\t<\/h2>\n\n\t\t\t\t\t<div class=\"md:order-last w-full\">\n\t\t\t\t\n\t<hr class=\"h-[6px] text-red border-red bg-red w-full my-0\" role=\"presentation\"\/>\n\n\t<div class=\"h-divider w-full bg-halftone-divider bg-right\"><\/div>\n\t\t\t<\/div>\n\t\t\n\t\t\t<\/div>\n<\/div>\n<\/section>\n\n\n<div class=\"wp-block-paragraph \">\n<p>La redacci\u00f3n de nuevos c\u00f3digos de construcci\u00f3n y de incendios requiere datos de base de organizaciones de investigaci\u00f3n acreditadas que realizan quemas controladas para medir los efectos de los materiales de construcci\u00f3n ligeros, la tapicer\u00eda de muebles, los materiales de construcci\u00f3n, el dise\u00f1o de viviendas y las estructuras de soporte de techos en el comportamiento del fuego. Recuerde siempre verificar la fuente de la investigaci\u00f3n antes de incluir los resultados en sus propuestas de c\u00f3digos. Las organizaciones de investigaci\u00f3n cre\u00edbles hacen m\u00e1s que simplemente incendiar materiales; controlan m\u00faltiples factores ambientales para medir el impacto directo de un material de construcci\u00f3n o una t\u00e1ctica de extinci\u00f3n de incendios. Las clasificaciones de resistencia al fuego de los materiales de construcci\u00f3n y mobiliario deben ser evaluadas utilizando normas espec\u00edficas \u00fanicamente por laboratorios certificados.   <\/p>\n<\/div>\n\n<div class=\"wp-block-paragraph \">\n<p>Los estudios de investigaci\u00f3n tambi\u00e9n pueden llevarse a cabo en instalaciones de entrenamiento contra incendios para simular situaciones reales y el uso de acelerantes, cargas de ocupaci\u00f3n, problemas de mantenimiento de edificios y t\u00e9cnicas de ventilaci\u00f3n.<\/p>\n<\/div>\n\n<div class=\"wp-block-paragraph \">\n<p>Como miembros de IAFF, ustedes tienen experiencia de primera mano en el entorno del fuego y las t\u00e1cticas de extinci\u00f3n de incendios, algo que ning\u00fan estudio puede simular. Utilicen sus conocimientos para complementar los datos de los estudios sobre el comportamiento del fuego y respaldar c\u00f3digos de construcci\u00f3n y de incendios que den como resultado edificios estructuralmente s\u00f3lidos que proporcionen a los ocupantes tiempo suficiente para escapar y a los bomberos tiempo suficiente para realizar su trabajo de manera segura. <\/p>\n<\/div>\n\n<section\n\t class=\"section-header mb-10 align wp-block-acf-section-header\" id=\"section-header_block_10f5a492687a9a4b69e73a6f98961db5\">\n\t<div class=\"\">\n\t<div class=\"flex flex-col md:flex-row justify-between max-w-content gap-x-8 md:items-end flex-wrap\">\n\t\t<h2 class=\"text-heading-200 pb-[2px]\">\n\t\t\tEstudios sobre el comportamiento del fuego\t\t<\/h2>\n\n\t\t\t\t\t<div class=\"md:order-last w-full\">\n\t\t\t\t\n\t<hr class=\"h-[6px] text-red border-red bg-red w-full my-0\" role=\"presentation\"\/>\n\n\t<div class=\"h-divider w-full bg-halftone-divider bg-right\"><\/div>\n\t\t\t<\/div>\n\t\t\n\t\t\t<\/div>\n<\/div>\n<\/section>\n\n\n<div class=\"wp-block-paragraph \">\n<p>A continuaci\u00f3n se presentan estudios de investigaci\u00f3n sobre componentes de construcci\u00f3n, propagaci\u00f3n de llamas, comportamiento del humo y muertes de bomberos debido a colapsos estructurales. Examine los estudios a continuaci\u00f3n y reflexione sobre c\u00f3mo los datos pueden ayudarle a abogar por c\u00f3digos m\u00e1s seguros en su ciudad o localidad: <\/p>\n<\/div>\n\n<section\n\t class=\"card-grid pt-5 align wp-block-acf-card-grid\" id=\"card-grid_block_d3d98103b1d8ae1243ffc9377d566ff8\">\n\t\n\t<div class=\"iaff-card-grid md:px-indent\">\n\t\t\t\t<div class=\"acf-innerblocks-container\">\n<article\n\t class=\"link-card flex align wp-block-acf-link-card\" id=\"link-card_block_2ae17394855975c8992d69f6181fcd53\">\n\t<a href=\"https:\/\/fsri.org\/research\/structural-stability-engineered-lumber-fire-conditions\" target=\"_blank\" class=\"p-0 flex flex-col w-full h-full group no-underline\" rel=\"noopener\">\t<div class=\"bg-halftone-dark p-3 min-h-divider w-full grid place-items-center\"><\/div>\n\t<div class=\"relative px-10 py-9 bg-smoke\/5 text-body-500 flex flex-col gap-card-gap flex-1 transition duration-hover group-hover:bg-white\">\n\t\t\t\t\t<h4 class=\"text-heading-400-serif\">\n\t\t\t\tEstabilidad estructural de la madera de ingenier\u00eda en condiciones de incendio\t\t\t<\/h4>\n\t\t\t\t<div class=\"relative flex flex-col flex-1 gap-card-gap text-body-500 justify-start min-h-[120px]\">\n\t\t\t\t\t\t\t\t\t\t<div class=\"flex-grow-1 text-body-500\">\n\t\t\t\t\tUL, en colaboraci\u00f3n con el Departamento de Bomberos de Chicago, la Universidad Estatal de Michigan y la Asociaci\u00f3n Internacional de Jefes de Bomberos, complet\u00f3 un estudio de investigaci\u00f3n sobre incendios para comprender los peligros que plantea el uso de construcci\u00f3n ligera de cerchas de madera y madera de ingenier\u00eda en dise\u00f1os de techos y pisos.\t\t\t\t<\/div>\n\t\t\t\t\t\t\t\t\t\t<div class=\"mt-auto group-hover\">\n\t\t\t\t\t<!-- Renders the same as core\/button with a specific style -->\n\t<div>\n\t\t\t\t\t<div\n\t\t\t\tclass=\"inline-flex gap-[16px] items-center text-inherit text-button-300 decoration-transparent underline underline-offset-2 transition-colors duration-hover group-hover:decoration-current group-focus-visible:decoration-current\"\n\t\t\t>\n\t\t\t\t<span>\n\t\t\t\t\tVer\t\t\t\t<\/span>\n\t\t\t\t<svg xmlns=\"http:\/\/www.w3.org\/2000\/svg\" width=\"15\" height=\"15\" fill=\"none\" viewBox=\"0 0 15 15\"><path stroke=\"currentColor\" stroke-linecap=\"square\" stroke-width=\"2\" d=\"M11.6347 7.49976L1 7.49976\"\/><path stroke=\"currentColor\" stroke-linecap=\"square\" stroke-width=\"2\" d=\"M7.31445 2.13138L12.7061 7.50014L7.31445 12.8689\"\/><\/svg>\t\t\t<\/div>\n\t\t\t<\/div>\n\t\t\t\t<\/div>\n\t\t\t\t\t<\/div>\n\t<\/div>\n\t<\/a><\/article>\n\n\n<article\n\t class=\"link-card flex align wp-block-acf-link-card\" id=\"link-card_block_58a3a108d022069e0fb2ece027866339\">\n\t<a href=\"https:\/\/d1gi3fvbl0xj2a.cloudfront.net\/files\/2021-07\/Positive_Pressure_Ventilation_FD_Summary_Report_Website.pdf\" target=\"_blank\" class=\"p-0 flex flex-col w-full h-full group no-underline\" rel=\"noopener\">\t<div class=\"bg-halftone-dark p-3 min-h-divider w-full grid place-items-center\"><\/div>\n\t<div class=\"relative px-10 py-9 bg-smoke\/5 text-body-500 flex flex-col gap-card-gap flex-1 transition duration-hover group-hover:bg-white\">\n\t\t\t\t\t<h4 class=\"text-heading-400-serif\">\n\t\t\t\tEficacia de la ventilaci\u00f3n por presi\u00f3n positiva del servicio de bomberos durante el ataque contra incendios en viviendas unifamiliares\t\t\t<\/h4>\n\t\t\t\t<div class=\"relative flex flex-col flex-1 gap-card-gap text-body-500 justify-start min-h-[120px]\">\n\t\t\t\t\t\t\t\t\t\t<div class=\"flex-grow-1 text-body-500\">\n\t\t\t\t\tEn colaboraci\u00f3n con el Departamento de Seguridad Nacional de EE.UU., UL examin\u00f3 las pr\u00e1cticas de ventilaci\u00f3n del servicio de bomberos y el impacto que los cambios en el dise\u00f1o moderno de viviendas y el aumento de las cargas de combustible sint\u00e9tico tienen en el comportamiento del fuego.\t\t\t\t<\/div>\n\t\t\t\t\t\t\t\t\t\t<div class=\"mt-auto group-hover\">\n\t\t\t\t\t<!-- Renders the same as core\/button with a specific style -->\n\t<div>\n\t\t\t\t\t<div\n\t\t\t\tclass=\"inline-flex gap-[16px] items-center text-inherit text-button-300 decoration-transparent underline underline-offset-2 transition-colors duration-hover group-hover:decoration-current group-focus-visible:decoration-current\"\n\t\t\t>\n\t\t\t\t<span>\n\t\t\t\t\tVer\t\t\t\t<\/span>\n\t\t\t\t<svg xmlns=\"http:\/\/www.w3.org\/2000\/svg\" width=\"15\" height=\"15\" fill=\"none\" viewBox=\"0 0 15 15\"><path stroke=\"currentColor\" stroke-linecap=\"square\" stroke-width=\"2\" d=\"M11.6347 7.49976L1 7.49976\"\/><path stroke=\"currentColor\" stroke-linecap=\"square\" stroke-width=\"2\" d=\"M7.31445 2.13138L12.7061 7.50014L7.31445 12.8689\"\/><\/svg>\t\t\t<\/div>\n\t\t\t<\/div>\n\t\t\t\t<\/div>\n\t\t\t\t\t<\/div>\n\t<\/div>\n\t<\/a><\/article>\n\n<\/div>\t<\/div>\n\n\t\n<\/section>\n\n\n<section\n\t class=\"section-header mb-10 align wp-block-acf-section-header\" id=\"section-header_block_bf5dabf1a11a2c8e93e8613e04f9dd9a\">\n\t<div class=\"\">\n\t<div class=\"flex flex-col md:flex-row justify-between max-w-content gap-x-8 md:items-end flex-wrap\">\n\t\t<h2 class=\"text-heading-200 pb-[2px]\">\n\t\t\tHerramientas de ense\u00f1anza\t\t<\/h2>\n\n\t\t\t\t\t<div class=\"md:order-last w-full\">\n\t\t\t\t\n\t<hr class=\"h-[6px] text-red border-red bg-red w-full my-0\" role=\"presentation\"\/>\n\n\t<div class=\"h-divider w-full bg-halftone-divider bg-right\"><\/div>\n\t\t\t<\/div>\n\t\t\n\t\t\t<\/div>\n<\/div>\n<\/section>\n\n\n<section\n\t class=\"card-grid pt-5 align wp-block-acf-card-grid\" id=\"card-grid_block_d3d98103b1d8ae1243ffc9377d566ff8\">\n\t\n\t<div class=\"iaff-card-grid md:px-indent\">\n\t\t\t\t<div class=\"acf-innerblocks-container\">\n<article\n\t class=\"link-card flex align wp-block-acf-link-card\" id=\"link-card_block_11873feb0cc1881757812bd81929310f\">\n\t<a href=\"https:\/\/www.iaff.org\/wp-content\/uploads\/Frontline_fire_officer_training.pptx\" target=\"_blank\" class=\"p-0 flex flex-col w-full h-full group no-underline\">\t<div class=\"bg-halftone-dark p-3 min-h-divider w-full grid place-items-center\"><\/div>\n\t<div class=\"relative px-10 py-9 bg-smoke\/5 text-body-500 flex flex-col gap-card-gap flex-1 transition duration-hover group-hover:bg-white\">\n\t\t\t\t\t<h4 class=\"text-heading-400-serif\">\n\t\t\t\tFormaci\u00f3n de oficiales de bomberos de primera l\u00ednea: cortafuegos y v\u00edas de evacuaci\u00f3n\t\t\t<\/h4>\n\t\t\t\t<div class=\"relative flex flex-col flex-1 gap-card-gap text-body-500 justify-start min-h-[120px]\">\n\t\t\t\t\t\t\t<div class=\"text-label-100\">\n\t\t\t\t\tPowerPoint\t\t\t\t<\/div>\n\t\t\t\t\t\t\t\t\t\t<div class=\"flex-grow-1 text-body-500\">\n\t\t\t\t\tDesarrollada por el Consejo Internacional de Cortafuegos, esta presentaci\u00f3n en PowerPoint puede utilizarse para ayudar a los bomberos a comprender los requisitos del c\u00f3digo que rigen la compartimentaci\u00f3n contra incendios y la importancia de los materiales cortafuegos.\t\t\t\t<\/div>\n\t\t\t\t\t\t\t\t\t\t<div class=\"mt-auto group-hover\">\n\t\t\t\t\t<!-- Renders the same as core\/button with a specific style -->\n\t<div>\n\t\t\t\t\t<div\n\t\t\t\tclass=\"inline-flex gap-[16px] items-center text-inherit text-button-300 decoration-transparent underline underline-offset-2 transition-colors duration-hover group-hover:decoration-current group-focus-visible:decoration-current\"\n\t\t\t>\n\t\t\t\t<span>\n\t\t\t\t\tVer\t\t\t\t<\/span>\n\t\t\t\t<svg xmlns=\"http:\/\/www.w3.org\/2000\/svg\" width=\"15\" height=\"15\" fill=\"none\" viewBox=\"0 0 15 15\"><path stroke=\"currentColor\" stroke-linecap=\"square\" stroke-width=\"2\" d=\"M11.6347 7.49976L1 7.49976\"\/><path stroke=\"currentColor\" stroke-linecap=\"square\" stroke-width=\"2\" d=\"M7.31445 2.13138L12.7061 7.50014L7.31445 12.8689\"\/><\/svg>\t\t\t<\/div>\n\t\t\t<\/div>\n\t\t\t\t<\/div>\n\t\t\t\t\t<\/div>\n\t<\/div>\n\t<\/a><\/article>\n\n<\/div>\t<\/div>\n\n\t\n<\/section>\n\n<\/div><\/section>\n","protected":false},"excerpt":{"rendered":"","protected":false},"featured_media":0,"parent":93468,"menu_order":0,"comment_status":"closed","ping_status":"closed","template":"","meta":{"_acf_changed":false,"_searchwp_excluded":"","inline_featured_image":false,"_EventAllDay":false,"_EventTimezone":"","_EventStartDate":"","_EventEndDate":"","_EventStartDateUTC":"","_EventEndDateUTC":"","_EventShowMap":false,"_EventShowMapLink":false,"_EventURL":"","_EventCost":"","_EventCostDescription":"","_EventCurrencySymbol":"","_EventCurrencyCode":"","_EventCurrencyPosition":"","_EventDateTimeSeparator":"","_EventTimeRangeSeparator":"","_EventOrganizerID":[],"_EventVenueID":[],"_OrganizerEmail":"","_OrganizerPhone":"","_OrganizerWebsite":"","_VenueAddress":"","_VenueCity":"","_VenueCountry":"","_VenueProvince":"","_VenueState":"","_VenueZip":"","_VenuePhone":"","_VenueURL":"","_VenueStateProvince":"","_VenueLat":"","_VenueLng":"","_VenueShowMap":false,"_VenueShowMapLink":false,"footnotes":""},"class_list":["post-93476","page","type-page","status-publish","hentry"],"acf":[],"publishpress_future_workflow_manual_trigger":{"enabledWorkflows":[]},"_links":{"self":[{"href":"https:\/\/www.iaff.org\/es\/wp-json\/wp\/v2\/pages\/93476","targetHints":{"allow":["GET"]}}],"collection":[{"href":"https:\/\/www.iaff.org\/es\/wp-json\/wp\/v2\/pages"}],"about":[{"href":"https:\/\/www.iaff.org\/es\/wp-json\/wp\/v2\/types\/page"}],"author":[{"embeddable":true,"href":"https:\/\/www.iaff.org\/es\/wp-json\/wp\/v2\/users\/10"}],"replies":[{"embeddable":true,"href":"https:\/\/www.iaff.org\/es\/wp-json\/wp\/v2\/comments?post=93476"}],"version-history":[{"count":0,"href":"https:\/\/www.iaff.org\/es\/wp-json\/wp\/v2\/pages\/93476\/revisions"}],"up":[{"embeddable":true,"href":"https:\/\/www.iaff.org\/es\/wp-json\/wp\/v2\/pages\/93468"}],"wp:attachment":[{"href":"https:\/\/www.iaff.org\/es\/wp-json\/wp\/v2\/media?parent=93476"}],"curies":[{"name":"wp","href":"https:\/\/api.w.org\/{rel}","templated":true}]}}