{"id":93416,"date":"2021-02-19T16:18:28","date_gmt":"2021-02-19T21:18:28","guid":{"rendered":"https:\/\/www.iaff.org\/accion-politica\/respaldos\/"},"modified":"2025-06-20T14:31:47","modified_gmt":"2025-06-20T18:31:47","slug":"respaldos","status":"publish","type":"page","link":"https:\/\/www.iaff.org\/es\/accion-politica\/respaldos\/","title":{"rendered":"Respaldos"},"content":{"rendered":"<section\n\t class=\"secondary-hero align wp-block-acf-secondary-hero\" id=\"secondary-hero_block_ae6f4a9ecc2df3750724b743633fa6ec\">\n\t\n<header\n\tclass=\"w-full u-bg-full-width px-[22px] md:ps-bleed md:pe-0 py-[60px] bg-smoke-5 text-black u-has-rivets u-rivets-dark\"\n\tdata-theme=\"gray\"\n>\n\t<div class=\"flex flex-col !px-0 !max-w-[1440px] w-full lg:!ps-indent\">\n\t\t<div class=\"border-t-[6px] w-full my-0 flex flex-col md:flex-row gap-x-[62px] gap-y-[22px] border-red\">\n\t\t\t\t\t\t<div class=\"w-full md:w-1\/2 md:py-[45px]\">\n\t\t\t\t<div class=\"max-w-[600px] flex flex-col gap-[22px]\">\n\t\t\t\t\t\t\t\t\t\t\t<h1 class=\"has-[.u-halftone-shadow--dark]:mb-divider has-[.u-halftone-shadow--light]:mb-divider pt-[22px] md:pt-0\">\n\t\t\t\t\t\t\t<span class=\"inline-flex text-heading-200 u-halftone-shadow--dark\">\n\t\t\t\t\t\t\t\tRespaldos\t\t\t\t\t\t\t<\/span>\n\t\t\t\t\t\t<\/h1>\n\t\t\t\t\t\t\t\t\t\t\t\t\t\t\t\t<div class=\"text-body-300 font-sans\">\n\t\t\t\t\t\t\t<p>El IAFF cree, respeta y celebra el derecho absoluto de cada miembro a votar por el candidato que considere que mejor representa y adopta sus opiniones y filosof\u00eda pol\u00edtica. Nadie, incluido su sindicato, tiene derecho a decirle c\u00f3mo votar. El respaldo del IAFF se basa en la postura del candidato sobre cuestiones relativas al servicio de bomberos y asuntos laborales.  <\/p>\n\t\t\t\t\t\t<\/div>\n\t\t\t\t\t\t\t\t\t\t\t\t\t\t\t\t\t\t\t\t\t\t\t\t\t\t\t<div class=\"flex flex-wrap gap-[30px]\">\n\t\t\t\t\t\t\t\t\t\t\t\t\t\t\t<!-- Renders the same as core\/button with a specific style -->\n\t<div\n\t\tclass=\"wp-block-button track-button-primary is-style-primary-red\"\n\t>\n\t\t<a\n\t\t\tclass=\"wp-block-button__link wp-element-button cursor-pointer dlm-no-xhr-download track-hero-secondary-cta md:w-auto min-w-[156px]\"\n\t\t\t\t\t\t\thref=\"mailto:politics@iaff.org\"\n\t\t\t\t\t\t\t\t\ttarget=\"_blank\"\n\t\t\t\t\trel=\"nofollow noopener\"\n\t\t\t\t\t\t\t\t\t>\n\t\t\tCont\u00e1ctenos \t\t<\/a>\n\t<\/div>\n\t\t\t\t\t\t\t\t\t\t\t\t\t<\/div>\n\t\t\t\t\t\t\t\t\t\t\t\t\t\t<\/div>\n\t\t\t<\/div>\n\n\t\t<\/div>\n\t\t\t\t\t<div class=\"order-first flex justify-start w-full pb-[22px]\">\n\t\t\t\t<div\n\tclass=\"wp-block-button is-style-tertiary text-smoke is-style-tertiary-back\"\n>\n\t\t\t<a\n\t\t\thref=\"https:\/\/www.iaff.org\/es\/accion-politica\/\"\n\t\t\tclass=\"wp-block-button__link wp-element-button group\"\n\t\t\t\t\t>\n\t\t\t<span\n\t\t\tclass=\"decoration-transparent underline underline-offset-2 group-hover:decoration-inherit group-focus-visible:decoration-inherit transition duration-hover\"\n\t\t>\n\t\t\tAcci\u00f3n Pol\u00edtica\t\t<\/span>\n\n\t\t<span\n\t\t\tclass=\"bg-inherit transition-colors duration-hover group-hover:bg-gold group-focus:bg-gold inline-flex rotate-180 order-first\"\n\t\t>\n\t\t\t<svg xmlns=\"http:\/\/www.w3.org\/2000\/svg\" width=\"21\" height=\"22\" fill=\"none\" viewBox=\"0 0 21 22\"><path stroke=\"currentColor\" stroke-linecap=\"round\" stroke-width=\"2\" d=\"M20 20.75L20 2.25L1.5 2.25L1.5 20.75L20 20.75Z\" clip-rule=\"evenodd\"\/><path stroke=\"currentColor\" stroke-linecap=\"square\" stroke-width=\"2\" d=\"M14.0883 11.5L6.66406 11.5\"\/><path stroke=\"currentColor\" stroke-linecap=\"square\" stroke-width=\"2\" d=\"M11.0723 7.75205L14.8363 11.5L11.0723 15.248\"\/><\/svg>\t\t<\/span>\n\t<\/a><\/div>\n\t\t\t<\/div>\n\t\t\t<\/div>\n<\/header>\n<\/section>\n<section\n\t class=\"page-blocks iaff-page-blocks align wp-block-acf-page-blocks\" id=\"page-blocks_block_a27b86e0cacece7d159f0f1e1649e885\">\n\t<div class=\"acf-innerblocks-container\">\n<section\n\t class=\"section-header mb-10 align wp-block-acf-section-header\" id=\"section-header_block_085c732b693e4dafa02c002d9651beec\">\n\t<div class=\"\">\n\t<div class=\"flex flex-col md:flex-row justify-between max-w-content gap-x-8 md:items-end flex-wrap\">\n\t\t<h2 class=\"text-heading-200 pb-[2px]\">\n\t\t\tCuestionario para candidatos federales\t\t<\/h2>\n\n\t\t\t\t\t<div class=\"md:order-last w-full\">\n\t\t\t\t\n\t<hr class=\"h-[6px] text-red border-red bg-red w-full my-0\" role=\"presentation\"\/>\n\n\t<div class=\"h-divider w-full bg-halftone-divider bg-right\"><\/div>\n\t\t\t<\/div>\n\t\t\n\t\t\t<\/div>\n<\/div>\n<\/section>\n\n\n<div class=\"wp-block-paragraph \">\n<p>El IAFF reconoce la necesidad de contar con aliados fuertes en el Congreso para abogar en nombre de nuestros miembros. Nuestros amigos en el Congreso contin\u00faan gan\u00e1ndose nuestro respaldo mediante una cuidadosa consideraci\u00f3n de su historial de votaci\u00f3n en cuestiones relacionadas con el servicio de bomberos, el empleo, la seguridad y la salud, y asuntos laborales que afectan directamente la vida y el sustento de nuestros miembros.  <\/p>\n<\/div>\n\n<div class=\"wp-block-paragraph \">\n<p>Si usted es nuevo en el Congreso y busca nuestro respaldo, le solicitamos que complete nuestro cuestionario para candidatos federales. Estamos comprometidos a apoyar a candidatos que se alineen con nuestra misi\u00f3n y que respalden los valores de nuestro sindicato. Pong\u00e1monos a trabajar para mejorar las vidas de los bomberos y trabajadores de servicios m\u00e9dicos de emergencia.  <\/p>\n<\/div>\n\n\n<div class=\"wp-block-buttons is-layout-flex wp-block-buttons-is-layout-flex\">\n<div class=\"wp-block-button\"><a class=\"wp-block-button__link wp-element-button\" href=\"https:\/\/www.iaff.org\/es\/cuestionario-de-candidatos-federales-de-iaff\/\" target=\"_blank\" rel=\"noreferrer noopener\">Cuestionario para candidatos federales<\/a><\/div>\n<\/div>\n\n<\/div><\/section>\n<section\n\t class=\"page-blocks iaff-page-blocks align wp-block-acf-page-blocks\" id=\"page-blocks_block_a27b86e0cacece7d159f0f1e1649e885\">\n\t<div class=\"acf-innerblocks-container\">\n<section\n\t class=\"section-header mb-10 align wp-block-acf-section-header\" id=\"section-header_block_0afa237e23dec600d4885ca853945d48\">\n\t<div class=\"\">\n\t<div class=\"flex flex-col md:flex-row justify-between max-w-content gap-x-8 md:items-end flex-wrap\">\n\t\t<h2 class=\"text-heading-200 pb-[2px]\">\n\t\t\tRecursos para respaldo local\t\t<\/h2>\n\n\t\t\t\t\t<div class=\"md:order-last w-full\">\n\t\t\t\t\n\t<hr class=\"h-[6px] text-red border-red bg-red w-full my-0\" role=\"presentation\"\/>\n\n\t<div class=\"h-divider w-full bg-halftone-divider bg-right\"><\/div>\n\t\t\t<\/div>\n\t\t\n\t\t\t<\/div>\n<\/div>\n<\/section>\n\n\n<div class=\"wp-block-paragraph \">\n<p>Los cuestionarios son una buena manera para que su organizaci\u00f3n local se familiarice con el candidato y sus opiniones. Los cuestionarios requieren tiempo para crearse y distribuirse, pero pueden brindarle la oportunidad de establecer una relaci\u00f3n con el candidato y su equipo. Hemos preparado un <strong><a href=\"https:\/\/www.iaff.org\/wp-content\/uploads\/PoliticalGuides_Sample_Questionnaire.pdf\" target=\"_blank\" rel=\"noreferrer noopener\">Cuestionario de Muestra<\/a><\/strong> para que lo utilice como gu\u00eda.   <\/p>\n<\/div>\n\n<div class=\"wp-block-paragraph \">\n<p>Aqu\u00ed hay algunos consejos para personalizar su gu\u00eda:<\/p>\n<\/div>\n\n<div class=\"wp-block-list\">\n<ul class=\"wp-block-list\">\n<li>Adapte el cuestionario a la elecci\u00f3n y al candidato al que lo est\u00e1 enviando. <\/li>\n\n\n\n<li>Prepare cuestionarios que aborden los problemas de su organizaci\u00f3n local. Sea espec\u00edfico y preg\u00fanteles si lo apoyar\u00edan o no. Pero tambi\u00e9n mantenga las preguntas abiertas para permitir explicaciones.   <\/li>\n\n\n\n<li>Las preguntas deben ser neutrales y no indicarles qu\u00e9 escribir. <\/li>\n\n\n\n<li>Distribuya los cuestionarios a todos los candidatos que se postulan y d\u00e9 tiempo suficiente para hacer seguimiento por correo electr\u00f3nico o tel\u00e9fono. <\/li>\n\n\n\n<li>Si desea publicar la respuesta del candidato, informe a la campa\u00f1a con antelaci\u00f3n. Ser franco y honesto en sus tratos con la campa\u00f1a puede ayudar a mantener las relaciones.  <\/li>\n\n\n\n<li>Los cuestionarios tambi\u00e9n son una oportunidad para utilizar las respuestas\/opiniones de los candidatos en una gu\u00eda de votaci\u00f3n.<\/li>\n<\/ul>\n<\/div>\n<\/div><\/section>\n<div class=\"wp-block-paragraph \">\n<p><\/p>\n<\/div><section\n\t class=\"page-blocks iaff-page-blocks align wp-block-acf-page-blocks\" id=\"page-blocks_block_a27b86e0cacece7d159f0f1e1649e885\">\n\t<div class=\"acf-innerblocks-container\">\n<section\n\t class=\"section-header mb-10 align wp-block-acf-section-header\" id=\"section-header_block_43f19e0775f852ddd8a9e55fca596ef8\">\n\t<div class=\"\">\n\t<div class=\"flex flex-col md:flex-row justify-between max-w-content gap-x-8 md:items-end flex-wrap\">\n\t\t<h2 class=\"text-heading-200 pb-[2px]\">\n\t\t\tLa filosof\u00eda de respaldo del IAFF\t\t<\/h2>\n\n\t\t\t\t\t<div class=\"md:order-last w-full\">\n\t\t\t\t\n\t<hr class=\"h-[6px] text-red border-red bg-red w-full my-0\" role=\"presentation\"\/>\n\n\t\t\t<\/div>\n\t\t\n\t\t\t<\/div>\n<\/div>\n<\/section>\n\n\n<div class=\"wp-block-paragraph \">\n<p>El IAFF cree, respeta y celebra el derecho absoluto de cada miembro del IAFF a votar por el candidato que considere que mejor representa y adopta sus opiniones y filosof\u00eda pol\u00edtica. <strong>Nadie, incluido su sindicato, tiene el derecho de decirle c\u00f3mo votar. <\/strong><\/p>\n<\/div>\n\n<div class=\"wp-block-paragraph \">\n<p>De manera similar, el IAFF nunca criticar\u00e1 a ning\u00fan miembro por su elecci\u00f3n de candidato. Reconocemos que muchos temas m\u00e1s all\u00e1 de los asuntos del servicio de bomberos y laborales son importantes para todos los miembros del IAFF, y el IAFF respeta el derecho de los miembros a votar por candidatos que no han obtenido el respaldo del IAFF o de su afiliado local.  <\/p>\n<\/div>\n\n<div class=\"wp-block-paragraph \">\n<p>Sin embargo, al igual que los miembros del IAFF revisan el historial, las posiciones y la plataforma de cada candidato y toman una decisi\u00f3n basada en esa informaci\u00f3n, as\u00ed lo hace el IAFF. <\/p>\n<\/div>\n\n<div class=\"wp-block-paragraph \">\n<p>Este sindicato eval\u00faa a los candidatos con un enfoque muy espec\u00edfico. <strong>Las decisiones se basan en c\u00f3mo se posicionan los candidatos en temas de bomberos y laborales<\/strong>, tales como derechos de negociaci\u00f3n colectiva, protecci\u00f3n de normas laborales justas (FLSA) y derechos de horas extras, equidad salarial para bomberos federales, presunci\u00f3n de discapacidad para bomberos federales, financiamiento para iniciativas de primeros respondedores, financiamiento completo de los programas FIRE Act y SAFER, protecci\u00f3n de beneficios de pensi\u00f3n y Seguridad Social, y protecci\u00f3n y extensi\u00f3n de beneficios de salud para miembros activos y jubilados, por nombrar algunos. <\/p>\n<\/div>\n\n<div class=\"wp-block-paragraph \">\n<p>Estos son los tipos de temas en los que el IAFF FIREPAC se enfoca al tomar decisiones sobre si apoyar o no a un candidato.<strong> El IAFF FIREPAC no basa ni basar\u00e1 sus decisiones en temas como los derechos de la Segunda Enmienda, derechos reproductivos, el medio ambiente u otros asuntos sociales sobre los cuales muchos de nuestros miembros tienen firmes creencias. <\/strong><\/p>\n<\/div>\n\n\n<figure class=\"wp-block-pullquote has-text-align-left\"><blockquote><p>El IAFF cree, respeta y celebra el derecho absoluto de cada miembro del IAFF a votar por el candidato que considere que mejor representa y adopta sus opiniones y filosof\u00eda pol\u00edtica. Nadie, incluido su sindicato, puede decirle c\u00f3mo votar. Sin embargo, al igual que los miembros del IAFF revisan el historial, las posiciones y la plataforma de cada candidato y toman una decisi\u00f3n basada en esa informaci\u00f3n, as\u00ed lo hace el IAFF.   <\/p><\/blockquote><\/figure>\n\n\n<div class=\"wp-block-paragraph \">\n<p><strong>El IAFF tiene una misi\u00f3n: mejorar las vidas y el sustento de los bomberos profesionales.<\/strong> Sabemos que una de las formas m\u00e1s importantes en que representamos a nuestros miembros es en las legislaturas a todos los niveles de gobierno, ya que es all\u00ed donde se toman la mayor\u00eda de las decisiones que tienen un impacto en nuestros miembros y sus empleos. Es por eso que participamos intensamente en pol\u00edtica, para ayudar a elegir a personas que impulsar\u00e1n nuestra agenda legislativa. <\/p>\n<\/div>\n\n<div class=\"wp-block-paragraph \">\n<p>En ese papel, este sindicato es un grupo de defensa similar a la NRA, la Coalici\u00f3n Cristiana, el Sierra Club, la C\u00e1mara de Comercio, la Liga Nacional de Ciudades, etc. Nuestro rango de asuntos es muy espec\u00edfico. Nadie deber\u00eda esperar o aceptar que la NRA base sus respaldos en los derechos de negociaci\u00f3n de los bomberos. Del mismo modo, nadie espera que la Coalici\u00f3n Cristiana base su apoyo a los candidatos en la financiaci\u00f3n de la Ley FIRE o las subvenciones SAFER. En consecuencia, nadie deber\u00eda esperar que el IAFF base su respaldo en nada m\u00e1s que su conjunto espec\u00edfico de asuntos.     <\/p>\n<\/div>\n\n<div class=\"wp-block-paragraph \">\n<p>Aunque usted pueda estar personalmente en desacuerdo con un respaldo del IAFF y creer que otro candidato representa mejor su propio punto de vista sobre asuntos importantes para usted, por favor tenga en cuenta que el respaldo del IAFF se basa en la postura del candidato sobre asuntos del servicio de bomberos y laborales. Y, al igual que el IAFF respeta su derecho a votar por el candidato de su elecci\u00f3n, solicitamos el mismo respeto con respecto al deber del IAFF de hacer su respaldo basado en asuntos del servicio de bomberos, empleo, seguridad y salud, y laborales que afectan directamente la vida y el sustento de nuestros miembros.  <\/p>\n<\/div>\n\n<div class=\"wp-block-paragraph \">\n<p>En cualquier sindicato, asociaci\u00f3n o incluso partido pol\u00edtico, cuando una organizaci\u00f3n respalda a un candidato particular o una posici\u00f3n espec\u00edfica sobre cualquier asunto, no todos los miembros est\u00e1n de acuerdo. De hecho, casi cada vez que se hace un respaldo, hay desacuerdo, pero generalmente se basa en inclinaciones pol\u00edticas personales o en c\u00f3mo se valoran ciertos asuntos. Las personas tienen derecho a y respetan su derecho a disentir y expresar sus propias opiniones.   <\/p>\n<\/div>\n\n<div class=\"wp-block-paragraph \">\n<p>La pol\u00edtica dentro del IAFF es una cuesti\u00f3n de respeto mutuo. El IAFF respeta el derecho de sus miembros a votar por quien elijan, y esperamos que usted respete el derecho del IAFF a respaldar candidatos, independientemente del partido, que hayan demostrado su apoyo al IAFF y a los bomberos profesionales. El IAFF tambi\u00e9n respeta el derecho de los afiliados estatales e individuales a respaldar al candidato que creen que mejor representar\u00e1 a sus miembros a nivel estatal y local.   <\/p>\n<\/div>\n<\/div><\/section>\n","protected":false},"excerpt":{"rendered":"","protected":false},"featured_media":0,"parent":93346,"menu_order":0,"comment_status":"closed","ping_status":"closed","template":"","meta":{"_acf_changed":false,"_searchwp_excluded":"","inline_featured_image":false,"_EventAllDay":false,"_EventTimezone":"","_EventStartDate":"","_EventEndDate":"","_EventStartDateUTC":"","_EventEndDateUTC":"","_EventShowMap":false,"_EventShowMapLink":false,"_EventURL":"","_EventCost":"","_EventCostDescription":"","_EventCurrencySymbol":"","_EventCurrencyCode":"","_EventCurrencyPosition":"","_EventDateTimeSeparator":"","_EventTimeRangeSeparator":"","_EventOrganizerID":[],"_EventVenueID":[],"_OrganizerEmail":"","_OrganizerPhone":"","_OrganizerWebsite":"","_VenueAddress":"","_VenueCity":"","_VenueCountry":"","_VenueProvince":"","_VenueState":"","_VenueZip":"","_VenuePhone":"","_VenueURL":"","_VenueStateProvince":"","_VenueLat":"","_VenueLng":"","_VenueShowMap":false,"_VenueShowMapLink":false,"footnotes":""},"class_list":["post-93416","page","type-page","status-publish","hentry"],"acf":[],"publishpress_future_workflow_manual_trigger":{"enabledWorkflows":[]},"_links":{"self":[{"href":"https:\/\/www.iaff.org\/es\/wp-json\/wp\/v2\/pages\/93416","targetHints":{"allow":["GET"]}}],"collection":[{"href":"https:\/\/www.iaff.org\/es\/wp-json\/wp\/v2\/pages"}],"about":[{"href":"https:\/\/www.iaff.org\/es\/wp-json\/wp\/v2\/types\/page"}],"author":[{"embeddable":true,"href":"https:\/\/www.iaff.org\/es\/wp-json\/wp\/v2\/users\/10"}],"replies":[{"embeddable":true,"href":"https:\/\/www.iaff.org\/es\/wp-json\/wp\/v2\/comments?post=93416"}],"version-history":[{"count":0,"href":"https:\/\/www.iaff.org\/es\/wp-json\/wp\/v2\/pages\/93416\/revisions"}],"up":[{"embeddable":true,"href":"https:\/\/www.iaff.org\/es\/wp-json\/wp\/v2\/pages\/93346"}],"wp:attachment":[{"href":"https:\/\/www.iaff.org\/es\/wp-json\/wp\/v2\/media?parent=93416"}],"curies":[{"name":"wp","href":"https:\/\/api.w.org\/{rel}","templated":true}]}}