{"id":93305,"date":"2024-02-11T21:05:25","date_gmt":"2024-02-12T02:05:25","guid":{"rendered":"https:\/\/www.iaff.org\/acerca-de-nosotros\/nuestra-mision\/"},"modified":"2025-06-20T14:36:02","modified_gmt":"2025-06-20T18:36:02","slug":"nuestra-mision","status":"publish","type":"page","link":"https:\/\/www.iaff.org\/es\/acerca-de-nosotros\/nuestra-mision\/","title":{"rendered":"Nuestra Misi\u00f3n"},"content":{"rendered":"<section\n\t class=\"secondary-hero align wp-block-acf-secondary-hero\" id=\"secondary-hero_block_da6876384ffda70b5799bdc811307a81\">\n\t\n<header\n\tclass=\"w-full u-bg-full-width px-[22px] md:ps-bleed md:pe-0 py-[60px] bg-smoke-5 text-black u-has-rivets u-rivets-dark\"\n\tdata-theme=\"gray\"\n>\n\t<div class=\"flex flex-col !px-0 !max-w-[1440px] w-full lg:!ps-indent\">\n\t\t<div class=\"border-t-[6px] w-full my-0 flex flex-col md:flex-row gap-x-[62px] gap-y-[22px] border-red\">\n\t\t\t\t\t\t<div class=\"w-full md:w-1\/2 md:py-[45px]\">\n\t\t\t\t<div class=\"max-w-[600px] flex flex-col gap-[22px]\">\n\t\t\t\t\t\t\t\t\t\t\t<h1 class=\"has-[.u-halftone-shadow--dark]:mb-divider has-[.u-halftone-shadow--light]:mb-divider pt-[22px] md:pt-0\">\n\t\t\t\t\t\t\t<span class=\"inline-flex text-heading-200 u-halftone-shadow--dark\">\n\t\t\t\t\t\t\t\tNuestra misi\u00f3n\t\t\t\t\t\t\t<\/span>\n\t\t\t\t\t\t<\/h1>\n\t\t\t\t\t\t\t\t\t\t\t\t\t\t\t\t<div class=\"text-body-300 font-sans\">\n\t\t\t\t\t\t\t<p>Del pre\u00e1mbulo de la Constituci\u00f3n y Estatutos de IAFF<\/p>\n\t\t\t\t\t\t<\/div>\n\t\t\t\t\t\t\t\t\t\t\t\t\t\t\t\t\t\t\t\t\t\t\t\t<\/div>\n\t\t\t<\/div>\n\n\t\t<\/div>\n\t\t\t\t\t<div class=\"order-first flex justify-start w-full pb-[22px]\">\n\t\t\t\t<div\n\tclass=\"wp-block-button is-style-tertiary text-smoke is-style-tertiary-back\"\n>\n\t\t\t<a\n\t\t\thref=\"https:\/\/www.iaff.org\/es\/acerca-de-nosotros\/\"\n\t\t\tclass=\"wp-block-button__link wp-element-button group\"\n\t\t\t\t\t>\n\t\t\t<span\n\t\t\tclass=\"decoration-transparent underline underline-offset-2 group-hover:decoration-inherit group-focus-visible:decoration-inherit transition duration-hover\"\n\t\t>\n\t\t\tAcerca de nosotros\t\t<\/span>\n\n\t\t<span\n\t\t\tclass=\"bg-inherit transition-colors duration-hover group-hover:bg-gold group-focus:bg-gold inline-flex rotate-180 order-first\"\n\t\t>\n\t\t\t<svg xmlns=\"http:\/\/www.w3.org\/2000\/svg\" width=\"21\" height=\"22\" fill=\"none\" viewBox=\"0 0 21 22\"><path stroke=\"currentColor\" stroke-linecap=\"round\" stroke-width=\"2\" d=\"M20 20.75L20 2.25L1.5 2.25L1.5 20.75L20 20.75Z\" clip-rule=\"evenodd\"\/><path stroke=\"currentColor\" stroke-linecap=\"square\" stroke-width=\"2\" d=\"M14.0883 11.5L6.66406 11.5\"\/><path stroke=\"currentColor\" stroke-linecap=\"square\" stroke-width=\"2\" d=\"M11.0723 7.75205L14.8363 11.5L11.0723 15.248\"\/><\/svg>\t\t<\/span>\n\t<\/a><\/div>\n\t\t\t<\/div>\n\t\t\t<\/div>\n<\/header>\n<\/section>\n<section\n\t class=\"page-blocks iaff-page-blocks align wp-block-acf-page-blocks\" id=\"page-blocks_block_6053dd9a8aab5769b09a5bd3058c5f76\">\n\t<div class=\"acf-innerblocks-container\">\n<div class=\"wp-block-paragraph \">\n<p class=\"has-drop-cap\">La fortaleza a trav\u00e9s de la acci\u00f3n unida, guiada por la inteligencia, es el sello distintivo de la organizaci\u00f3n sindical. Creyendo que tal unidad es esencial para la protecci\u00f3n mutua y el avance de los intereses y el bienestar general de los bomberos y trabajadores de servicios m\u00e9dicos de emergencia y rescate en Estados Unidos, Canad\u00e1 y otras naciones cuyos profesionales comparten los objetivos e ideales de nuestra Asociaci\u00f3n Internacional, hemos formado esta Asociaci\u00f3n Internacional cuyos objetivos ser\u00e1n: <\/p>\n<\/div>\n\n<div class=\"wp-block-list\">\n<ul class=\"wp-block-list\">\n<li>organizar a todos los bomberos y trabajadores de servicios m\u00e9dicos de emergencia y rescate;<\/li>\n\n\n\n<li>asegurar una compensaci\u00f3n justa por sus servicios y una resoluci\u00f3n equitativa de sus quejas;<\/li>\n\n\n\n<li>promover un entorno laboral tan seguro y saludable como sea posible para los bomberos y trabajadores de servicios m\u00e9dicos de emergencia y rescate mediante la tecnolog\u00eda moderna;<\/li>\n\n\n\n<li>promover el establecimiento de condiciones laborales justas y razonables;<\/li>\n\n\n\n<li>situar a los miembros de la Asociaci\u00f3n en un plano superior de habilidad y eficiencia;<\/li>\n\n\n\n<li>promover relaciones armoniosas entre los bomberos y trabajadores de servicios m\u00e9dicos de emergencia y rescate y sus empleadores;<\/li>\n\n\n\n<li>fomentar la formaci\u00f3n de sindicatos locales, asociaciones estatales y provinciales y consejos conjuntos;<\/li>\n\n\n\n<li>fomentar la creaci\u00f3n de fondos de beneficios por enfermedad y fallecimiento; promover la investigaci\u00f3n y el tratamiento de quemaduras y otros problemas de salud relacionados comunes entre los bomberos y trabajadores de servicios m\u00e9dicos de emergencia y rescate;<\/li>\n\n\n\n<li>fomentar el establecimiento de escuelas de instrucci\u00f3n para impartir conocimientos sobre m\u00e9todos modernos y mejorados de lucha contra incendios y prevenci\u00f3n, as\u00ed como tecnolog\u00eda m\u00e9dica de emergencia y rescate; y<\/li>\n\n\n\n<li>cultivar la amistad y el compa\u00f1erismo entre sus miembros.<\/li>\n<\/ul>\n<\/div>\n<\/div><\/section>\n","protected":false},"excerpt":{"rendered":"","protected":false},"featured_media":0,"parent":92333,"menu_order":0,"comment_status":"closed","ping_status":"closed","template":"","meta":{"_acf_changed":false,"_searchwp_excluded":"","inline_featured_image":false,"_EventAllDay":false,"_EventTimezone":"","_EventStartDate":"","_EventEndDate":"","_EventStartDateUTC":"","_EventEndDateUTC":"","_EventShowMap":false,"_EventShowMapLink":false,"_EventURL":"","_EventCost":"","_EventCostDescription":"","_EventCurrencySymbol":"","_EventCurrencyCode":"","_EventCurrencyPosition":"","_EventDateTimeSeparator":"","_EventTimeRangeSeparator":"","_EventOrganizerID":[],"_EventVenueID":[],"_OrganizerEmail":"","_OrganizerPhone":"","_OrganizerWebsite":"","_VenueAddress":"","_VenueCity":"","_VenueCountry":"","_VenueProvince":"","_VenueState":"","_VenueZip":"","_VenuePhone":"","_VenueURL":"","_VenueStateProvince":"","_VenueLat":"","_VenueLng":"","_VenueShowMap":false,"_VenueShowMapLink":false,"footnotes":""},"class_list":["post-93305","page","type-page","status-publish","hentry"],"acf":[],"publishpress_future_workflow_manual_trigger":{"enabledWorkflows":[]},"_links":{"self":[{"href":"https:\/\/www.iaff.org\/es\/wp-json\/wp\/v2\/pages\/93305","targetHints":{"allow":["GET"]}}],"collection":[{"href":"https:\/\/www.iaff.org\/es\/wp-json\/wp\/v2\/pages"}],"about":[{"href":"https:\/\/www.iaff.org\/es\/wp-json\/wp\/v2\/types\/page"}],"author":[{"embeddable":true,"href":"https:\/\/www.iaff.org\/es\/wp-json\/wp\/v2\/users\/1"}],"replies":[{"embeddable":true,"href":"https:\/\/www.iaff.org\/es\/wp-json\/wp\/v2\/comments?post=93305"}],"version-history":[{"count":0,"href":"https:\/\/www.iaff.org\/es\/wp-json\/wp\/v2\/pages\/93305\/revisions"}],"up":[{"embeddable":true,"href":"https:\/\/www.iaff.org\/es\/wp-json\/wp\/v2\/pages\/92333"}],"wp:attachment":[{"href":"https:\/\/www.iaff.org\/es\/wp-json\/wp\/v2\/media?parent=93305"}],"curies":[{"name":"wp","href":"https:\/\/api.w.org\/{rel}","templated":true}]}}