{"id":93288,"date":"2024-02-15T09:58:18","date_gmt":"2024-02-15T14:58:18","guid":{"rendered":"https:\/\/www.iaff.org\/remuneracion-y-prestaciones\/"},"modified":"2025-10-06T10:42:14","modified_gmt":"2025-10-06T14:42:14","slug":"remuneracion-y-prestaciones","status":"publish","type":"page","link":"https:\/\/www.iaff.org\/es\/remuneracion-y-prestaciones\/","title":{"rendered":"Remuneraci\u00f3n y prestaciones"},"content":{"rendered":"<section\n\t class=\"secondary-hero align wp-block-acf-secondary-hero\" id=\"secondary-hero_block_99e3453209c59e823caca5d3b8331f49\">\n\t\n<header\n\tclass=\"w-full u-bg-full-width px-[22px] md:ps-bleed md:pe-0 py-[60px] bg-blue text-white u-has-rivets\"\n\tdata-theme=\"navy\"\n>\n\t<div class=\"flex flex-col !px-0 !max-w-[1440px] w-full lg:!ps-indent\">\n\t\t<div class=\"border-t-[6px] w-full my-0 flex flex-col md:flex-row gap-x-[62px] gap-y-[22px] border-gold\">\n\t\t\t\t\t\t\t<div class=\"relative grid md:order-last md:w-1\/2 overflow-hidden place-items-center aspect-[157\/105]\">\n\t\t\t\t\t<img decoding=\"async\" width=\"1200\" height=\"800\" src=\"https:\/\/www.iaff.org\/wp-content\/uploads\/2024\/03\/SEsideFatalWreck3-copy-1200x800.jpg\" class=\"absolute object-cover min-w-full h-full\" alt=\"\" srcset=\"https:\/\/www.iaff.org\/wp-content\/uploads\/2024\/03\/SEsideFatalWreck3-copy-1200x800.jpg 1200w, https:\/\/www.iaff.org\/wp-content\/uploads\/2024\/03\/SEsideFatalWreck3-copy-300x200.jpg 300w, https:\/\/www.iaff.org\/wp-content\/uploads\/2024\/03\/SEsideFatalWreck3-copy-1024x683.jpg 1024w, https:\/\/www.iaff.org\/wp-content\/uploads\/2024\/03\/SEsideFatalWreck3-copy-768x512.jpg 768w, https:\/\/www.iaff.org\/wp-content\/uploads\/2024\/03\/SEsideFatalWreck3-copy-1536x1024.jpg 1536w, https:\/\/www.iaff.org\/wp-content\/uploads\/2024\/03\/SEsideFatalWreck3-copy-2048x1365.jpg 2048w, https:\/\/www.iaff.org\/wp-content\/uploads\/2024\/03\/SEsideFatalWreck3-copy-240x160.jpg 240w, https:\/\/www.iaff.org\/wp-content\/uploads\/2024\/03\/SEsideFatalWreck3-copy-1215x810.jpg 1215w\" sizes=\"(max-width: 1200px) 100vw, 1200px\" \/>\t\t\t\t<\/div>\n\t\t\t\t\t\t<div class=\"w-full md:w-1\/2 md:py-[45px]\">\n\t\t\t\t<div class=\"max-w-[600px] flex flex-col gap-[22px]\">\n\t\t\t\t\t\t\t\t\t\t\t<h1 class=\"has-[.u-halftone-shadow--dark]:mb-divider has-[.u-halftone-shadow--light]:mb-divider\">\n\t\t\t\t\t\t\t<span class=\"inline-flex text-heading-200 u-halftone-shadow--light\">\n\t\t\t\t\t\t\t\tRemuneraci\u00f3n y prestaciones \t\t\t\t\t\t\t<\/span>\n\t\t\t\t\t\t<\/h1>\n\t\t\t\t\t\t\t\t\t\t\t\t\t\t\t\t<div class=\"text-body-300 font-sans\">\n\t\t\t\t\t\t\t<p>Desde abogar por su derecho a una jubilaci\u00f3n digna hasta proporcionar asistencia t\u00e9cnica durante las negociaciones contractuales, estamos comprometidos con el bienestar financiero de nuestros miembros y sus familias. Nuestro sindicato trabaja en numerosas piezas legislativas, emplea expertos en datos y se asocia con instituciones financieras de renombre para garantizar que los miembros puedan percibir un salario digno y no sean penalizados en su remuneraci\u00f3n y prestaciones. <\/p>\n\t\t\t\t\t\t<\/div>\n\t\t\t\t\t\t\t\t\t\t\t\t\t\t\t\t\t\t\t\t\t\t\t\t<\/div>\n\t\t\t<\/div>\n\n\t\t<\/div>\n\t\t\t<\/div>\n<\/header>\n<\/section>\n<section\n\t class=\"page-blocks iaff-page-blocks align wp-block-acf-page-blocks\" id=\"page-blocks_block_cdc5579b9bdc8a51fb4d3a7cff1911f1\">\n\t<div class=\"acf-innerblocks-container\">\n<section\n\t class=\"card-grid pt-5 align wp-block-acf-card-grid\" id=\"card-grid_block_0c55b523c87cd8f4495d539e8607c15d\">\n\t\n\t<div class=\"iaff-card-grid md:px-indent\">\n\t\t\t\t<div class=\"acf-innerblocks-container\">\n<article\n\t class=\"link-card flex align wp-block-acf-link-card\" id=\"link-card_block_da8bc1c4529ead24801fc982077b4d7f\">\n\t<a href=\"https:\/\/www.iaff.org\/psob\/\" target=\"_blank\" class=\"p-0 flex flex-col w-full h-full group no-underline\">\t<div class=\"bg-halftone-dark p-3 min-h-divider w-full grid place-items-center\"><\/div>\n\t<div class=\"relative px-10 py-9 bg-smoke\/5 text-body-500 flex flex-col gap-card-gap flex-1 transition duration-hover group-hover:bg-white\">\n\t\t\t\t\t<h4 class=\"text-heading-400-serif\">\n\t\t\t\tPrestaciones por Fallecimiento en Acto de Servicio (EE. UU.)\t\t\t<\/h4>\n\t\t\t\t<div class=\"relative flex flex-col flex-1 gap-card-gap text-body-500 justify-start min-h-[120px]\">\n\t\t\t\t\t\t\t\t\t\t<div class=\"flex-grow-1 text-body-500\">\n\t\t\t\t\tEl IAFF proporciona asistencia a los afiliados y a las familias de nuestros miembros al solicitar la Prestaci\u00f3n para Oficiales de Seguridad P\u00fablica (PSOB) y la Asistencia Educativa para Oficiales de Polic\u00eda, Bomberos y Emergencias (PSOEA). \t\t\t\t<\/div>\n\t\t\t\t\t\t\t\t\t\t<div class=\"mt-auto group-hover\">\n\t\t\t\t\t<!-- Renders the same as core\/button with a specific style -->\n\t<div>\n\t\t\t\t\t<div\n\t\t\t\tclass=\"inline-flex gap-[16px] items-center text-inherit text-button-300 decoration-transparent underline underline-offset-2 transition-colors duration-hover group-hover:decoration-current group-focus-visible:decoration-current\"\n\t\t\t>\n\t\t\t\t<span>\n\t\t\t\t\tM\u00e1s informaci\u00f3n\t\t\t\t<\/span>\n\t\t\t\t<svg xmlns=\"http:\/\/www.w3.org\/2000\/svg\" width=\"15\" height=\"15\" fill=\"none\" viewBox=\"0 0 15 15\"><path stroke=\"currentColor\" stroke-linecap=\"square\" stroke-width=\"2\" d=\"M11.6347 7.49976L1 7.49976\"\/><path stroke=\"currentColor\" stroke-linecap=\"square\" stroke-width=\"2\" d=\"M7.31445 2.13138L12.7061 7.50014L7.31445 12.8689\"\/><\/svg>\t\t\t<\/div>\n\t\t\t<\/div>\n\t\t\t\t<\/div>\n\t\t\t\t\t<\/div>\n\t<\/div>\n\t<\/a><\/article>\n\n\n<article\n\t class=\"link-card flex align wp-block-acf-link-card\" id=\"link-card_block_69760ef78d485c429b09ce0d03a54ba9\">\n\t<a href=\"https:\/\/www.publicsafety.gc.ca\/cnt\/bt\/mmrl-grnt-prgrm\/index-en.aspx\" target=\"_blank\" class=\"p-0 flex flex-col w-full h-full group no-underline\" rel=\"noopener\">\t<div class=\"bg-halftone-dark p-3 min-h-divider w-full grid place-items-center\"><\/div>\n\t<div class=\"relative px-10 py-9 bg-smoke\/5 text-body-500 flex flex-col gap-card-gap flex-1 transition duration-hover group-hover:bg-white\">\n\t\t\t\t\t<h4 class=\"text-heading-400-serif\">\n\t\t\t\tPrestaciones por Fallecimiento en Acto de Servicio (Canad\u00e1)\t\t\t<\/h4>\n\t\t\t\t<div class=\"relative flex flex-col flex-1 gap-card-gap text-body-500 justify-start min-h-[120px]\">\n\t\t\t\t\t\t\t\t\t\t<div class=\"flex-grow-1 text-body-500\">\n\t\t\t\t\tEn reconocimiento al papel crucial de los servicios de emergencia en la protecci\u00f3n de los canadienses, el Programa de Subvenciones Conmemorativas para Servicios de Emergencia proporciona un pago \u00fanico, libre de impuestos, de hasta 300.000 d\u00f3lares a las familias de los miembros de servicios de emergencia que han fallecido como resultado de sus funciones.\t\t\t\t<\/div>\n\t\t\t\t\t\t\t\t\t\t<div class=\"mt-auto group-hover\">\n\t\t\t\t\t<!-- Renders the same as core\/button with a specific style -->\n\t<div>\n\t\t\t\t\t<div\n\t\t\t\tclass=\"inline-flex gap-[16px] items-center text-inherit text-button-300 decoration-transparent underline underline-offset-2 transition-colors duration-hover group-hover:decoration-current group-focus-visible:decoration-current\"\n\t\t\t>\n\t\t\t\t<span>\n\t\t\t\t\tM\u00e1s informaci\u00f3n\t\t\t\t<\/span>\n\t\t\t\t<svg xmlns=\"http:\/\/www.w3.org\/2000\/svg\" width=\"15\" height=\"15\" fill=\"none\" viewBox=\"0 0 15 15\"><path stroke=\"currentColor\" stroke-linecap=\"square\" stroke-width=\"2\" d=\"M11.6347 7.49976L1 7.49976\"\/><path stroke=\"currentColor\" stroke-linecap=\"square\" stroke-width=\"2\" d=\"M7.31445 2.13138L12.7061 7.50014L7.31445 12.8689\"\/><\/svg>\t\t\t<\/div>\n\t\t\t<\/div>\n\t\t\t\t<\/div>\n\t\t\t\t\t<\/div>\n\t<\/div>\n\t<\/a><\/article>\n\n\n<article\n\t class=\"link-card flex align wp-block-acf-link-card\" id=\"link-card_block_9b3e2136dda302d89aa94b1b4a510b36\">\n\t<a href=\"https:\/\/www.iaff.org\/es\/remuneracion-y-prestaciones\/seguridad-en-la-jubilacion\/\" target=\"_blank\" class=\"p-0 flex flex-col w-full h-full group no-underline\">\t<div class=\"bg-halftone-dark p-3 min-h-divider w-full grid place-items-center\"><\/div>\n\t<div class=\"relative px-10 py-9 bg-smoke\/5 text-body-500 flex flex-col gap-card-gap flex-1 transition duration-hover group-hover:bg-white\">\n\t\t\t\t\t<h4 class=\"text-heading-400-serif\">\n\t\t\t\tSeguridad en la jubilaci\u00f3n \t\t\t<\/h4>\n\t\t\t\t<div class=\"relative flex flex-col flex-1 gap-card-gap text-body-500 justify-start min-h-[120px]\">\n\t\t\t\t\t\t\t\t\t\t<div class=\"flex-grow-1 text-body-500\">\n\t\t\t\t\tLa misi\u00f3n del IAFF es garantizar que los bomberos de toda Norteam\u00e9rica tengan una jubilaci\u00f3n digna y segura. Navegar por los sistemas de pensiones y elegir prestaciones puede ser abrumador. Conozca los programas de recursos para pensiones, la asistencia en prestaciones y la legislaci\u00f3n en la que estamos trabajando para proteger su jubilaci\u00f3n.   \t\t\t\t<\/div>\n\t\t\t\t\t\t\t\t\t\t<div class=\"mt-auto group-hover\">\n\t\t\t\t\t<!-- Renders the same as core\/button with a specific style -->\n\t<div>\n\t\t\t\t\t<div\n\t\t\t\tclass=\"inline-flex gap-[16px] items-center text-inherit text-button-300 decoration-transparent underline underline-offset-2 transition-colors duration-hover group-hover:decoration-current group-focus-visible:decoration-current\"\n\t\t\t>\n\t\t\t\t<span>\n\t\t\t\t\tM\u00e1s informaci\u00f3n\t\t\t\t<\/span>\n\t\t\t\t<svg xmlns=\"http:\/\/www.w3.org\/2000\/svg\" width=\"15\" height=\"15\" fill=\"none\" viewBox=\"0 0 15 15\"><path stroke=\"currentColor\" stroke-linecap=\"square\" stroke-width=\"2\" d=\"M11.6347 7.49976L1 7.49976\"\/><path stroke=\"currentColor\" stroke-linecap=\"square\" stroke-width=\"2\" d=\"M7.31445 2.13138L12.7061 7.50014L7.31445 12.8689\"\/><\/svg>\t\t\t<\/div>\n\t\t\t<\/div>\n\t\t\t\t<\/div>\n\t\t\t\t\t<\/div>\n\t<\/div>\n\t<\/a><\/article>\n\n\n<article\n\t class=\"link-card flex align wp-block-acf-link-card\" id=\"link-card_block_cab081ec2932de5d9e795d3af2a72df1\">\n\t<a href=\"https:\/\/www.iaff.org\/es\/asistencia-tecnica\/\" target=\"_blank\" class=\"p-0 flex flex-col w-full h-full group no-underline\">\t<div class=\"bg-halftone-dark p-3 min-h-divider w-full grid place-items-center\"><\/div>\n\t<div class=\"relative px-10 py-9 bg-smoke\/5 text-body-500 flex flex-col gap-card-gap flex-1 transition duration-hover group-hover:bg-white\">\n\t\t\t\t\t<h4 class=\"text-heading-400-serif\">\n\t\t\t\tAsistencia t\u00e9cnica\t\t\t<\/h4>\n\t\t\t\t<div class=\"relative flex flex-col flex-1 gap-card-gap text-body-500 justify-start min-h-[120px]\">\n\t\t\t\t\t\t\t\t\t\t<div class=\"flex-grow-1 text-body-500\">\n\t\t\t\t\tProporcionamos una variedad de herramientas anal\u00edticas que ofrecen a nuestros afiliados informaci\u00f3n respaldada por datos al trabajar con sus respectivas jurisdicciones para abordar cuestiones como la dotaci\u00f3n de personal, los tiempos de respuesta, la atenci\u00f3n sanitaria y la negociaci\u00f3n de contratos. Implementamos un conjunto de m\u00e9todos anal\u00edticos personalizados y patentados que ayudan a los afiliados a elaborar pol\u00edticas e iniciativas. Este trabajo se divide en dos informes: el An\u00e1lisis Financiero Municipal y el an\u00e1lisis del Sistema de Informaci\u00f3n Geogr\u00e1fica.  \r\n\r\n\t\t\t\t<\/div>\n\t\t\t\t\t\t\t\t\t\t<div class=\"mt-auto group-hover\">\n\t\t\t\t\t<!-- Renders the same as core\/button with a specific style -->\n\t<div>\n\t\t\t\t\t<div\n\t\t\t\tclass=\"inline-flex gap-[16px] items-center text-inherit text-button-300 decoration-transparent underline underline-offset-2 transition-colors duration-hover group-hover:decoration-current group-focus-visible:decoration-current\"\n\t\t\t>\n\t\t\t\t<span>\n\t\t\t\t\tM\u00e1s informaci\u00f3n\t\t\t\t<\/span>\n\t\t\t\t<svg xmlns=\"http:\/\/www.w3.org\/2000\/svg\" width=\"15\" height=\"15\" fill=\"none\" viewBox=\"0 0 15 15\"><path stroke=\"currentColor\" stroke-linecap=\"square\" stroke-width=\"2\" d=\"M11.6347 7.49976L1 7.49976\"\/><path stroke=\"currentColor\" stroke-linecap=\"square\" stroke-width=\"2\" d=\"M7.31445 2.13138L12.7061 7.50014L7.31445 12.8689\"\/><\/svg>\t\t\t<\/div>\n\t\t\t<\/div>\n\t\t\t\t<\/div>\n\t\t\t\t\t<\/div>\n\t<\/div>\n\t<\/a><\/article>\n\n\n<article\n\t class=\"link-card flex align wp-block-acf-link-card\" id=\"link-card_block_557cdd89fa7976f644dbfa600fda31f5\">\n\t<a href=\"https:\/\/www.iaff.org\/es\/accion-legislativa\/#federal-action\" target=\"_blank\" class=\"p-0 flex flex-col w-full h-full group no-underline\">\t<div class=\"bg-halftone-dark p-3 min-h-divider w-full grid place-items-center\"><\/div>\n\t<div class=\"relative px-10 py-9 bg-smoke\/5 text-body-500 flex flex-col gap-card-gap flex-1 transition duration-hover group-hover:bg-white\">\n\t\t\t\t\t<h4 class=\"text-heading-400-serif\">\n\t\t\t\tAcci\u00f3n legislativa \t\t\t<\/h4>\n\t\t\t\t<div class=\"relative flex flex-col flex-1 gap-card-gap text-body-500 justify-start min-h-[120px]\">\n\t\t\t\t\t\t\t\t\t\t<div class=\"flex-grow-1 text-body-500\">\n\t\t\t\t\tEl IAFF trabaja en diversa legislaci\u00f3n para garantizar que nuestros miembros puedan percibir un salario digno y no sean penalizados en su remuneraci\u00f3n y prestaciones. Desde la Ley de Deducibilidad SALT hasta la autorizaci\u00f3n de las subvenciones AFG\/SAFER para garantizar m\u00e1s empleos en el servicio de bomberos, el IAFF toma en serio el sustento de nuestros miembros y sus familias.  \t\t\t\t<\/div>\n\t\t\t\t\t\t\t\t\t\t<div class=\"mt-auto group-hover\">\n\t\t\t\t\t<!-- Renders the same as core\/button with a specific style -->\n\t<div>\n\t\t\t\t\t<div\n\t\t\t\tclass=\"inline-flex gap-[16px] items-center text-inherit text-button-300 decoration-transparent underline underline-offset-2 transition-colors duration-hover group-hover:decoration-current group-focus-visible:decoration-current\"\n\t\t\t>\n\t\t\t\t<span>\n\t\t\t\t\tM\u00e1s informaci\u00f3n\t\t\t\t<\/span>\n\t\t\t\t<svg xmlns=\"http:\/\/www.w3.org\/2000\/svg\" width=\"15\" height=\"15\" fill=\"none\" viewBox=\"0 0 15 15\"><path stroke=\"currentColor\" stroke-linecap=\"square\" stroke-width=\"2\" d=\"M11.6347 7.49976L1 7.49976\"\/><path stroke=\"currentColor\" stroke-linecap=\"square\" stroke-width=\"2\" d=\"M7.31445 2.13138L12.7061 7.50014L7.31445 12.8689\"\/><\/svg>\t\t\t<\/div>\n\t\t\t<\/div>\n\t\t\t\t<\/div>\n\t\t\t\t\t<\/div>\n\t<\/div>\n\t<\/a><\/article>\n\n\n<article\n\t class=\"link-card flex align wp-block-acf-link-card\" id=\"link-card_block_2e64c5a1a7eaa8e647c866bb9d44a489\">\n\t<a href=\"https:\/\/www.iaff.org\/es\/remuneracion-y-prestaciones\/planificacion-financiera-y-seguros\/\" target=\"_blank\" class=\"p-0 flex flex-col w-full h-full group no-underline\">\t<div class=\"bg-halftone-dark p-3 min-h-divider w-full grid place-items-center\"><\/div>\n\t<div class=\"relative px-10 py-9 bg-smoke\/5 text-body-500 flex flex-col gap-card-gap flex-1 transition duration-hover group-hover:bg-white\">\n\t\t\t\t\t<h4 class=\"text-heading-400-serif\">\n\t\t\t\tPlanificaci\u00f3n financiera y seguros\t\t\t<\/h4>\n\t\t\t\t<div class=\"relative flex flex-col flex-1 gap-card-gap text-body-500 justify-start min-h-[120px]\">\n\t\t\t\t\t\t\t\t\t\t<div class=\"flex-grow-1 text-body-500\">\n\t\t\t\t\tNos asociamos con IAFF Financial Corporation para capacitar a los miembros a tomar decisiones inteligentes sobre su dinero, desde la elaboraci\u00f3n de presupuestos y el ahorro hasta la inversi\u00f3n, y proporcionar productos y servicios examinados y adaptados a los bomberos y sus familias para lograr una mejor salud financiera.\t\t\t\t<\/div>\n\t\t\t\t\t\t\t\t\t\t<div class=\"mt-auto group-hover\">\n\t\t\t\t\t<!-- Renders the same as core\/button with a specific style -->\n\t<div>\n\t\t\t\t\t<div\n\t\t\t\tclass=\"inline-flex gap-[16px] items-center text-inherit text-button-300 decoration-transparent underline underline-offset-2 transition-colors duration-hover group-hover:decoration-current group-focus-visible:decoration-current\"\n\t\t\t>\n\t\t\t\t<span>\n\t\t\t\t\tM\u00e1s informaci\u00f3n\t\t\t\t<\/span>\n\t\t\t\t<svg xmlns=\"http:\/\/www.w3.org\/2000\/svg\" width=\"15\" height=\"15\" fill=\"none\" viewBox=\"0 0 15 15\"><path stroke=\"currentColor\" stroke-linecap=\"square\" stroke-width=\"2\" d=\"M11.6347 7.49976L1 7.49976\"\/><path stroke=\"currentColor\" stroke-linecap=\"square\" stroke-width=\"2\" d=\"M7.31445 2.13138L12.7061 7.50014L7.31445 12.8689\"\/><\/svg>\t\t\t<\/div>\n\t\t\t<\/div>\n\t\t\t\t<\/div>\n\t\t\t\t\t<\/div>\n\t<\/div>\n\t<\/a><\/article>\n\n\n<article\n\t class=\"link-card flex align wp-block-acf-link-card\" id=\"link-card_block_a6ad0ab0f15eb31a784ad2916c66ac24\">\n\t<a href=\"https:\/\/www.iaff.org\/es\/negociacion-colectiva\/\" target=\"_blank\" class=\"p-0 flex flex-col w-full h-full group no-underline\">\t<div class=\"bg-halftone-dark p-3 min-h-divider w-full grid place-items-center\"><\/div>\n\t<div class=\"relative px-10 py-9 bg-smoke\/5 text-body-500 flex flex-col gap-card-gap flex-1 transition duration-hover group-hover:bg-white\">\n\t\t\t\t\t<h4 class=\"text-heading-400-serif\">\n\t\t\t\tNegociaci\u00f3n colectiva \t\t\t<\/h4>\n\t\t\t\t<div class=\"relative flex flex-col flex-1 gap-card-gap text-body-500 justify-start min-h-[120px]\">\n\t\t\t\t\t\t\t\t\t\t<div class=\"flex-grow-1 text-body-500\">\n\t\t\t\t\tGarantizar que nuestros miembros tengan negociaci\u00f3n colectiva es una prioridad m\u00e1xima del IAFF. El proceso de negociaci\u00f3n colectiva crea un entorno estructurado para que empleadores y empleados discutan cuestiones laborales y t\u00e9rminos y condiciones de empleo a trav\u00e9s de la colaboraci\u00f3n y el respeto mutuo. Obtenga m\u00e1s informaci\u00f3n sobre la negociaci\u00f3n colectiva y lo que su sindicato est\u00e1 haciendo en todo Estados Unidos para asegurar la negociaci\u00f3n colectiva a nivel local, estatal y federal.   \t\t\t\t<\/div>\n\t\t\t\t\t\t\t\t\t\t<div class=\"mt-auto group-hover\">\n\t\t\t\t\t<!-- Renders the same as core\/button with a specific style -->\n\t<div>\n\t\t\t\t\t<div\n\t\t\t\tclass=\"inline-flex gap-[16px] items-center text-inherit text-button-300 decoration-transparent underline underline-offset-2 transition-colors duration-hover group-hover:decoration-current group-focus-visible:decoration-current\"\n\t\t\t>\n\t\t\t\t<span>\n\t\t\t\t\tM\u00e1s informaci\u00f3n\t\t\t\t<\/span>\n\t\t\t\t<svg xmlns=\"http:\/\/www.w3.org\/2000\/svg\" width=\"15\" height=\"15\" fill=\"none\" viewBox=\"0 0 15 15\"><path stroke=\"currentColor\" stroke-linecap=\"square\" stroke-width=\"2\" d=\"M11.6347 7.49976L1 7.49976\"\/><path stroke=\"currentColor\" stroke-linecap=\"square\" stroke-width=\"2\" d=\"M7.31445 2.13138L12.7061 7.50014L7.31445 12.8689\"\/><\/svg>\t\t\t<\/div>\n\t\t\t<\/div>\n\t\t\t\t<\/div>\n\t\t\t\t\t<\/div>\n\t<\/div>\n\t<\/a><\/article>\n\n<\/div>\t<\/div>\n\n\t\n<\/section>\n\n\n<div class=\"wp-block-paragraph \">\n<p> . <\/p>\n<\/div>\n<\/div><\/section>\n","protected":false},"excerpt":{"rendered":"","protected":false},"featured_media":0,"parent":0,"menu_order":0,"comment_status":"closed","ping_status":"closed","template":"","meta":{"_acf_changed":false,"_searchwp_excluded":"","inline_featured_image":false,"_EventAllDay":false,"_EventTimezone":"","_EventStartDate":"","_EventEndDate":"","_EventStartDateUTC":"","_EventEndDateUTC":"","_EventShowMap":false,"_EventShowMapLink":false,"_EventURL":"","_EventCost":"","_EventCostDescription":"","_EventCurrencySymbol":"","_EventCurrencyCode":"","_EventCurrencyPosition":"","_EventDateTimeSeparator":"","_EventTimeRangeSeparator":"","_EventOrganizerID":[],"_EventVenueID":[],"_OrganizerEmail":"","_OrganizerPhone":"","_OrganizerWebsite":"","_VenueAddress":"","_VenueCity":"","_VenueCountry":"","_VenueProvince":"","_VenueState":"","_VenueZip":"","_VenuePhone":"","_VenueURL":"","_VenueStateProvince":"","_VenueLat":"","_VenueLng":"","_VenueShowMap":false,"_VenueShowMapLink":false,"footnotes":""},"class_list":["post-93288","page","type-page","status-publish","hentry"],"acf":[],"publishpress_future_workflow_manual_trigger":{"enabledWorkflows":[]},"_links":{"self":[{"href":"https:\/\/www.iaff.org\/es\/wp-json\/wp\/v2\/pages\/93288","targetHints":{"allow":["GET"]}}],"collection":[{"href":"https:\/\/www.iaff.org\/es\/wp-json\/wp\/v2\/pages"}],"about":[{"href":"https:\/\/www.iaff.org\/es\/wp-json\/wp\/v2\/types\/page"}],"author":[{"embeddable":true,"href":"https:\/\/www.iaff.org\/es\/wp-json\/wp\/v2\/users\/5"}],"replies":[{"embeddable":true,"href":"https:\/\/www.iaff.org\/es\/wp-json\/wp\/v2\/comments?post=93288"}],"version-history":[{"count":0,"href":"https:\/\/www.iaff.org\/es\/wp-json\/wp\/v2\/pages\/93288\/revisions"}],"wp:attachment":[{"href":"https:\/\/www.iaff.org\/es\/wp-json\/wp\/v2\/media?parent=93288"}],"curies":[{"name":"wp","href":"https:\/\/api.w.org\/{rel}","templated":true}]}}