{"id":92338,"date":"2023-10-16T12:26:51","date_gmt":"2023-10-16T16:26:51","guid":{"rendered":"https:\/\/www.iaff.org\/unirse\/"},"modified":"2025-12-03T14:45:30","modified_gmt":"2025-12-03T19:45:30","slug":"unirse","status":"publish","type":"page","link":"https:\/\/www.iaff.org\/es\/unirse\/","title":{"rendered":"Unirse"},"content":{"rendered":"<section\n\t class=\"secondary-hero align wp-block-acf-secondary-hero\" id=\"secondary-hero_block_19ab768e129cb52f915e9282d5f9f218\">\n\t\n<header\n\tclass=\"w-full u-bg-full-width px-[22px] md:ps-bleed md:pe-0 py-[60px] bg-blue text-white u-has-rivets\"\n\tdata-theme=\"navy\"\n>\n\t<div class=\"flex flex-col !px-0 !max-w-[1440px] w-full lg:!ps-indent\">\n\t\t<div class=\"border-t-[6px] w-full my-0 flex flex-col md:flex-row gap-x-[62px] gap-y-[22px] border-gold\">\n\t\t\t\t\t\t\t<div class=\"relative grid md:order-last md:w-1\/2 overflow-hidden place-items-center aspect-[157\/105]\">\n\t\t\t\t\t<img decoding=\"async\" width=\"1067\" height=\"800\" src=\"https:\/\/www.iaff.org\/wp-content\/uploads\/2024\/02\/29057507-copy-1067x800.jpg\" class=\"absolute object-cover min-w-full h-full\" alt=\"\" srcset=\"https:\/\/www.iaff.org\/wp-content\/uploads\/2024\/02\/29057507-copy-1067x800.jpg 1067w, https:\/\/www.iaff.org\/wp-content\/uploads\/2024\/02\/29057507-copy-300x225.jpg 300w, https:\/\/www.iaff.org\/wp-content\/uploads\/2024\/02\/29057507-copy-1024x768.jpg 1024w, https:\/\/www.iaff.org\/wp-content\/uploads\/2024\/02\/29057507-copy-768x576.jpg 768w, https:\/\/www.iaff.org\/wp-content\/uploads\/2024\/02\/29057507-copy-1536x1152.jpg 1536w, https:\/\/www.iaff.org\/wp-content\/uploads\/2024\/02\/29057507-copy-2048x1536.jpg 2048w, https:\/\/www.iaff.org\/wp-content\/uploads\/2024\/02\/29057507-copy-240x180.jpg 240w, https:\/\/www.iaff.org\/wp-content\/uploads\/2024\/02\/29057507-copy-1080x810.jpg 1080w\" sizes=\"(max-width: 1067px) 100vw, 1067px\" \/>\t\t\t\t<\/div>\n\t\t\t\t\t\t<div class=\"w-full md:w-1\/2 md:py-[45px]\">\n\t\t\t\t<div class=\"max-w-[600px] flex flex-col gap-[22px]\">\n\t\t\t\t\t\t\t\t\t\t\t<h1 class=\"has-[.u-halftone-shadow--dark]:mb-divider has-[.u-halftone-shadow--light]:mb-divider\">\n\t\t\t\t\t\t\t<span class=\"inline-flex text-heading-200 u-halftone-shadow--light\">\n\t\t\t\t\t\t\t\tUnirse\t\t\t\t\t\t\t<\/span>\n\t\t\t\t\t\t<\/h1>\n\t\t\t\t\t\t\t\t\t\t\t\t\t\t\t\t<div class=\"text-body-300 font-sans\">\n\t\t\t\t\t\t\t<p>Existe una vida y una carrera mejores para usted en la IAFF, uno de los sindicatos m\u00e1s grandes e influyentes de Am\u00e9rica del Norte. \u00danase a sus compa\u00f1eros bomberos, rescatistas y trabajadores de servicios m\u00e9dicos de emergencia, y forme parte de algo con un prop\u00f3sito superior. Estamos preparados para trabajar en su apoyo, su salud, su seguridad, su bienestar y su futuro financiero.  <\/p>\n\t\t\t\t\t\t<\/div>\n\t\t\t\t\t\t\t\t\t\t\t\t\t\t\t\t\t\t\t\t\t\t\t\t\t\t\t<div class=\"flex flex-wrap gap-[30px]\">\n\t\t\t\t\t\t\t\t\t\t\t\t\t\t\t<!-- Renders the same as core\/button with a specific style -->\n\t<div\n\t\tclass=\"wp-block-button track-button-primary is-style-primary-red\"\n\t>\n\t\t<a\n\t\t\tclass=\"wp-block-button__link wp-element-button cursor-pointer dlm-no-xhr-download track-hero-secondary-cta md:w-auto min-w-[156px]\"\n\t\t\t\t\t\t\thref=\"#contact\"\n\t\t\t\t\t\t\t\t\t>\n\t\t\tCont\u00e1ctenos\t\t<\/a>\n\t<\/div>\n\t\t\t\t\t\t\t\t\t\t\t\t\t<\/div>\n\t\t\t\t\t\t\t\t\t\t\t\t\t\t<\/div>\n\t\t\t<\/div>\n\n\t\t<\/div>\n\t\t\t<\/div>\n<\/header>\n<\/section>\n<section\n\t class=\"page-blocks iaff-page-blocks align wp-block-acf-page-blocks\" id=\"page-blocks_block_6fcb02bdf5a1954bfdd27f11fccf17f7\">\n\t<div class=\"acf-innerblocks-container\">\n<section\n\t class=\"section-header mb-10 align wp-block-acf-section-header\" id=\"section-header_block_4b4a97abb212f4166e4f8fb3e9e7b36f\">\n\t<div class=\"\">\n\t<div class=\"flex flex-col md:flex-row justify-between max-w-content gap-x-8 md:items-end flex-wrap\">\n\t\t<h2 class=\"text-heading-200 pb-[2px]\">\n\t\t\t\u00bfQui\u00e9n puede afiliarse?\t\t<\/h2>\n\n\t\t\t\t\t<div class=\"md:order-last w-full\">\n\t\t\t\t\n\t<hr class=\"h-[6px] text-red border-red bg-red w-full my-0\" role=\"presentation\"\/>\n\n\t<div class=\"h-divider w-full bg-halftone-divider bg-right\"><\/div>\n\t\t\t<\/div>\n\t\t\n\t\t\t<\/div>\n<\/div>\n<\/section>\n\n\n<div class=\"wp-block-paragraph \">\n<p>Para convertirse en miembro activo de la AIB, un individuo debe unirse a un sindicato local de la AIB con carta constitutiva u organizarlo.<\/p>\n<\/div>\n\n<div class=\"wp-block-paragraph \">\n<p>Cualquier empleado remunerado a tiempo completo que participe en actividades de extinci\u00f3n de incendios o servicios m\u00e9dicos\/de rescate de emergencia es elegible para ser miembro de AIB.<\/p>\n<\/div>\n\n<div class=\"wp-block-paragraph \">\n<p>Una vez que usted contact us, dirigiremos su solicitud a un representante en su distrito que le proporcionar\u00e1 la informaci\u00f3n que necesita de inmediato. <\/p>\n<\/div>\n\n<section\n\t class=\"section-header mb-10 align wp-block-acf-section-header\" id=\"section-header_block_9d6a8859101d82e95b48b927b3232c4f\">\n\t<div class=\"\">\n\t<div class=\"flex flex-col md:flex-row justify-between max-w-content gap-x-8 md:items-end flex-wrap\">\n\t\t<h2 class=\"text-heading-200 pb-[2px]\">\n\t\t\t\u00bfPor qu\u00e9 afiliarse? \t\t<\/h2>\n\n\t\t\t\t\t<div class=\"md:order-last w-full\">\n\t\t\t\t\n\t<hr class=\"h-[6px] text-red border-red bg-red w-full my-0\" role=\"presentation\"\/>\n\n\t<div class=\"h-divider w-full bg-halftone-divider bg-right\"><\/div>\n\t\t\t<\/div>\n\t\t\n\t\t\t<\/div>\n<\/div>\n<\/section>\n\n\n<div class=\"wp-block-paragraph \">\n<p>Somos m\u00e1s que un simple sindicato; somos un movimiento, una hermandad que impulsa avances en los servicios de bomberos y emergencias en los Estados Unidos, Canad\u00e1 y alrededor del mundo. <\/p>\n<\/div>\n\n<div class=\"wp-block-paragraph \">\n<p>Con oficinas en Washington D.C. y Ottawa, Ontario, AIB es la voz m\u00e1s fuerte del servicio de bomberos a nivel federal. Nuestro Comit\u00e9 de Acci\u00f3n Pol\u00edtica, FIREPAC, se encuentra entre el 0,5% superior de todos los PAC registrados a nivel federal en los Estados Unidos. <\/p>\n<\/div>\n\n<div class=\"wp-block-paragraph \">\n<p>En la actualidad, el 85% de las comunidades en los Estados Unidos y Canad\u00e1 est\u00e1n protegidas por nuestros m\u00e1s de 350.000 miembros.<\/p>\n<\/div>\n\n<div class=\"wp-block-paragraph \">\n<p><a href=\"https:\/\/www.iaff.org\/es\/nuestros-logros\/\">Ver nuestros logros<\/a><\/p>\n<\/div>\n\n<section\n\t class=\"section-header mb-10 align wp-block-acf-section-header\" id=\"section-header_block_3f4353e9de6ba8d8aff445dd8436db37\">\n\t<div class=\"\">\n\t<div class=\"flex flex-col md:flex-row justify-between max-w-content gap-x-8 md:items-end flex-wrap\">\n\t\t<h2 class=\"text-heading-200 pb-[2px]\">\n\t\t\t\u00bfPuede un grupo de individuos crear un sindicato local de la AIB?\t\t<\/h2>\n\n\t\t\t\t\t<div class=\"md:order-last w-full\">\n\t\t\t\t\n\t<hr class=\"h-[6px] text-red border-red bg-red w-full my-0\" role=\"presentation\"\/>\n\n\t<div class=\"h-divider w-full bg-halftone-divider bg-right\"><\/div>\n\t\t\t<\/div>\n\t\t\n\t\t\t<\/div>\n<\/div>\n<\/section>\n\n\n<div class=\"wp-block-paragraph \">\n<p>Tres o m\u00e1s personas en la misma jurisdicci\u00f3n (generalmente una ciudad, pueblo o condado) que est\u00e9n cualificadas para la membres\u00eda activa en la IAFF, como se ha mencionado anteriormente, pueden presentar una propuesta para constituir un sindicato local. No se otorgar\u00e1n autorizaciones a solicitantes en ninguna jurisdicci\u00f3n donde ya exista un sindicato local autorizado de la IAFF en buen estado, a menos que dicho sindicato local autorizado consienta la concesi\u00f3n de una autorizaci\u00f3n adicional. Para obtener m\u00e1s informaci\u00f3n, env\u00ede un correo electr\u00f3nico a <a href=\"mailto:join@IAFF.org\">join@iaff.org<\/a>.  <\/p>\n<\/div>\n\n\n<div id=\"contact\" class=\"wp-block-group is-layout-constrained wp-block-group-is-layout-constrained\"><section\n\t class=\"section-header mb-10 align wp-block-acf-section-header\" id=\"section-header_block_6398b465876cfdfebf5a39cffe487bd9\">\n\t<div class=\"\">\n\t<div class=\"flex flex-col md:flex-row justify-between max-w-content gap-x-8 md:items-end flex-wrap\">\n\t\t<h2 class=\"text-heading-200 pb-[2px]\">\n\t\t\tCont\u00e1ctenos\t\t<\/h2>\n\n\t\t\t\t\t<div class=\"md:order-last w-full\">\n\t\t\t\t\n\t<hr class=\"h-[6px] text-red border-red bg-red w-full my-0\" role=\"presentation\"\/>\n\n\t<div class=\"h-divider w-full bg-halftone-divider bg-right\"><\/div>\n\t\t\t<\/div>\n\t\t\n\t\t\t<\/div>\n<\/div>\n<\/section>\n<\/div>\n\n<\/div><\/section>\n<script>\nvar gform;gform||(document.addEventListener(\"gform_main_scripts_loaded\",function(){gform.scriptsLoaded=!0}),document.addEventListener(\"gform\/theme\/scripts_loaded\",function(){gform.themeScriptsLoaded=!0}),window.addEventListener(\"DOMContentLoaded\",function(){gform.domLoaded=!0}),gform={domLoaded:!1,scriptsLoaded:!1,themeScriptsLoaded:!1,isFormEditor:()=>\"function\"==typeof InitializeEditor,callIfLoaded:function(o){return!(!gform.domLoaded||!gform.scriptsLoaded||!gform.themeScriptsLoaded&&!gform.isFormEditor()||(gform.isFormEditor()&&console.warn(\"The use of gform.initializeOnLoaded() is deprecated in the form editor context and will be removed in Gravity Forms 3.1.\"),o(),0))},initializeOnLoaded:function(o){gform.callIfLoaded(o)||(document.addEventListener(\"gform_main_scripts_loaded\",()=>{gform.scriptsLoaded=!0,gform.callIfLoaded(o)}),document.addEventListener(\"gform\/theme\/scripts_loaded\",()=>{gform.themeScriptsLoaded=!0,gform.callIfLoaded(o)}),window.addEventListener(\"DOMContentLoaded\",()=>{gform.domLoaded=!0,gform.callIfLoaded(o)}))},hooks:{action:{},filter:{}},addAction:function(o,r,e,t){gform.addHook(\"action\",o,r,e,t)},addFilter:function(o,r,e,t){gform.addHook(\"filter\",o,r,e,t)},doAction:function(o){gform.doHook(\"action\",o,arguments)},applyFilters:function(o){return gform.doHook(\"filter\",o,arguments)},removeAction:function(o,r){gform.removeHook(\"action\",o,r)},removeFilter:function(o,r,e){gform.removeHook(\"filter\",o,r,e)},addHook:function(o,r,e,t,n){null==gform.hooks[o][r]&&(gform.hooks[o][r]=[]);var d=gform.hooks[o][r];null==n&&(n=r+\"_\"+d.length),gform.hooks[o][r].push({tag:n,callable:e,priority:t=null==t?10:t})},doHook:function(r,o,e){var t;if(e=Array.prototype.slice.call(e,1),null!=gform.hooks[r][o]&&((o=gform.hooks[r][o]).sort(function(o,r){return o.priority-r.priority}),o.forEach(function(o){\"function\"!=typeof(t=o.callable)&&(t=window[t]),\"action\"==r?t.apply(null,e):e[0]=t.apply(null,e)})),\"filter\"==r)return e[0]},removeHook:function(o,r,t,n){var e;null!=gform.hooks[o][r]&&(e=(e=gform.hooks[o][r]).filter(function(o,r,e){return!!(null!=n&&n!=o.tag||null!=t&&t!=o.priority)}),gform.hooks[o][r]=e)}});\n<\/script>\n\n                <div class='gf_browser_gecko gform_wrapper gravity-theme gform-theme--no-framework' data-form-theme='gravity-theme' data-form-index='0' id='gform_wrapper_49' ><div id='gf_49' class='gform_anchor' tabindex='-1'><\/div>\n                        <div class='gform_heading'>\n\t\t\t\t\t\t\t<p class='gform_required_legend'>&quot;<span class=\"gfield_required gfield_required_asterisk\">*<\/span>&quot; se\u00f1ala los campos obligatorios<\/p>\n                        <\/div><form method='post' enctype='multipart\/form-data' target='gform_ajax_frame_49' id='gform_49'  action='\/es\/wp-json\/wp\/v2\/pages\/92338#gf_49' data-formid='49' novalidate>\t\t\t\t\t<div style=\"display: none !important;\" class=\"akismet-fields-container gf_invisible\" data-prefix=\"ak_\"> \r\n <input type='hidden' class='gforms-pum' value='{\"closepopup\":false,\"closedelay\":0,\"openpopup\":false,\"openpopup_id\":0}' \/>\n\t\t\t\t\t\t<label>&#916;<textarea name=\"ak_hp_textarea\" cols=\"45\" rows=\"8\" maxlength=\"100\"><\/textarea><\/label>\n\t\t\t\t\t\t<input type=\"hidden\" id=\"ak_js_1\" name=\"ak_js\" value=\"129\" \/>\n\t\t\t\t\t\t<script>\ndocument.getElementById( \"ak_js_1\" ).setAttribute( \"value\", ( new Date() ).getTime() );\n<\/script>\n\n\t\t\t\t\t<\/div>\n                        <div class='gform-body gform_body'><div id='gform_fields_49' class='gform_fields top_label form_sublabel_above description_above validation_below'><div id=\"field_49_4\" class=\"gfield gfield--type-text gfield--input-type-text gfield--width-full gfield_contains_required field_sublabel_above gfield--no-description field_description_above field_validation_below gfield_visibility_visible\"  ><label class='gfield_label gform-field-label' for='input_49_4'>Nombre completo<span class=\"gfield_required\"><span class=\"gfield_required gfield_required_asterisk\">*<\/span><\/span><\/label><div class='ginput_container ginput_container_text'><input name='input_4' id='input_49_4' type='text' value='' class='large'     aria-required=\"true\" aria-invalid=\"false\"   \/><\/div><\/div><div id=\"field_49_2\" class=\"gfield gfield--type-email gfield--input-type-email gfield--width-half gfield_contains_required field_sublabel_above gfield--no-description field_description_above field_validation_below gfield_visibility_visible\"  ><label class='gfield_label gform-field-label' for='input_49_2'>Correo electr\u00f3nico personal<span class=\"gfield_required\"><span class=\"gfield_required gfield_required_asterisk\">*<\/span><\/span><\/label><div class='ginput_container ginput_container_email'>\n                            <input name='input_2' id='input_49_2' type='email' value='' class='large'    aria-required=\"true\" aria-invalid=\"false\"  \/>\n                        <\/div><\/div><div id=\"field_49_6\" class=\"gfield gfield--type-phone gfield--input-type-phone gfield--width-half gfield_contains_required field_sublabel_above gfield--no-description field_description_above field_validation_below gfield_visibility_visible\"  ><label class='gfield_label gform-field-label' for='input_49_6'>Tel\u00e9fono<span class=\"gfield_required\"><span class=\"gfield_required gfield_required_asterisk\">*<\/span><\/span><\/label><div class='ginput_container ginput_container_phone'><input name='input_6' id='input_49_6' type='tel' value='' class='large'   aria-required=\"true\" aria-invalid=\"false\"   \/><\/div><\/div><div id=\"field_49_5\" class=\"gfield gfield--type-text gfield--input-type-text gfield--width-full gfield_contains_required field_sublabel_above gfield--no-description field_description_above field_validation_below gfield_visibility_visible\"  ><label class='gfield_label gform-field-label' for='input_49_5'>Nombre del departamento de bomberos\/servicios m\u00e9dicos de emergencia<span class=\"gfield_required\"><span class=\"gfield_required gfield_required_asterisk\">*<\/span><\/span><\/label><div class='ginput_container ginput_container_text'><input name='input_5' id='input_49_5' type='text' value='' class='large'     aria-required=\"true\" aria-invalid=\"false\"   \/><\/div><\/div><div id=\"field_49_3\" class=\"gfield gfield--type-textarea gfield--input-type-textarea gfield_contains_required field_sublabel_above gfield--no-description field_description_above field_validation_below gfield_visibility_visible\"  ><label class='gfield_label gform-field-label' for='input_49_3'>Direcci\u00f3n<span class=\"gfield_required\"><span class=\"gfield_required gfield_required_asterisk\">*<\/span><\/span><\/label><div class='ginput_container ginput_container_textarea'><textarea name='input_3' id='input_49_3' class='textarea medium'   maxlength='800'  aria-required=\"true\" aria-invalid=\"false\"   rows='10' cols='50'><\/textarea><\/div><\/div><\/div><\/div>\n        <div class='gform-footer gform_footer top_label'> <input type='submit' id='gform_submit_button_49' class='gform_button button' onclick='gform.submission.handleButtonClick(this);' data-submission-type='submit' value='Enviar'  \/> <input type='hidden' name='gform_ajax' value='form_id=49&amp;title=&amp;description=&amp;tabindex=0&amp;theme=gravity-theme&amp;styles={&quot;inputPrimaryColor&quot;:&quot;#204ce5&quot;}&amp;hash=4ff0e81a5db2c3cf32b9fd6dcf55f788' \/>\n            <input type='hidden' class='gform_hidden' name='gform_submission_method' data-js='gform_submission_method_49' value='iframe' \/>\n            <input type='hidden' class='gform_hidden' name='gform_theme' data-js='gform_theme_49' id='gform_theme_49' value='gravity-theme' \/>\n            <input type='hidden' class='gform_hidden' name='gform_style_settings' data-js='gform_style_settings_49' id='gform_style_settings_49' value='{&quot;inputPrimaryColor&quot;:&quot;#204ce5&quot;}' \/>\n            <input type='hidden' class='gform_hidden' name='is_submit_49' value='1' \/>\n            <input type='hidden' class='gform_hidden' name='gform_submit' value='49' \/>\n            \n            <input type='hidden' class='gform_hidden' name='gform_currency' data-currency='USD' value='eOWXU7xZVW7X\/Hsx\/0mggnyNqgnDY8DamY1Y5ELkZgUz7ap3wb7eTdUM3FuHl2zM6TnBAVYNwfxaF5kV5BnOPeyUh5\/4YaQHjLhfezWw1BfcSGc=' \/>\n            <input type='hidden' class='gform_hidden' name='gform_unique_id' value='' \/>\n            <input type='hidden' class='gform_hidden' name='state_49' value='WyJbXSIsImM4MmQxZjYwYjNkOGYyMTQxNzRkNTc4ZjBlYWIwYWY2Il0=' \/>\n            <input type='hidden' autocomplete='off' class='gform_hidden' name='gform_target_page_number_49' id='gform_target_page_number_49' value='0' \/>\n            <input type='hidden' autocomplete='off' class='gform_hidden' name='gform_source_page_number_49' id='gform_source_page_number_49' value='1' \/>\n            <input type='hidden' name='gform_field_values' value='' \/>\n            \n        <\/div>\n                        <\/form>\n                        <\/div>\n\t\t                <iframe style='display:none;width:0px;height:0px;' src='about:blank' name='gform_ajax_frame_49' id='gform_ajax_frame_49' title='Este iframe contiene la l\u00f3gica necesaria para gestionar formularios con ajax activado.'><\/iframe>\n\t\t                <script>\ngform.initializeOnLoaded( function() {gformInitSpinner( 49, 'https:\/\/www.iaff.org\/wp-content\/plugins\/gravityforms\/images\/spinner.svg', true );jQuery('#gform_ajax_frame_49').on('load',function(){var contents = jQuery(this).contents().find('*').html();var is_postback = contents.indexOf('GF_AJAX_POSTBACK') >= 0;if(!is_postback){return;}var form_content = jQuery(this).contents().find('#gform_wrapper_49');var is_confirmation = jQuery(this).contents().find('#gform_confirmation_wrapper_49').length > 0;var is_redirect = contents.indexOf('gformRedirect(){') >= 0;var is_form = form_content.length > 0 && ! is_redirect && ! is_confirmation;var mt = parseInt(jQuery('html').css('margin-top'), 10) + parseInt(jQuery('body').css('margin-top'), 10) + 100;if(is_form){jQuery('#gform_wrapper_49').html(form_content.html());if(form_content.hasClass('gform_validation_error')){jQuery('#gform_wrapper_49').addClass('gform_validation_error');} else {jQuery('#gform_wrapper_49').removeClass('gform_validation_error');}setTimeout( function() { \/* delay the scroll by 50 milliseconds to fix a bug in chrome *\/ jQuery(document).scrollTop(jQuery('#gform_wrapper_49').offset().top - mt); }, 50 );if(window['gformInitDatepicker']) {gformInitDatepicker();}if(window['gformInitPriceFields']) {gformInitPriceFields();}var current_page = jQuery('#gform_source_page_number_49').val();gformInitSpinner( 49, 'https:\/\/www.iaff.org\/wp-content\/plugins\/gravityforms\/images\/spinner.svg', true );jQuery(document).trigger('gform_page_loaded', [49, current_page]);window['gf_submitting_49'] = false;}else if(!is_redirect){var confirmation_content = jQuery(this).contents().find('.GF_AJAX_POSTBACK').html();if(!confirmation_content){confirmation_content = contents;}jQuery('#gform_wrapper_49').replaceWith(confirmation_content);jQuery(document).scrollTop(jQuery('#gf_49').offset().top - mt);jQuery(document).trigger('gform_confirmation_loaded', [49]);window['gf_submitting_49'] = false;wp.a11y.speak(jQuery('#gform_confirmation_message_49').text());}else{jQuery('#gform_49').append(contents);if(window['gformRedirect']) {gformRedirect();}}jQuery(document).trigger(\"gform_pre_post_render\", [{ formId: \"49\", currentPage: \"current_page\", abort: function() { this.preventDefault(); } }]);        if (event && event.defaultPrevented) {                return;        }        const gformWrapperDiv = document.getElementById( \"gform_wrapper_49\" );        if ( gformWrapperDiv ) {            const visibilitySpan = document.createElement( \"span\" );            visibilitySpan.id = \"gform_visibility_test_49\";            gformWrapperDiv.insertAdjacentElement( \"afterend\", visibilitySpan );        }        const visibilityTestDiv = document.getElementById( \"gform_visibility_test_49\" );        let postRenderFired = false;        function triggerPostRender() {            if ( postRenderFired ) {                return;            }            postRenderFired = true;            gform.core.triggerPostRenderEvents( 49, current_page );            if ( visibilityTestDiv ) {                visibilityTestDiv.parentNode.removeChild( visibilityTestDiv );            }        }        function debounce( func, wait, immediate ) {            var timeout;            return function() {                var context = this, args = arguments;                var later = function() {                    timeout = null;                    if ( !immediate ) func.apply( context, args );                };                var callNow = immediate && !timeout;                clearTimeout( timeout );                timeout = setTimeout( later, wait );                if ( callNow ) func.apply( context, args );            };        }        const debouncedTriggerPostRender = debounce( function() {            triggerPostRender();        }, 200 );        if ( visibilityTestDiv && visibilityTestDiv.offsetParent === null ) {            const observer = new MutationObserver( ( mutations ) => {                mutations.forEach( ( mutation ) => {                    if ( mutation.type === 'attributes' && visibilityTestDiv.offsetParent !== null ) {                        debouncedTriggerPostRender();                        observer.disconnect();                    }                });            });            observer.observe( document.body, {                attributes: true,                childList: false,                subtree: true,                attributeFilter: [ 'style', 'class' ],            });        } else {            triggerPostRender();        }    } );} );\n<\/script>\n","protected":false},"excerpt":{"rendered":"","protected":false},"featured_media":0,"parent":0,"menu_order":0,"comment_status":"closed","ping_status":"closed","template":"","meta":{"_acf_changed":false,"_searchwp_excluded":"","inline_featured_image":false,"_EventAllDay":false,"_EventTimezone":"","_EventStartDate":"","_EventEndDate":"","_EventStartDateUTC":"","_EventEndDateUTC":"","_EventShowMap":false,"_EventShowMapLink":false,"_EventURL":"","_EventCost":"","_EventCostDescription":"","_EventCurrencySymbol":"","_EventCurrencyCode":"","_EventCurrencyPosition":"","_EventDateTimeSeparator":"","_EventTimeRangeSeparator":"","_EventOrganizerID":[],"_EventVenueID":[],"_OrganizerEmail":"","_OrganizerPhone":"","_OrganizerWebsite":"","_VenueAddress":"","_VenueCity":"","_VenueCountry":"","_VenueProvince":"","_VenueState":"","_VenueZip":"","_VenuePhone":"","_VenueURL":"","_VenueStateProvince":"","_VenueLat":"","_VenueLng":"","_VenueShowMap":false,"_VenueShowMapLink":false,"footnotes":""},"class_list":["post-92338","page","type-page","status-publish","hentry"],"acf":[],"publishpress_future_workflow_manual_trigger":{"enabledWorkflows":[]},"_links":{"self":[{"href":"https:\/\/www.iaff.org\/es\/wp-json\/wp\/v2\/pages\/92338","targetHints":{"allow":["GET"]}}],"collection":[{"href":"https:\/\/www.iaff.org\/es\/wp-json\/wp\/v2\/pages"}],"about":[{"href":"https:\/\/www.iaff.org\/es\/wp-json\/wp\/v2\/types\/page"}],"author":[{"embeddable":true,"href":"https:\/\/www.iaff.org\/es\/wp-json\/wp\/v2\/users\/5"}],"replies":[{"embeddable":true,"href":"https:\/\/www.iaff.org\/es\/wp-json\/wp\/v2\/comments?post=92338"}],"version-history":[{"count":0,"href":"https:\/\/www.iaff.org\/es\/wp-json\/wp\/v2\/pages\/92338\/revisions"}],"wp:attachment":[{"href":"https:\/\/www.iaff.org\/es\/wp-json\/wp\/v2\/media?parent=92338"}],"curies":[{"name":"wp","href":"https:\/\/api.w.org\/{rel}","templated":true}]}}