{"id":122262,"date":"2026-03-18T12:14:41","date_gmt":"2026-03-18T16:14:41","guid":{"rendered":"https:\/\/www.iaff.org\/operaciones-en-el-lugar-del-incendio-basadas-en-la-evidencia-de-la-aib\/formacion-de-formadores-en-operaciones-en-el-terreno-de-incendios-basadas-en-la-evidencia\/"},"modified":"2026-04-13T10:13:56","modified_gmt":"2026-04-13T14:13:56","slug":"formacion-de-formadores-en-operaciones-en-el-terreno-de-incendios-basadas-en-la-evidencia","status":"publish","type":"page","link":"https:\/\/www.iaff.org\/es\/operaciones-en-el-lugar-del-incendio-basadas-en-la-evidencia-de-la-aib\/formacion-de-formadores-en-operaciones-en-el-terreno-de-incendios-basadas-en-la-evidencia\/","title":{"rendered":"Formaci\u00f3n de formadores en operaciones en el terreno de incendios basadas en la evidencia"},"content":{"rendered":"","protected":false},"excerpt":{"rendered":"<p>El curso de Formaci\u00f3n de Formadores (TtT) de Operaciones de Extinci\u00f3n de Incendios Basadas en la Evidencia (EFGO) est\u00e1 dise\u00f1ado para certificar a instructores de EFGO (que sean miembros de [&hellip;]<\/p>\n","protected":false},"featured_media":0,"parent":122232,"menu_order":0,"comment_status":"closed","ping_status":"closed","template":"","meta":{"_acf_changed":false,"_searchwp_excluded":"","inline_featured_image":false,"_EventAllDay":false,"_EventTimezone":"","_EventStartDate":"","_EventEndDate":"","_EventStartDateUTC":"","_EventEndDateUTC":"","_EventShowMap":false,"_EventShowMapLink":false,"_EventURL":"","_EventCost":"","_EventCostDescription":"","_EventCurrencySymbol":"","_EventCurrencyCode":"","_EventCurrencyPosition":"","_EventDateTimeSeparator":"","_EventTimeRangeSeparator":"","_EventOrganizerID":[],"_EventVenueID":[],"_OrganizerEmail":"","_OrganizerPhone":"","_OrganizerWebsite":"","_VenueAddress":"","_VenueCity":"","_VenueCountry":"","_VenueProvince":"","_VenueState":"","_VenueZip":"","_VenuePhone":"","_VenueURL":"","_VenueStateProvince":"","_VenueLat":"","_VenueLng":"","_VenueShowMap":false,"_VenueShowMapLink":false,"footnotes":""},"class_list":["post-122262","page","type-page","status-publish","hentry"],"acf":[],"publishpress_future_workflow_manual_trigger":{"enabledWorkflows":[]},"_links":{"self":[{"href":"https:\/\/www.iaff.org\/es\/wp-json\/wp\/v2\/pages\/122262","targetHints":{"allow":["GET"]}}],"collection":[{"href":"https:\/\/www.iaff.org\/es\/wp-json\/wp\/v2\/pages"}],"about":[{"href":"https:\/\/www.iaff.org\/es\/wp-json\/wp\/v2\/types\/page"}],"author":[{"embeddable":true,"href":"https:\/\/www.iaff.org\/es\/wp-json\/wp\/v2\/users\/3"}],"replies":[{"embeddable":true,"href":"https:\/\/www.iaff.org\/es\/wp-json\/wp\/v2\/comments?post=122262"}],"version-history":[{"count":4,"href":"https:\/\/www.iaff.org\/es\/wp-json\/wp\/v2\/pages\/122262\/revisions"}],"predecessor-version":[{"id":124361,"href":"https:\/\/www.iaff.org\/es\/wp-json\/wp\/v2\/pages\/122262\/revisions\/124361"}],"up":[{"embeddable":true,"href":"https:\/\/www.iaff.org\/es\/wp-json\/wp\/v2\/pages\/122232"}],"wp:attachment":[{"href":"https:\/\/www.iaff.org\/es\/wp-json\/wp\/v2\/media?parent=122262"}],"curies":[{"name":"wp","href":"https:\/\/api.w.org\/{rel}","templated":true}]}}