{"id":122238,"date":"2026-03-18T12:05:22","date_gmt":"2026-03-18T16:05:22","guid":{"rendered":"https:\/\/www.iaff.org\/operaciones-en-el-lugar-del-incendio-basadas-en-la-evidencia-de-la-aib\/sensibilizacion-sobre-operaciones-en-el-escenario-del-incendio-basadas-en-la-evidencia\/"},"modified":"2026-03-25T13:53:53","modified_gmt":"2026-03-25T17:53:53","slug":"sensibilizacion-sobre-operaciones-en-el-escenario-del-incendio-basadas-en-la-evidencia","status":"publish","type":"page","link":"https:\/\/www.iaff.org\/es\/operaciones-en-el-lugar-del-incendio-basadas-en-la-evidencia-de-la-aib\/sensibilizacion-sobre-operaciones-en-el-escenario-del-incendio-basadas-en-la-evidencia\/","title":{"rendered":"Sensibilizaci\u00f3n sobre operaciones en el escenario del incendio basadas en la evidencia"},"content":{"rendered":"","protected":false},"excerpt":{"rendered":"<p>Dise\u00f1ado para bomberos, oficiales de compa\u00f1\u00eda, oficiales de formaci\u00f3n y oficiales jefes, este curso presencial explora c\u00f3mo la din\u00e1mica del fuego, la construcci\u00f3n de edificios y la ventilaci\u00f3n t\u00e1ctica influyen [&hellip;]<\/p>\n","protected":false},"featured_media":0,"parent":122232,"menu_order":0,"comment_status":"closed","ping_status":"closed","template":"","meta":{"_acf_changed":false,"_searchwp_excluded":"","inline_featured_image":false,"_EventAllDay":false,"_EventTimezone":"","_EventStartDate":"","_EventEndDate":"","_EventStartDateUTC":"","_EventEndDateUTC":"","_EventShowMap":false,"_EventShowMapLink":false,"_EventURL":"","_EventCost":"","_EventCostDescription":"","_EventCurrencySymbol":"","_EventCurrencyCode":"","_EventCurrencyPosition":"","_EventDateTimeSeparator":"","_EventTimeRangeSeparator":"","_EventOrganizerID":[],"_EventVenueID":[],"_OrganizerEmail":"","_OrganizerPhone":"","_OrganizerWebsite":"","_VenueAddress":"","_VenueCity":"","_VenueCountry":"","_VenueProvince":"","_VenueState":"","_VenueZip":"","_VenuePhone":"","_VenueURL":"","_VenueStateProvince":"","_VenueLat":"","_VenueLng":"","_VenueShowMap":false,"_VenueShowMapLink":false,"footnotes":""},"class_list":["post-122238","page","type-page","status-publish","hentry"],"acf":[],"publishpress_future_workflow_manual_trigger":{"enabledWorkflows":[]},"_links":{"self":[{"href":"https:\/\/www.iaff.org\/es\/wp-json\/wp\/v2\/pages\/122238","targetHints":{"allow":["GET"]}}],"collection":[{"href":"https:\/\/www.iaff.org\/es\/wp-json\/wp\/v2\/pages"}],"about":[{"href":"https:\/\/www.iaff.org\/es\/wp-json\/wp\/v2\/types\/page"}],"author":[{"embeddable":true,"href":"https:\/\/www.iaff.org\/es\/wp-json\/wp\/v2\/users\/3"}],"replies":[{"embeddable":true,"href":"https:\/\/www.iaff.org\/es\/wp-json\/wp\/v2\/comments?post=122238"}],"version-history":[{"count":3,"href":"https:\/\/www.iaff.org\/es\/wp-json\/wp\/v2\/pages\/122238\/revisions"}],"predecessor-version":[{"id":122856,"href":"https:\/\/www.iaff.org\/es\/wp-json\/wp\/v2\/pages\/122238\/revisions\/122856"}],"up":[{"embeddable":true,"href":"https:\/\/www.iaff.org\/es\/wp-json\/wp\/v2\/pages\/122232"}],"wp:attachment":[{"href":"https:\/\/www.iaff.org\/es\/wp-json\/wp\/v2\/media?parent=122238"}],"curies":[{"name":"wp","href":"https:\/\/api.w.org\/{rel}","templated":true}]}}