{"id":120472,"date":"2026-02-12T14:03:01","date_gmt":"2026-02-12T19:03:01","guid":{"rendered":"https:\/\/www.iaff.org\/conferencia-legislativa-de-canada\/agenda-de-la-conferencia-legislativa-canadiense\/"},"modified":"2026-04-15T15:33:20","modified_gmt":"2026-04-15T19:33:20","slug":"agenda-de-la-conferencia-legislativa-canadiense","status":"publish","type":"page","link":"https:\/\/www.iaff.org\/es\/conferencia-legislativa-de-canada\/agenda-de-la-conferencia-legislativa-canadiense\/","title":{"rendered":"Agenda de la Conferencia Legislativa Canadiense"},"content":{"rendered":"<section\n\t class=\"secondary-hero align wp-block-acf-secondary-hero\" id=\"secondary-hero_block_6fb8513c91221db1cc0383f6e4292841\">\n\t\n<header\n\tclass=\"w-full u-bg-full-width px-[22px] md:ps-bleed md:pe-0 py-[60px] bg-smoke-5 text-black u-has-rivets u-rivets-dark\"\n\tdata-theme=\"gray\"\n>\n\t<div class=\"flex flex-col !px-0 !max-w-[1440px] w-full lg:!ps-indent\">\n\t\t<div class=\"border-t-[6px] w-full my-0 flex flex-col md:flex-row gap-x-[62px] gap-y-[22px] border-red\">\n\t\t\t\t\t\t<div class=\"w-full md:w-1\/2 md:py-[45px]\">\n\t\t\t\t<div class=\"max-w-[600px] flex flex-col gap-[22px]\">\n\t\t\t\t\t\t\t\t\t\t\t<h1 class=\"has-[.u-halftone-shadow--dark]:mb-divider has-[.u-halftone-shadow--light]:mb-divider pt-[22px] md:pt-0\">\n\t\t\t\t\t\t\t<span class=\"inline-flex text-heading-200 u-halftone-shadow--dark\">\n\t\t\t\t\t\t\t\tAgenda\t\t\t\t\t\t\t<\/span>\n\t\t\t\t\t\t<\/h1>\n\t\t\t\t\t\t\t\t\t\t\t\t\t\t\t\t\t\t\t\t\t\t\t\t\t\t\t\t\t<\/div>\n\t\t\t<\/div>\n\n\t\t<\/div>\n\t\t\t\t\t<div class=\"order-first flex justify-start w-full pb-[22px]\">\n\t\t\t\t<div\n\tclass=\"wp-block-button is-style-tertiary text-smoke is-style-tertiary-back\"\n>\n\t\t\t<a\n\t\t\thref=\"https:\/\/www.iaff.org\/es\/conferencia-legislativa-de-canada\/\"\n\t\t\tclass=\"wp-block-button__link wp-element-button group\"\n\t\t\t\t\t>\n\t\t\t<span\n\t\t\tclass=\"decoration-transparent underline underline-offset-2 group-hover:decoration-inherit group-focus-visible:decoration-inherit transition duration-hover\"\n\t\t>\n\t\t\tConferencia Legislativa de Canad\u00e1\t\t<\/span>\n\n\t\t<span\n\t\t\tclass=\"bg-inherit transition-colors duration-hover group-hover:bg-gold group-focus:bg-gold inline-flex rotate-180 order-first\"\n\t\t>\n\t\t\t<svg xmlns=\"http:\/\/www.w3.org\/2000\/svg\" width=\"21\" height=\"22\" fill=\"none\" viewBox=\"0 0 21 22\"><path stroke=\"currentColor\" stroke-linecap=\"round\" stroke-width=\"2\" d=\"M20 20.75L20 2.25L1.5 2.25L1.5 20.75L20 20.75Z\" clip-rule=\"evenodd\"\/><path stroke=\"currentColor\" stroke-linecap=\"square\" stroke-width=\"2\" d=\"M14.0883 11.5L6.66406 11.5\"\/><path stroke=\"currentColor\" stroke-linecap=\"square\" stroke-width=\"2\" d=\"M11.0723 7.75205L14.8363 11.5L11.0723 15.248\"\/><\/svg>\t\t<\/span>\n\t<\/a><\/div>\n\t\t\t<\/div>\n\t\t\t<\/div>\n<\/header>\n<\/section>\n<section\n\t class=\"page-blocks iaff-page-blocks align wp-block-acf-page-blocks\" id=\"page-blocks_block_05167ba77cc6816a8747cf2dfa8b3bf1\">\n\t<div class=\"acf-innerblocks-container\">\n<section\n\t class=\"agenda-list iaff-block-agenda-list text-body-500 align wp-block-acf-agenda-list\" id=\"agenda-list_block_c96c1ea960e4aff0f46750b3bc0258e2\">\n\t\t\t<header class=\"flex flex-col\">\n\t\t\t<h4 class=\"text-heading-300 pb-5\">\n\t\t\t\tDOMINGO, 19 DE ABRIL\t\t\t<\/h4>\n\t\t\t<div class=\"h-[10px] bg-halftone-divider w-full\" role=\"presentation\"><\/div>\n\t\t<\/header>\n\t\n\t<div class=\"acf-innerblocks-container\">\n<dl class=\"flex flex-wrap md:flex-nowrap items-center border-b-2 border-smoke py-10 px-[22px] md:px-10 gap-x-10 gap-y-[22px]\">\n\t<dt class=\"w-full md:w-auto min-w-[200px] md:max-w-[200px]\">\n\t\t<span class=\"text-heading-400 text-red u-halftone-shadow\">\n\t\t\t16:00-18:00\t\t<\/span>\n\t<\/dt>\n\t<dd class=\"text-body-500\">\n\t\t<div class=\"acf-innerblocks-container\">\n<div class=\"wp-block-paragraph \">\n<p>Inscripci\u00f3n<br\/><strong>Sala Victoria<\/strong><\/p>\n<\/div>\n<\/div>\t<\/dd>\n<\/dl>\n\n<\/div><\/section>\n\n\n<section\n\t class=\"agenda-list iaff-block-agenda-list text-body-500 align wp-block-acf-agenda-list\" id=\"agenda-list_block_485bc89a5739d293d1c4a1dbfcb91121\">\n\t\t\t<header class=\"flex flex-col\">\n\t\t\t<h4 class=\"text-heading-300 pb-5\">\n\t\t\t\tLUNES, 20 DE ABRIL\t\t\t<\/h4>\n\t\t\t<div class=\"h-[10px] bg-halftone-divider w-full\" role=\"presentation\"><\/div>\n\t\t<\/header>\n\t\n\t<div class=\"acf-innerblocks-container\">\n<dl class=\"flex flex-wrap md:flex-nowrap items-center border-b-2 border-smoke py-10 px-[22px] md:px-10 gap-x-10 gap-y-[22px]\">\n\t<dt class=\"w-full md:w-auto min-w-[200px] md:max-w-[200px]\">\n\t\t<span class=\"text-heading-400 text-red u-halftone-shadow\">\n\t\t\t8-9 a.m.\t\t<\/span>\n\t<\/dt>\n\t<dd class=\"text-body-500\">\n\t\t<div class=\"acf-innerblocks-container\">\n<div class=\"wp-block-paragraph \">\n<p>Inscripci\u00f3n <br\/><strong>Sala Victoria<\/strong><\/p>\n<\/div>\n<\/div>\t<\/dd>\n<\/dl>\n\n\n<dl class=\"flex flex-wrap md:flex-nowrap items-center border-b-2 border-smoke py-10 px-[22px] md:px-10 gap-x-10 gap-y-[22px]\">\n\t<dt class=\"w-full md:w-auto min-w-[200px] md:max-w-[200px]\">\n\t\t<span class=\"text-heading-400 text-red u-halftone-shadow\">\n\t\t\t8-9 a.m.\t\t<\/span>\n\t<\/dt>\n\t<dd class=\"text-body-500\">\n\t\t<div class=\"acf-innerblocks-container\">\n<div class=\"wp-block-paragraph \">\n<p>Desayuno <br\/><strong>Sal\u00f3n de baile C<\/strong><\/p>\n<\/div>\n<\/div>\t<\/dd>\n<\/dl>\n\n\n<dl class=\"flex flex-wrap md:flex-nowrap items-center border-b-2 border-smoke py-10 px-[22px] md:px-10 gap-x-10 gap-y-[22px]\">\n\t<dt class=\"w-full md:w-auto min-w-[200px] md:max-w-[200px]\">\n\t\t<span class=\"text-heading-400 text-red u-halftone-shadow\">\n\t\t\t9:00 &#8211; 10:30\t\t<\/span>\n\t<\/dt>\n\t<dd class=\"text-body-500\">\n\t\t<div class=\"acf-innerblocks-container\">\n<div class=\"wp-block-paragraph \">\n<p>Sesi\u00f3n General<br\/>Discurso de apertura<br\/>Carmine Santoro, AIB AGP para Operaciones Canadienses<br\/>Presidente General de la AIB Edward A. Kelly<br\/>Representantes de Partidos<br\/>Foto de Grupo<br\/><strong>Sal\u00f3n de Baile A-B<\/strong><\/p>\n<\/div>\n<\/div>\t<\/dd>\n<\/dl>\n\n\n<dl class=\"flex flex-wrap md:flex-nowrap items-center border-b-2 border-smoke py-10 px-[22px] md:px-10 gap-x-10 gap-y-[22px]\">\n\t<dt class=\"w-full md:w-auto min-w-[200px] md:max-w-[200px]\">\n\t\t<span class=\"text-heading-400 text-red u-halftone-shadow\">\n\t\t\t10:30-10:45 h\t\t<\/span>\n\t<\/dt>\n\t<dd class=\"text-body-500\">\n\t\t<div class=\"acf-innerblocks-container\">\n<div class=\"wp-block-paragraph \">\n<p>Pausa para el caf\u00e9<br\/><strong>Vest\u00edbulo del sal\u00f3n de baile A-B<\/strong><\/p>\n<\/div>\n<\/div>\t<\/dd>\n<\/dl>\n\n\n<dl class=\"flex flex-wrap md:flex-nowrap items-center border-b-2 border-smoke py-10 px-[22px] md:px-10 gap-x-10 gap-y-[22px]\">\n\t<dt class=\"w-full md:w-auto min-w-[200px] md:max-w-[200px]\">\n\t\t<span class=\"text-heading-400 text-red u-halftone-shadow\">\n\t\t\t10:45 &#8211; 12:00 h\t\t<\/span>\n\t<\/dt>\n\t<dd class=\"text-body-500\">\n\t\t<div class=\"acf-innerblocks-container\">\n<div class=\"wp-block-paragraph \">\n<p>Sesi\u00f3n General<br\/>Taleeb Noormohamed, Diputado Liberal (Vancouver Granville, BC)<br\/>Jim Jessop, Jefe de Bomberos de Toronto,<br\/>Informe sobre Cuestiones Legislativas<br\/>Secretario General Tesorero Frank V. Lima<br\/><strong>Sal\u00f3n de Baile A-B<\/strong><\/p>\n<\/div>\n<\/div>\t<\/dd>\n<\/dl>\n\n\n<dl class=\"flex flex-wrap md:flex-nowrap items-center border-b-2 border-smoke py-10 px-[22px] md:px-10 gap-x-10 gap-y-[22px]\">\n\t<dt class=\"w-full md:w-auto min-w-[200px] md:max-w-[200px]\">\n\t\t<span class=\"text-heading-400 text-red u-halftone-shadow\">\n\t\t\t 12:00 &#8211; 13:00\t\t<\/span>\n\t<\/dt>\n\t<dd class=\"text-body-500\">\n\t\t<div class=\"acf-innerblocks-container\">\n<div class=\"wp-block-paragraph \">\n<p>Almuerzo<br\/><strong>Sal\u00f3n de baile C<\/strong><\/p>\n<\/div>\n<\/div>\t<\/dd>\n<\/dl>\n\n\n<dl class=\"flex flex-wrap md:flex-nowrap items-center border-b-2 border-smoke py-10 px-[22px] md:px-10 gap-x-10 gap-y-[22px]\">\n\t<dt class=\"w-full md:w-auto min-w-[200px] md:max-w-[200px]\">\n\t\t<span class=\"text-heading-400 text-red u-halftone-shadow\">\n\t\t\t13:00-14:00\t\t<\/span>\n\t<\/dt>\n\t<dd class=\"text-body-500\">\n\t\t<div class=\"acf-innerblocks-container\">\n<div class=\"wp-block-paragraph \">\n<p>Panel de Expertos<br\/><strong>Sal\u00f3n de Baile A-B<\/strong><\/p>\n<\/div>\n<\/div>\t<\/dd>\n<\/dl>\n\n\n<dl class=\"flex flex-wrap md:flex-nowrap items-center border-b-2 border-smoke py-10 px-[22px] md:px-10 gap-x-10 gap-y-[22px]\">\n\t<dt class=\"w-full md:w-auto min-w-[200px] md:max-w-[200px]\">\n\t\t<span class=\"text-heading-400 text-red u-halftone-shadow\">\n\t\t\t14:00-14:45\t\t<\/span>\n\t<\/dt>\n\t<dd class=\"text-body-500\">\n\t\t<div class=\"acf-innerblocks-container\">\n<div class=\"wp-block-paragraph \">\n<p>Sesi\u00f3n General<br\/>Informe sobre Cuestiones Legislativas<br\/>Joey Baker, IAFF Final Corporation<br\/><strong>Sal\u00f3n de Baile A-B<\/strong><\/p>\n<\/div>\n<\/div>\t<\/dd>\n<\/dl>\n\n\n<dl class=\"flex flex-wrap md:flex-nowrap items-center border-b-2 border-smoke py-10 px-[22px] md:px-10 gap-x-10 gap-y-[22px]\">\n\t<dt class=\"w-full md:w-auto min-w-[200px] md:max-w-[200px]\">\n\t\t<span class=\"text-heading-400 text-red u-halftone-shadow\">\n\t\t\t14:45 &#8211; 15:00\t\t<\/span>\n\t<\/dt>\n\t<dd class=\"text-body-500\">\n\t\t<div class=\"acf-innerblocks-container\">\n<div class=\"wp-block-paragraph \">\n<p>Pausa para el caf\u00e9<br\/><strong>Vest\u00edbulo del sal\u00f3n de baile A-B<\/strong><\/p>\n<\/div>\n<\/div>\t<\/dd>\n<\/dl>\n\n\n<dl class=\"flex flex-wrap md:flex-nowrap items-center border-b-2 border-smoke py-10 px-[22px] md:px-10 gap-x-10 gap-y-[22px]\">\n\t<dt class=\"w-full md:w-auto min-w-[200px] md:max-w-[200px]\">\n\t\t<span class=\"text-heading-400 text-red u-halftone-shadow\">\n\t\t\t15:00-16:00  \t\t<\/span>\n\t<\/dt>\n\t<dd class=\"text-body-500\">\n\t\t<div class=\"acf-innerblocks-container\">\n<div class=\"wp-block-paragraph \">\n<p>Sesi\u00f3n General<br\/>Resoluciones de la Convenci\u00f3n &#8211; Presidente General Edward A. Kelly y Secretario General Tesorero Frank V. Lima<br\/><strong>Sal\u00f3n de Baile A-B<\/strong><\/p>\n<\/div>\n<\/div>\t<\/dd>\n<\/dl>\n\n\n<dl class=\"flex flex-wrap md:flex-nowrap items-center border-b-2 border-smoke py-10 px-[22px] md:px-10 gap-x-10 gap-y-[22px]\">\n\t<dt class=\"w-full md:w-auto min-w-[200px] md:max-w-[200px]\">\n\t\t<span class=\"text-heading-400 text-red u-halftone-shadow\">\n\t\t\t16:00-16:45 h \t\t<\/span>\n\t<\/dt>\n\t<dd class=\"text-body-500\">\n\t\t<div class=\"acf-innerblocks-container\">\n<div class=\"wp-block-paragraph \">\n<p>Pierre Poilievre, L\u00edder del Partido Conservador<br\/>Danielle Campo McLeod, Distrofia Muscular Canad\u00e1<br\/>Sandy Hamamoto, Asistente de Asuntos Gubernamentales de la AIB<\/p>\n<\/div>\n<\/div>\t<\/dd>\n<\/dl>\n\n\n<dl class=\"flex flex-wrap md:flex-nowrap items-center border-b-2 border-smoke py-10 px-[22px] md:px-10 gap-x-10 gap-y-[22px]\">\n\t<dt class=\"w-full md:w-auto min-w-[200px] md:max-w-[200px]\">\n\t\t<span class=\"text-heading-400 text-red u-halftone-shadow\">\n\t\t\t17:00 &#8211; 20:00\t\t<\/span>\n\t<\/dt>\n\t<dd class=\"text-body-500\">\n\t\t<div class=\"acf-innerblocks-container\">\n<div class=\"wp-block-paragraph \">\n<p>Suite de hospitalidad <br\/><strong>Capitale<\/strong><\/p>\n<\/div>\n<\/div>\t<\/dd>\n<\/dl>\n\n<\/div><\/section>\n\n\n<section\n\t class=\"agenda-list iaff-block-agenda-list text-body-500 align wp-block-acf-agenda-list\" id=\"agenda-list_block_601641e0d76af180d339d3227dc39761\">\n\t\t\t<header class=\"flex flex-col\">\n\t\t\t<h4 class=\"text-heading-300 pb-5\">\n\t\t\t\tMARTES, 21 DE ABRIL\t\t\t<\/h4>\n\t\t\t<div class=\"h-[10px] bg-halftone-divider w-full\" role=\"presentation\"><\/div>\n\t\t<\/header>\n\t\n\t<div class=\"acf-innerblocks-container\">\n<dl class=\"flex flex-wrap md:flex-nowrap items-center border-b-2 border-smoke py-10 px-[22px] md:px-10 gap-x-10 gap-y-[22px]\">\n\t<dt class=\"w-full md:w-auto min-w-[200px] md:max-w-[200px]\">\n\t\t<span class=\"text-heading-400 text-red u-halftone-shadow\">\n\t\t\tTodo el d\u00eda\t\t<\/span>\n\t<\/dt>\n\t<dd class=\"text-body-500\">\n\t\t<div class=\"acf-innerblocks-container\">\n<div class=\"wp-block-paragraph \">\n<p>D\u00eda de cabildeo de los bomberos<br\/>Reuniones con parlamentarios y senadores en el Parlamento (traiga su identificaci\u00f3n, vestimenta formal. Por favor, consulte con Sandy Hamamoto en la oficina de la AIB, ubicada en la Suite 403 de la Office Tower, si necesita asistencia).<\/p>\n<\/div>\n<\/div>\t<\/dd>\n<\/dl>\n\n\n<dl class=\"flex flex-wrap md:flex-nowrap items-center border-b-2 border-smoke py-10 px-[22px] md:px-10 gap-x-10 gap-y-[22px]\">\n\t<dt class=\"w-full md:w-auto min-w-[200px] md:max-w-[200px]\">\n\t\t<span class=\"text-heading-400 text-red u-halftone-shadow\">\n\t\t\t9:00 &#8211; 16:30\t\t<\/span>\n\t<\/dt>\n\t<dd class=\"text-body-500\">\n\t\t<div class=\"acf-innerblocks-container\">\n<div class=\"wp-block-paragraph \">\n<p>Informe de las visitas de cabildeo<br\/><strong>Oficina de la AIB (350 Sparks St., Suite 403, Office Tower)<\/strong><\/p>\n<\/div>\n<\/div>\t<\/dd>\n<\/dl>\n\n\n<dl class=\"flex flex-wrap md:flex-nowrap items-center border-b-2 border-smoke py-10 px-[22px] md:px-10 gap-x-10 gap-y-[22px]\">\n\t<dt class=\"w-full md:w-auto min-w-[200px] md:max-w-[200px]\">\n\t\t<span class=\"text-heading-400 text-red u-halftone-shadow\">\n\t\t\t14:00 &#8211; 15:00\t\t<\/span>\n\t<\/dt>\n\t<dd class=\"text-body-500\">\n\t\t<div class=\"acf-innerblocks-container\">\n<div class=\"wp-block-paragraph \">\n<p>Sesi\u00f3n de preguntas<\/p>\n<\/div>\n\n<div class=\"wp-block-paragraph \">\n<p>Le invitamos a ver la sesi\u00f3n de preguntas en directo en la C\u00e1mara de los Comunes. Los asientos est\u00e1n disponibles por orden de llegada. Se recomienda llegar con una hora de antelaci\u00f3n para pasar el control de seguridad. P\u00f3ngase en contacto con su parlamentario para obtener un pase de tribuna. (Traiga su identificaci\u00f3n)    <\/p>\n<\/div>\n\n<div class=\"wp-block-paragraph \">\n<p>La sesi\u00f3n de preguntas tambi\u00e9n se puede ver en l\u00ednea. Haga clic en el siguiente enlace para verla y, a continuaci\u00f3n, haga clic en el recuadro HoC Sitting [West Block \u2013 Chamber]: <a href=\"https:\/\/parlvu.parl.gc.ca\/Harmony\" target=\"_blank\" rel=\"noreferrer noopener nofollow\">https:\/\/parlvu.parl.gc.ca\/Harmony<\/a> <\/p>\n<\/div>\n\n<div class=\"wp-block-paragraph \">\n<p><strong>West Block, <a href=\"https:\/\/lop.parl.ca\/staticfiles\/Visit\/assets\/PDF\/AttendingQP-e.pdf\" target=\"_blank\" rel=\"noopener\">Centro de bienvenida para visitantes<\/a><\/strong><\/p>\n<\/div>\n<\/div>\t<\/dd>\n<\/dl>\n\n\n<dl class=\"flex flex-wrap md:flex-nowrap items-center border-b-2 border-smoke py-10 px-[22px] md:px-10 gap-x-10 gap-y-[22px]\">\n\t<dt class=\"w-full md:w-auto min-w-[200px] md:max-w-[200px]\">\n\t\t<span class=\"text-heading-400 text-red u-halftone-shadow\">\n\t\t\t 18:30-20:30\t\t<\/span>\n\t<\/dt>\n\t<dd class=\"text-body-500\">\n\t\t<div class=\"acf-innerblocks-container\">\n<div class=\"wp-block-paragraph \">\n<p>Recepci\u00f3n parlamentaria<br\/><strong>Sal\u00f3n de baile B-C<\/strong><\/p>\n<\/div>\n<\/div>\t<\/dd>\n<\/dl>\n\n<\/div><\/section>\n\n\n<section\n\t class=\"agenda-list iaff-block-agenda-list text-body-500 !hidden align !hidden wp-block-acf-agenda-list\" id=\"agenda-list_block_a0c463fbefffd962dd824f49f8b00f44\">\n\t\t\t<header class=\"flex flex-col\">\n\t\t\t<h4 class=\"text-heading-300 pb-5\">\n\t\t\t\tMI\u00c9RCOLES, 22 DE ABRIL\t\t\t<\/h4>\n\t\t\t<div class=\"h-[10px] bg-halftone-divider w-full\" role=\"presentation\"><\/div>\n\t\t<\/header>\n\t\n\t<div class=\"acf-innerblocks-container\">\n<dl class=\"flex flex-wrap md:flex-nowrap items-center border-b-2 border-smoke py-10 px-[22px] md:px-10 gap-x-10 gap-y-[22px]\">\n\t<dt class=\"w-full md:w-auto min-w-[200px] md:max-w-[200px]\">\n\t\t<span class=\"text-heading-400 text-red u-halftone-shadow\">\n\t\t\t 8:30-9:00 h\t\t<\/span>\n\t<\/dt>\n\t<dd class=\"text-body-500\">\n\t\t<div class=\"acf-innerblocks-container\">\n<div class=\"wp-block-paragraph \">\n<p>Desayuno<br\/><strong>Panaroma<\/strong><\/p>\n<\/div>\n<\/div>\t<\/dd>\n<\/dl>\n\n\n<dl class=\"flex flex-wrap md:flex-nowrap items-center border-b-2 border-smoke py-10 px-[22px] md:px-10 gap-x-10 gap-y-[22px]\">\n\t<dt class=\"w-full md:w-auto min-w-[200px] md:max-w-[200px]\">\n\t\t<span class=\"text-heading-400 text-red u-halftone-shadow\">\n\t\t\t 9:00-13:00 h\t\t<\/span>\n\t<\/dt>\n\t<dd class=\"text-body-500\">\n\t\t<div class=\"acf-innerblocks-container\">\n<div class=\"wp-block-paragraph \">\n<p>Reuni\u00f3n de vicepresidentes de distrito y presidentes provinciales. Almuerzo incluido a las 12:00 h. <br\/><strong>Panaroma<\/strong><\/p>\n<\/div>\n<\/div>\t<\/dd>\n<\/dl>\n\n<\/div><\/section>\n\n<\/div><\/section>\n","protected":false},"excerpt":{"rendered":"","protected":false},"featured_media":0,"parent":93787,"menu_order":0,"comment_status":"closed","ping_status":"closed","template":"","meta":{"_acf_changed":false,"_searchwp_excluded":"","inline_featured_image":false,"_EventAllDay":false,"_EventTimezone":"","_EventStartDate":"","_EventEndDate":"","_EventStartDateUTC":"","_EventEndDateUTC":"","_EventShowMap":false,"_EventShowMapLink":false,"_EventURL":"","_EventCost":"","_EventCostDescription":"","_EventCurrencySymbol":"","_EventCurrencyCode":"","_EventCurrencyPosition":"","_EventDateTimeSeparator":"","_EventTimeRangeSeparator":"","_EventOrganizerID":[],"_EventVenueID":[],"_OrganizerEmail":"","_OrganizerPhone":"","_OrganizerWebsite":"","_VenueAddress":"","_VenueCity":"","_VenueCountry":"","_VenueProvince":"","_VenueState":"","_VenueZip":"","_VenuePhone":"","_VenueURL":"","_VenueStateProvince":"","_VenueLat":"","_VenueLng":"","_VenueShowMap":false,"_VenueShowMapLink":false,"footnotes":""},"class_list":["post-120472","page","type-page","status-publish","hentry"],"acf":[],"publishpress_future_workflow_manual_trigger":{"enabledWorkflows":[]},"_links":{"self":[{"href":"https:\/\/www.iaff.org\/es\/wp-json\/wp\/v2\/pages\/120472","targetHints":{"allow":["GET"]}}],"collection":[{"href":"https:\/\/www.iaff.org\/es\/wp-json\/wp\/v2\/pages"}],"about":[{"href":"https:\/\/www.iaff.org\/es\/wp-json\/wp\/v2\/types\/page"}],"author":[{"embeddable":true,"href":"https:\/\/www.iaff.org\/es\/wp-json\/wp\/v2\/users\/3"}],"replies":[{"embeddable":true,"href":"https:\/\/www.iaff.org\/es\/wp-json\/wp\/v2\/comments?post=120472"}],"version-history":[{"count":7,"href":"https:\/\/www.iaff.org\/es\/wp-json\/wp\/v2\/pages\/120472\/revisions"}],"predecessor-version":[{"id":124518,"href":"https:\/\/www.iaff.org\/es\/wp-json\/wp\/v2\/pages\/120472\/revisions\/124518"}],"up":[{"embeddable":true,"href":"https:\/\/www.iaff.org\/es\/wp-json\/wp\/v2\/pages\/93787"}],"wp:attachment":[{"href":"https:\/\/www.iaff.org\/es\/wp-json\/wp\/v2\/media?parent=120472"}],"curies":[{"name":"wp","href":"https:\/\/api.w.org\/{rel}","templated":true}]}}