{"id":119593,"date":"2024-03-15T12:48:05","date_gmt":"2024-03-15T16:48:05","guid":{"rendered":"https:\/\/www.iaff.org\/?page_id=119593"},"modified":"2026-03-19T10:35:36","modified_gmt":"2026-03-19T14:35:36","slug":"conferencia-del-quinto-distrito","status":"publish","type":"page","link":"https:\/\/www.iaff.org\/es\/conferencia-del-quinto-distrito\/","title":{"rendered":"Conferencia del quinto distrito"},"content":{"rendered":"<section\n\t class=\"secondary-hero align wp-block-acf-secondary-hero\" id=\"secondary-hero_block_8ec2addc234acadd59412db061e3ee6f\">\n\t\n<header\n\tclass=\"w-full u-bg-full-width px-[22px] md:ps-bleed md:pe-0 py-[60px] bg-blue text-white u-has-rivets\"\n\tdata-theme=\"navy\"\n>\n\t<div class=\"flex flex-col !px-0 !max-w-[1440px] w-full lg:!ps-indent\">\n\t\t<div class=\"border-t-[6px] w-full my-0 flex flex-col md:flex-row gap-x-[62px] gap-y-[22px] border-gold\">\n\t\t\t\t\t\t\t<div class=\"relative grid md:order-last md:w-1\/2 overflow-hidden place-items-center aspect-[157\/105]\">\n\t\t\t\t\t<img decoding=\"async\" width=\"1152\" height=\"768\" src=\"https:\/\/www.iaff.org\/wp-content\/uploads\/2026\/01\/5thDist2026_HiltonHotel.jpg\" class=\"absolute object-cover min-w-full h-full\" alt=\"Hilton Minneapolis in Minnesota\" srcset=\"https:\/\/www.iaff.org\/wp-content\/uploads\/2026\/01\/5thDist2026_HiltonHotel.jpg 1152w, https:\/\/www.iaff.org\/wp-content\/uploads\/2026\/01\/5thDist2026_HiltonHotel-300x200.jpg 300w, https:\/\/www.iaff.org\/wp-content\/uploads\/2026\/01\/5thDist2026_HiltonHotel-1024x683.jpg 1024w, https:\/\/www.iaff.org\/wp-content\/uploads\/2026\/01\/5thDist2026_HiltonHotel-768x512.jpg 768w, https:\/\/www.iaff.org\/wp-content\/uploads\/2026\/01\/5thDist2026_HiltonHotel-240x160.jpg 240w\" sizes=\"(max-width: 1152px) 100vw, 1152px\" \/>\t\t\t\t<\/div>\n\t\t\t\t\t\t<div class=\"w-full md:w-1\/2 md:py-[45px]\">\n\t\t\t\t<div class=\"max-w-[600px] flex flex-col gap-[22px]\">\n\t\t\t\t\t\t\t\t\t\t\t<h1 class=\"has-[.u-halftone-shadow--dark]:mb-divider has-[.u-halftone-shadow--light]:mb-divider\">\n\t\t\t\t\t\t\t<span class=\"inline-flex text-heading-200 u-halftone-shadow--light\">\n\t\t\t\t\t\t\t\tConferencia del quinto distrito\t\t\t\t\t\t\t<\/span>\n\t\t\t\t\t\t<\/h1>\n\t\t\t\t\t\t\t\t\t\t\t\t\t\t\t\t<div class=\"text-body-300 font-sans\">\n\t\t\t\t\t\t\t<p>Esta conferencia de distrito reunir\u00e1 a los l\u00edderes de la AIB de Minnesota, Dakota del Norte, Dakota del Sur y Wisconsin. Con\u00e9ctese con afiliados de toda la regi\u00f3n y adquiera nuevas habilidades y recursos para ayudar a abordar los desaf\u00edos que enfrenta su secci\u00f3n local.  <\/p>\n\t\t\t\t\t\t<\/div>\n\t\t\t\t\t\t\t\t\t\t\t\t\t\t\t\t\t\t\t\t\t\t\t\t\t\t\t\t\t\t\t<div  class=\"text-label-100 inline-flex gap-3 items-center track-hero-meta\">\t<svg xmlns=\"http:\/\/www.w3.org\/2000\/svg\" width=\"19\" height=\"22\" fill=\"none\" viewBox=\"0 0 19 22\"><path stroke=\"currentColor\" stroke-linecap=\"square\" stroke-width=\"2\" d=\"M1.08496 8.59898H17.5722\"\/><path stroke=\"currentColor\" stroke-linecap=\"square\" stroke-width=\"2\" d=\"M13.433 12.2115H13.4415\"\/><path stroke=\"currentColor\" stroke-linecap=\"square\" stroke-width=\"2\" d=\"M9.32847 12.2115H9.33704\"\/><path stroke=\"currentColor\" stroke-linecap=\"square\" stroke-width=\"2\" d=\"M5.21519 12.2115H5.22376\"\/><path stroke=\"currentColor\" stroke-linecap=\"square\" stroke-width=\"2\" d=\"M13.433 15.8065H13.4415\"\/><path stroke=\"currentColor\" stroke-linecap=\"square\" stroke-width=\"2\" d=\"M9.32847 15.8065H9.33704\"\/><path stroke=\"currentColor\" stroke-linecap=\"square\" stroke-width=\"2\" d=\"M5.21519 15.8065H5.22376\"\/><path stroke=\"currentColor\" stroke-linecap=\"square\" stroke-width=\"2\" d=\"M13.0652 1.75V4.79399\"\/><path stroke=\"currentColor\" stroke-linecap=\"square\" stroke-width=\"2\" d=\"M5.59252 1.75V4.79399\"\/><path stroke=\"currentColor\" stroke-linecap=\"square\" stroke-width=\"2\" d=\"M17.65 3.21069H1V20.25H17.65V3.21069Z\" clip-rule=\"evenodd\"\/><\/svg>\t18-19 de mayo de 2026<\/div>\t\t\t\t\t\t\t\t\t\t\t\t\t\t\t\t\t\t\t\t\t\t\t\t\t\t\t\t<div  class=\"text-label-100 inline-flex gap-3 items-center track-hero-meta\">\t<svg xmlns=\"http:\/\/www.w3.org\/2000\/svg\" width=\"17\" height=\"21\" fill=\"none\" viewBox=\"0 0 17 21\"><path stroke=\"currentColor\" stroke-linecap=\"round\" stroke-linejoin=\"round\" stroke-width=\"2\" d=\"M10.9731 9.05639C10.9731 7.68255 9.85989 6.56934 8.48706 6.56934C7.11322 6.56934 6 7.68255 6 9.05639C6 10.4292 7.11322 11.5424 8.48706 11.5424C9.85989 11.5424 10.9731 10.4292 10.9731 9.05639Z\" clip-rule=\"evenodd\"\/><path stroke=\"currentColor\" stroke-linecap=\"round\" stroke-width=\"2\" d=\"M8.46265 19.5C8.46265 19.5 1.18681 14.7608 1.00347 8.84729C0.874745 4.6951 4.34252 1.00008 8.46265 1.00008C12.5828 1.00008 16.0497 4.69504 15.9228 8.84729C15.7384 14.882 8.46265 19.5 8.46265 19.5Z\" clip-rule=\"evenodd\"\/><\/svg>\t  Minneapolis, MN  <\/div>\t\t\t\t\t\t\t\t\t\t\t\t\t\t\t\t\t\t\t\t\t\t\t\t\t\t\t\t\t\t\t\t\t\t\t<div class=\"flex flex-wrap gap-[30px]\">\n\t\t\t\t\t\t\t\t\t\t\t\t\t\t\t<!-- Renders the same as core\/button with a specific style -->\n\t<div\n\t\tclass=\"wp-block-button track-button-primary is-style-primary-red\"\n\t>\n\t\t<a class=\"wp-block-button__link wp-element-button cursor-pointer dlm-no-xhr-download track-hero-secondary-cta md:w-auto min-w-[156px]\" href=\"https:\/\/my.iaff.org\/web\/events\/Event_display.aspx?EventKey=PEP2026_05\" target=\"_blank\" rel=\"nofollow noopener\">\n\t\t\tReg\u00edstrese hoy\t\t<\/a>\n\t<\/div>\n\t\t\t\t\t\t\t\t\t\t\t\t\t\t\t<!-- Renders the same as core\/button with a specific style -->\n\t<div\n\t\tclass=\"wp-block-button track-button-primary is-style-secondary-red\"\n\t>\n\t\t<a class=\"wp-block-button__link wp-element-button cursor-pointer dlm-no-xhr-download track-hero-secondary-cta md:w-auto min-w-[156px]\" href=\"https:\/\/book.passkey.com\/gt\/220847202?gtid=f606e6fd861525206190c0fe35a24d5a\" target=\"_blank\" rel=\"nofollow noopener\">\n\t\t\tRESERVE SU HABITACI\u00d3N DE HOTEL\t\t<\/a>\n\t<\/div>\n\t\t\t\t\t\t\t\t\t\t\t\t\t\t\t<!-- Renders the same as core\/button with a specific style -->\n\t<div\n\t\tclass=\"wp-block-button track-button-primary is-style-secondary-red\"\n\t>\n\t\t<a\n\t\t\tclass=\"wp-block-button__link wp-element-button cursor-pointer dlm-no-xhr-download track-hero-secondary-cta md:w-auto min-w-[156px]\"\n\t\t\t\t\t\t\thref=\"mailto:events@iaff.org\"\n\t\t\t\t\t\t\t\t\ttarget=\"_blank\"\n\t\t\t\t\trel=\"nofollow noopener\"\n\t\t\t\t\t\t\t\t\t>\n\t\t\tCont\u00e1ctenos\t\t<\/a>\n\t<\/div>\n\t\t\t\t\t\t\t\t\t\t\t\t\t<\/div>\n\t\t\t\t\t\t\t\t\t\t\t\t\t\t<\/div>\n\t\t\t<\/div>\n\n\t\t<\/div>\n\t\t\t<\/div>\n<\/header>\n<\/section>\n<section\n\t class=\"page-blocks iaff-page-blocks align wp-block-acf-page-blocks\" id=\"page-blocks_block_a355d0ba6b560be623b0ad1b3d8701fa\">\n\t<div class=\"acf-innerblocks-container\">\n<section\n\t class=\"secondary-navigation-manual u-bg-full-width bg-smoke\/5 align wp-block-acf-secondary-navigation-manual\" id=\"secondary-navigation-manual_block_5b2e49ea99bb3487d3a64ba65c5e65e8\">\n\t<details class=\"iaff-secondary-navigation\" open>\n\t<summary class=\"flex cursor-pointer u-bg-full-width\">\n\t\t\t\t\t<h2 class=\"text-heading-400 bg-main-bg-overlay text-black inline-flex items-center gap-x-[14px] h-full !ps-0 py-[34px] !pe-10\">\n\t\t\t\t<span>En esta secci\u00f3n<\/span>\n\t\t\t<\/h2>\n\t\t\t<\/summary>\n\t<div class=\"py-10 md:ps-12 md:pe-10 grid grid-cols-1 md:grid-cols-2 lg:grid-cols-3 gap-[30px]\">\n\t\t<!-- Renders the same as core\/button with a specific style -->\n<!-- Renders the same as core\/button with a specific style -->\n\t<div>\n\t\t\t\t\t<a class=\"inline-flex gap-[16px] items-center text-inherit text-button-300 leading-6 cursor-pointer decoration-transparent underline underline-offset-2 transition-colors duration-hover hocus-visible:decoration-current\" href=\"https:\/\/my.iaff.org\/web\/events\/Event_display.aspx?EventKey=PEP2026_05\" target=\"_blank\" rel=\"noopener\">\n\t\t\t\t<span>\n\t\t\t\t\tRegistro\t\t\t\t<\/span>\n\t\t\t\t<svg xmlns=\"http:\/\/www.w3.org\/2000\/svg\" width=\"15\" height=\"15\" fill=\"none\" viewBox=\"0 0 15 15\"><path stroke=\"currentColor\" stroke-linecap=\"square\" stroke-width=\"2\" d=\"M11.6347 7.49976L1 7.49976\"\/><path stroke=\"currentColor\" stroke-linecap=\"square\" stroke-width=\"2\" d=\"M7.31445 2.13138L12.7061 7.50014L7.31445 12.8689\"\/><\/svg>\t\t\t<\/a>\n\t\t\t<\/div>\n<!-- Renders the same as core\/button with a specific style -->\n\t<div>\n\t\t\t\t\t<a class=\"inline-flex gap-[16px] items-center text-inherit text-button-300 leading-6 cursor-pointer decoration-transparent underline underline-offset-2 transition-colors duration-hover hocus-visible:decoration-current\" href=\"https:\/\/www.iaff.org\/es\/conferencia-del-quinto-distrito\/conferencia-del-11-o-distrito-programa\/\">\n\t\t\t\t<span>\n\t\t\t\t\tAgenda\t\t\t\t<\/span>\n\t\t\t\t<svg xmlns=\"http:\/\/www.w3.org\/2000\/svg\" width=\"15\" height=\"15\" fill=\"none\" viewBox=\"0 0 15 15\"><path stroke=\"currentColor\" stroke-linecap=\"square\" stroke-width=\"2\" d=\"M11.6347 7.49976L1 7.49976\"\/><path stroke=\"currentColor\" stroke-linecap=\"square\" stroke-width=\"2\" d=\"M7.31445 2.13138L12.7061 7.50014L7.31445 12.8689\"\/><\/svg>\t\t\t<\/a>\n\t\t\t<\/div>\n<!-- Renders the same as core\/button with a specific style -->\n\t<div>\n\t\t\t\t\t<a\n\t\t\t\tclass=\"inline-flex gap-[16px] items-center text-inherit text-button-300 leading-6 cursor-pointer decoration-transparent underline underline-offset-2 transition-colors duration-hover hocus-visible:decoration-current\"\n\t\t\t\t\t\t\t\t\thref=\"#workshops\"\n\t\t\t\t\t\t\t\t\t\t\t\t>\n\t\t\t\t<span>\n\t\t\t\t\tTalleres\t\t\t\t<\/span>\n\t\t\t\t<svg xmlns=\"http:\/\/www.w3.org\/2000\/svg\" width=\"15\" height=\"15\" fill=\"none\" viewBox=\"0 0 15 15\"><path stroke=\"currentColor\" stroke-linecap=\"square\" stroke-width=\"2\" d=\"M11.6347 7.49976L1 7.49976\"\/><path stroke=\"currentColor\" stroke-linecap=\"square\" stroke-width=\"2\" d=\"M7.31445 2.13138L12.7061 7.50014L7.31445 12.8689\"\/><\/svg>\t\t\t<\/a>\n\t\t\t<\/div>\n<!-- Renders the same as core\/button with a specific style -->\n\t<div>\n\t\t\t\t\t<a\n\t\t\t\tclass=\"inline-flex gap-[16px] items-center text-inherit text-button-300 leading-6 cursor-pointer decoration-transparent underline underline-offset-2 transition-colors duration-hover hocus-visible:decoration-current\"\n\t\t\t\t\t\t\t\t\thref=\"#hotel\"\n\t\t\t\t\t\t\t\t\t\t\t\t>\n\t\t\t\t<span>\n\t\t\t\t\tViaje y Alojamiento\t\t\t\t<\/span>\n\t\t\t\t<svg xmlns=\"http:\/\/www.w3.org\/2000\/svg\" width=\"15\" height=\"15\" fill=\"none\" viewBox=\"0 0 15 15\"><path stroke=\"currentColor\" stroke-linecap=\"square\" stroke-width=\"2\" d=\"M11.6347 7.49976L1 7.49976\"\/><path stroke=\"currentColor\" stroke-linecap=\"square\" stroke-width=\"2\" d=\"M7.31445 2.13138L12.7061 7.50014L7.31445 12.8689\"\/><\/svg>\t\t\t<\/a>\n\t\t\t<\/div>\n<!-- Renders the same as core\/button with a specific style -->\n\t<div>\n\t\t\t\t\t<a class=\"inline-flex gap-[16px] items-center text-inherit text-button-300 leading-6 cursor-pointer decoration-transparent underline underline-offset-2 transition-colors duration-hover hocus-visible:decoration-current\" href=\"https:\/\/iaff.mosaic-mobile.net\/share-app.aspx\" target=\"_blank\" rel=\"nofollow noopener\">\n\t\t\t\t<span>\n\t\t\t\t\tDESCARGUE LA APLICACI\u00d3N DE LA AIB\t\t\t\t<\/span>\n\t\t\t\t<svg xmlns=\"http:\/\/www.w3.org\/2000\/svg\" width=\"15\" height=\"15\" fill=\"none\" viewBox=\"0 0 15 15\"><path stroke=\"currentColor\" stroke-linecap=\"square\" stroke-width=\"2\" d=\"M11.6347 7.49976L1 7.49976\"\/><path stroke=\"currentColor\" stroke-linecap=\"square\" stroke-width=\"2\" d=\"M7.31445 2.13138L12.7061 7.50014L7.31445 12.8689\"\/><\/svg>\t\t\t<\/a>\n\t\t\t<\/div>\n<!-- Renders the same as core\/button with a specific style -->\n\t<\/div>\n<\/details>\n<\/section>\n\n\n<section\n\t class=\"callout-section pt-20 md:pt-[100px] bg-smoke\/5 u-bg-full-width align wp-block-acf-callout-section\" id=\"callout-section_block_c6d0e805340bc2d8d93b96868bd5aba3\">\n\t\t<div class=\"\">\n\t\t\t\t\t<header class=\"flex justify-between items-center max-w-content\">\n\t\t\t\t\t\t\t\t\t<!-- Render Headline-->\n\t\t\t\t\t<h2 class=\"text-heading-200\">\n\t\t\t\t\t\t<!-- Headline: font-heading, 500, 38px, smoke -->\n\t\t\t\t\t\t \t\t\t\t\t<\/h2>\n\t\t\t\t\n\t\t\t\t\t\t\t<\/header>\n\n\t\t\t<!-- Border -->\n\t\t\t\t\t\t\t\t\t\t<div class=\"u-bleed-left\">\n\t\t\t\t\t\n\t\t\t\t\t\t\t\t\t\t\t<div class=\"h-divider bg-right w-full bg-halftone-divider\" role=\"presentation\"><\/div>\n\t\t\t\t\t\t\t\t\t<\/div>\n\t\t\t\t\t\t<\/div>\n\n\t<!-- TODO: Constrain to content width -->\n\t<div class=\"w-full flex flex-col\">\n\t\t<!-- Callouts -->\n\t\t<div class=\"acf-innerblocks-container\">\n<section\n\t class=\"callout align wp-block-acf-callout\" id=\"callout_block_28c198d4e1eb260fc7fa19e3e586f8a9\">\n\t<div class=\"grid md:grid-cols-2 gap-0\">\n\t\t<figure\n\t\t\tclass=\"md:col-start-2 md:row-start-1 grid place-items-center\"\n\t\t>\n\t\t\t\t\t\t\t<div class=\"relative\">\n\t\t\t\t\t<img decoding=\"async\" width=\"118\" height=\"240\" src=\"https:\/\/www.iaff.org\/wp-content\/uploads\/2024\/02\/IAFF-App-middle-2024-118x240.png\" class=\"max-w-full\" alt=\"\" srcset=\"https:\/\/www.iaff.org\/wp-content\/uploads\/2024\/02\/IAFF-App-middle-2024-118x240.png 118w, https:\/\/www.iaff.org\/wp-content\/uploads\/2024\/02\/IAFF-App-middle-2024-148x300.png 148w, https:\/\/www.iaff.org\/wp-content\/uploads\/2024\/02\/IAFF-App-middle-2024-394x800.png 394w, https:\/\/www.iaff.org\/wp-content\/uploads\/2024\/02\/IAFF-App-middle-2024-399x810.png 399w, https:\/\/www.iaff.org\/wp-content\/uploads\/2024\/02\/IAFF-App-middle-2024.png 493w\" sizes=\"(max-width: 118px) 100vw, 118px\" \/>\t\t\t\t\t<div class=\"u-halftone-overlay\"><\/div>\n\t\t\t\t<\/div>\n\t\t\t\t\t<\/figure>\n\t\t<div class=\"flex flex-col gap-2 py-[54px] text-smoke md:p-10 justify-center md:px-15\">\n\t\t\t\t\t\t\t\t\t\t<div class=\"font-serif font-600 text-[34px] leading-[1.1] -tracking-[0.5px]\">\n\t\t\t\t\tAplicaci\u00f3n oficial de la AIB\t\t\t\t<\/div>\n\t\t\t\t\t\t\t\t\t\t<div class=\"font-sans font-350 text-[18px] leading-[1.5]\">\n\t\t\t\t\t<p>Mant\u00e9ngase al d\u00eda sobre la informaci\u00f3n del evento con la aplicaci\u00f3n m\u00f3vil de la AIB.<\/p>\n\t\t\t\t<\/div>\n\t\t\t\t\t\t\t\t\t\t<div class=\"flex flex-wrap gap-[30px] pt-10\">\n\t\t\t\t\t\t\t\t\t\t\t<!-- Renders the same as core\/button with a specific style -->\n\t<div\n\t\tclass=\"wp-block-button track-button-primary is-style-primary-red\"\n\t>\n\t\t<a class=\"wp-block-button__link wp-element-button cursor-pointer md:w-auto min-w-[156px]\" href=\"https:\/\/iaff.mosaic-mobile.net\/share-app.aspx\" target=\"_blank\" rel=\"nofollow noopener\">\n\t\t\tDESCARGUE LA APLICACI\u00d3N DE LA AIB\t\t<\/a>\n\t<\/div>\n\t\t\t\t\t\t\t\t\t<\/div>\n\t\t\t\t\t<\/div>\n\t<\/div>\n<\/section>\n\n<\/div>\n\t\t\t<\/div>\n<\/section>\n\n\n\n<div id=\"workshops\" class=\"wp-block-group is-layout-constrained wp-block-group-is-layout-constrained\">\n<h2 class=\"wp-block-heading\"><\/h2>\n\n\n<section\n\t class=\"section-header mb-10 align wp-block-acf-section-header\" id=\"section-header_block_b2618f9e92e5f65d6e0ccd94f6490811\">\n\t<div class=\"\">\n\t<div class=\"flex flex-col md:flex-row justify-between max-w-content gap-x-8 md:items-end flex-wrap\">\n\t\t<h2 class=\"text-heading-200 pb-[2px]\">\n\t\t\tTalleres\t\t<\/h2>\n\n\t\t\t\t\t<div class=\"md:order-last w-full\">\n\t\t\t\t\n\t<hr class=\"h-[6px] text-red border-red bg-red w-full my-0\" role=\"presentation\"\/>\n\n\t<div class=\"h-divider w-full bg-halftone-divider bg-right\"><\/div>\n\t\t\t<\/div>\n\t\t\n\t\t\t<\/div>\n<\/div>\n<\/section>\n\n\n\n<details class=\"wp-block-details is-layout-flow wp-block-details-is-layout-flow\"><summary>ITINERARIO DE ADMINISTRACI\u00d3N SINDICAL Y COMPROMISO DE LOS MIEMBROS<\/summary><div class=\"wp-block-paragraph \">\n<p><strong>Administraci\u00f3n de la secci\u00f3n local del sindicato<\/strong><br\/>Dise\u00f1ado para ayudar a los l\u00edderes de las afiliadas a alcanzar los objetivos de sus secciones locales, este curso ense\u00f1a las habilidades necesarias para ser eficaz en cualquier funci\u00f3n como funcionario sindical. Se proporciona informaci\u00f3n sobre las funciones de cada funcionario de la secci\u00f3n local del sindicato, as\u00ed como sobre las responsabilidades de la junta ejecutiva y otros comit\u00e9s de la secci\u00f3n local. Tambi\u00e9n familiarizar\u00e1 a los participantes con los diversos servicios y la asistencia disponibles por parte de la AIB.  <\/p>\n<\/div>\n\n<div class=\"wp-block-paragraph \">\n<p><strong>Presupuestaci\u00f3n para Sindicatos Locales<\/strong><br\/>La presupuestaci\u00f3n es una funci\u00f3n esencial para aquellos que salvaguardan los activos del sindicato local. En este taller, aprender\u00e1 el arte de planificar los ingresos y gastos de su organizaci\u00f3n local. Los temas tratados incluir\u00e1n la preparaci\u00f3n, adopci\u00f3n y modificaci\u00f3n de su presupuesto, as\u00ed como las categor\u00edas comunes de ingresos y gastos que deber\u00edan formar parte de su plan.  <\/p>\n<\/div>\n\n<div class=\"wp-block-paragraph \">\n<p><strong>Fundamentos para Representantes Sindicales de Primera L\u00ednea<\/strong><br\/>Este taller aborda los conocimientos y habilidades involucrados en la aplicaci\u00f3n efectiva de las disposiciones del contrato y la representaci\u00f3n de los derechos de los trabajadores con la administraci\u00f3n y jurisdicci\u00f3n de su servicio de bomberos. Introducir\u00e1 y explorar\u00e1 los problemas y las mejores pr\u00e1cticas involucradas en el manejo de quejas, la aplicaci\u00f3n del lenguaje contractual y el manejo de problemas disciplinarios. Adem\u00e1s, este taller revisa formas en que el personal clave del sindicato puede informar a los miembros sobre los beneficios de la afiliaci\u00f3n sindical y la participaci\u00f3n activa.  <\/p>\n<\/div>\n\n<div class=\"wp-block-paragraph \">\n<p><strong>Gesti\u00f3n de Informes de Consultor\u00eda<\/strong><br\/>Es importante que los l\u00edderes de las filiales sepan c\u00f3mo proteger los salarios, los beneficios y las condiciones laborales de sus miembros. Si bien los ataques a los sindicatos del sector p\u00fablico siguen aumentando, las jurisdicciones a menudo se basan en informes de consultor\u00eda para determinar d\u00f3nde se pueden realizar recortes. Este taller aborda c\u00f3mo los l\u00edderes de las filiales pueden tomar medidas preventivas para mitigar los informes de consultor\u00eda y c\u00f3mo abordar los impactos negativos, espec\u00edficamente en relaci\u00f3n con la consolidaci\u00f3n, la creaci\u00f3n de distritos de bomberos, las OSP y el cierre de estaciones.  <\/p>\n<\/div><\/details>\n\n\n\n<details class=\"wp-block-details is-layout-flow wp-block-details-is-layout-flow\"><summary>ITINERARIO DE NEGOCIACIONES<\/summary><div class=\"wp-block-paragraph \">\n<p><strong>An\u00e1lisis financiero municipal<\/strong><br\/>Este taller est\u00e1 dise\u00f1ado para educar a los l\u00edderes afiliados sobre el an\u00e1lisis financiero municipal (AFM). Para garantizar una dotaci\u00f3n de personal adecuada y aumentos salariales y de beneficios razonables, un sindicato local debe conocer la situaci\u00f3n financiera b\u00e1sica de su gobierno, as\u00ed como el dinero disponible para financiar sus necesidades. El an\u00e1lisis financiero municipal es un servicio proporcionado por la AIB que examina los registros financieros de una jurisdicci\u00f3n y determina su situaci\u00f3n financiera. El valor del an\u00e1lisis depende de que los l\u00edderes afiliados comprendan eficazmente los indicadores clave de la situaci\u00f3n financiera de un gobierno y sepan c\u00f3mo utilizar la informaci\u00f3n de forma adecuada.   <\/p>\n<\/div>\n\n<div class=\"wp-block-paragraph \">\n<p><strong>Habilidades avanzadas para negociadores<\/strong><br\/>Para obtener resultados en la mesa de negociaci\u00f3n, un negociador debe ser capaz de desarrollar una estrategia de negociaci\u00f3n y dominar habilidades clave. En este taller de seis horas, aprender\u00e1 a fortalecer su posici\u00f3n negociadora, determinar un rango de acuerdo aceptable, responder a las t\u00e1cticas y objeciones habituales de la direcci\u00f3n, realizar concesiones y estructurar sus propuestas. Tendr\u00e1 la oportunidad de practicar estas habilidades y participar en sesiones de simulacro de negociaci\u00f3n. Este taller est\u00e1 dise\u00f1ado para negociadores experimentados que deseen mejorar sus capacidades en la mesa de negociaci\u00f3n.   <\/p>\n<\/div><\/details>\n<\/div>\n\n\n\n<div id=\"hotel\" class=\"wp-block-group is-layout-constrained wp-block-group-is-layout-constrained\"><section\n\t class=\"section-header mb-10 align wp-block-acf-section-header\" id=\"section-header_block_eab8a8a24a6e2a2e03637c3fe3baadca\">\n\t<div class=\"\">\n\t<div class=\"flex flex-col md:flex-row justify-between max-w-content gap-x-8 md:items-end flex-wrap\">\n\t\t<h2 class=\"text-heading-200 pb-[2px]\">\n\t\t\tViaje y Alojamiento\t\t<\/h2>\n\n\t\t\t\t\t<div class=\"md:order-last w-full\">\n\t\t\t\t\n\t<hr class=\"h-[6px] text-red border-red bg-red w-full my-0\" role=\"presentation\"\/>\n\n\t<div class=\"h-divider w-full bg-halftone-divider bg-right\"><\/div>\n\t\t\t<\/div>\n\t\t\n\t\t\t<\/div>\n<\/div>\n<\/section>\n\n\n<section\n\t class=\"column-list-section align wp-block-acf-column-list-section\" id=\"column-list-section_block_f498719ed8f8cb7b9fba214c1ed22ab6\">\n\t<div class=\"bg-smoke\/5 px-[19px] pt-[60px] pb-block-spacing md:px-[96px] md:mx-indent iaff-column-list-section\">\n\t\t\t\t<div class=\"acf-innerblocks-container\">\n<section\n\t class=\"column-list iaff-column-list align wp-block-acf-column-list\" id=\"column-list_block_e6f7ce599697419ae630b626f147184b\">\n\t<div class=\"relative flex flex-col gap-[14px] mb-[52px]\">\n\t\t\t\t\t<h3 class=\"text-heading-500\">\n\t\t\t\tInformaci\u00f3n del Hotel\t\t\t<\/h3>\n\t\t\t\t<div class=\"relative bg-halftone-divider bg-center bg-no-repeat w-full h-divider\"><\/div>\n\t<\/div>\n\n\t\t<div class=\"acf-innerblocks-container\">\n<article\n\t class=\"column-list-card min-h-[187px] border-l-4 border-red pl-4 w-full md:w-auto item-inner flex flex-col gap-1 align wp-block-acf-column-list-card\" id=\"column-list-card_block_16e77d11698f78fdf8e8b128e93b29d4\">\n\t\n\t\t\t<div class=\"text-heading-400 font-serif font-600 leading-7 mb-1\">\n\t\t\tHilton Minneapolis\t\t<\/div>\n\t\t\t\t<div class=\"text-body-400\">\n\t\t\t<p>Hilton Minneapolis<br \/>\n1001 S. Marquette Avenue<br \/>\nMinneapolis, MN 55403<\/p>\n<p>Tarifa de habitaci\u00f3n: 249 $ \/ noche + impuestos<\/p>\n\t\t<\/div>\n\t\t\t\t<div class=\"font-heading font-500 my-3\">\n\t\t\tFECHA L\u00cdMITE DE RESERVA DE HOTEL: 17 de abril\t\t<\/div>\n\t\t\t\t<div class=\"mt-auto\">\t\t\t<!-- Renders the same as core\/button with a specific style -->\n\t<div>\n\t\t\t\t\t<a class=\"inline-flex gap-[16px] items-center text-inherit text-button-300 leading-6 cursor-pointer decoration-transparent underline underline-offset-2 transition-colors duration-hover hocus-visible:decoration-current\" href=\"https:\/\/book.passkey.com\/go\/IAFF2026\" target=\"_blank\" rel=\"nofollow noopener\">\n\t\t\t\t<span>\n\t\t\t\t\tRESERVAR AHORA\t\t\t\t<\/span>\n\t\t\t\t<svg xmlns=\"http:\/\/www.w3.org\/2000\/svg\" width=\"15\" height=\"15\" fill=\"none\" viewBox=\"0 0 15 15\"><path stroke=\"currentColor\" stroke-linecap=\"square\" stroke-width=\"2\" d=\"M11.6347 7.49976L1 7.49976\"\/><path stroke=\"currentColor\" stroke-linecap=\"square\" stroke-width=\"2\" d=\"M7.31445 2.13138L12.7061 7.50014L7.31445 12.8689\"\/><\/svg>\t\t\t<\/a>\n\t\t\t<\/div>\n\t\t<\/div>\n\t<\/article>\n\n<\/div><\/section>\n\n<\/div>\t<\/div>\n<\/section>\n<\/div>\n\n<\/div><\/section>\n","protected":false},"excerpt":{"rendered":"","protected":false},"featured_media":0,"parent":0,"menu_order":0,"comment_status":"closed","ping_status":"closed","template":"","meta":{"_acf_changed":false,"_searchwp_excluded":"","inline_featured_image":false,"_EventAllDay":false,"_EventTimezone":"","_EventStartDate":"","_EventEndDate":"","_EventStartDateUTC":"","_EventEndDateUTC":"","_EventShowMap":false,"_EventShowMapLink":false,"_EventURL":"","_EventCost":"","_EventCostDescription":"","_EventCurrencySymbol":"","_EventCurrencyCode":"","_EventCurrencyPosition":"","_EventDateTimeSeparator":"","_EventTimeRangeSeparator":"","_EventOrganizerID":[],"_EventVenueID":[],"_OrganizerEmail":"","_OrganizerPhone":"","_OrganizerWebsite":"","_VenueAddress":"","_VenueCity":"","_VenueCountry":"","_VenueProvince":"","_VenueState":"","_VenueZip":"","_VenuePhone":"","_VenueURL":"","_VenueStateProvince":"","_VenueLat":"","_VenueLng":"","_VenueShowMap":false,"_VenueShowMapLink":false,"footnotes":""},"class_list":["post-119593","page","type-page","status-publish","hentry"],"acf":[],"publishpress_future_workflow_manual_trigger":{"enabledWorkflows":[]},"_links":{"self":[{"href":"https:\/\/www.iaff.org\/es\/wp-json\/wp\/v2\/pages\/119593","targetHints":{"allow":["GET"]}}],"collection":[{"href":"https:\/\/www.iaff.org\/es\/wp-json\/wp\/v2\/pages"}],"about":[{"href":"https:\/\/www.iaff.org\/es\/wp-json\/wp\/v2\/types\/page"}],"author":[{"embeddable":true,"href":"https:\/\/www.iaff.org\/es\/wp-json\/wp\/v2\/users\/5"}],"replies":[{"embeddable":true,"href":"https:\/\/www.iaff.org\/es\/wp-json\/wp\/v2\/comments?post=119593"}],"version-history":[{"count":10,"href":"https:\/\/www.iaff.org\/es\/wp-json\/wp\/v2\/pages\/119593\/revisions"}],"predecessor-version":[{"id":122404,"href":"https:\/\/www.iaff.org\/es\/wp-json\/wp\/v2\/pages\/119593\/revisions\/122404"}],"wp:attachment":[{"href":"https:\/\/www.iaff.org\/es\/wp-json\/wp\/v2\/media?parent=119593"}],"curies":[{"name":"wp","href":"https:\/\/api.w.org\/{rel}","templated":true}]}}