{"id":119444,"date":"2025-01-10T10:33:06","date_gmt":"2025-01-10T15:33:06","guid":{"rendered":"https:\/\/www.iaff.org\/a-academia-de-formacion-politica-michael-mullane-pta\/solicitud-para-la-political-training-academy-pta\/"},"modified":"2026-03-17T16:18:39","modified_gmt":"2026-03-17T20:18:39","slug":"solicitud-para-la-political-training-academy-pta","status":"publish","type":"page","link":"https:\/\/www.iaff.org\/es\/a-academia-de-formacion-politica-michael-mullane-pta\/solicitud-para-la-political-training-academy-pta\/","title":{"rendered":"Solicitud para la Political Training Academy (PTA)"},"content":{"rendered":"","protected":false},"excerpt":{"rendered":"<p>El plazo de solicitud est\u00e1 cerrado para la Academia de Formaci\u00f3n Pol\u00edtica de 2026.<\/p>\n","protected":false},"featured_media":0,"parent":93623,"menu_order":0,"comment_status":"closed","ping_status":"closed","template":"","meta":{"_acf_changed":false,"_searchwp_excluded":"","inline_featured_image":false,"_EventAllDay":false,"_EventTimezone":"","_EventStartDate":"","_EventEndDate":"","_EventStartDateUTC":"","_EventEndDateUTC":"","_EventShowMap":false,"_EventShowMapLink":false,"_EventURL":"","_EventCost":"","_EventCostDescription":"","_EventCurrencySymbol":"","_EventCurrencyCode":"","_EventCurrencyPosition":"","_EventDateTimeSeparator":"","_EventTimeRangeSeparator":"","_EventOrganizerID":[],"_EventVenueID":[],"_OrganizerEmail":"","_OrganizerPhone":"","_OrganizerWebsite":"","_VenueAddress":"","_VenueCity":"","_VenueCountry":"","_VenueProvince":"","_VenueState":"","_VenueZip":"","_VenuePhone":"","_VenueURL":"","_VenueStateProvince":"","_VenueLat":"","_VenueLng":"","_VenueShowMap":false,"_VenueShowMapLink":false,"footnotes":""},"class_list":["post-119444","page","type-page","status-publish","hentry"],"acf":[],"publishpress_future_workflow_manual_trigger":{"enabledWorkflows":[]},"_links":{"self":[{"href":"https:\/\/www.iaff.org\/es\/wp-json\/wp\/v2\/pages\/119444","targetHints":{"allow":["GET"]}}],"collection":[{"href":"https:\/\/www.iaff.org\/es\/wp-json\/wp\/v2\/pages"}],"about":[{"href":"https:\/\/www.iaff.org\/es\/wp-json\/wp\/v2\/types\/page"}],"author":[{"embeddable":true,"href":"https:\/\/www.iaff.org\/es\/wp-json\/wp\/v2\/users\/3"}],"replies":[{"embeddable":true,"href":"https:\/\/www.iaff.org\/es\/wp-json\/wp\/v2\/comments?post=119444"}],"version-history":[{"count":2,"href":"https:\/\/www.iaff.org\/es\/wp-json\/wp\/v2\/pages\/119444\/revisions"}],"predecessor-version":[{"id":122156,"href":"https:\/\/www.iaff.org\/es\/wp-json\/wp\/v2\/pages\/119444\/revisions\/122156"}],"up":[{"embeddable":true,"href":"https:\/\/www.iaff.org\/es\/wp-json\/wp\/v2\/pages\/93623"}],"wp:attachment":[{"href":"https:\/\/www.iaff.org\/es\/wp-json\/wp\/v2\/media?parent=119444"}],"curies":[{"name":"wp","href":"https:\/\/api.w.org\/{rel}","templated":true}]}}