{"id":117827,"date":"2021-04-09T11:11:46","date_gmt":"2021-04-09T15:11:46","guid":{"rendered":"https:\/\/www.iaff.org\/acerca-de-nosotros\/liderazgo\/presidente-general-edward-a-kelly\/"},"modified":"2025-12-09T12:15:36","modified_gmt":"2025-12-09T17:15:36","slug":"presidente-general-edward-a-kelly","status":"publish","type":"page","link":"https:\/\/www.iaff.org\/es\/acerca-de-nosotros\/liderazgo\/presidente-general-edward-a-kelly\/","title":{"rendered":"Presidente General Edward a. Kelly"},"content":{"rendered":"<section\n\t class=\"secondary-hero align wp-block-acf-secondary-hero\" id=\"secondary-hero_block_ce01af25ab559c089e9b55608cb478d2\">\n\t\n<header\n\tclass=\"w-full u-bg-full-width px-[22px] md:ps-bleed md:pe-0 py-[60px] bg-smoke-5 text-black u-has-rivets u-rivets-dark\"\n\tdata-theme=\"gray\"\n>\n\t<div class=\"flex flex-col !px-0 !max-w-[1440px] w-full lg:!ps-indent\">\n\t\t<div class=\"border-t-[6px] w-full my-0 flex flex-col md:flex-row gap-x-[62px] gap-y-[22px] border-red\">\n\t\t\t\t\t\t\t<div class=\"relative grid md:order-last md:w-1\/2 overflow-hidden place-items-center max-h-[500px]\">\n\t\t\t\t\t<img decoding=\"async\" width=\"240\" height=\"240\" src=\"https:\/\/www.iaff.org\/wp-content\/uploads\/2023\/11\/GP-Kelly-240x240.png\" class=\"max-w-full\" alt=\"\" srcset=\"https:\/\/www.iaff.org\/wp-content\/uploads\/2023\/11\/GP-Kelly-240x240.png 240w, https:\/\/www.iaff.org\/wp-content\/uploads\/2023\/11\/GP-Kelly-150x150.png 150w, https:\/\/www.iaff.org\/wp-content\/uploads\/2023\/11\/GP-Kelly.png 300w\" sizes=\"(max-width: 240px) 100vw, 240px\" \/>\t\t\t\t<\/div>\n\t\t\t\t\t\t<div class=\"w-full md:w-1\/2 md:py-[45px]\">\n\t\t\t\t<div class=\"max-w-[600px] flex flex-col gap-[22px]\">\n\t\t\t\t\t\t\t\t\t\t\t<h1 class=\"has-[.u-halftone-shadow--dark]:mb-divider has-[.u-halftone-shadow--light]:mb-divider\">\n\t\t\t\t\t\t\t<span class=\"inline-flex text-heading-200 u-halftone-shadow--dark\">\n\t\t\t\t\t\t\t\tPresidente General Edward a. Kelly\t\t\t\t\t\t\t<\/span>\n\t\t\t\t\t\t<\/h1>\n\t\t\t\t\t\t\t\t\t\t\t\t\t\t\t\t<div class=\"text-body-300 font-sans\">\n\t\t\t\t\t\t\t<p>Kelly es el 10.\u00ba Presidente General de la Asociaci\u00f3n Internacional de Bomberos (AIB).<\/p>\n\t\t\t\t\t\t<\/div>\n\t\t\t\t\t\t\t\t\t\t\t\t\t\t\t\t\t\t\t\t\t\t\t\t<\/div>\n\t\t\t<\/div>\n\n\t\t<\/div>\n\t\t\t<\/div>\n<\/header>\n<\/section>\n<section\n\t class=\"page-blocks iaff-page-blocks align wp-block-acf-page-blocks\" id=\"page-blocks_block_049a518ac157414bbf7c77d400250f01\">\n\t<div class=\"acf-innerblocks-container\">\n\n<h3 class=\"wp-block-heading\">Acerca del Presidente General<\/h3>\n\n\n<div class=\"wp-block-paragraph \">\n<p>Edward A. Kelly es bombero de tercera generaci\u00f3n y el d\u00e9cimo Presidente General de la Asociaci\u00f3n Internacional de Bomberos. Como Presidente General, ha priorizado las necesidades de los miembros de base y se ha asegurado de que el sindicato se centre en proteger la salud y la seguridad de los bomberos, el personal m\u00e9dico de emergencias y los trabajadores de rescate. <\/p>\n<\/div>\n\n<div class=\"wp-block-paragraph \">\n<p>Kelly fue elegido en la 55.\u00aa Convenci\u00f3n de la AIB en marzo de 2021. Anteriormente, fue Secretario-Tesorero General del sindicato de 2016 a 2021. <\/p>\n<\/div>\n\n<div class=\"wp-block-paragraph \">\n<p>Nieto, hijo y hermano de bomberos, Kelly se uni\u00f3 al Departamento de Bomberos de Boston en 1997, asignado a la Compa\u00f1\u00eda de Escalera 17. Ha participado en varias respuestas de alto perfil, incluyendo el trabajo en el Equipo de Rescate T\u00e9cnico que ayud\u00f3 en el incendio del Almac\u00e9n de Almacenamiento en Fr\u00edo de Worcester, los ataques al World Trade Center y el atentado del Marat\u00f3n de Boston. <\/p>\n<\/div>\n\n<div class=\"wp-block-paragraph \">\n<p>Kelly ascendi\u00f3 r\u00e1pidamente en las filas del movimiento sindical, sirviendo como presidente del Local 718 antes de convertirse en presidente de los Bomberos Profesionales de Massachusetts en 2011. Ocup\u00f3 ese cargo hasta que fue elegido Secretario-Tesorero General de la AIB. <\/p>\n<\/div>\n\n<div class=\"wp-block-paragraph \">\n<p>En ese cargo, instituy\u00f3 cambios que ahorraron a la AIB aproximadamente 2 millones de d\u00f3lares, y trabaj\u00f3 para asegurar el cumplimiento de las obligaciones regulatorias para proteger al sindicato del escrutinio. Kelly tambi\u00e9n moderniz\u00f3 las operaciones de la oficina del Secretario-Tesorero General, preservando al mismo tiempo la larga historia de la AIB, poniendo a disposici\u00f3n de los miembros todos los registros hist\u00f3ricos dentro de su oficina. <\/p>\n<\/div>\n\n<div class=\"wp-block-paragraph \">\n<p>Kelly se gradu\u00f3 en el Programa de Sindicatos de Harvard en 2015 y ha sido reconocido por m\u00faltiples organizaciones por su compromiso con los dem\u00e1s, incluyendo la Organizaci\u00f3n de Concienciaci\u00f3n sobre Enfermedades por Asbesto, CORPath, el Consejo Laboral del Gran Boston y el Comit\u00e9 Laboral Jud\u00edo de Nueva Inglaterra.<\/p>\n<\/div>\n\n<div class=\"wp-block-paragraph \">\n<p>Orgulloso veterano militar, Kelly sirvi\u00f3 como bombero en la Fuerza A\u00e9rea de los Estados Unidos antes de unirse al Departamento de Bomberos de Boston.<\/p>\n<\/div>\n\n<div class=\"wp-block-paragraph \">\n<p>Como parte de sus esfuerzos caritativos, Kelly es cofundador y miembro de la Junta Directiva de Massachusetts Iraq and Afghanistan Fallen Heroes y fideicomisario de la Boston Fire Department Charitable Association.<\/p>\n<\/div>\n<\/div><\/section>\n<section\n\t class=\"page-blocks iaff-page-blocks align wp-block-acf-page-blocks\" id=\"page-blocks_block_049a518ac157414bbf7c77d400250f01\">\n\t<div class=\"acf-innerblocks-container\">\n\n<h3 class=\"wp-block-heading\">Siga al Presidente General en las redes sociales<\/h3>\n\n<\/div><\/section>\n\n<ul class=\"wp-block-social-links has-normal-icon-size has-icon-color is-style-pill-shape is-horizontal is-content-justification-center is-layout-flex wp-container-core-social-links-is-layout-ddb39544 wp-block-social-links-is-layout-flex\"><li style=\"color:#ffffff;\" class=\"wp-social-link wp-social-link-facebook has-white-color wp-block-social-link\"><a rel=\"noopener nofollow\" target=\"_blank\" href=\"https:\/\/www.facebook.com\/IAFFPresident\" class=\"wp-block-social-link-anchor\"><svg width=\"24\" height=\"24\" viewBox=\"0 0 24 24\" version=\"1.1\" xmlns=\"http:\/\/www.w3.org\/2000\/svg\" aria-hidden=\"true\" focusable=\"false\"><path d=\"M12 2C6.5 2 2 6.5 2 12c0 5 3.7 9.1 8.4 9.9v-7H7.9V12h2.5V9.8c0-2.5 1.5-3.9 3.8-3.9 1.1 0 2.2.2 2.2.2v2.5h-1.3c-1.2 0-1.6.8-1.6 1.6V12h2.8l-.4 2.9h-2.3v7C18.3 21.1 22 17 22 12c0-5.5-4.5-10-10-10z\"><\/path><\/svg><span class=\"wp-block-social-link-label screen-reader-text\">General President on Facebook<\/span><\/a><\/li>\n\n<li style=\"color:#ffffff;\" class=\"wp-social-link wp-social-link-instagram has-white-color wp-block-social-link\"><a rel=\"noopener nofollow\" target=\"_blank\" href=\"https:\/\/instagram.com\/iaffpresident\" class=\"wp-block-social-link-anchor\"><svg width=\"24\" height=\"24\" viewBox=\"0 0 24 24\" version=\"1.1\" xmlns=\"http:\/\/www.w3.org\/2000\/svg\" aria-hidden=\"true\" focusable=\"false\"><path d=\"M12,4.622c2.403,0,2.688,0.009,3.637,0.052c0.877,0.04,1.354,0.187,1.671,0.31c0.42,0.163,0.72,0.358,1.035,0.673 c0.315,0.315,0.51,0.615,0.673,1.035c0.123,0.317,0.27,0.794,0.31,1.671c0.043,0.949,0.052,1.234,0.052,3.637 s-0.009,2.688-0.052,3.637c-0.04,0.877-0.187,1.354-0.31,1.671c-0.163,0.42-0.358,0.72-0.673,1.035 c-0.315,0.315-0.615,0.51-1.035,0.673c-0.317,0.123-0.794,0.27-1.671,0.31c-0.949,0.043-1.233,0.052-3.637,0.052 s-2.688-0.009-3.637-0.052c-0.877-0.04-1.354-0.187-1.671-0.31c-0.42-0.163-0.72-0.358-1.035-0.673 c-0.315-0.315-0.51-0.615-0.673-1.035c-0.123-0.317-0.27-0.794-0.31-1.671C4.631,14.688,4.622,14.403,4.622,12 s0.009-2.688,0.052-3.637c0.04-0.877,0.187-1.354,0.31-1.671c0.163-0.42,0.358-0.72,0.673-1.035 c0.315-0.315,0.615-0.51,1.035-0.673c0.317-0.123,0.794-0.27,1.671-0.31C9.312,4.631,9.597,4.622,12,4.622 M12,3 C9.556,3,9.249,3.01,8.289,3.054C7.331,3.098,6.677,3.25,6.105,3.472C5.513,3.702,5.011,4.01,4.511,4.511 c-0.5,0.5-0.808,1.002-1.038,1.594C3.25,6.677,3.098,7.331,3.054,8.289C3.01,9.249,3,9.556,3,12c0,2.444,0.01,2.751,0.054,3.711 c0.044,0.958,0.196,1.612,0.418,2.185c0.23,0.592,0.538,1.094,1.038,1.594c0.5,0.5,1.002,0.808,1.594,1.038 c0.572,0.222,1.227,0.375,2.185,0.418C9.249,20.99,9.556,21,12,21s2.751-0.01,3.711-0.054c0.958-0.044,1.612-0.196,2.185-0.418 c0.592-0.23,1.094-0.538,1.594-1.038c0.5-0.5,0.808-1.002,1.038-1.594c0.222-0.572,0.375-1.227,0.418-2.185 C20.99,14.751,21,14.444,21,12s-0.01-2.751-0.054-3.711c-0.044-0.958-0.196-1.612-0.418-2.185c-0.23-0.592-0.538-1.094-1.038-1.594 c-0.5-0.5-1.002-0.808-1.594-1.038c-0.572-0.222-1.227-0.375-2.185-0.418C14.751,3.01,14.444,3,12,3L12,3z M12,7.378 c-2.552,0-4.622,2.069-4.622,4.622S9.448,16.622,12,16.622s4.622-2.069,4.622-4.622S14.552,7.378,12,7.378z M12,15 c-1.657,0-3-1.343-3-3s1.343-3,3-3s3,1.343,3,3S13.657,15,12,15z M16.804,6.116c-0.596,0-1.08,0.484-1.08,1.08 s0.484,1.08,1.08,1.08c0.596,0,1.08-0.484,1.08-1.08S17.401,6.116,16.804,6.116z\"><\/path><\/svg><span class=\"wp-block-social-link-label screen-reader-text\">General President on Instagram<\/span><\/a><\/li>\n\n<li style=\"color:#ffffff;\" class=\"wp-social-link wp-social-link-x has-white-color wp-block-social-link\"><a rel=\"noopener nofollow\" target=\"_blank\" href=\"https:\/\/x.com\/iaffpresident\" class=\"wp-block-social-link-anchor\"><svg width=\"24\" height=\"24\" viewBox=\"0 0 24 24\" version=\"1.1\" xmlns=\"http:\/\/www.w3.org\/2000\/svg\" aria-hidden=\"true\" focusable=\"false\"><path d=\"M13.982 10.622 20.54 3h-1.554l-5.693 6.618L8.745 3H3.5l6.876 10.007L3.5 21h1.554l6.012-6.989L15.868 21h5.245l-7.131-10.378Zm-2.128 2.474-.697-.997-5.543-7.93H8l4.474 6.4.697.996 5.815 8.318h-2.387l-4.745-6.787Z\" \/><\/svg><span class=\"wp-block-social-link-label screen-reader-text\">General President on X<\/span><\/a><\/li><\/ul>\n","protected":false},"excerpt":{"rendered":"","protected":false},"featured_media":0,"parent":93307,"menu_order":0,"comment_status":"closed","ping_status":"closed","template":"","meta":{"_acf_changed":false,"_searchwp_excluded":"","inline_featured_image":false,"_EventAllDay":false,"_EventTimezone":"","_EventStartDate":"","_EventEndDate":"","_EventStartDateUTC":"","_EventEndDateUTC":"","_EventShowMap":false,"_EventShowMapLink":false,"_EventURL":"","_EventCost":"","_EventCostDescription":"","_EventCurrencySymbol":"","_EventCurrencyCode":"","_EventCurrencyPosition":"","_EventDateTimeSeparator":"","_EventTimeRangeSeparator":"","_EventOrganizerID":[],"_EventVenueID":[],"_OrganizerEmail":"","_OrganizerPhone":"","_OrganizerWebsite":"","_VenueAddress":"","_VenueCity":"","_VenueCountry":"","_VenueProvince":"","_VenueState":"","_VenueZip":"","_VenuePhone":"","_VenueURL":"","_VenueStateProvince":"","_VenueLat":"","_VenueLng":"","_VenueShowMap":false,"_VenueShowMapLink":false,"footnotes":""},"class_list":["post-117827","page","type-page","status-publish","hentry"],"acf":[],"publishpress_future_workflow_manual_trigger":{"enabledWorkflows":[]},"_links":{"self":[{"href":"https:\/\/www.iaff.org\/es\/wp-json\/wp\/v2\/pages\/117827","targetHints":{"allow":["GET"]}}],"collection":[{"href":"https:\/\/www.iaff.org\/es\/wp-json\/wp\/v2\/pages"}],"about":[{"href":"https:\/\/www.iaff.org\/es\/wp-json\/wp\/v2\/types\/page"}],"author":[{"embeddable":true,"href":"https:\/\/www.iaff.org\/es\/wp-json\/wp\/v2\/users\/10"}],"replies":[{"embeddable":true,"href":"https:\/\/www.iaff.org\/es\/wp-json\/wp\/v2\/comments?post=117827"}],"version-history":[{"count":0,"href":"https:\/\/www.iaff.org\/es\/wp-json\/wp\/v2\/pages\/117827\/revisions"}],"up":[{"embeddable":true,"href":"https:\/\/www.iaff.org\/es\/wp-json\/wp\/v2\/pages\/93307"}],"wp:attachment":[{"href":"https:\/\/www.iaff.org\/es\/wp-json\/wp\/v2\/media?parent=117827"}],"curies":[{"name":"wp","href":"https:\/\/api.w.org\/{rel}","templated":true}]}}