{"id":112667,"date":"2025-10-27T11:48:52","date_gmt":"2025-10-27T15:48:52","guid":{"rendered":"https:\/\/www.iaff.org\/esfuercese\/cumbre-esfuercese-por-la-excelencia-2026-oportunidades-de-patrocinio\/"},"modified":"2026-01-26T15:03:51","modified_gmt":"2026-01-26T20:03:51","slug":"oportunidades-de-patrocinio","status":"publish","type":"page","link":"https:\/\/www.iaff.org\/es\/esfuercese\/oportunidades-de-patrocinio\/","title":{"rendered":"Cumbre de 2026 en busca de la excelencia: informaci\u00f3n para patrocinadores"},"content":{"rendered":"<section\n\t class=\"secondary-hero align wp-block-acf-secondary-hero\" id=\"secondary-hero_block_51f58174cbefa9633c767779383ae30e\">\n\t\n<header\n\tclass=\"w-full u-bg-full-width px-[22px] md:ps-bleed md:pe-0 py-[60px] bg-smoke-5 text-black u-has-rivets u-rivets-dark\"\n\tdata-theme=\"gray\"\n>\n\t<div class=\"flex flex-col !px-0 !max-w-[1440px] w-full lg:!ps-indent\">\n\t\t<div class=\"border-t-[6px] w-full my-0 flex flex-col md:flex-row gap-x-[62px] gap-y-[22px] border-red\">\n\t\t\t\t\t\t\t<div class=\"relative grid md:order-last md:w-1\/2 overflow-hidden place-items-center aspect-[157\/105]\">\n\t\t\t\t\t<img decoding=\"async\" width=\"1200\" height=\"800\" src=\"https:\/\/www.iaff.org\/wp-content\/uploads\/2025\/10\/KT-3697-1200x800.jpg\" class=\"absolute object-cover min-w-full h-full\" alt=\"\" srcset=\"https:\/\/www.iaff.org\/wp-content\/uploads\/2025\/10\/KT-3697-1200x800.jpg 1200w, https:\/\/www.iaff.org\/wp-content\/uploads\/2025\/10\/KT-3697-300x200.jpg 300w, https:\/\/www.iaff.org\/wp-content\/uploads\/2025\/10\/KT-3697-1024x683.jpg 1024w, https:\/\/www.iaff.org\/wp-content\/uploads\/2025\/10\/KT-3697-768x512.jpg 768w, https:\/\/www.iaff.org\/wp-content\/uploads\/2025\/10\/KT-3697-1536x1024.jpg 1536w, https:\/\/www.iaff.org\/wp-content\/uploads\/2025\/10\/KT-3697-2048x1366.jpg 2048w, https:\/\/www.iaff.org\/wp-content\/uploads\/2025\/10\/KT-3697-240x160.jpg 240w, https:\/\/www.iaff.org\/wp-content\/uploads\/2025\/10\/KT-3697-1215x810.jpg 1215w\" sizes=\"(max-width: 1200px) 100vw, 1200px\" \/>\t\t\t\t<\/div>\n\t\t\t\t\t\t<div class=\"w-full md:w-1\/2 md:py-[45px]\">\n\t\t\t\t<div class=\"max-w-[600px] flex flex-col gap-[22px]\">\n\t\t\t\t\t\t\t\t\t\t\t<h1 class=\"has-[.u-halftone-shadow--dark]:mb-divider has-[.u-halftone-shadow--light]:mb-divider\">\n\t\t\t\t\t\t\t<span class=\"inline-flex text-heading-200 u-halftone-shadow--dark\">\n\t\t\t\t\t\t\t\tInformaci\u00f3n para patrocinadores\t\t\t\t\t\t\t<\/span>\n\t\t\t\t\t\t<\/h1>\n\t\t\t\t\t\t\t\t\t\t\t\t\t\t\t\t<div class=\"text-body-300 font-sans\">\n\t\t\t\t\t\t\t<p>Interact\u00fae directamente con miles de bomberos que est\u00e1n moldeando el futuro del servicio de bomberos: convi\u00e9rtase en patrocinador de Strive for Excellence.<\/p>\n\t\t\t\t\t\t<\/div>\n\t\t\t\t\t\t\t\t\t\t\t\t\t\t\t\t\t\t\t\t\t\t\t\t\t\t\t<div class=\"flex flex-wrap gap-[30px]\">\n\t\t\t\t\t\t\t\t\t\t\t\t\t\t\t<!-- Renders the same as core\/button with a specific style -->\n\t<div\n\t\tclass=\"wp-block-button track-button-primary is-style-primary-red\"\n\t>\n\t\t<a\n\t\t\tclass=\"wp-block-button__link wp-element-button cursor-pointer dlm-no-xhr-download track-hero-secondary-cta md:w-auto min-w-[156px]\"\n\t\t\t\t\t\t\thref=\"mailto:sponsorship@iaff.org\"\n\t\t\t\t\t\t\t\t\t>\n\t\t\tCont\u00e1ctenos\t\t<\/a>\n\t<\/div>\n\t\t\t\t\t\t\t\t\t\t\t\t\t<\/div>\n\t\t\t\t\t\t\t\t\t\t\t\t\t\t<\/div>\n\t\t\t<\/div>\n\n\t\t<\/div>\n\t\t\t<\/div>\n<\/header>\n<\/section>\n<section\n\t class=\"page-blocks iaff-page-blocks align wp-block-acf-page-blocks\" id=\"page-blocks_block_a52cdee73dbb36d94fcfb9784a2786c5\">\n\t<div class=\"acf-innerblocks-container\">\n<section\n\t class=\"secondary-navigation-manual u-bg-full-width bg-smoke\/5 align wp-block-acf-secondary-navigation-manual\" id=\"secondary-navigation-manual_block_5cd1069e93125392cb82e35d2cb79fce\">\n\t<details class=\"iaff-secondary-navigation\" open>\n\t<summary class=\"flex cursor-pointer u-bg-full-width\">\n\t\t\t\t\t<h2 class=\"text-heading-400 bg-main-bg-overlay text-black inline-flex items-center gap-x-[14px] h-full !ps-0 py-[34px] !pe-10\">\n\t\t\t\t<span>En esta secci\u00f3n<\/span>\n\t\t\t<\/h2>\n\t\t\t<\/summary>\n\t<div class=\"py-10 md:ps-12 md:pe-10 grid grid-cols-1 md:grid-cols-2 lg:grid-cols-3 gap-[30px]\">\n\t\t<!-- Renders the same as core\/button with a specific style -->\n\t<div>\n\t\t\t\t\t<a\n\t\t\t\tclass=\"inline-flex gap-[16px] items-center text-inherit text-button-300 leading-6 cursor-pointer decoration-transparent underline underline-offset-2 transition-colors duration-hover hocus-visible:decoration-current\"\n\t\t\t\t\t\t\t\t\thref=\"#levels\"\n\t\t\t\t\t\t\t\t\t\t\t\t>\n\t\t\t\t<span>\n\t\t\t\t\tNiveles de patrocinio \t\t\t\t<\/span>\n\t\t\t\t<svg xmlns=\"http:\/\/www.w3.org\/2000\/svg\" width=\"15\" height=\"15\" fill=\"none\" viewBox=\"0 0 15 15\"><path stroke=\"currentColor\" stroke-linecap=\"square\" stroke-width=\"2\" d=\"M11.6347 7.49976L1 7.49976\"\/><path stroke=\"currentColor\" stroke-linecap=\"square\" stroke-width=\"2\" d=\"M7.31445 2.13138L12.7061 7.50014L7.31445 12.8689\"\/><\/svg>\t\t\t<\/a>\n\t\t\t<\/div>\n<!-- Renders the same as core\/button with a specific style -->\n\t<div>\n\t\t\t\t\t<a\n\t\t\t\tclass=\"inline-flex gap-[16px] items-center text-inherit text-button-300 leading-6 cursor-pointer decoration-transparent underline underline-offset-2 transition-colors duration-hover hocus-visible:decoration-current\"\n\t\t\t\t\t\t\t\t\thref=\"https:\/\/www.iaff.org\/wp-content\/uploads\/2025\/10\/2026-STRIVE-Sponsorship-Application.pdf\"\n\t\t\t\t\t\t\t\t\t\t\ttarget=\"_blank\"\n\t\t\t\t\t\trel=\"nofollow noopener\"\n\t\t\t\t\t\t\t\t\t\t\t\t>\n\t\t\t\t<span>\n\t\t\t\t\tSolicitud\t\t\t\t<\/span>\n\t\t\t\t<svg xmlns=\"http:\/\/www.w3.org\/2000\/svg\" width=\"15\" height=\"15\" fill=\"none\" viewBox=\"0 0 15 15\"><path stroke=\"currentColor\" stroke-linecap=\"square\" stroke-width=\"2\" d=\"M11.6347 7.49976L1 7.49976\"\/><path stroke=\"currentColor\" stroke-linecap=\"square\" stroke-width=\"2\" d=\"M7.31445 2.13138L12.7061 7.50014L7.31445 12.8689\"\/><\/svg>\t\t\t<\/a>\n\t\t\t<\/div>\n<!-- Renders the same as core\/button with a specific style -->\n\t<div>\n\t\t\t\t\t<a\n\t\t\t\tclass=\"inline-flex gap-[16px] items-center text-inherit text-button-300 leading-6 cursor-pointer decoration-transparent underline underline-offset-2 transition-colors duration-hover hocus-visible:decoration-current\"\n\t\t\t\t\t\t\t\t\thref=\"#info\"\n\t\t\t\t\t\t\t\t\t\t\t\t>\n\t\t\t\t<span>\n\t\t\t\t\tInformaci\u00f3n del evento\t\t\t\t<\/span>\n\t\t\t\t<svg xmlns=\"http:\/\/www.w3.org\/2000\/svg\" width=\"15\" height=\"15\" fill=\"none\" viewBox=\"0 0 15 15\"><path stroke=\"currentColor\" stroke-linecap=\"square\" stroke-width=\"2\" d=\"M11.6347 7.49976L1 7.49976\"\/><path stroke=\"currentColor\" stroke-linecap=\"square\" stroke-width=\"2\" d=\"M7.31445 2.13138L12.7061 7.50014L7.31445 12.8689\"\/><\/svg>\t\t\t<\/a>\n\t\t\t<\/div>\n\t<\/div>\n<\/details>\n<\/section>\n\n\n<section\n\t class=\"section-header mb-10 align wp-block-acf-section-header\" id=\"levels\">\n\t<div class=\"\">\n\t<div class=\"flex flex-col md:flex-row justify-between max-w-content gap-x-8 md:items-end flex-wrap\">\n\t\t<h2 class=\"text-heading-200 pb-[2px]\">\n\t\t\tNiveles de patrocinio\t\t<\/h2>\n\n\t\t\t\t\t<div class=\"md:order-last w-full\">\n\t\t\t\t\n\t<hr class=\"h-[6px] text-red border-red bg-red w-full my-0\" role=\"presentation\"\/>\n\n\t<div class=\"h-divider w-full bg-halftone-divider bg-right\"><\/div>\n\t\t\t<\/div>\n\t\t\n\t\t\t\t\t<div\n\t\t\t\tclass=\"pt-9 md:pt-0 pb-5\"\n\t\t\t>\n\t\t\t\t<div\n\tclass=\"wp-block-button is-style-tertiary inline-flex is-style-tertiary-forward\"\n>\n\t\t\t<a\n\t\t\thref=\"https:\/\/www.iaff.org\/wp-content\/uploads\/2025\/10\/2026-STRIVE-Sponsorship-Levels.pdf\"\n\t\t\tclass=\"wp-block-button__link wp-element-button group\"\n\t\t\t\t\t\t\ttarget=\"_blank\"\n\t\t\t\trel=\"nofollow noopener\"\n\t\t\t\t\t>\n\t\t\t<span\n\t\t\tclass=\"decoration-transparent underline underline-offset-2 group-hover:decoration-inherit group-focus-visible:decoration-inherit transition duration-hover\"\n\t\t>\n\t\t\tDescargar PDF\t\t<\/span>\n\n\t\t<span\n\t\t\tclass=\"bg-inherit transition-colors duration-hover group-hover:bg-gold group-focus:bg-gold inline-flex order-last\"\n\t\t>\n\t\t\t<svg xmlns=\"http:\/\/www.w3.org\/2000\/svg\" width=\"21\" height=\"22\" fill=\"none\" viewBox=\"0 0 21 22\"><path stroke=\"currentColor\" stroke-linecap=\"round\" stroke-width=\"2\" d=\"M20 20.75L20 2.25L1.5 2.25L1.5 20.75L20 20.75Z\" clip-rule=\"evenodd\"\/><path stroke=\"currentColor\" stroke-linecap=\"square\" stroke-width=\"2\" d=\"M14.0883 11.5L6.66406 11.5\"\/><path stroke=\"currentColor\" stroke-linecap=\"square\" stroke-width=\"2\" d=\"M11.0723 7.75205L14.8363 11.5L11.0723 15.248\"\/><\/svg>\t\t<\/span>\n\t<\/a><\/div>\n\t\t\t<\/div>\n\t\t\t<\/div>\n<\/div>\n<\/section>\n\n\n<section\n\t class=\"column-list-section align wp-block-acf-column-list-section\" id=\"column-list-section_block_6e2f67c0c1b51657d670a8a9cf07abd2\">\n\t<div class=\"bg-smoke\/5 px-[19px] pt-[60px] pb-block-spacing md:px-[96px] md:mx-indent iaff-column-list-section\">\n\t\t\t\t<div class=\"acf-innerblocks-container\">\n<section\n\t class=\"column-list iaff-column-list align wp-block-acf-column-list\" id=\"column-list_block_40545d9124c49be499d1df200fdcee05\">\n\t<div class=\"relative flex flex-col gap-[14px] mb-[52px]\">\n\t\t\t\t<div class=\"relative bg-halftone-divider bg-center bg-no-repeat w-full h-divider\"><\/div>\n\t<\/div>\n\n\t\t<div class=\"acf-innerblocks-container\">\n<article\n\t class=\"column-list-card min-h-[187px] border-l-4 border-red pl-4 w-full md:w-auto item-inner flex flex-col gap-1 align wp-block-acf-column-list-card\" id=\"column-list-card_block_b87bdd762b8cce56029d9bc2f9656c11\">\n\t\n\t\t\t<div class=\"text-heading-400 font-serif font-600 leading-7 mb-1\">\n\t\t\tPREMIER: 175.000 $\t\t<\/div>\n\t\t\t\t<div class=\"text-body-400\">\n\t\t\t<ul>\n<li>Patrocinador del discurso de apertura\n<ul>\n<li>Observaciones o v\u00eddeo con guion de dos minutos antes del inicio del discurso de apertura<\/li>\n<li>Logotipo o presencia comercial antes del inicio de la sesi\u00f3n general<\/li>\n<\/ul>\n<\/li>\n<li>Ubicaci\u00f3n preferente del espacio para el estand<\/li>\n<li>Logotipo en el sitio web<\/li>\n<li>Logotipo en la aplicaci\u00f3n del evento<\/li>\n<li>Logotipo en las comunicaciones por correo electr\u00f3nico del evento<\/li>\n<li>Se\u00f1alizaci\u00f3n del \u00e1rea de exposici\u00f3n<\/li>\n<li>Notificaci\u00f3n push independiente en la aplicaci\u00f3n como patrocinador principal<\/li>\n<li>Reconocimiento durante la recepci\u00f3n<\/li>\n<li>Oportunidad de colocaci\u00f3n de productos<\/li>\n<li>Reconocimiento en la <em>revista internacional de bomberos<\/em><\/li>\n<\/ul>\n\t\t<\/div>\n\t\t\t\t<div class=\"font-heading font-500 my-3\">\n\t\t\tSOLO 1 DISPONIBLE\t\t<\/div>\n\t\t<\/article>\n\n\n<article\n\t class=\"column-list-card min-h-[187px] border-l-4 border-red pl-4 w-full md:w-auto item-inner flex flex-col gap-1 align wp-block-acf-column-list-card\" id=\"column-list-card_block_92a2cc7f3d8e8a89604a72710739dad8\">\n\t\n\t\t\t<div class=\"text-heading-400 font-serif font-600 leading-7 mb-1\">\n\t\t\tPRINCIPAL: 150.000 $\t\t<\/div>\n\t\t\t\t<div class=\"text-body-400\">\n\t\t\t<ul>\n<li>Patrocinador de la sesi\u00f3n general\n<ul>\n<li>Logotipo o presencia comercial antes del inicio de la sesi\u00f3n general<\/li>\n<\/ul>\n<\/li>\n<li>Ubicaci\u00f3n preferente del espacio para el estand<\/li>\n<li>Logotipo en el sitio web<\/li>\n<li>Logotipo en la aplicaci\u00f3n del evento<\/li>\n<li>Logotipo en las comunicaciones por correo electr\u00f3nico del evento<\/li>\n<li>Se\u00f1alizaci\u00f3n del \u00e1rea de exposici\u00f3n<\/li>\n<li>Notificaci\u00f3n push independiente en la aplicaci\u00f3n como patrocinador principal<\/li>\n<li>Reconocimiento durante la recepci\u00f3n<\/li>\n<li>Oportunidad de colocaci\u00f3n de productos<\/li>\n<li>Reconocimiento en la <em>revista internacional de bomberos<\/em><\/li>\n<\/ul>\n\t\t<\/div>\n\t\t\t<\/article>\n\n<\/div><\/section>\n\n\n<section\n\t class=\"column-list iaff-column-list hr-hidden align hr-hidden wp-block-acf-column-list\" id=\"column-list_block_25a3a285e54191fe4606918188557f2f\">\n\t<div class=\"relative flex flex-col gap-[14px] mb-[52px]\">\n\t\t\t\t<div class=\"relative bg-halftone-divider bg-center bg-no-repeat w-full h-divider\"><\/div>\n\t<\/div>\n\n\t\t<div class=\"acf-innerblocks-container\">\n<article\n\t class=\"column-list-card min-h-[187px] border-l-4 border-red pl-4 w-full md:w-auto item-inner flex flex-col gap-1 align wp-block-acf-column-list-card\" id=\"column-list-card_block_7d578c132e844a6af3fcaab85cb75315\">\n\t\n\t\t\t<div class=\"text-heading-400 font-serif font-600 leading-7 mb-1\">\n\t\t\tPLATINO: 50.000 $\t\t<\/div>\n\t\t\t\t<div class=\"text-body-400\">\n\t\t\t<ul>\n<li>Patrocinador de eventos especiales (recepci\u00f3n, pr\u00e1ctica, olimpiadas de bomberos, tecnolog\u00eda o salud conductual)<\/li>\n<li>Ubicaci\u00f3n preferente del espacio para el estand<\/li>\n<li>Logotipo en el sitio web<\/li>\n<li>Logotipo en la aplicaci\u00f3n del evento<\/li>\n<li>Logotipo en las comunicaciones por correo electr\u00f3nico del evento<\/li>\n<li>Se\u00f1alizaci\u00f3n del \u00e1rea de exposici\u00f3n<\/li>\n<li>Notificaci\u00f3n push independiente en la aplicaci\u00f3n como patrocinador de eventos especiales<\/li>\n<li>Reconocimiento durante la recepci\u00f3n<\/li>\n<li>Oportunidad de colocaci\u00f3n de productos<\/li>\n<li>Reconocimiento en la <em>revista internacional de bomberos<\/em><\/li>\n<\/ul>\n\t\t<\/div>\n\t\t\t<\/article>\n\n\n<article\n\t class=\"column-list-card min-h-[187px] border-l-4 border-red pl-4 w-full md:w-auto item-inner flex flex-col gap-1 align wp-block-acf-column-list-card\" id=\"column-list-card_block_68e9433d9964bb55e90c8f532afc74fa\">\n\t\n\t\t\t<div class=\"text-heading-400 font-serif font-600 leading-7 mb-1\">\n\t\t\tORO: 25.000 $\t\t<\/div>\n\t\t\t\t<div class=\"text-body-400\">\n\t\t\t<ul>\n<li>Patrocinio de un d\u00eda del evento<\/li>\n<li>Espacio para estand de nivel avanzado<\/li>\n<li>Logotipo en el sitio web<\/li>\n<li>Logotipo en las comunicaciones por correo electr\u00f3nico del evento<\/li>\n<li>Se\u00f1alizaci\u00f3n del \u00e1rea de exposici\u00f3n<\/li>\n<li>Notificaci\u00f3n push en la aplicaci\u00f3n como patrocinador del d\u00eda<\/li>\n<li>Reconocimiento en la <em>revista internacional de bomberos<\/em><\/li>\n<\/ul>\n\t\t<\/div>\n\t\t\t<\/article>\n\n\n<article\n\t class=\"column-list-card min-h-[187px] border-l-4 border-red pl-4 w-full md:w-auto item-inner flex flex-col gap-1 align wp-block-acf-column-list-card\" id=\"column-list-card_block_786dab58830aa2fcd7d25d5afe1f3c6d\">\n\t\n\t\t\t<div class=\"text-heading-400 font-serif font-600 leading-7 mb-1\">\n\t\t\tPLATA: 15.000 $\t\t<\/div>\n\t\t\t\t<div class=\"text-body-400\">\n\t\t\t<ul>\n<li>Espacio para estand de nivel avanzado<\/li>\n<li>Logotipo en el sitio web<\/li>\n<li>Logotipo en las comunicaciones por correo electr\u00f3nico del evento<\/li>\n<li>Se\u00f1alizaci\u00f3n del \u00e1rea de exposici\u00f3n<\/li>\n<li>Reconocimiento en la <em>revista internacional de bomberos<\/em><\/li>\n<\/ul>\n\t\t<\/div>\n\t\t\t<\/article>\n\n<\/div><\/section>\n\n\n<section\n\t class=\"column-list iaff-column-list align wp-block-acf-column-list\" id=\"column-list_block_6cd949a922b62aaca9ae2a57b9989058\">\n\t<div class=\"relative flex flex-col gap-[14px] mb-[52px]\">\n\t\t\t\t\t<h3 class=\"text-heading-500\">\n\t\t\t\tOPORTUNIDADES A LA CARTA\t\t\t<\/h3>\n\t\t\t\t<div class=\"relative bg-halftone-divider bg-center bg-no-repeat w-full h-divider\"><\/div>\n\t<\/div>\n\n\t\t<div class=\"acf-innerblocks-container\">\n<article\n\t class=\"column-list-card min-h-[187px] border-l-4 border-red pl-4 w-full md:w-auto item-inner flex flex-col gap-1 align wp-block-acf-column-list-card\" id=\"column-list-card_block_1000c12055651fe50415884e601cd112\">\n\t\n\t\t\t<div class=\"text-heading-400 font-serif font-600 leading-7 mb-1\">\n\t\t\tPatrocinador de pista individual: 20.000 $\t\t<\/div>\n\t\t\t\t<div class=\"text-body-400\">\n\t\t\t<ul>\n<li>Colocaci\u00f3n del logotipo en las diapositivas de bienvenida de la sesi\u00f3n, materiales promocionales en el aula espec\u00edfica de la pista<\/li>\n<li>Logotipo en el sitio web<\/li>\n<li>Estand para eventos<\/li>\n<\/ul>\n\t\t<\/div>\n\t\t\t<\/article>\n\n\n<article\n\t class=\"column-list-card min-h-[187px] border-l-4 border-red pl-4 w-full md:w-auto item-inner flex flex-col gap-1 align wp-block-acf-column-list-card\" id=\"column-list-card_block_28afe0ada2a7bbf5318c24fa9e52acd8\">\n\t\n\t\t\t<div class=\"text-heading-400 font-serif font-600 leading-7 mb-1\">\n\t\t\tEstand de exposici\u00f3n: 5.000 $\t\t<\/div>\n\t\t\t\t<\/article>\n\n<\/div><\/section>\n\n\n<section\n\t class=\"column-list iaff-column-list hr-hidden align hr-hidden wp-block-acf-column-list\" id=\"column-list_block_25a3a285e54191fe4606918188557f2f\">\n\t<div class=\"relative flex flex-col gap-[14px] mb-[52px]\">\n\t\t\t\t<div class=\"relative bg-halftone-divider bg-center bg-no-repeat w-full h-divider\"><\/div>\n\t<\/div>\n\n\t\t<div class=\"acf-innerblocks-container\">\n<article\n\t class=\"column-list-card min-h-[187px] border-l-4 border-red pl-4 w-full md:w-auto item-inner flex flex-col gap-1 align wp-block-acf-column-list-card\" id=\"column-list-card_block_36997c031e67be2d069e60046635235d\">\n\t\n\t\t\t<div class=\"text-heading-400 font-serif font-600 leading-7 mb-1\">\n\t\t\tCorreo electr\u00f3nico de registro de asistentes: 5.000 $\t\t<\/div>\n\t\t\t\t<div class=\"text-body-400\">\n\t\t\t<ul>\n<li>Logotipo, enlace y p\u00e1rrafo promocional en el correo electr\u00f3nico de registro inicial.<\/li>\n<\/ul>\n\t\t<\/div>\n\t\t\t\t<div class=\"font-heading font-500 my-3\">\n\t\t\tSOLO 1 DISPONIBLE\t\t<\/div>\n\t\t<\/article>\n\n\n<article\n\t class=\"column-list-card min-h-[187px] border-l-4 border-red pl-4 w-full md:w-auto item-inner flex flex-col gap-1 align wp-block-acf-column-list-card\" id=\"column-list-card_block_20c469147b82583c766729851d8c85ef\">\n\t\n\t\t\t<div class=\"text-heading-400 font-serif font-600 leading-7 mb-1\">\n\t\t\tCorreo electr\u00f3nico de confirmaci\u00f3n de asistencia: 5.000 $\t\t<\/div>\n\t\t\t\t<div class=\"text-body-400\">\n\t\t\t<ul>\n<li>Logotipo, enlace y p\u00e1rrafo promocional en el correo electr\u00f3nico final a los participantes antes del evento.<\/li>\n<\/ul>\n\t\t<\/div>\n\t\t\t\t<div class=\"font-heading font-500 my-3\">\n\t\t\tSOLO 1 DISPONIBLE\t\t<\/div>\n\t\t<\/article>\n\n<\/div><\/section>\n\n<\/div>\t<\/div>\n<\/section>\n\n\n<section\n\t class=\"section-header mb-10 align wp-block-acf-section-header\" id=\"info\">\n\t<div class=\"\">\n\t<div class=\"flex flex-col md:flex-row justify-between max-w-content gap-x-8 md:items-end flex-wrap\">\n\t\t<h2 class=\"text-heading-200 pb-[2px]\">\n\t\t\tInformaci\u00f3n del evento\t\t<\/h2>\n\n\t\t\t\t\t<div class=\"md:order-last w-full\">\n\t\t\t\t\n\t<hr class=\"h-[6px] text-red border-red bg-red w-full my-0\" role=\"presentation\"\/>\n\n\t<div class=\"h-divider w-full bg-halftone-divider bg-right\"><\/div>\n\t\t\t<\/div>\n\t\t\n\t\t\t<\/div>\n<\/div>\n<\/section>\n\n<\/div><\/section>\n\n<h4 class=\"wp-block-heading\">UBICACI\u00d3N DE LA EXPOSICI\u00d3N<\/h4>\n<div class=\"wp-block-paragraph \">\n<p>Las exposiciones se celebrar\u00e1n en el sal\u00f3n de baile Marquee del MGM Grand Las Vegas. <\/p>\n<\/div>\n<h4 class=\"wp-block-heading\">Montaje\/instalaci\u00f3n<\/h4>\n<div class=\"wp-block-paragraph \">\n<p>Domingo, 29 de marzo, de 13:00 a 17:00<\/p>\n<\/div>\n<h4 class=\"wp-block-heading\">Horario de exposici\u00f3n<\/h4>\n<div class=\"wp-block-paragraph \">\n<p>Lunes, 30 de marzo, de 7:00 a 17:00<br\/>Martes, 31 de marzo, de 7:00 a 17:00<br\/>Mi\u00e9rcoles, 1 de abril, de 7:00 a 17:00<br\/>Jueves, 2 de abril, de 7:00 a 14:00<\/p>\n<\/div>\n<style>.column-list-card ul {\nlist-style: disc;\npadding-left: 24px;\n}\n::marker {\n    font-size: 12px;\n}\n.hr-hidden > div.relative {display: none!important;}\n<\/style>\n\n<style>\n\/*\nnav[aria-label=\"Strive Nav\"],\n.navigation-content .wp-block-buttons,\nfooter .wp-container-core-group-is-layout-0dfbf163\n{display: none!important;}\n*\/\n<\/style>\n","protected":false},"excerpt":{"rendered":"<p>UBICACI\u00d3N DE LA EXPOSICI\u00d3N Las exposiciones se celebrar\u00e1n en el sal\u00f3n de baile Marquee del MGM Grand Las Vegas. Montaje\/instalaci\u00f3n Domingo, 29 de marzo, de 13:00 a 17:00 Horario de [&hellip;]<\/p>\n","protected":false},"featured_media":0,"parent":112640,"menu_order":0,"comment_status":"closed","ping_status":"closed","template":"page-strive","meta":{"_acf_changed":false,"_searchwp_excluded":"","inline_featured_image":false,"_EventAllDay":false,"_EventTimezone":"","_EventStartDate":"","_EventEndDate":"","_EventStartDateUTC":"","_EventEndDateUTC":"","_EventShowMap":false,"_EventShowMapLink":false,"_EventURL":"","_EventCost":"","_EventCostDescription":"","_EventCurrencySymbol":"","_EventCurrencyCode":"","_EventCurrencyPosition":"","_EventDateTimeSeparator":"","_EventTimeRangeSeparator":"","_EventOrganizerID":[],"_EventVenueID":[],"_OrganizerEmail":"","_OrganizerPhone":"","_OrganizerWebsite":"","_VenueAddress":"","_VenueCity":"","_VenueCountry":"","_VenueProvince":"","_VenueState":"","_VenueZip":"","_VenuePhone":"","_VenueURL":"","_VenueStateProvince":"","_VenueLat":"","_VenueLng":"","_VenueShowMap":false,"_VenueShowMapLink":false,"footnotes":""},"class_list":["post-112667","page","type-page","status-publish","hentry"],"acf":[],"publishpress_future_workflow_manual_trigger":{"enabledWorkflows":[]},"_links":{"self":[{"href":"https:\/\/www.iaff.org\/es\/wp-json\/wp\/v2\/pages\/112667","targetHints":{"allow":["GET"]}}],"collection":[{"href":"https:\/\/www.iaff.org\/es\/wp-json\/wp\/v2\/pages"}],"about":[{"href":"https:\/\/www.iaff.org\/es\/wp-json\/wp\/v2\/types\/page"}],"author":[{"embeddable":true,"href":"https:\/\/www.iaff.org\/es\/wp-json\/wp\/v2\/users\/3"}],"replies":[{"embeddable":true,"href":"https:\/\/www.iaff.org\/es\/wp-json\/wp\/v2\/comments?post=112667"}],"version-history":[{"count":0,"href":"https:\/\/www.iaff.org\/es\/wp-json\/wp\/v2\/pages\/112667\/revisions"}],"up":[{"embeddable":true,"href":"https:\/\/www.iaff.org\/es\/wp-json\/wp\/v2\/pages\/112640"}],"wp:attachment":[{"href":"https:\/\/www.iaff.org\/es\/wp-json\/wp\/v2\/media?parent=112667"}],"curies":[{"name":"wp","href":"https:\/\/api.w.org\/{rel}","templated":true}]}}