{"id":108353,"date":"2025-10-30T11:48:47","date_gmt":"2025-10-30T15:48:47","guid":{"rendered":"https:\/\/www.iaff.org\/?page_id=108353"},"modified":"2025-12-03T14:59:58","modified_gmt":"2025-12-03T19:59:58","slug":"firepac-2","status":"publish","type":"page","link":"https:\/\/www.iaff.org\/es\/firepac-2\/","title":{"rendered":"FIREPAC &#8211; Canad\u00e1"},"content":{"rendered":"<section\n\t class=\"secondary-hero align wp-block-acf-secondary-hero\" id=\"secondary-hero_block_3bab398d5d05ddfc637b5ba68c6a1d9a\">\n\t\n<header\n\tclass=\"w-full u-bg-full-width px-[22px] md:ps-bleed md:pe-0 py-[60px] bg-blue text-white u-has-rivets\"\n\tdata-theme=\"navy\"\n>\n\t<div class=\"flex flex-col !px-0 !max-w-[1440px] w-full lg:!ps-indent\">\n\t\t<div class=\"border-t-[6px] w-full my-0 flex flex-col md:flex-row gap-x-[62px] gap-y-[22px] border-gold\">\n\t\t\t\t\t\t\t<div class=\"relative grid md:order-last md:w-1\/2 overflow-hidden place-items-center aspect-[157\/105]\">\n\t\t\t\t\t<img decoding=\"async\" width=\"905\" height=\"492\" src=\"https:\/\/www.iaff.org\/wp-content\/uploads\/2025\/10\/FIREPAC-canada-hero.jpg\" class=\"absolute object-cover min-w-full h-full\" alt=\"\" srcset=\"https:\/\/www.iaff.org\/wp-content\/uploads\/2025\/10\/FIREPAC-canada-hero.jpg 905w, https:\/\/www.iaff.org\/wp-content\/uploads\/2025\/10\/FIREPAC-canada-hero-300x163.jpg 300w, https:\/\/www.iaff.org\/wp-content\/uploads\/2025\/10\/FIREPAC-canada-hero-768x418.jpg 768w, https:\/\/www.iaff.org\/wp-content\/uploads\/2025\/10\/FIREPAC-canada-hero-240x130.jpg 240w\" sizes=\"(max-width: 905px) 100vw, 905px\" \/>\t\t\t\t<\/div>\n\t\t\t\t\t\t<div class=\"w-full md:w-1\/2 md:py-[45px]\">\n\t\t\t\t<div class=\"max-w-[600px] flex flex-col gap-[22px]\">\n\t\t\t\t\t\t\t\t\t\t\t<h1 class=\"has-[.u-halftone-shadow--dark]:mb-divider has-[.u-halftone-shadow--light]:mb-divider\">\n\t\t\t\t\t\t\t<span class=\"inline-flex text-heading-200 u-halftone-shadow--light\">\n\t\t\t\t\t\t\t\tFIREPAC &#8211; Canad\u00e1\t\t\t\t\t\t\t<\/span>\n\t\t\t\t\t\t<\/h1>\n\t\t\t\t\t\t\t\t\t\t\t\t\t\t\t\t<div class=\"text-body-300 font-sans\">\n\t\t\t\t\t\t\t<p>FIREPAC es un comit\u00e9 de acci\u00f3n pol\u00edtica (PAC) que est\u00e1 conectado con AIB. Se compone de contribuciones voluntarias. <\/p>\n\t\t\t\t\t\t<\/div>\n\t\t\t\t\t\t\t\t\t\t\t\t\t\t\t\t\t\t\t\t\t\t\t\t\t\t\t<div class=\"flex flex-wrap gap-[30px]\">\n\t\t\t\t\t\t\t\t\t\t\t\t\t\t\t<!-- Renders the same as core\/button with a specific style -->\n\t<div\n\t\tclass=\"wp-block-button track-button-primary is-style-primary-red\"\n\t>\n\t\t<a class=\"wp-block-button__link wp-element-button cursor-pointer dlm-no-xhr-download track-hero-secondary-cta md:w-auto min-w-[156px]\" href=\"https:\/\/donate.iaff.org\/CSiDonate\/Give.aspx\/GU7THDLQ#c\" target=\"_blank\" rel=\"nofollow noopener\">\n\t\t\t\u00daNASE A LA LUCHA. CONTRIBUYA AQU\u00cd.  \t\t<\/a>\n\t<\/div>\n\t\t\t\t\t\t\t\t\t\t\t\t\t\t\t<!-- Renders the same as core\/button with a specific style -->\n\t<div\n\t\tclass=\"wp-block-button track-button-primary is-style-secondary-red\"\n\t>\n\t\t<a\n\t\t\tclass=\"wp-block-button__link wp-element-button cursor-pointer dlm-no-xhr-download track-hero-secondary-cta md:w-auto min-w-[156px]\"\n\t\t\t\t\t\t\thref=\"mailto:canada@iaff.org\"\n\t\t\t\t\t\t\t\t\t>\n\t\t\tCont\u00e1ctenos\t\t<\/a>\n\t<\/div>\n\t\t\t\t\t\t\t\t\t\t\t\t\t<\/div>\n\t\t\t\t\t\t\t\t\t\t\t\t\t\t<\/div>\n\t\t\t<\/div>\n\n\t\t<\/div>\n\t\t\t<\/div>\n<\/header>\n<\/section>\n<div class=\"wp-block-paragraph \">\n<p><\/p>\n<\/div>\n<div id=\"why-firepac\" class=\"wp-block-group is-layout-constrained wp-block-group-is-layout-constrained\"><section\n\t class=\"page-blocks iaff-page-blocks align wp-block-acf-page-blocks\" id=\"page-blocks_block_56503a2cf00bc39fafda14bf31e27e24\">\n\t<div class=\"acf-innerblocks-container\">\n<section\n\t class=\"section-header mb-10 align wp-block-acf-section-header\" id=\"section-header_block_78efccd09e09d4e9ce801813491d128d\">\n\t<div class=\"\">\n\t<div class=\"flex flex-col md:flex-row justify-between max-w-content gap-x-8 md:items-end flex-wrap\">\n\t\t<h2 class=\"text-heading-200 pb-[2px]\">\n\t\t\tFIREPAC Canad\u00e1\t\t<\/h2>\n\n\t\t\t\t\t<div class=\"md:order-last w-full\">\n\t\t\t\t\n\n\t<div class=\"h-divider w-full bg-halftone-divider bg-right\"><\/div>\n\t\t\t<\/div>\n\t\t\n\t\t\t<\/div>\n<\/div>\n<\/section>\n\n\n<div class=\"wp-block-paragraph \">\n<p id=\"E703\">Cada decisi\u00f3n sobre su trabajo est\u00e1 influenciada por alguien que fue elegido o designado. FIREPAC ayuda a los bomberos a construir relaciones con los responsables de la toma de decisiones y a comunicarse con los votantes que los eligen.  <\/p>\n<\/div>\n\n<div class=\"wp-block-paragraph \">\n<p>FIREPAC Canad\u00e1 es una herramienta poderosa que brinda a los miembros canadienses de AIB una voz alta y clara en el \u00e1mbito legislativo. A nivel federal, FIREPAC Canad\u00e1 utiliza los fondos recaudados por las contribuciones de los miembros individuales para educar a los miembros y pol\u00edticos sobre temas de importancia para los bomberos profesionales y, a nivel local y provincial, los fondos de FIREPAC Canad\u00e1 tambi\u00e9n se utilizan para apoyar a los candidatos favorables a los bomberos en el fragor de una campa\u00f1a electoral. <\/p>\n<\/div>\n\n<div class=\"wp-block-paragraph \">\n<p>FIREPAC Canad\u00e1 apoya a aquellos que apoyar\u00e1n los problemas de los bomberos y que se pronunciar\u00e1n en apoyo de los bomberos profesionales y sus familias.<\/p>\n<\/div>\n\n<div class=\"wp-block-paragraph \">\n<p>Se anima a los miembros de AIB en Canad\u00e1 a realizar contribuciones voluntarias a FIREPAC cada a\u00f1o para garantizar que la voz de los bomberos profesionales se escuche alta y clara en todos los niveles de gobierno.<\/p>\n<\/div>\n\n<div class=\"wp-block-paragraph \">\n<p>Sin fondos para educar o respaldar a nuestros aliados en el \u00e1mbito pol\u00edtico, IAFF no podr\u00e1 hacer o\u00edr su voz antes de que se tomen decisiones de importancia cr\u00edtica que afecten la seguridad de los bomberos y del p\u00fablico.<\/p>\n<\/div>\n\n<div class=\"wp-block-paragraph \">\n<p>Los miembros de AIB tambi\u00e9n pueden realizar sus contribuciones voluntarias a FIREPAC Canad\u00e1 a trav\u00e9s de un programa de deducci\u00f3n si su secci\u00f3n local lo ofrece. Es un sistema de deducci\u00f3n de n\u00f3mina, similar a una deducci\u00f3n de cuotas, a trav\u00e9s del cual un bombero autoriza deducciones peri\u00f3dicas del cheque de pago. <\/p>\n<\/div>\n\n<div class=\"wp-block-paragraph \">\n<p><em>Tenga en cuenta que, debido a la ley federal, las contribuciones a FIREPAC Canad\u00e1 no son deducibles de impuestos.<\/em><\/p>\n<\/div>\n<\/div><\/section>\n<\/div>\n\n<div id=\"firepac-canada\" class=\"wp-block-group is-layout-constrained wp-block-group-is-layout-constrained\"><section\n\t class=\"page-blocks iaff-page-blocks align wp-block-acf-page-blocks\" id=\"page-blocks_block_56503a2cf00bc39fafda14bf31e27e24\">\n\t<div class=\"acf-innerblocks-container\">\n<div class=\"wp-block-paragraph \">\n<p><\/p>\n<\/div>\n<\/div><\/section>\n\n\n\n<div class=\"wp-block-buttons mb-4 is-content-justification-center is-layout-flex wp-container-core-buttons-is-layout-16018d1d wp-block-buttons-is-layout-flex\">\n<div class=\"wp-block-button is-style-secondary-red\"><a class=\"wp-block-button__link wp-element-button\" href=\"https:\/\/www.iaff.org\/wp-content\/uploads\/2025\/06\/FIREPAC-Canada-Flyer.pdf\">FOLLETO PROMOCIONAL DE FIREPAC<\/a><\/div>\n\n\n\n<div class=\"wp-block-button is-style-secondary-red\"><a class=\"wp-block-button__link wp-element-button\" href=\"https:\/\/www.iaff.org\/wp-content\/uploads\/2025\/06\/FIREPAC-Canada-CheckOff-Brochure-2025.pdf\" target=\"_blank\" rel=\"noreferrer noopener\">Programa de deducci\u00f3n de FIREPAC Canad\u00e1<\/a><\/div>\n<\/div>\n\n\n\n<div class=\"wp-block-buttons is-content-justification-center is-layout-flex wp-container-core-buttons-is-layout-16018d1d wp-block-buttons-is-layout-flex\">\n<div class=\"wp-block-button is-style-primary-red\"><a class=\"wp-block-button__link wp-element-button\" href=\"https:\/\/my.iaff.org\/FIREPACCanada\" target=\"_blank\" rel=\"noreferrer noopener\">INVIERTA EN FIREPAC CANAD\u00c1<\/a><\/div>\n<\/div>\n<\/div>\n\n<div id=\"faqs\" class=\"wp-block-group is-layout-constrained wp-block-group-is-layout-constrained\"><section\n\t class=\"page-blocks iaff-page-blocks align wp-block-acf-page-blocks\" id=\"page-blocks_block_56503a2cf00bc39fafda14bf31e27e24\">\n\t<div class=\"acf-innerblocks-container\">\n<section\n\t class=\"section-header mb-10 align wp-block-acf-section-header\" id=\"section-header_block_571e53a6b4f8c6cdb940f755260dbd8e\">\n\t<div class=\"\">\n\t<div class=\"flex flex-col md:flex-row justify-between max-w-content gap-x-8 md:items-end flex-wrap\">\n\t\t<h2 class=\"text-heading-200 pb-[2px]\">\n\t\t\tPREGUNTAS FRECUENTES\t\t<\/h2>\n\n\t\t\t\t\t<div class=\"md:order-last w-full\">\n\t\t\t\t\n\n\t<div class=\"h-divider w-full bg-halftone-divider bg-right\"><\/div>\n\t\t\t<\/div>\n\t\t\n\t\t\t<\/div>\n<\/div>\n<\/section>\n\n<\/div><\/section>\n\n\n\n<details class=\"wp-block-details is-layout-flow wp-block-details-is-layout-flow\"><summary>\u00bfQu\u00e9 es FIREPAC Canad\u00e1?<\/summary><div class=\"wp-block-paragraph \">\n<p>FIREPAC es el fondo de acci\u00f3n pol\u00edtica de IAFF Canad\u00e1. Se financia mediante contribuciones voluntarias y se utiliza para apoyar a candidatos locales, provinciales y federales, iniciativas legislativas y propuestas electorales. <\/p>\n<\/div><\/details>\n\n\n\n<details class=\"wp-block-details is-layout-flow wp-block-details-is-layout-flow\"><summary>\u00bfPara qu\u00e9 nos ayuda a luchar FIREPAC?<\/summary><div class=\"wp-block-paragraph \">\n<p>FIREPAC nos ayuda a mantener y ganar terreno en asuntos que son importantes para los bomberos, como la atenci\u00f3n m\u00e9dica, la dotaci\u00f3n de personal adecuada, la mejora de las herramientas y el equipo, y la garant\u00eda de un entorno seguro y saludable tanto dentro como fuera del trabajo. FIREPAC apoya los esfuerzos para abordar estos problemas en todos los niveles de gobierno. <\/p>\n<\/div>\n\n<div class=\"wp-block-paragraph \">\n<p><\/p>\n<\/div><\/details>\n\n\n\n<details class=\"wp-block-details is-layout-flow wp-block-details-is-layout-flow\"><summary>\u00bfQui\u00e9n puede contribuir a FIREPAC?<\/summary><div class=\"wp-block-paragraph \">\n<p>Para que el programa sea s\u00f3lido y eficaz, se anima a todos los l\u00edderes provinciales y locales de IAFF y a los miembros activos y jubilados activos a participar.<\/p>\n<\/div><\/details>\n\n\n\n<details class=\"wp-block-details is-layout-flow wp-block-details-is-layout-flow\"><summary>\u00bfC\u00f3mo me ha ayudado FIREPAC a m\u00ed o a mi sindicato?<\/summary><div class=\"wp-block-paragraph \">\n<p id=\"E812\">Las contribuciones a FIREPAC nos han ayudado a luchar por su salud, seguridad y beneficios al aumentar nuestra influencia en todos los niveles de gobierno en todo el pa\u00eds. Espec\u00edficamente, FIREPAC ha ayudado a lograr: <\/p>\n<\/div>\n\n<div class=\"wp-block-list\">\n<ul class=\"wp-block-list\">\n<li> Financiaci\u00f3n gubernamental para la iniciativa de formaci\u00f3n HazMat y QBRNE de la AIB de Canad\u00e1<\/li>\n<\/ul>\n<\/div>\n\n<div class=\"wp-block-list\">\n<ul class=\"wp-block-list\">\n<li> Financiaci\u00f3n gubernamental para la iniciativa de formaci\u00f3n HazMat y QBRNE de la AIB de Canad\u00e1<\/li>\n<\/ul>\n<\/div>\n\n<div class=\"wp-block-list\">\n<ul class=\"wp-block-list\">\n<li>  Programa de subvenciones conmemorativas para los primeros intervinientes<\/li>\n<\/ul>\n<\/div>\n\n<div class=\"wp-block-list\">\n<ul class=\"wp-block-list\">\n<li>  Plan de acci\u00f3n nacional sobre lesiones por estr\u00e9s postraum\u00e1tico para los primeros intervinientes<\/li>\n<\/ul>\n<\/div>\n\n<div class=\"wp-block-list\">\n<ul class=\"wp-block-list\">\n<li> Respondiendo a la Interfaz (RTI): formaci\u00f3n de respuesta a la interfaz urbano forestal utilizando el programa de formaci\u00f3n de la AIB<br\/><\/li>\n<\/ul>\n<\/div>\n\n<div class=\"wp-block-list\">\n<ul class=\"wp-block-list\">\n<li>  Proyecto de ley C-224 \u2013 Marco nacional para abordar el c\u00e1ncer ocupacional en los bomberos<\/li>\n<\/ul>\n<\/div>\n\n<div class=\"wp-block-list\">\n<ul class=\"wp-block-list\">\n<li>  Petici\u00f3n para prohibir las PFAS de los equipos y espumas de extinci\u00f3n de incendios<\/li>\n<\/ul>\n<\/div>\n\n<div class=\"wp-block-list\">\n<ul class=\"wp-block-list\">\n<li>  Proyecto de ley C-321 \u2013 Sanciones m\u00e1s estrictas por agresiones contra bomberos y param\u00e9dicos en servicio<\/li>\n<\/ul>\n<\/div>\n\n<div class=\"wp-block-list\">\n<ul class=\"wp-block-list\">\n<li>  M-96 \u2013 Fortalecimiento de las regulaciones de extinci\u00f3n de incendios en los aeropuertos de Canad\u00e1<\/li>\n<\/ul>\n<\/div><\/details>\n\n\n\n<details class=\"wp-block-details is-layout-flow wp-block-details-is-layout-flow\"><summary>No soy realmente pol\u00edtico. \u00bfPor qu\u00e9 necesito contribuir a FIREPAC? <\/summary><div class=\"wp-block-paragraph \">\n<p>En esencia, FIREPAC no se trata solo de pol\u00edtica, sino de su trabajo, su familia y nuestro sindicato. Contribuir a FIREPAC es una forma f\u00e1cil de apoyar un trabajo significativo que mejora la salud, la seguridad y la vida de los bomberos. Se anima a todos los l\u00edderes y miembros a contribuir.  <\/p>\n<\/div><\/details>\n\n\n\n<details class=\"wp-block-details is-layout-flow wp-block-details-is-layout-flow\"><summary>\u00bfC\u00f3mo puedo contribuir?<\/summary><div class=\"wp-block-paragraph \">\n<p id=\"E830\">Puede realizar una contribuci\u00f3n \u00fanica o recurrente <a href=\"https:\/\/donate.iaff.org\/CSiDonate\/Give.aspx\/GU7THDLQ#c\" target=\"_blank\" rel=\"noopener\">aqu\u00ed<\/a>. <\/p>\n<\/div><\/details>\n<\/div>\n\n<div class=\"wp-block-media-text is-stacked-on-mobile\"><figure class=\"wp-block-media-text__media\"><\/figure><div class=\"wp-block-media-text__content\"><div class=\"wp-block-paragraph \">\n<p><\/p>\n<\/div><\/div><\/div>\n\n<div class=\"wp-block-media-text is-stacked-on-mobile\"><figure class=\"wp-block-media-text__media\"><\/figure><div class=\"wp-block-media-text__content\"><div class=\"wp-block-paragraph \">\n<p><\/p>\n<\/div><\/div><\/div>\n","protected":false},"excerpt":{"rendered":"","protected":false},"featured_media":0,"parent":0,"menu_order":0,"comment_status":"closed","ping_status":"closed","template":"","meta":{"_acf_changed":false,"_searchwp_excluded":"","inline_featured_image":false,"_EventAllDay":false,"_EventTimezone":"","_EventStartDate":"","_EventEndDate":"","_EventStartDateUTC":"","_EventEndDateUTC":"","_EventShowMap":false,"_EventShowMapLink":false,"_EventURL":"","_EventCost":"","_EventCostDescription":"","_EventCurrencySymbol":"","_EventCurrencyCode":"","_EventCurrencyPosition":"","_EventDateTimeSeparator":"","_EventTimeRangeSeparator":"","_EventOrganizerID":[],"_EventVenueID":[],"_OrganizerEmail":"","_OrganizerPhone":"","_OrganizerWebsite":"","_VenueAddress":"","_VenueCity":"","_VenueCountry":"","_VenueProvince":"","_VenueState":"","_VenueZip":"","_VenuePhone":"","_VenueURL":"","_VenueStateProvince":"","_VenueLat":"","_VenueLng":"","_VenueShowMap":false,"_VenueShowMapLink":false,"footnotes":""},"class_list":["post-108353","page","type-page","status-publish","hentry"],"acf":[],"publishpress_future_workflow_manual_trigger":{"enabledWorkflows":[]},"_links":{"self":[{"href":"https:\/\/www.iaff.org\/es\/wp-json\/wp\/v2\/pages\/108353","targetHints":{"allow":["GET"]}}],"collection":[{"href":"https:\/\/www.iaff.org\/es\/wp-json\/wp\/v2\/pages"}],"about":[{"href":"https:\/\/www.iaff.org\/es\/wp-json\/wp\/v2\/types\/page"}],"author":[{"embeddable":true,"href":"https:\/\/www.iaff.org\/es\/wp-json\/wp\/v2\/users\/9613"}],"replies":[{"embeddable":true,"href":"https:\/\/www.iaff.org\/es\/wp-json\/wp\/v2\/comments?post=108353"}],"version-history":[{"count":0,"href":"https:\/\/www.iaff.org\/es\/wp-json\/wp\/v2\/pages\/108353\/revisions"}],"wp:attachment":[{"href":"https:\/\/www.iaff.org\/es\/wp-json\/wp\/v2\/media?parent=108353"}],"curies":[{"name":"wp","href":"https:\/\/api.w.org\/{rel}","templated":true}]}}