{"id":107959,"date":"2025-09-16T11:09:26","date_gmt":"2025-09-16T15:09:26","guid":{"rendered":"https:\/\/www.iaff.org\/prueba-de-capacidad-fisica-del-candidato-cpat\/administracion-del-cpat\/"},"modified":"2025-09-17T11:36:57","modified_gmt":"2025-09-17T15:36:57","slug":"administracion-del-cpat","status":"publish","type":"page","link":"https:\/\/www.iaff.org\/es\/prueba-de-capacidad-fisica-del-candidato-cpat\/administracion-del-cpat\/","title":{"rendered":"Desarrollo y administraci\u00f3n"},"content":{"rendered":"<section\n\t class=\"secondary-hero align wp-block-acf-secondary-hero\" id=\"secondary-hero_block_ee08a5a0cc0bb2b753e4d13fa303d956\">\n\t\n<header\n\tclass=\"w-full u-bg-full-width px-[22px] md:ps-bleed md:pe-0 py-[60px] bg-smoke-5 text-black u-has-rivets u-rivets-dark\"\n\tdata-theme=\"gray\"\n>\n\t<div class=\"flex flex-col !px-0 !max-w-[1440px] w-full lg:!ps-indent\">\n\t\t<div class=\"border-t-[6px] w-full my-0 flex flex-col md:flex-row gap-x-[62px] gap-y-[22px] border-red\">\n\t\t\t\t\t\t<div class=\"w-full md:w-1\/2 md:py-[45px]\">\n\t\t\t\t<div class=\"max-w-[600px] flex flex-col gap-[22px]\">\n\t\t\t\t\t\t\t\t\t\t\t<h1 class=\"has-[.u-halftone-shadow--dark]:mb-divider has-[.u-halftone-shadow--light]:mb-divider pt-[22px] md:pt-0\">\n\t\t\t\t\t\t\t<span class=\"inline-flex text-heading-200 u-halftone-shadow--dark\">\n\t\t\t\t\t\t\t\tDesarrollo y administraci\u00f3n\t\t\t\t\t\t\t<\/span>\n\t\t\t\t\t\t<\/h1>\n\t\t\t\t\t\t\t\t\t\t\t\t\t\t\t\t\t\t\t\t\t\t\t\t\t\t\t\t\t<\/div>\n\t\t\t<\/div>\n\n\t\t<\/div>\n\t\t\t\t\t<div class=\"order-first flex justify-start w-full pb-[22px]\">\n\t\t\t\t<div\n\tclass=\"wp-block-button is-style-tertiary text-smoke is-style-tertiary-back\"\n>\n\t\t\t<a\n\t\t\thref=\"https:\/\/www.iaff.org\/es\/prueba-de-capacidad-fisica-del-candidato-cpat\/\"\n\t\t\tclass=\"wp-block-button__link wp-element-button group\"\n\t\t\t\t\t>\n\t\t\t<span\n\t\t\tclass=\"decoration-transparent underline underline-offset-2 group-hover:decoration-inherit group-focus-visible:decoration-inherit transition duration-hover\"\n\t\t>\n\t\t\tPrueba de capacidad f\u00edsica del candidato (CPAT)\t\t<\/span>\n\n\t\t<span\n\t\t\tclass=\"bg-inherit transition-colors duration-hover group-hover:bg-gold group-focus:bg-gold inline-flex rotate-180 order-first\"\n\t\t>\n\t\t\t<svg xmlns=\"http:\/\/www.w3.org\/2000\/svg\" width=\"21\" height=\"22\" fill=\"none\" viewBox=\"0 0 21 22\"><path stroke=\"currentColor\" stroke-linecap=\"round\" stroke-width=\"2\" d=\"M20 20.75L20 2.25L1.5 2.25L1.5 20.75L20 20.75Z\" clip-rule=\"evenodd\"\/><path stroke=\"currentColor\" stroke-linecap=\"square\" stroke-width=\"2\" d=\"M14.0883 11.5L6.66406 11.5\"\/><path stroke=\"currentColor\" stroke-linecap=\"square\" stroke-width=\"2\" d=\"M11.0723 7.75205L14.8363 11.5L11.0723 15.248\"\/><\/svg>\t\t<\/span>\n\t<\/a><\/div>\n\t\t\t<\/div>\n\t\t\t<\/div>\n<\/header>\n<\/section>\n<section\n\t class=\"page-blocks iaff-page-blocks align wp-block-acf-page-blocks\" id=\"page-blocks_block_1086b9aa05232c9013a0e0e3afd65d47\">\n\t<div class=\"acf-innerblocks-container\">\n<section\n\t class=\"secondary-navigation-manual u-bg-full-width bg-smoke\/5 align wp-block-acf-secondary-navigation-manual\" id=\"secondary-navigation-manual_block_65164eeeaed539c15c296cc16b2141c1\">\n\t<details class=\"iaff-secondary-navigation\" open>\n\t<summary class=\"flex cursor-pointer u-bg-full-width\">\n\t\t\t\t\t<h2 class=\"text-heading-400 bg-main-bg-overlay text-black inline-flex items-center gap-x-[14px] h-full !ps-0 py-[34px] !pe-10\">\n\t\t\t\t<span>En esta secci\u00f3n<\/span>\n\t\t\t<\/h2>\n\t\t\t<\/summary>\n\t<div class=\"py-10 md:ps-12 md:pe-10 grid grid-cols-1 md:grid-cols-2 lg:grid-cols-3 gap-[30px]\">\n\t\t<!-- Renders the same as core\/button with a specific style -->\n\t<div>\n\t\t\t\t\t<a\n\t\t\t\tclass=\"inline-flex gap-[16px] items-center text-inherit text-button-300 leading-6 cursor-pointer decoration-transparent underline underline-offset-2 transition-colors duration-hover hocus-visible:decoration-current\"\n\t\t\t\t\t\t\t\t\thref=\"#development\"\n\t\t\t\t\t\t\t\t\t\t\t\t>\n\t\t\t\t<span>\n\t\t\t\t\tDesarrollo\t\t\t\t<\/span>\n\t\t\t\t<svg xmlns=\"http:\/\/www.w3.org\/2000\/svg\" width=\"15\" height=\"15\" fill=\"none\" viewBox=\"0 0 15 15\"><path stroke=\"currentColor\" stroke-linecap=\"square\" stroke-width=\"2\" d=\"M11.6347 7.49976L1 7.49976\"\/><path stroke=\"currentColor\" stroke-linecap=\"square\" stroke-width=\"2\" d=\"M7.31445 2.13138L12.7061 7.50014L7.31445 12.8689\"\/><\/svg>\t\t\t<\/a>\n\t\t\t<\/div>\n<!-- Renders the same as core\/button with a specific style -->\n\t<div>\n\t\t\t\t\t<a\n\t\t\t\tclass=\"inline-flex gap-[16px] items-center text-inherit text-button-300 leading-6 cursor-pointer decoration-transparent underline underline-offset-2 transition-colors duration-hover hocus-visible:decoration-current\"\n\t\t\t\t\t\t\t\t\thref=\"#administration\"\n\t\t\t\t\t\t\t\t\t\t\t\t>\n\t\t\t\t<span>\n\t\t\t\t\tAdministraci\u00f3n\t\t\t\t<\/span>\n\t\t\t\t<svg xmlns=\"http:\/\/www.w3.org\/2000\/svg\" width=\"15\" height=\"15\" fill=\"none\" viewBox=\"0 0 15 15\"><path stroke=\"currentColor\" stroke-linecap=\"square\" stroke-width=\"2\" d=\"M11.6347 7.49976L1 7.49976\"\/><path stroke=\"currentColor\" stroke-linecap=\"square\" stroke-width=\"2\" d=\"M7.31445 2.13138L12.7061 7.50014L7.31445 12.8689\"\/><\/svg>\t\t\t<\/a>\n\t\t\t<\/div>\n<!-- Renders the same as core\/button with a specific style -->\n\t<div>\n\t\t\t\t\t<a\n\t\t\t\tclass=\"inline-flex gap-[16px] items-center text-inherit text-button-300 leading-6 cursor-pointer decoration-transparent underline underline-offset-2 transition-colors duration-hover hocus-visible:decoration-current\"\n\t\t\t\t\t\t\t\t\thref=\"#purchasing-stair-steppers\"\n\t\t\t\t\t\t\t\t\t\t\t\t>\n\t\t\t\t<span>\n\t\t\t\t\tGu\u00eda para la compra de m\u00e1quinas de step\t\t\t\t<\/span>\n\t\t\t\t<svg xmlns=\"http:\/\/www.w3.org\/2000\/svg\" width=\"15\" height=\"15\" fill=\"none\" viewBox=\"0 0 15 15\"><path stroke=\"currentColor\" stroke-linecap=\"square\" stroke-width=\"2\" d=\"M11.6347 7.49976L1 7.49976\"\/><path stroke=\"currentColor\" stroke-linecap=\"square\" stroke-width=\"2\" d=\"M7.31445 2.13138L12.7061 7.50014L7.31445 12.8689\"\/><\/svg>\t\t\t<\/a>\n\t\t\t<\/div>\n\t<\/div>\n<\/details>\n<\/section>\n\n\n<div class=\"wp-block-paragraph \">\n<p><\/p>\n<\/div>\n\n<section\n\t class=\"section-header mb-10 align wp-block-acf-section-header\" id=\"development\">\n\t<div class=\"\">\n\t<div class=\"flex flex-col md:flex-row justify-between max-w-content gap-x-8 md:items-end flex-wrap\">\n\t\t<h2 class=\"text-heading-200 pb-[2px]\">\n\t\t\tDesarrollo\t\t<\/h2>\n\n\t\t\t\t\t<div class=\"md:order-last w-full\">\n\t\t\t\t\n\t<hr class=\"h-[6px] text-red border-red bg-red w-full my-0\" role=\"presentation\"\/>\n\n\t<div class=\"h-divider w-full bg-halftone-divider bg-right\"><\/div>\n\t\t\t<\/div>\n\t\t\n\t\t\t<\/div>\n<\/div>\n<\/section>\n\n\n<div class=\"wp-block-paragraph \">\n<p>El Grupo de Trabajo de la AIB\/IAFC encarg\u00f3 al Comit\u00e9 T\u00e9cnico la creaci\u00f3n de una prueba de rendimiento justa y v\u00e1lida para medir las habilidades cr\u00edticas requeridas a los candidatos a bombero. Para ello, el Comit\u00e9 revis\u00f3 los an\u00e1lisis de puestos de trabajo, las encuestas de tareas y las pruebas de rendimiento de 10 jurisdicciones, y realiz\u00f3 una encuesta detallada sobre equipos y datos demogr\u00e1ficos para captar las exigencias f\u00edsicas del servicio de bomberos. <\/p>\n<\/div>\n\n<div class=\"wp-block-paragraph \">\n<p>A partir de estos datos, se identificaron y validaron 31 tareas esenciales de bombero a trav\u00e9s de encuestas a 1.000 bomberos seleccionados al azar, que representaban la diversidad de sus departamentos. Los resultados guiaron el dise\u00f1o de una prueba continua de capacidad f\u00edsica utilizando accesorios que simulaban con precisi\u00f3n las condiciones del terreno del incendio. <\/p>\n<\/div>\n\n<div class=\"wp-block-paragraph \">\n<p>La prueba se realiz\u00f3 de forma piloto con bomberos, reclutas y personal t\u00e9cnico, y predijo sistem\u00e1ticamente la capacidad de los candidatos para realizar tareas esenciales. Los supervisores y los oficiales de formaci\u00f3n revisaron los resultados, confirmando que la prueba era igual o superior a las evaluaciones existentes. <\/p>\n<\/div>\n\n<div class=\"wp-block-paragraph \">\n<p>El grupo de trabajo adopt\u00f3 por unanimidad la prueba de capacidad f\u00edsica del candidato (CPAT) con un tiempo de aprobado\/suspenso de 10 minutos y 20 segundos. Se proh\u00edbe a los municipios clasificar a los candidatos por tiempo de finalizaci\u00f3n, garantizando as\u00ed un est\u00e1ndar justo para todos los solicitantes. <\/p>\n<\/div>\n\n<div class=\"wp-block-paragraph \">\n<p><\/p>\n<\/div>\n<\/div><\/section>\n<section\n\t class=\"page-blocks iaff-page-blocks align wp-block-acf-page-blocks\" id=\"page-blocks_block_1086b9aa05232c9013a0e0e3afd65d47\">\n\t<div class=\"acf-innerblocks-container\">\n<section\n\t class=\"section-header mb-10 align wp-block-acf-section-header\" id=\"administration\">\n\t<div class=\"\">\n\t<div class=\"flex flex-col md:flex-row justify-between max-w-content gap-x-8 md:items-end flex-wrap\">\n\t\t<h2 class=\"text-heading-200 pb-[2px]\">\n\t\t\tAdministraci\u00f3n\t\t<\/h2>\n\n\t\t\t\t\t<div class=\"md:order-last w-full\">\n\t\t\t\t\n\t<hr class=\"h-[6px] text-red border-red bg-red w-full my-0\" role=\"presentation\"\/>\n\n\t<div class=\"h-divider w-full bg-halftone-divider bg-right\"><\/div>\n\t\t\t<\/div>\n\t\t\n\t\t\t<\/div>\n<\/div>\n<\/section>\n\n\n<div class=\"wp-block-paragraph \">\n<p>Al desarrollar el programa CPAT, el grupo de trabajo reconoci\u00f3 que el departamento de bomberos debe reflejar la comunidad a la que sirve. En la sociedad actual, las comunidades son cada vez m\u00e1s diversas y los bomberos se enfrentan continuamente al reto de operar en entornos multiculturales.  La prueba de capacidad f\u00edsica del candidato (CPAT) se cre\u00f3 para identificar a las personas que est\u00e1n f\u00edsicamente cualificadas para desempe\u00f1ar las funciones esenciales de un bombero, al tiempo que apoya el objetivo m\u00e1s amplio de crear una mano de obra bien formada, f\u00edsicamente capaz y diversa.<\/p>\n<\/div>\n\n<div class=\"wp-block-paragraph \">\n<p>La diversidad nunca debe lograrse reduciendo los est\u00e1ndares de entrada validados. En cambio, los departamentos de bomberos deben reclutar, asesorar y preparar activamente a hombres y mujeres cualificados de todos los or\u00edgenes raciales y \u00e9tnicos para las carreras de servicio de bomberos. El Grupo de Trabajo Conjunto de Gesti\u00f3n Laboral y Bienestar F\u00edsico de AIB\/IAFC afirma que los departamentos pueden y deben aumentar la diversidad de la mano de obra mediante el reclutamiento proactivo dentro de sus comunidades, no reduciendo los requisitos de capacidad f\u00edsica.  <\/p>\n<\/div>\n\n<div class=\"wp-block-paragraph \">\n<p>El CPAT proporciona a los departamentos estrategias para concienciar sobre las oportunidades profesionales, reclutar y asesorar a candidatos cualificados y prepararlos para el \u00e9xito antes de que se administre la prueba. Desarrollado como una herramienta de evaluaci\u00f3n justa, v\u00e1lida y legalmente defendible, el CPAT garantiza que todos los candidatos tengan la capacidad f\u00edsica para completar de forma segura y eficaz las tareas cr\u00edticas de los bomberos. <\/p>\n<\/div>\n\n<div class=\"wp-block-paragraph \">\n<p>El programa cubre todos los aspectos de la implementaci\u00f3n, desde el reclutamiento y la tutor\u00eda hasta la orientaci\u00f3n sobre la aptitud f\u00edsica y la configuraci\u00f3n y administraci\u00f3n de la prueba. Tambi\u00e9n describe el proceso de validaci\u00f3n completo y aborda posibles consideraciones legales. <\/p>\n<\/div>\n\n\n<h3 class=\"wp-block-heading\">Procedimientos de orientaci\u00f3n y prueba previa<\/h3>\n\n\n<div class=\"wp-block-paragraph \">\n<p>En 2006, se a\u00f1adieron procedimientos de orientaci\u00f3n y prueba previa al CPAT tras un acuerdo de conciliaci\u00f3n con la Comisi\u00f3n para la Igualdad de Oportunidades en el Empleo de EE. UU. (EEOC). Estos requisitos siguen siendo una parte fundamental del programa: <\/p>\n<\/div>\n\n<div class=\"wp-block-list\">\n<ul class=\"wp-block-list\">\n<li><strong>Sesiones de orientaci\u00f3n:<\/strong> Todos los candidatos deben asistir al menos a dos sesiones obligatorias en un plazo de ocho semanas a partir de la fecha oficial de la prueba, lo que les proporcionar\u00e1 un conocimiento pr\u00e1ctico del equipo CPAT. Los candidatos pueden asistir a una tercera sesi\u00f3n voluntaria. <\/li>\n\n\n\n<li><strong>Pr\u00e1cticas:<\/strong> En un plazo de 30 d\u00edas a partir de la prueba, todos los candidatos deben completar al menos dos pr\u00e1cticas cronometradas en el curso CPAT real. Los candidatos disponen de todo el tiempo que necesiten para terminar el curso. <\/li>\n\n\n\n<li><strong>Exenciones:<\/strong> Los candidatos pueden renunciar a estos requisitos \u00fanicamente presentando una exenci\u00f3n por escrito que sea consciente y voluntaria.<\/li>\n\n\n\n<li><strong>Apoyo a la preparaci\u00f3n:<\/strong> Entrenadores f\u00edsicos pares certificados, profesionales del fitness o bomberos formados en CPAT (supervisores) deben estar presentes en las orientaciones y pr\u00e1cticas para guiar a los candidatos sobre los elementos de la prueba y el acondicionamiento.<\/li>\n<\/ul>\n<\/div>\n\n<div class=\"wp-block-paragraph \">\n<p>El Grupo de Trabajo de la WFI exige a todos los licenciatarios de CPAT que implementen plenamente estos procedimientos. Los departamentos de bomberos que utilizan licenciatarios externos siguen siendo responsables de garantizar el cumplimiento. <\/p>\n<\/div>\n\n\n<h3 class=\"wp-block-heading\">La prueba CPAT<\/h3>\n\n\n<div class=\"wp-block-paragraph \">\n<p>Una vez completadas las labores de reclutamiento y tutor\u00eda, los departamentos pueden administrar el CPAT oficial de ocho eventos. Los candidatos deben llevar un chaleco con peso de 50 lb durante toda la prueba para simular el peso de la ropa y el equipo de protecci\u00f3n, con un paquete de manguera adicional de 25 lb utilizado durante la subida de escaleras.   <\/p>\n<\/div>\n\n<div class=\"wp-block-paragraph \">\n<p>Los ocho eventos son:<\/p>\n<\/div>\n\n<div class=\"wp-block-list\">\n<ol class=\"wp-block-list\">\n<li><strong>Subida de escaleras<\/strong>: subir escaleras con un paquete de manguera simulado de 11 kg (consulte las instrucciones sobre c\u00f3mo comprar m\u00e1quinas de subir escaleras a continuaci\u00f3n) <\/li>\n\n\n\n<li><strong>Elevaci\u00f3n y extensi\u00f3n de la escalera<\/strong>: colocar y extender una escalera de mano<\/li>\n\n\n\n<li><strong>Arrastre de manguera<\/strong>: avanzar l\u00edneas de manguera sin carga<\/li>\n\n\n\n<li><strong>Transporte de equipo<\/strong>: retirar y transportar herramientas desde el aparato hasta el lugar del incendio<\/li>\n\n\n\n<li><strong>Entrada forzada<\/strong>: abrir una puerta o pared<\/li>\n\n\n\n<li><strong>B\u00fasqueda<\/strong>: gatear a trav\u00e9s de \u00e1reas oscuras e impredecibles para localizar a las v\u00edctimas<\/li>\n\n\n\n<li><strong>Arrastre de rescate<\/strong>: retirar a una v\u00edctima o compa\u00f1ero de un edificio en llamas<\/li>\n\n\n\n<li><strong>Tiro del techo<\/strong>: comprobar si hay extensi\u00f3n del fuego por encima de la cabeza<\/li>\n<\/ol>\n<\/div>\n<\/div><\/section>\n<section\n\t class=\"page-blocks iaff-page-blocks align wp-block-acf-page-blocks\" id=\"page-blocks_block_1086b9aa05232c9013a0e0e3afd65d47\">\n\t<div class=\"acf-innerblocks-container\">\n<section\n\t class=\"section-header mb-10 align wp-block-acf-section-header\" id=\"purchasing-stair-steppers\">\n\t<div class=\"\">\n\t<div class=\"flex flex-col md:flex-row justify-between max-w-content gap-x-8 md:items-end flex-wrap\">\n\t\t<h2 class=\"text-heading-200 pb-[2px]\">\n\t\t\tOrientaci\u00f3n para la adquisici\u00f3n de m\u00e1quinas de escalones para el CPAT\t\t<\/h2>\n\n\t\t\t\t\t<div class=\"md:order-last w-full\">\n\t\t\t\t\n\t<hr class=\"h-[6px] text-red border-red bg-red w-full my-0\" role=\"presentation\"\/>\n\n\t<div class=\"h-divider w-full bg-halftone-divider bg-right\"><\/div>\n\t\t\t<\/div>\n\t\t\n\t\t\t<\/div>\n<\/div>\n<\/section>\n\n\n<div class=\"wp-block-paragraph \">\n<p>La siguiente informaci\u00f3n incluye orientaci\u00f3n y adaptaciones para la compra y el uso de los modelos m\u00e1s recientes de m\u00e1quinas de subir escaleras para la CPAT de la AIB\/IAFC. La AIB reconoce que los fabricantes de m\u00e1quinas de subir escaleras han reequipado sus cadenas de montaje para producir la \u00faltima generaci\u00f3n de m\u00e1quinas.  <\/p>\n<\/div>\n\n<div class=\"wp-block-paragraph \">\n<p>Esto ha causado importantes dificultades para retirar una barandilla lateral y mover la pantalla de la m\u00e1quina para que los candidatos no puedan Ver la cuenta atr\u00e1s LED durante su prueba. Tambi\u00e9n ha suscitado preocupaci\u00f3n entre las entidades y los departamentos de bomberos que administran la CPAT, ya que la modificaci\u00f3n de las m\u00e1quinas m\u00e1s recientes anular\u00e1 la garant\u00eda del fabricante.  <\/p>\n<\/div>\n\n<div class=\"wp-block-paragraph \">\n<p>A diferencia de las m\u00e1quinas de subir escaleras m\u00e1s antiguas, que se pod\u00edan desatornillar y desenroscar f\u00e1cilmente de la barandilla lateral y de la pantalla y volver a colocar en la m\u00e1quina en su configuraci\u00f3n original, las nuevas m\u00e1quinas de subir escaleras requieren el corte permanente de la barandilla lateral y del tubo de soporte que sujeta la pantalla para cumplir las especificaciones del manual de la CPAT. <\/p>\n<\/div>\n\n<div class=\"wp-block-paragraph \">\n<p>Para mitigar estos problemas, la AIB est\u00e1 permitiendo y adaptando las directrices de la adenda al manual de la CPAT de la siguiente manera:<\/p>\n<\/div>\n\n<div class=\"wp-block-list\">\n<ul class=\"wp-block-list\">\n<li>Dado que la pantalla de la nueva m\u00e1quina permanecer\u00e1 frente al candidato, una vez que el candidato haya subido las escaleras, el supervisor establecer\u00e1 el sistema de la m\u00e1quina a los 50 pasos por minuto apropiados para el calentamiento de 20 segundos.<\/li>\n\n\n\n<li>Cuando el calentamiento est\u00e9 completo, el supervisor informar\u00e1 al candidato que la prueba ha comenzado, y dos supervisores iniciar\u00e1n sus cron\u00f3metros de cuenta regresiva para 10 minutos y 20 segundos. Adem\u00e1s, un supervisor cubrir\u00e1 la pantalla con un material no transparente, como cart\u00f3n o pl\u00e1stico s\u00f3lido. <\/li>\n\n\n\n<li>Los examinadores usar\u00e1n sus temporizadores de cuenta atr\u00e1s para indicar al candidato cu\u00e1ndo quedan 10 segundos antes de que se detenga el simulador de escaleras. Esta advertencia debe ocurrir a los siete minutos y 30 segundos. <\/li>\n\n\n\n<li>La detenci\u00f3n de la m\u00e1quina se produce despu\u00e9s de que el candidato haya subido escalones durante tres minutos desde el tiempo de inicio de 10 minutos y 20 segundos, lo cual es a los siete minutos y 20 segundos.<\/li>\n\n\n\n<li>Dado que los rieles laterales permanecer\u00e1n en su lugar con las nuevas m\u00e1quinas, el supervisor reforzar\u00e1 la instrucci\u00f3n ya proporcionada de que el \u00fanico momento en que se puede agarrar o sostener un riel lateral es durante el calentamiento. Una vez que la prueba haya comenzado, el candidato no agarrar\u00e1 ni sostendr\u00e1 ninguno de los rieles laterales y se permiten las siguientes pr\u00e1cticas: <div class=\"wp-block-list\">\n<ul class=\"wp-block-list is-style-list-circle list-circle\">\n<li>Se permite al candidato tocar brevemente los pasamanos o la pared para mantener el equilibrio.<\/li>\n\n\n\n<li>Se le dan al candidato hasta dos advertencias por agarrar los pasamanos o apoyar su peso corporal en los pasamanos\/pared.<\/li>\n\n\n\n<li>Se permite al candidato reiniciar el per\u00edodo de calentamiento dos veces.<\/li>\n<\/ul>\n<\/div><\/li>\n\n\n\n<li>Las siguientes pr\u00e1cticas constituyen un fracaso:<div class=\"wp-block-list\">\n<ul class=\"wp-block-list is-style-list-circle list-circle\">\n<li>El candidato cae o desmonta voluntariamente la m\u00e1quina de escalones tres veces durante el calentamiento.<\/li>\n\n\n\n<li>El candidato cae o desmonta voluntariamente la m\u00e1quina de escalones despu\u00e9s del inicio de la prueba.<\/li>\n\n\n\n<li>El candidato comete una tercera infracci\u00f3n por agarrar los pasamanos o apoyar peso en los pasamanos\/pared despu\u00e9s del inicio de la prueba.<\/li>\n<\/ul>\n<\/div><\/li>\n<\/ul>\n<\/div>\n<\/div><\/section>\n\n<style>.wp-block-list.is-style-list-circle.list-circle {list-style-type: circle !important;}\n<\/style>\n","protected":false},"excerpt":{"rendered":"","protected":false},"featured_media":0,"parent":93081,"menu_order":0,"comment_status":"closed","ping_status":"closed","template":"","meta":{"_acf_changed":false,"_searchwp_excluded":"","inline_featured_image":false,"_EventAllDay":false,"_EventTimezone":"","_EventStartDate":"","_EventEndDate":"","_EventStartDateUTC":"","_EventEndDateUTC":"","_EventShowMap":false,"_EventShowMapLink":false,"_EventURL":"","_EventCost":"","_EventCostDescription":"","_EventCurrencySymbol":"","_EventCurrencyCode":"","_EventCurrencyPosition":"","_EventDateTimeSeparator":"","_EventTimeRangeSeparator":"","_EventOrganizerID":[],"_EventVenueID":[],"_OrganizerEmail":"","_OrganizerPhone":"","_OrganizerWebsite":"","_VenueAddress":"","_VenueCity":"","_VenueCountry":"","_VenueProvince":"","_VenueState":"","_VenueZip":"","_VenuePhone":"","_VenueURL":"","_VenueStateProvince":"","_VenueLat":"","_VenueLng":"","_VenueShowMap":false,"_VenueShowMapLink":false,"footnotes":""},"class_list":["post-107959","page","type-page","status-publish","hentry"],"acf":[],"publishpress_future_workflow_manual_trigger":{"enabledWorkflows":[]},"_links":{"self":[{"href":"https:\/\/www.iaff.org\/es\/wp-json\/wp\/v2\/pages\/107959","targetHints":{"allow":["GET"]}}],"collection":[{"href":"https:\/\/www.iaff.org\/es\/wp-json\/wp\/v2\/pages"}],"about":[{"href":"https:\/\/www.iaff.org\/es\/wp-json\/wp\/v2\/types\/page"}],"author":[{"embeddable":true,"href":"https:\/\/www.iaff.org\/es\/wp-json\/wp\/v2\/users\/3"}],"replies":[{"embeddable":true,"href":"https:\/\/www.iaff.org\/es\/wp-json\/wp\/v2\/comments?post=107959"}],"version-history":[{"count":0,"href":"https:\/\/www.iaff.org\/es\/wp-json\/wp\/v2\/pages\/107959\/revisions"}],"up":[{"embeddable":true,"href":"https:\/\/www.iaff.org\/es\/wp-json\/wp\/v2\/pages\/93081"}],"wp:attachment":[{"href":"https:\/\/www.iaff.org\/es\/wp-json\/wp\/v2\/media?parent=107959"}],"curies":[{"name":"wp","href":"https:\/\/api.w.org\/{rel}","templated":true}]}}